{"id":1413,"date":"2017-11-18T20:17:15","date_gmt":"2017-11-18T20:17:15","guid":{"rendered":"http:\/\/biblian.is\/1981\/onnur-mosebok-17-kafli\/"},"modified":"2021-06-06T11:04:13","modified_gmt":"2021-06-06T11:04:13","slug":"onnur-mosebok-17-kafli","status":"publish","type":"page","link":"https:\/\/biblian.is\/1981\/onnur-mosebok-17-kafli\/","title":{"rendered":"\u00d6nnur M\u00f3seb\u00f3k 17. kafli"},"content":{"rendered":"<p><a name=\"1\"><span class=\"versanumer\">1<\/span><\/a>Allur s\u00f6fnu\u00f0ur \u00cdsraelsmanna t\u00f3k sig n\u00fa upp fr\u00e1 S\u00edn-ey\u00f0im\u00f6rk, og f\u00f3ru \u00feeir \u00ed \u00e1f\u00f6ngum a\u00f0 bo\u00f0i Drottins og settu herb\u00fa\u00f0ir s\u00ednar \u00ed Ref\u00edd\u00edm. En \u00fear var ekkert vatn handa f\u00f3lkinu a\u00f0 drekka.<a name=\"2\"><span class=\"versanumer\">2<\/span><\/a>\u00de\u00e1 \u00fer\u00e1tta\u00f0i f\u00f3lki\u00f0 vi\u00f0 M\u00f3se og sag\u00f0i: Gef oss vatn a\u00f0 drekka! En M\u00f3se sag\u00f0i vi\u00f0 \u00fe\u00e1: Hv\u00ed \u00fer\u00e1tti\u00f0 \u00fe\u00e9r vi\u00f0 mig? Hv\u00ed freisti\u00f0 \u00fe\u00e9r Drottins?<a name=\"3\"><span class=\"versanumer\">3<\/span><\/a>Og f\u00f3lki\u00f0 \u00feyrsti \u00fear eftir vatni, og f\u00f3lki\u00f0 m\u00f6gla\u00f0i gegn M\u00f3se og sag\u00f0i: Hv\u00ed f\u00f3rstu me\u00f0 oss fr\u00e1 Egyptalandi til \u00feess a\u00f0 l\u00e1ta oss og b\u00f6rn vor og f\u00e9na\u00f0 deyja af \u00feorsta?<a name=\"4\"><span class=\"versanumer\">4<\/span><\/a>\u00de\u00e1 hr\u00f3pa\u00f0i M\u00f3se til Drottins og sag\u00f0i: Hva\u00f0 skal \u00e9g gj\u00f6ra vi\u00f0 \u00feetta f\u00f3lk? \u00dea\u00f0 vantar l\u00edti\u00f0 \u00e1 a\u00f0 \u00feeir gr\u00fdti mig.<a name=\"5\"><span class=\"versanumer\">5<\/span><\/a>En Drottinn sag\u00f0i vi\u00f0 M\u00f3se: Gakk \u00fe\u00fa fram fyrir f\u00f3lki\u00f0 og tak me\u00f0 \u00fe\u00e9r nokkra af \u00f6ldungum \u00cdsraels, og tak \u00ed h\u00f6nd \u00fe\u00e9r staf \u00feinn, er \u00fe\u00fa laust me\u00f0 \u00e1na, og gakk svo af sta\u00f0.<a name=\"6\"><span class=\"versanumer\">6<\/span><\/a>Sj\u00e1, \u00e9g mun standa frammi fyrir \u00fe\u00e9r \u00fear \u00e1 klettinum \u00e1 H\u00f3reb, en \u00fe\u00fa skalt lj\u00f3sta \u00e1 klettinn, og mun \u00fe\u00e1 vatn spretta af honum, svo a\u00f0 f\u00f3lki\u00f0 megi drekka.<a name=\"7\"><span class=\"versanumer\">7<\/span><\/a>Og M\u00f3se gj\u00f6r\u00f0i svo \u00ed augs\u00fdn \u00f6ldunga \u00cdsraels. Og hann kalla\u00f0i \u00feennan sta\u00f0 Massa og Mer\u00edba s\u00f6kum \u00fer\u00e1ttanar \u00cdsraelsmanna, og fyrir \u00fev\u00ed a\u00f0 \u00feeir h\u00f6f\u00f0u freista\u00f0 Drottins og sagt: Hvort mun Drottinn vera me\u00f0al vor e\u00f0ur ekki?<a name=\"8\"><span class=\"versanumer\">8<\/span><\/a>\u00de\u00e1 komu Amalek\u00edtar og \u00e1ttu orustu vi\u00f0 \u00cdsraelsmenn \u00ed Ref\u00edd\u00edm.<a name=\"9\"><span class=\"versanumer\">9<\/span><\/a>\u00de\u00e1 sag\u00f0i M\u00f3se vi\u00f0 J\u00f3s\u00faa: Vel oss menn og far \u00fat og berst vi\u00f0 Amalek\u00edta. \u00c1 morgun mun \u00e9g standa efst uppi \u00e1 h\u00e6\u00f0inni og hafa staf Gu\u00f0s \u00ed hendi m\u00e9r.<a name=\"10\"><span class=\"versanumer\">10<\/span><\/a>J\u00f3s\u00faa gj\u00f6r\u00f0i sem M\u00f3se haf\u00f0i sagt honum og lag\u00f0i til orustu vi\u00f0 Amalek\u00edta, en \u00feeir M\u00f3se, Aron og H\u00far gengu efst upp \u00e1 h\u00e6\u00f0ina.<a name=\"11\"><span class=\"versanumer\">11<\/span><\/a>\u00de\u00e1 gj\u00f6r\u00f0ist \u00fea\u00f0, a\u00f0 alla \u00fe\u00e1 stund, er M\u00f3se h\u00e9lt uppi hendi sinni, veitti \u00cdsraelsm\u00f6nnum betur, en \u00feegar er hann l\u00e9t s\u00edga h\u00f6ndina, veitti Amalek\u00edtum betur.<a name=\"12\"><span class=\"versanumer\">12<\/span><\/a>En me\u00f0 \u00fev\u00ed a\u00f0 M\u00f3se ur\u00f0u \u00feungar hendurnar, t\u00f3ku \u00feeir stein og l\u00e9tu undir hann, og settist hann \u00e1 steininn, en \u00feeir Aron og H\u00far studdu hendur hans, sinn \u00e1 hvora hli\u00f0, og h\u00e9ldust \u00feannig hendur hans st\u00f6\u00f0ugar allt til s\u00f3larlags.<a name=\"13\"><span class=\"versanumer\">13<\/span><\/a>En J\u00f3s\u00faa lag\u00f0i Amalek\u00edta og li\u00f0 \u00feeirra a\u00f0 velli me\u00f0 sver\u00f0seggjum.<a name=\"14\"><span class=\"versanumer\">14<\/span><\/a>\u00de\u00e1 sag\u00f0i Drottinn vi\u00f0 M\u00f3se: Rita \u00fe\u00fa \u00feetta \u00ed b\u00f3k til minningar og gj\u00f6r J\u00f3s\u00faa \u00fea\u00f0 hugfast, \u00fev\u00ed a\u00f0 \u00e9g vil vissulega afm\u00e1 nafn Amalek\u00edta af j\u00f6r\u00f0inni.<a name=\"15\"><span class=\"versanumer\">15<\/span><\/a>Og M\u00f3se reisti \u00fear altari og nefndi \u00fea\u00f0 Jahve-nis\u00ed.<a name=\"16\"><span class=\"versanumer\">16<\/span><\/a>Og hann sag\u00f0i: Me\u00f0 upplyftri hendi a\u00f0 h\u00e1s\u00e6ti Drottins sver \u00e9g: \u00d3fri\u00f0 mun Drottinn heyja vi\u00f0 Amalek\u00edta fr\u00e1 kyni til kyns.<\/p>\n<div class=\"footnote1981\"><b>17.1-7<\/b> Vatn \u00far kletti 4M\u00f3s 20.1-13<br \/>\n<b>17.1<\/b> Fr\u00e1 S\u00edn til Ref\u00edd\u00edm 4M\u00f3s 33.12-14<br \/>\n<b>17.3<\/b> M\u00f6glun f\u00f3lksins 2M\u00f3s 14.11+<br \/>\n<b>17.6<\/b> Sl\u00e1 \u00e1 klettinn Jes 43.20; Slm 78.15-16; 105.41; SSal 11.1-14; J\u00f3h 7.38; 19.34; sbr 1Kor 10.4<br \/>\n<b>17.7<\/b> Massa og Mer\u00edba 5M\u00f3s 6.16; 9.22; 33.8; Slm 81.8; 95.8; 106.32<br \/>\n<b>17.8<\/b> Amalek\u00edtar 4M\u00f3s 13.29; 24.20; 5M\u00f3s 25.17-19; D\u00f3m 6.3; 1Sam 15; 30.1-20<br \/>\n<b>17.10<\/b> Aron og H\u00far 2M\u00f3s 24.14<br \/>\n<b>17.11<\/b> \u00cdsraelsm\u00f6nnum veitti betur Slm 44.5-8<\/div>\n","protected":false},"excerpt":{"rendered":"<p>1Allur s\u00f6fnu\u00f0ur \u00cdsraelsmanna t\u00f3k sig n\u00fa upp fr\u00e1 S\u00edn-ey\u00f0im\u00f6rk, og f\u00f3ru \u00feeir \u00ed \u00e1f\u00f6ngum a\u00f0 bo\u00f0i Drottins og settu herb\u00fa\u00f0ir s\u00ednar \u00ed Ref\u00edd\u00edm. En \u00fear var ekkert vatn handa f\u00f3lkinu a\u00f0 drekka.2\u00de\u00e1 \u00fer\u00e1tta\u00f0i f\u00f3lki\u00f0 vi\u00f0 M\u00f3se og sag\u00f0i: Gef oss vatn a\u00f0 drekka! En M\u00f3se sag\u00f0i vi\u00f0 \u00fe\u00e1: Hv\u00ed \u00fer\u00e1tti\u00f0 \u00fe\u00e9r vi\u00f0 mig? Hv\u00ed freisti\u00f0 \u00fe\u00e9r Drottins?3Og f\u00f3lki\u00f0 \u00feyrsti \u00fear eftir vatni, og f\u00f3lki\u00f0 m\u00f6gla\u00f0i gegn M\u00f3se og sag\u00f0i: Hv\u00ed f\u00f3rstu me\u00f0 oss fr\u00e1 Egyptalandi til \u00feess a\u00f0 l\u00e1ta oss og b\u00f6rn vor og f\u00e9na\u00f0 deyja af \u00feorsta?4\u00de\u00e1 hr\u00f3pa\u00f0i M\u00f3se til Drottins og sag\u00f0i: Hva\u00f0 skal \u00e9g gj\u00f6ra vi\u00f0 \u00feetta <a href=\"https:\/\/biblian.is\/1981\/onnur-mosebok-17-kafli\/\"> [&#8230;]<\/a><\/p>\n","protected":false},"author":1,"featured_media":0,"parent":0,"menu_order":0,"comment_status":"open","ping_status":"open","template":"bibliukaflar.php","meta":{"footnotes":""},"class_list":["post-1413","page","type-page","status-publish","hentry"],"_links":{"self":[{"href":"https:\/\/biblian.is\/1981\/wp-json\/wp\/v2\/pages\/1413","targetHints":{"allow":["GET"]}}],"collection":[{"href":"https:\/\/biblian.is\/1981\/wp-json\/wp\/v2\/pages"}],"about":[{"href":"https:\/\/biblian.is\/1981\/wp-json\/wp\/v2\/types\/page"}],"author":[{"embeddable":true,"href":"https:\/\/biblian.is\/1981\/wp-json\/wp\/v2\/users\/1"}],"replies":[{"embeddable":true,"href":"https:\/\/biblian.is\/1981\/wp-json\/wp\/v2\/comments?post=1413"}],"version-history":[{"count":0,"href":"https:\/\/biblian.is\/1981\/wp-json\/wp\/v2\/pages\/1413\/revisions"}],"wp:attachment":[{"href":"https:\/\/biblian.is\/1981\/wp-json\/wp\/v2\/media?parent=1413"}],"curies":[{"name":"wp","href":"https:\/\/api.w.org\/{rel}","templated":true}]}}