{"id":1411,"date":"2017-11-18T20:17:15","date_gmt":"2017-11-18T20:17:15","guid":{"rendered":"http:\/\/biblian.is\/1981\/onnur-mosebok-15-kafli\/"},"modified":"2021-06-06T11:04:12","modified_gmt":"2021-06-06T11:04:12","slug":"onnur-mosebok-15-kafli","status":"publish","type":"page","link":"https:\/\/biblian.is\/1981\/onnur-mosebok-15-kafli\/","title":{"rendered":"\u00d6nnur M\u00f3seb\u00f3k 15. kafli"},"content":{"rendered":"<p><a name=\"1\"><span class=\"versanumer\">1<\/span><\/a>\u00de\u00e1 s\u00f6ng M\u00f3se og \u00cdsraelsmenn Drottni \u00feennan lofs\u00f6ng: \u00c9g vil lofsyngja Drottni, \u00fev\u00ed a\u00f0 hann hefir sig d\u00fdrlegan gj\u00f6rt, hestum og riddurum steypti hann ni\u00f0ur \u00ed hafi\u00f0.<a name=\"2\"><span class=\"versanumer\">2<\/span><\/a>Drottinn er styrkur minn og lofs\u00f6ngur, og hann var\u00f0 mitt hj\u00e1lpr\u00e6\u00f0i. Hann er minn Gu\u00f0, og \u00e9g vil vegsama hann, Gu\u00f0 f\u00f6\u00f0ur m\u00edns, og \u00e9g vil tigna hann.<a name=\"3\"><span class=\"versanumer\">3<\/span><\/a>Drottinn er str\u00ed\u00f0shetja, Drottinn er hans nafn.<a name=\"4\"><span class=\"versanumer\">4<\/span><\/a>V\u00f6gnum Fara\u00f3s og herli\u00f0i hans varpa\u00f0i hann \u00ed hafi\u00f0, og hinir v\u00f6ldustu kappar hans drukknu\u00f0u \u00ed Hafinu rau\u00f0a.<a name=\"5\"><span class=\"versanumer\">5<\/span><\/a>Undirdj\u00fapin huldu \u00fe\u00e1, \u00feeir sukku ni\u00f0ur \u00ed sj\u00e1vardj\u00fapi\u00f0 eins og steinn.<a name=\"6\"><span class=\"versanumer\">6<\/span><\/a>\u00de\u00edn h\u00e6gri h\u00f6nd, Drottinn, hefir s\u00fdnt sig d\u00fdrlega \u00ed krafti, \u00fe\u00edn h\u00e6gri h\u00f6nd, Drottinn, sundurkremur fjandmennina.<a name=\"7\"><span class=\"versanumer\">7<\/span><\/a>Og me\u00f0 mikilleik \u00feinnar h\u00e1tignar leggur \u00fe\u00fa m\u00f3tst\u00f6\u00f0umenn \u00fe\u00edna a\u00f0 velli, \u00fe\u00fa \u00fatsendir \u00fe\u00edna rei\u00f0i, og h\u00fan ey\u00f0ir \u00feeim eins og h\u00e1lmleggjum.<a name=\"8\"><span class=\"versanumer\">8<\/span><\/a>Og fyrir bl\u00e6stri nasa \u00feinna hl\u00f3\u00f0ust v\u00f6tnin upp, rastirnar st\u00f3\u00f0u eins og veggur, \u00f6ldurnar stir\u00f0nu\u00f0u mitt \u00ed hafinu.<a name=\"9\"><span class=\"versanumer\">9<\/span><\/a>\u00d3vinurinn sag\u00f0i: \u00c9g skal elta \u00fe\u00e1, \u00e9g skal n\u00e1 \u00feeim, \u00e9g skal skipta herfangi, \u00e9g skal skeyta skapi m\u00ednu \u00e1 \u00feeim, \u00e9g skal breg\u00f0a sver\u00f0i m\u00ednu, h\u00f6nd m\u00edn skal ey\u00f0a \u00feeim.<a name=\"10\"><span class=\"versanumer\">10<\/span><\/a>\u00de\u00fa bl\u00e9st me\u00f0 \u00fe\u00ednum anda, hafi\u00f0 huldi \u00fe\u00e1, \u00feeir sukku sem bl\u00fd ni\u00f0ur \u00ed hin miklu v\u00f6tn.<a name=\"11\"><span class=\"versanumer\">11<\/span><\/a>Hver er sem \u00fe\u00fa, Drottinn, me\u00f0al gu\u00f0anna? Hver er sem \u00fe\u00fa, d\u00fdrlegur a\u00f0 heilagleik, d\u00e1samlegur til lofs\u00f6ngva, \u00fe\u00fa sem st\u00f3rmerkin gj\u00f6rir?<a name=\"12\"><span class=\"versanumer\">12<\/span><\/a>\u00de\u00fa \u00fatr\u00e9ttir \u00fe\u00edna h\u00e6gri h\u00f6nd, j\u00f6r\u00f0in svalg \u00fe\u00e1.<a name=\"13\"><span class=\"versanumer\">13<\/span><\/a>\u00de\u00fa hefir leitt f\u00f3lki\u00f0, sem \u00fe\u00fa frelsa\u00f0ir, me\u00f0 miskunn \u00feinni, \u00fe\u00fa fylgdir \u00fev\u00ed me\u00f0 \u00fe\u00ednum krafti til \u00fe\u00edns heilaga b\u00fasta\u00f0ar.<a name=\"14\"><span class=\"versanumer\">14<\/span><\/a>\u00dej\u00f3\u00f0irnar heyr\u00f0u \u00fea\u00f0 og ur\u00f0u felmtsfullar, \u00f3tti gagnt\u00f3k \u00edb\u00faa Filisteu.<a name=\"15\"><span class=\"versanumer\">15<\/span><\/a>\u00de\u00e1 skelfdust \u00e6ttarh\u00f6f\u00f0ingjarnir \u00ed Ed\u00f3m, hr\u00e6\u00f0sla greip forystumennina \u00ed M\u00f3ab, allir \u00edb\u00faar Kanaanlands l\u00e9tu hugfallast.<a name=\"16\"><span class=\"versanumer\">16<\/span><\/a>Skelfingu og \u00f3tta sl\u00f3 yfir \u00fe\u00e1. Fyrir mikilleik \u00fe\u00edns armleggs ur\u00f0u \u00feeir hlj\u00f3\u00f0ir sem steinninn, me\u00f0an f\u00f3lk \u00feitt, Drottinn, f\u00f3r lei\u00f0ar sinnar, me\u00f0an f\u00f3lki\u00f0, sem \u00fe\u00fa hefir afla\u00f0 \u00fe\u00e9r, f\u00f3r lei\u00f0ar sinnar.<a name=\"17\"><span class=\"versanumer\">17<\/span><\/a>\u00de\u00fa leiddir \u00fe\u00e1 inn og gr\u00f3\u00f0ursettir \u00fe\u00e1 \u00e1 fjalli arfleif\u00f0ar \u00feinnar, \u00feeim sta\u00f0, sem \u00fe\u00fa, Drottinn, hefir gj\u00f6rt a\u00f0 \u00fe\u00ednum b\u00fasta\u00f0, \u00feeim helgid\u00f3m, sem \u00fe\u00ednar hendur, Drottinn, hafa reist.<a name=\"18\"><span class=\"versanumer\">18<\/span><\/a>Drottinn skal r\u00edkja um aldur og a\u00f0 eil\u00edfu!<a name=\"19\"><span class=\"versanumer\">19<\/span><\/a>\u00deegar hestar Fara\u00f3s \u00e1samt v\u00f6gnum hans og riddurum f\u00f3ru \u00fat \u00ed hafi\u00f0, l\u00e9t Drottinn v\u00f6tn sj\u00e1varins fl\u00e6\u00f0a yfir \u00fe\u00e1, en \u00cdsraelsmenn gengu \u00e1 \u00feurru mitt \u00ed gegnum hafi\u00f0.<a name=\"20\"><span class=\"versanumer\">20<\/span><\/a>\u00de\u00e1 t\u00f3k Mirjam sp\u00e1kona, systir Arons, bumbu \u00ed h\u00f6nd s\u00e9r, og allar konurnar gengu \u00e1 eftir henni me\u00f0 bumbum og dansi.<a name=\"21\"><span class=\"versanumer\">21<\/span><\/a>Og Mirjam s\u00f6ng fyrir \u00feeim: Lofsyngi\u00f0 Drottni, \u00fev\u00ed a\u00f0 hann hefir sig d\u00fdrlegan gj\u00f6rt, hestum og riddurum steypti hann \u00ed hafi\u00f0.<a name=\"22\"><span class=\"versanumer\">22<\/span><\/a>M\u00f3se l\u00e9t \u00cdsrael hefja fer\u00f0 s\u00edna fr\u00e1 Sefhafinu, og h\u00e9ldu \u00feeir til S\u00far-ey\u00f0imerkur. Gengu \u00feeir \u00ferj\u00e1 daga um ey\u00f0im\u00f6rkina og fundu ekkert vatn.<a name=\"23\"><span class=\"versanumer\">23<\/span><\/a>\u00de\u00e1 komu \u00feeir til Mara, en \u00feeir g\u00e1tu ekki drukki\u00f0 vatni\u00f0 fyrir beiskju, \u00fev\u00ed a\u00f0 \u00fea\u00f0 var beiskt. Fyrir \u00fev\u00ed var s\u00e1 sta\u00f0ur kalla\u00f0ur Mara.<a name=\"24\"><span class=\"versanumer\">24<\/span><\/a>\u00de\u00e1 m\u00f6gla\u00f0i f\u00f3lki\u00f0 m\u00f3ti M\u00f3se og sag\u00f0i: Hva\u00f0 eigum v\u00e9r a\u00f0 drekka?<a name=\"25\"><span class=\"versanumer\">25<\/span><\/a>En hann hr\u00f3pa\u00f0i til Drottins, og v\u00edsa\u00f0i Drottinn honum \u00fe\u00e1 \u00e1 tr\u00e9 nokkurt. Kasta\u00f0i hann \u00fev\u00ed \u00ed vatni\u00f0, og var\u00f0 vatni\u00f0 \u00fe\u00e1 s\u00e6tt. \u00dear setti hann \u00feeim l\u00f6g og r\u00e9tt, og \u00fear reyndi hann \u00fe\u00e1.<a name=\"26\"><span class=\"versanumer\">26<\/span><\/a>Og hann sag\u00f0i: Ef \u00fe\u00fa hl\u00fd\u00f0ir gaumg\u00e6filega raust Drottins Gu\u00f0s \u00fe\u00edns og gj\u00f6rir \u00fea\u00f0, sem r\u00e9tt er fyrir honum, gefur gaum bo\u00f0or\u00f0um hans og heldur allar skipanir hans, \u00fe\u00e1 vil \u00e9g engan \u00feann sj\u00fakd\u00f3m \u00e1 \u00feig leggja, sem \u00e9g lag\u00f0i \u00e1 Egypta, \u00fev\u00ed \u00e9g er Drottinn, gr\u00e6\u00f0ari \u00feinn.<a name=\"27\"><span class=\"versanumer\">27<\/span><\/a>S\u00ed\u00f0an komu \u00feeir til El\u00edm. \u00dear voru t\u00f3lf vatnslindir og sj\u00f6t\u00edu p\u00e1lmar, og settu \u00feeir b\u00fa\u00f0ir s\u00ednar \u00fear vi\u00f0 vatni\u00f0.<\/p>\n<div class=\"footnote1981\"><b>15.1<\/b> S\u00f6ngur M\u00f3se Jes 43.21; Slm 105.43; 106.12; SSal 10.20-21; Opb 15.3<br \/>\n<b>15.2<\/b> Styrkur minn og lofs\u00f6ngur Jes 12.2; Slm 118.14<br \/>\n<b>15.3<\/b> Drottinn er str\u00ed\u00f0shetja sbr Jer 21.5; Slm 46.10; 76.4 \u2013 Drottinn er nafn hans 2M\u00f3s 3.15+<br \/>\n<b>15.5<\/b> S\u00f6kkva eins og steinn Jer 51.63-64; Opb 18.21<br \/>\n<b>15.7<\/b> Gleypir eins og h\u00e1lm Jes 5.24; \u00d3b 18; Nah 1.10<br \/>\n<b>15.11<\/b> Hver er sem \u00fe\u00fa, Drottinn? 5M\u00f3s 3.24; Slm 86.8<br \/>\n<b>15.13<\/b> F\u00f3lki\u00f0 frelsa\u00f0 2M\u00f3s 6.6<br \/>\n<b>15.14<\/b> Titra Slm 48.5-7<br \/>\n<b>15.18<\/b> Drottinn er konungur Slm 95.3; 96.10; 97.1; 98.6; 99.1<br \/>\n<b>15.20<\/b> Me\u00f0 trumbusl\u00e6tti og dansi D\u00f3m 11.34; 1Sam 18.6; 2Sam 6.5<br \/>\n<b>15.23<\/b> Til Mara 4M\u00f3s 33.8<br \/>\n<b>15.24<\/b> M\u00f6glun f\u00f3lksins 2M\u00f3s 14.11+<br \/>\n<b>15.25<\/b> Vatni\u00f0 var\u00f0 ferskt S\u00edr 38.5; sbr 2Kon 2.19-22; Esk 47.8 \u2013 l\u00f6g og reglur J\u00f3s 24.25; 1Sam 30.25<br \/>\n<b>15.26<\/b> Ef \u00fe\u00fa hl\u00fd\u00f0ir 5M\u00f3s 7.12-15<br \/>\n<b>15.27<\/b> Til El\u00edm 4M\u00f3s 33.9<\/div>\n","protected":false},"excerpt":{"rendered":"<p>1\u00de\u00e1 s\u00f6ng M\u00f3se og \u00cdsraelsmenn Drottni \u00feennan lofs\u00f6ng: \u00c9g vil lofsyngja Drottni, \u00fev\u00ed a\u00f0 hann hefir sig d\u00fdrlegan gj\u00f6rt, hestum og riddurum steypti hann ni\u00f0ur \u00ed hafi\u00f0.2Drottinn er styrkur minn og lofs\u00f6ngur, og hann var\u00f0 mitt hj\u00e1lpr\u00e6\u00f0i. Hann er minn Gu\u00f0, og \u00e9g vil vegsama hann, Gu\u00f0 f\u00f6\u00f0ur m\u00edns, og \u00e9g vil tigna hann.3Drottinn er str\u00ed\u00f0shetja, Drottinn er hans nafn.4V\u00f6gnum Fara\u00f3s og herli\u00f0i hans varpa\u00f0i hann \u00ed hafi\u00f0, og hinir v\u00f6ldustu kappar hans drukknu\u00f0u \u00ed Hafinu rau\u00f0a.5Undirdj\u00fapin huldu \u00fe\u00e1, \u00feeir sukku ni\u00f0ur \u00ed sj\u00e1vardj\u00fapi\u00f0 eins og steinn.6\u00de\u00edn h\u00e6gri h\u00f6nd, Drottinn, hefir s\u00fdnt sig d\u00fdrlega \u00ed krafti, \u00fe\u00edn h\u00e6gri h\u00f6nd, Drottinn, <a href=\"https:\/\/biblian.is\/1981\/onnur-mosebok-15-kafli\/\"> [&#8230;]<\/a><\/p>\n","protected":false},"author":1,"featured_media":0,"parent":0,"menu_order":0,"comment_status":"open","ping_status":"open","template":"bibliukaflar.php","meta":{"footnotes":""},"class_list":["post-1411","page","type-page","status-publish","hentry"],"_links":{"self":[{"href":"https:\/\/biblian.is\/1981\/wp-json\/wp\/v2\/pages\/1411","targetHints":{"allow":["GET"]}}],"collection":[{"href":"https:\/\/biblian.is\/1981\/wp-json\/wp\/v2\/pages"}],"about":[{"href":"https:\/\/biblian.is\/1981\/wp-json\/wp\/v2\/types\/page"}],"author":[{"embeddable":true,"href":"https:\/\/biblian.is\/1981\/wp-json\/wp\/v2\/users\/1"}],"replies":[{"embeddable":true,"href":"https:\/\/biblian.is\/1981\/wp-json\/wp\/v2\/comments?post=1411"}],"version-history":[{"count":0,"href":"https:\/\/biblian.is\/1981\/wp-json\/wp\/v2\/pages\/1411\/revisions"}],"wp:attachment":[{"href":"https:\/\/biblian.is\/1981\/wp-json\/wp\/v2\/media?parent=1411"}],"curies":[{"name":"wp","href":"https:\/\/api.w.org\/{rel}","templated":true}]}}