{"id":1408,"date":"2017-11-18T20:17:15","date_gmt":"2017-11-18T20:17:15","guid":{"rendered":"http:\/\/biblian.is\/1981\/onnur-mosebok-12-kafli\/"},"modified":"2021-06-06T11:04:11","modified_gmt":"2021-06-06T11:04:11","slug":"onnur-mosebok-12-kafli","status":"publish","type":"page","link":"https:\/\/biblian.is\/1981\/onnur-mosebok-12-kafli\/","title":{"rendered":"\u00d6nnur M\u00f3seb\u00f3k 12. kafli"},"content":{"rendered":"<p><a name=\"1\"><span class=\"versanumer\">1<\/span><\/a>\u00de\u00e1 m\u00e6lti Drottinn vi\u00f0 \u00fe\u00e1 M\u00f3se og Aron \u00ed Egyptalandi \u00e1 \u00feessa lei\u00f0:<a name=\"2\"><span class=\"versanumer\">2<\/span><\/a>\u00deessi m\u00e1nu\u00f0ur skal vera upphafsm\u00e1nu\u00f0ur hj\u00e1 y\u00f0ur. Hann skal vera fyrsti m\u00e1nu\u00f0ur \u00e1rsins hj\u00e1 y\u00f0ur.<a name=\"3\"><span class=\"versanumer\">3<\/span><\/a>Tali\u00f0 til alls safna\u00f0ar \u00cdsraelsmanna og segi\u00f0: \u00c1 t\u00edunda degi \u00feessa m\u00e1na\u00f0ar skal hver h\u00fasb\u00f3ndi taka lamb fyrir fj\u00f6lskyldu s\u00edna, eitt lamb fyrir hvert heimili.<a name=\"4\"><span class=\"versanumer\">4<\/span><\/a>En s\u00e9 eitt lamb of miki\u00f0 fyrir heimili\u00f0, \u00fe\u00e1 taki hann og granni hans, s\u00e1 er n\u00e6stur honum b\u00fdr, lamb saman eftir t\u00f6lu heimilismanna. Eftir \u00fev\u00ed sem hver etur, skulu\u00f0 \u00fe\u00e9r \u00e6tla \u00e1 um lambi\u00f0.<a name=\"5\"><span class=\"versanumer\">5<\/span><\/a>Lambi\u00f0 skal vera gallalaust, hr\u00fatlamb veturgamalt, og m\u00e1 vera hvort sem vill \u00e1sau\u00f0arlamb e\u00f0a hafurki\u00f0.<a name=\"6\"><span class=\"versanumer\">6<\/span><\/a>Og \u00fe\u00e9r skulu\u00f0 var\u00f0veita \u00fea\u00f0 til hins fj\u00f3rt\u00e1nda dags \u00feessa m\u00e1na\u00f0ar. \u00de\u00e1 skal \u00f6ll samkoma \u00cdsraelssafna\u00f0ar sl\u00e1tra \u00fev\u00ed um s\u00f3lsetur.<a name=\"7\"><span class=\"versanumer\">7<\/span><\/a>\u00de\u00e1 skulu \u00feeir taka nokku\u00f0 af bl\u00f3\u00f0inu og r\u00ed\u00f0a \u00fev\u00ed \u00e1 b\u00e1\u00f0a dyrastafi og dyratr\u00e9 h\u00fasa \u00feeirra, \u00fear sem \u00feeir eta lambi\u00f0.<a name=\"8\"><span class=\"versanumer\">8<\/span><\/a>S\u00f6mu n\u00f3ttina skulu \u00feeir eta kj\u00f6ti\u00f0, steikt vi\u00f0 eld. Me\u00f0 \u00f3s\u00fdr\u00f0u brau\u00f0i og beiskum jurtum skulu \u00feeir eta \u00fea\u00f0.<a name=\"9\"><span class=\"versanumer\">9<\/span><\/a>Ekki skulu\u00f0 \u00fe\u00e9r eta neitt af \u00fev\u00ed hr\u00e1tt e\u00f0a so\u00f0i\u00f0 \u00ed vatni, heldur steikt vi\u00f0 eld, h\u00f6fu\u00f0i\u00f0 me\u00f0 f\u00f3tum og innyflum.<a name=\"10\"><span class=\"versanumer\">10<\/span><\/a>Engu af \u00fev\u00ed skulu\u00f0 \u00fe\u00e9r leifa til morguns, en hafi nokkru af \u00fev\u00ed leift veri\u00f0 til morguns, \u00fe\u00e1 skulu\u00f0 \u00fe\u00e9r brenna \u00fea\u00f0 \u00ed eldi.<a name=\"11\"><span class=\"versanumer\">11<\/span><\/a>Og \u00feannig skulu\u00f0 \u00fe\u00e9r neyta \u00feess: \u00de\u00e9r skulu\u00f0 vera gyrtir um lendar y\u00f0ar, hafa sk\u00f3 \u00e1 f\u00f3tum og stafi \u00ed h\u00f6ndum. \u00de\u00e9r skulu\u00f0 eta \u00fea\u00f0 \u00ed fl\u00fdti. \u00dea\u00f0 eru p\u00e1skar Drottins.<a name=\"12\"><span class=\"versanumer\">12<\/span><\/a>\u00dev\u00ed a\u00f0 \u00feessa s\u00f6mu n\u00f3tt vil \u00e9g fara um Egyptaland og dey\u00f0a alla frumbur\u00f0i \u00ed Egyptalandi, b\u00e6\u00f0i menn og f\u00e9na\u00f0. Og refsid\u00f3ma vil \u00e9g l\u00e1ta fram koma \u00e1 \u00f6llum go\u00f0um Egyptalands. \u00c9g er Drottinn.<a name=\"13\"><span class=\"versanumer\">13<\/span><\/a>Og bl\u00f3\u00f0i\u00f0 skal vera y\u00f0ur t\u00e1kn \u00e1 \u00feeim h\u00fasum, \u00fear sem \u00fe\u00e9r eru\u00f0: Er \u00e9g s\u00e9 bl\u00f3\u00f0i\u00f0, mun \u00e9g ganga fram hj\u00e1 y\u00f0ur, og engin sk\u00e6\u00f0 pl\u00e1ga skal yfir y\u00f0ur koma, \u00feegar \u00e9g sl\u00e6 Egyptaland.<a name=\"14\"><span class=\"versanumer\">14<\/span><\/a>\u00deessi dagur skal vera y\u00f0ur endurminningardagur, og \u00fe\u00e9r skulu\u00f0 halda hann sem h\u00e1t\u00ed\u00f0 Drottins. Kynsl\u00f3\u00f0 eftir kynsl\u00f3\u00f0 skulu\u00f0 \u00fe\u00e9r hann h\u00e1t\u00ed\u00f0legan halda eftir \u00e6varandi l\u00f6gm\u00e1li.<a name=\"15\"><span class=\"versanumer\">15<\/span><\/a>\u00cd sj\u00f6 daga skulu\u00f0 \u00fe\u00e9r eta \u00f3s\u00fdrt brau\u00f0. \u00deegar \u00e1 fyrsta degi skulu\u00f0 \u00fe\u00e9r flytja s\u00fardeig burt \u00far h\u00fasum y\u00f0ar, \u00fev\u00ed a\u00f0 hver sem etur s\u00fdrt brau\u00f0 fr\u00e1 fyrsta degi til hins sj\u00f6unda, hann skal uppr\u00e6ttur ver\u00f0a \u00far \u00cdsrael.<a name=\"16\"><span class=\"versanumer\">16<\/span><\/a>\u00c1 hinum fyrsta degi skulu\u00f0 \u00fe\u00e9r halda helga samkomu og s\u00f6mulei\u00f0is \u00e1 hinum sj\u00f6unda degi helga samkomu. \u00c1 \u00feeim d\u00f6gum skal ekkert verk vinna, nema \u00fea\u00f0 megi\u00f0 \u00fe\u00e9r tilrei\u00f0a, sem hver og einn \u00fearf s\u00e9r til matar.<a name=\"17\"><span class=\"versanumer\">17<\/span><\/a>\u00de\u00e9r skulu\u00f0 halda helga h\u00e1t\u00ed\u00f0 hinna \u00f3s\u00fdr\u00f0u brau\u00f0a, \u00fev\u00ed a\u00f0 einmitt \u00e1 \u00feessum degi leiddi \u00e9g hersveitir y\u00f0ar \u00fat af Egyptalandi. Fyrir \u00fev\u00ed skulu\u00f0 \u00fe\u00e9r halda heilagt \u00feennan dag, kynsl\u00f3\u00f0 eftir kynsl\u00f3\u00f0, eftir \u00e6varandi l\u00f6gm\u00e1li.<a name=\"18\"><span class=\"versanumer\">18<\/span><\/a>\u00cd fyrsta m\u00e1nu\u00f0inum skulu\u00f0 \u00fe\u00e9r \u00f3s\u00fdrt brau\u00f0 eta fr\u00e1 \u00fev\u00ed um kveldi\u00f0 hinn fj\u00f3rt\u00e1nda dag m\u00e1na\u00f0arins og til \u00feess um kveldi\u00f0 hinn tuttugasta og fyrsta dag m\u00e1na\u00f0arins.<a name=\"19\"><span class=\"versanumer\">19<\/span><\/a>\u00cd sj\u00f6 daga skal s\u00fardeig ekki finnast \u00ed h\u00fasum y\u00f0ar, \u00fev\u00ed a\u00f0 hver sem \u00fe\u00e1 etur s\u00fdrt brau\u00f0, s\u00e1 ma\u00f0ur skal uppr\u00e6ttur ver\u00f0a \u00far s\u00f6fnu\u00f0i \u00cdsraels, hvort sem hann er \u00fatlendur e\u00f0a innlendur.<a name=\"20\"><span class=\"versanumer\">20<\/span><\/a>\u00de\u00e9r skulu\u00f0 ekkert s\u00fdrt brau\u00f0 eta. \u00cd \u00f6llum b\u00fast\u00f6\u00f0um y\u00f0ar skulu\u00f0 \u00fe\u00e9r eta \u00f3s\u00fdrt brau\u00f0.<a name=\"21\"><span class=\"versanumer\">21<\/span><\/a>\u00de\u00e1 stefndi M\u00f3se saman \u00f6llum \u00f6ldungum \u00cdsraelsmanna og sag\u00f0i vi\u00f0 \u00fe\u00e1: Fari\u00f0 og taki\u00f0 y\u00f0ur sau\u00f0kindur handa heimilum y\u00f0ar og sl\u00e1tri\u00f0 p\u00e1skalambinu.<a name=\"22\"><span class=\"versanumer\">22<\/span><\/a>Taki\u00f0 \u00eds\u00f3psv\u00f6nd og drepi\u00f0 honum \u00ed bl\u00f3\u00f0i\u00f0, sem er \u00ed troginu, og r\u00ed\u00f0i\u00f0 bl\u00f3\u00f0i \u00far troginu \u00e1 dyratr\u00e9\u00f0 og b\u00e1\u00f0a dyrastafina. Og enginn y\u00f0ar skal fara \u00fat fyrir dyr \u00e1 h\u00fasi s\u00ednu fyrr en a\u00f0 morgni.<a name=\"23\"><span class=\"versanumer\">23<\/span><\/a>\u00dev\u00ed a\u00f0 Drottinn mun fara yfir landi\u00f0 til \u00feess a\u00f0 lj\u00f3sta Egypta. Hann mun sj\u00e1 bl\u00f3\u00f0i\u00f0 \u00e1 dyratr\u00e9nu og b\u00e1\u00f0um dyrast\u00f6funum, og mun \u00fe\u00e1 Drottinn ganga fram hj\u00e1 dyrunum og ekki l\u00e1ta ey\u00f0andann koma \u00ed h\u00fas y\u00f0ar til a\u00f0 lj\u00f3sta y\u00f0ur.<a name=\"24\"><span class=\"versanumer\">24<\/span><\/a>G\u00e6ti\u00f0 \u00feessa sem \u00e6vinlegrar skipunar fyrir \u00feig og b\u00f6rn \u00fe\u00edn.<a name=\"25\"><span class=\"versanumer\">25<\/span><\/a>Og \u00feegar \u00fe\u00e9r komi\u00f0 \u00ed landi\u00f0, sem Drottinn mun gefa y\u00f0ur, eins og hann hefir heiti\u00f0, \u00fe\u00e1 skulu\u00f0 \u00fe\u00e9r halda \u00feennan si\u00f0.<a name=\"26\"><span class=\"versanumer\">26<\/span><\/a>Og \u00feegar b\u00f6rn y\u00f0ar segja vi\u00f0 y\u00f0ur: Hva\u00f0a si\u00f0ur er \u00feetta, sem \u00fe\u00e9r haldi\u00f0?<a name=\"27\"><span class=\"versanumer\">27<\/span><\/a>\u00fe\u00e1 skulu\u00f0 \u00fe\u00e9r svara: \u00deetta er p\u00e1skaf\u00f3rn Drottins, sem gekk fram hj\u00e1 h\u00fasum \u00cdsraelsmanna \u00ed Egyptalandi, \u00fe\u00e1 er hann laust Egypta, en hl\u00edf\u00f0i vorum h\u00fasum. \u00de\u00e1 f\u00e9ll l\u00fd\u00f0urinn fram og tilba\u00f0.<a name=\"28\"><span class=\"versanumer\">28<\/span><\/a>Og \u00cdsraelsmenn f\u00f3ru og gj\u00f6r\u00f0u \u00feetta. \u00deeir gj\u00f6r\u00f0u eins og Drottinn haf\u00f0i bo\u00f0i\u00f0 \u00feeim M\u00f3se og Aroni.<a name=\"29\"><span class=\"versanumer\">29<\/span><\/a>Um mi\u00f0n\u00e6turskei\u00f0 laust Drottinn alla frumbur\u00f0i \u00ed Egyptalandi, fr\u00e1 frumgetnum syni Fara\u00f3s, sem sat \u00ed h\u00e1s\u00e6ti s\u00ednu, allt til frumgetnings bandingjans, sem \u00ed myrkvastofu sat, og alla frumbur\u00f0i f\u00e9na\u00f0arins.<a name=\"30\"><span class=\"versanumer\">30<\/span><\/a>\u00de\u00e1 reis Fara\u00f3 upp um n\u00f3ttina, hann og allir \u00fej\u00f3nar hans, og allir Egyptar. Gj\u00f6r\u00f0ist \u00fe\u00e1 miki\u00f0 harmakvein \u00ed Egyptalandi, \u00fev\u00ed a\u00f0 ekki var \u00fea\u00f0 h\u00fas, a\u00f0 eigi v\u00e6ri l\u00edk inni.<a name=\"31\"><span class=\"versanumer\">31<\/span><\/a>L\u00e9t hann kalla \u00fe\u00e1 M\u00f3se og Aron um n\u00f3ttina og sag\u00f0i: Taki\u00f0 y\u00f0ur upp og fari\u00f0 burt fr\u00e1 minni \u00fej\u00f3\u00f0, b\u00e6\u00f0i \u00fei\u00f0 og \u00cdsraelsmenn. Fari\u00f0 og \u00fej\u00f3ni\u00f0 Drottni, eins og \u00fei\u00f0 hafi\u00f0 um tala\u00f0.<a name=\"32\"><span class=\"versanumer\">32<\/span><\/a>Taki\u00f0 me\u00f0 y\u00f0ur b\u00e6\u00f0i sau\u00f0f\u00e9 y\u00f0ar og nautgripi, eins og \u00fei\u00f0 hafi\u00f0 um tala\u00f0, fari\u00f0 \u00fev\u00ed n\u00e6st af sta\u00f0 og bi\u00f0ji\u00f0 einnig m\u00e9r blessunar.<a name=\"33\"><span class=\"versanumer\">33<\/span><\/a>Og Egyptar r\u00e1ku hart eftir f\u00f3lkinu til \u00feess a\u00f0 koma \u00feeim sem fyrst burt \u00far landinu, \u00fev\u00ed a\u00f0 \u00feeir s\u00f6g\u00f0u: V\u00e9r munum allir deyja.<a name=\"34\"><span class=\"versanumer\">34<\/span><\/a>F\u00f3lki\u00f0 t\u00f3k \u00fe\u00e1 deigi\u00f0, sem \u00fea\u00f0 haf\u00f0i, \u00e1\u00f0ur en \u00fea\u00f0 s\u00fdr\u00f0ist, batt deigtrogin innan \u00ed kl\u00e6\u00f0i s\u00edn og bar \u00feau \u00e1 \u00f6xlum s\u00e9r.<a name=\"35\"><span class=\"versanumer\">35<\/span><\/a>En \u00cdsraelsmenn h\u00f6f\u00f0u gj\u00f6rt eftir fyrirm\u00e6lum M\u00f3se og be\u00f0i\u00f0 Egypta um gullgripi og silfurgripi og kl\u00e6\u00f0i,<a name=\"36\"><span class=\"versanumer\">36<\/span><\/a>og haf\u00f0i Drottinn l\u00e1ti\u00f0 f\u00f3lki\u00f0 \u00f6\u00f0last hylli Egypta, svo a\u00f0 \u00feeir ur\u00f0u vi\u00f0 b\u00e6n \u00feeirra, og \u00feannig r\u00e6ndu \u00feeir Egypta.<a name=\"37\"><span class=\"versanumer\">37<\/span><\/a>T\u00f3ku \u00cdsraelsmenn sig n\u00fa upp fr\u00e1 Ramses og f\u00f3ru til S\u00fakk\u00f3t, h\u00e9r um bil sex hundru\u00f0 \u00fe\u00fasund f\u00f3tgangandi manna, auk barna.<a name=\"38\"><span class=\"versanumer\">38<\/span><\/a>\u00dear a\u00f0 auki f\u00f3r me\u00f0 \u00feeim mikill fj\u00f6ldi af alls konar l\u00fd\u00f0, svo og st\u00f3rar hjar\u00f0ir sau\u00f0a og nauta.<a name=\"39\"><span class=\"versanumer\">39<\/span><\/a>Og \u00feeir b\u00f6ku\u00f0u \u00f3s\u00fdr\u00f0ar k\u00f6kur af deiginu, sem \u00feeir h\u00f6f\u00f0u me\u00f0 s\u00e9r \u00far Egyptalandi, \u00fev\u00ed a\u00f0 deigi\u00f0 haf\u00f0i ekki s\u00fdrst, \u00fear e\u00f0 \u00feeir voru reknir burt \u00far Egyptalandi og m\u00e1ttu engar vi\u00f0tafir hafa og h\u00f6f\u00f0u \u00fev\u00ed ekkert b\u00fai\u00f0 s\u00e9r til veganestis.<a name=\"40\"><span class=\"versanumer\">40<\/span><\/a>\u00cdsraelsmenn h\u00f6f\u00f0u \u00fe\u00e1 b\u00fai\u00f0 \u00ed Egyptalandi fj\u00f6gur hundru\u00f0 og \u00ferj\u00e1t\u00edu \u00e1r.<a name=\"41\"><span class=\"versanumer\">41<\/span><\/a>Og a\u00f0 li\u00f0num \u00feeim fj\u00f6gur hundru\u00f0 og \u00ferj\u00e1t\u00edu \u00e1rum, einmitt \u00e1 \u00feeim degi, f\u00f3ru allar hersveitir Drottins \u00fat af Egyptalandi.<a name=\"42\"><span class=\"versanumer\">42<\/span><\/a>\u00deetta er v\u00f6kun\u00f3tt Drottins, me\u00f0 \u00fev\u00ed a\u00f0 hann leiddi \u00fe\u00e1 \u00fat af Egyptalandi. \u00deessa s\u00f6mu n\u00f3tt halda allir \u00cdsraelsmenn helga sem v\u00f6kun\u00f3tt Drottins fr\u00e1 kyni til kyns.<a name=\"43\"><span class=\"versanumer\">43<\/span><\/a>Drottinn sag\u00f0i vi\u00f0 \u00fe\u00e1 M\u00f3se og Aron: \u00deetta eru \u00e1kv\u00e6\u00f0in um p\u00e1skalambi\u00f0: Enginn \u00fatlendur ma\u00f0ur m\u00e1 af \u00fev\u00ed eta.<a name=\"44\"><span class=\"versanumer\">44<\/span><\/a>S\u00e9rhver \u00fer\u00e6ll, sem er ver\u00f0i keyptur, m\u00e1 eta af \u00fev\u00ed, er \u00fe\u00fa hefir umskori\u00f0 hann.<a name=\"45\"><span class=\"versanumer\">45<\/span><\/a>Enginn \u00fatlendur b\u00faandi e\u00f0a daglaunama\u00f0ur m\u00e1 eta af \u00fev\u00ed.<a name=\"46\"><span class=\"versanumer\">46<\/span><\/a>Menn skulu eta \u00fea\u00f0 \u00ed einu h\u00fasi. Ekkert af kj\u00f6tinu m\u00e1tt \u00fe\u00fa bera \u00fat \u00far h\u00fasinu. Ekkert bein \u00ed \u00fev\u00ed megi\u00f0 \u00fe\u00e9r brj\u00f3ta.<a name=\"47\"><span class=\"versanumer\">47<\/span><\/a>Allur s\u00f6fnu\u00f0ur \u00cdsraels skal svo gj\u00f6ra.<a name=\"48\"><span class=\"versanumer\">48<\/span><\/a>Ef nokkur \u00fatlendingur b\u00fdr hj\u00e1 \u00fe\u00e9r og vill halda Drottni p\u00e1ska, \u00fe\u00e1 skal umskera allt karlkyn hj\u00e1 honum, og m\u00e1 hann \u00fe\u00e1 koma og halda h\u00e1t\u00ed\u00f0ina, og skal hann vera sem innborinn ma\u00f0ur. En enginn \u00f3umskorinn skal \u00feess neyta.<a name=\"49\"><span class=\"versanumer\">49<\/span><\/a>S\u00f6mu l\u00f6g skulu vera fyrir innborna menn sem fyrir \u00fe\u00e1 \u00fatlendinga, er me\u00f0al y\u00f0ar b\u00faa.<a name=\"50\"><span class=\"versanumer\">50<\/span><\/a>Allir \u00cdsraelsmenn gj\u00f6r\u00f0u svo, \u00feeir gj\u00f6r\u00f0u svo sem Drottinn haf\u00f0i bo\u00f0i\u00f0 \u00feeim M\u00f3se og Aroni.<a name=\"51\"><span class=\"versanumer\">51<\/span><\/a>Einmitt \u00e1 \u00feessum degi leiddi Drottinn \u00cdsraelsmenn \u00fat af Egyptalandi eftir hersveitum \u00feeirra. af Egyptalandi eftir hersveitum \u00feeirra.<\/p>\n<div class=\"footnote1981\"><b>12.1<\/b> P\u00e1skah\u00e1t\u00ed\u00f0in 3M\u00f3s 23.5-8; 4M\u00f3s 9.1-14; 28.16-25; 5M\u00f3s 16.1-8; J\u00f3s 5.10; 2Kon 23.21-23; 2Kro 30; 35.1-18; Esk 45.21-24; Matt 26 og hlst.; 1Kor 5.7; Heb 11.28<br \/>\n<b>12.12<\/b> Frumbur\u00f0ir 2M\u00f3s 12.29+<br \/>\n<b>12.15<\/b> \u00d3s\u00fdrt brau\u00f0 2M\u00f3s 13.3-7; 23.15; 34.18; sbr 2M\u00f3s 12.1+<br \/>\n<b>12.26-27<\/b> Svara 2M\u00f3s 10.2+<br \/>\n<b>12.29<\/b> Frumbur\u00f0ir deyddir 2M\u00f3s 4.23; 11.5; 12.12; Slm 78.51; 105.36; 135.8; 136.10; SSal 18.5-19<br \/>\n<b>12.36<\/b> Egyptar r\u00e6ndir 2M\u00f3s 3.22+<br \/>\n<b>12.37<\/b> Fr\u00e1 Ramses til S\u00fakk\u00f3t 4M\u00f3s 33.1-5 \u2013 sex hundru\u00f0 \u00fe\u00fasund 4M\u00f3s 1.46<br \/>\n<b>12.38<\/b> Sundurleitur h\u00f3pur 4M\u00f3s 11.4<br \/>\n<b>12.39<\/b> Enginn t\u00edmi 5M\u00f3s 16.3; Jes 52.12<br \/>\n<b>12.40<\/b> B\u00fasetan \u00ed Egyptalandi 1M\u00f3s 15.13; Post 7.6; Gal 3.17<br \/>\n<b>12.46<\/b> Ekki brj\u00f3ta beinin 4M\u00f3s 9.12; Slm 34.21; J\u00f3h 19.36<\/div>\n","protected":false},"excerpt":{"rendered":"<p>1\u00de\u00e1 m\u00e6lti Drottinn vi\u00f0 \u00fe\u00e1 M\u00f3se og Aron \u00ed Egyptalandi \u00e1 \u00feessa lei\u00f0:2\u00deessi m\u00e1nu\u00f0ur skal vera upphafsm\u00e1nu\u00f0ur hj\u00e1 y\u00f0ur. Hann skal vera fyrsti m\u00e1nu\u00f0ur \u00e1rsins hj\u00e1 y\u00f0ur.3Tali\u00f0 til alls safna\u00f0ar \u00cdsraelsmanna og segi\u00f0: \u00c1 t\u00edunda degi \u00feessa m\u00e1na\u00f0ar skal hver h\u00fasb\u00f3ndi taka lamb fyrir fj\u00f6lskyldu s\u00edna, eitt lamb fyrir hvert heimili.4En s\u00e9 eitt lamb of miki\u00f0 fyrir heimili\u00f0, \u00fe\u00e1 taki hann og granni hans, s\u00e1 er n\u00e6stur honum b\u00fdr, lamb saman eftir t\u00f6lu heimilismanna. Eftir \u00fev\u00ed sem hver etur, skulu\u00f0 \u00fe\u00e9r \u00e6tla \u00e1 um lambi\u00f0.5Lambi\u00f0 skal vera gallalaust, hr\u00fatlamb veturgamalt, og m\u00e1 vera hvort sem vill \u00e1sau\u00f0arlamb e\u00f0a hafurki\u00f0.6Og \u00fe\u00e9r <a href=\"https:\/\/biblian.is\/1981\/onnur-mosebok-12-kafli\/\"> [&#8230;]<\/a><\/p>\n","protected":false},"author":1,"featured_media":0,"parent":0,"menu_order":0,"comment_status":"open","ping_status":"open","template":"bibliukaflar.php","meta":{"footnotes":""},"class_list":["post-1408","page","type-page","status-publish","hentry"],"_links":{"self":[{"href":"https:\/\/biblian.is\/1981\/wp-json\/wp\/v2\/pages\/1408","targetHints":{"allow":["GET"]}}],"collection":[{"href":"https:\/\/biblian.is\/1981\/wp-json\/wp\/v2\/pages"}],"about":[{"href":"https:\/\/biblian.is\/1981\/wp-json\/wp\/v2\/types\/page"}],"author":[{"embeddable":true,"href":"https:\/\/biblian.is\/1981\/wp-json\/wp\/v2\/users\/1"}],"replies":[{"embeddable":true,"href":"https:\/\/biblian.is\/1981\/wp-json\/wp\/v2\/comments?post=1408"}],"version-history":[{"count":0,"href":"https:\/\/biblian.is\/1981\/wp-json\/wp\/v2\/pages\/1408\/revisions"}],"wp:attachment":[{"href":"https:\/\/biblian.is\/1981\/wp-json\/wp\/v2\/media?parent=1408"}],"curies":[{"name":"wp","href":"https:\/\/api.w.org\/{rel}","templated":true}]}}