{"id":1406,"date":"2017-11-18T20:17:12","date_gmt":"2017-11-18T20:17:12","guid":{"rendered":"http:\/\/biblian.is\/1981\/onnur-mosebok-10-kafli\/"},"modified":"2021-06-06T11:04:10","modified_gmt":"2021-06-06T11:04:10","slug":"onnur-mosebok-10-kafli","status":"publish","type":"page","link":"https:\/\/biblian.is\/1981\/onnur-mosebok-10-kafli\/","title":{"rendered":"\u00d6nnur M\u00f3seb\u00f3k 10. kafli"},"content":{"rendered":"<p><a name=\"1\"><span class=\"versanumer\">1<\/span><\/a>\u00dev\u00ed n\u00e6st sag\u00f0i Drottinn vi\u00f0 M\u00f3se: Gakk inn fyrir Fara\u00f3, \u00fev\u00ed a\u00f0 \u00e9g hefi hert hjarta hans og hj\u00f6rtu \u00fej\u00f3na hans til \u00feess a\u00f0 \u00e9g fremji \u00feessi t\u00e1kn m\u00edn me\u00f0al \u00feeirra<a name=\"2\"><span class=\"versanumer\">2<\/span><\/a>og til \u00feess a\u00f0 \u00fe\u00fa getir sagt b\u00f6rnum \u00fe\u00ednum og barnab\u00f6rnum fr\u00e1 \u00fev\u00ed, hvernig \u00e9g hefi fari\u00f0 me\u00f0 Egypta, og fr\u00e1 \u00feeim t\u00e1knum, sem \u00e9g hefi \u00e1 \u00feeim gj\u00f6rt, svo a\u00f0 \u00fe\u00e9r viti\u00f0, a\u00f0 \u00e9g er Drottinn.<a name=\"3\"><span class=\"versanumer\">3<\/span><\/a>S\u00ed\u00f0an gengu \u00feeir M\u00f3se og Aron inn fyrir Fara\u00f3 og s\u00f6g\u00f0u vi\u00f0 hann: Svo segir Drottinn, Gu\u00f0 Hebrea: Hve lengi vilt \u00fe\u00fa f\u00e6rast undan a\u00f0 au\u00f0m\u00fdkja \u00feig fyrir m\u00e9r?<a name=\"4\"><span class=\"versanumer\">4<\/span><\/a>Gef f\u00f3lki m\u00ednu fararleyfi, a\u00f0 \u00feeir megi \u00fej\u00f3na m\u00e9r, \u00fev\u00ed a\u00f0 f\u00e6rist \u00fe\u00fa undan a\u00f0 leyfa f\u00f3lki m\u00ednu a\u00f0 fara, \u00fe\u00e1 skal \u00e9g \u00e1 morgun l\u00e1ta engisprettur f\u00e6rast inn yfir landam\u00e6ri \u00fe\u00edn.<a name=\"5\"><span class=\"versanumer\">5<\/span><\/a>Og \u00fe\u00e6r skulu hylja yfirbor\u00f0 landsins, svo a\u00f0 ekki skal sj\u00e1st til jar\u00f0ar. Skulu \u00fe\u00e6r upp eta leifarnar, sem bjarga\u00f0 var og \u00fe\u00e9r eigi\u00f0 eftir \u00f3skemmdar af haglinu, og naga \u00f6ll tr\u00e9 y\u00f0ar, sem spretta \u00e1 m\u00f6rkinni.<a name=\"6\"><span class=\"versanumer\">6<\/span><\/a>\u00de\u00e6r skulu fylla h\u00fas \u00fe\u00edn og h\u00fas allra \u00fej\u00f3na \u00feinna og h\u00fas allra Egypta, og hafa hvorki fe\u00f0ur \u00fe\u00ednir n\u00e9 fe\u00f0ur fe\u00f0ra \u00feinna s\u00e9\u00f0 sl\u00edkt, fr\u00e1 \u00fev\u00ed \u00feeir f\u00e6ddust \u00ed heiminn og allt til \u00feessa dags. S\u00ed\u00f0an sneri hann s\u00e9r vi\u00f0 og gekk \u00fat fr\u00e1 Fara\u00f3.<a name=\"7\"><span class=\"versanumer\">7<\/span><\/a>\u00de\u00e1 s\u00f6g\u00f0u \u00fej\u00f3nar Fara\u00f3s vi\u00f0 hann: Hversu lengi \u00e1 \u00feessi ma\u00f0ur a\u00f0 ver\u00f0a oss a\u00f0 meini? Gef m\u00f6nnunum fararleyfi, a\u00f0 \u00feeir megi \u00fej\u00f3na Drottni Gu\u00f0i s\u00ednum! Veistu ekki enn, a\u00f0 Egyptaland er \u00ed ey\u00f0i lagt?<a name=\"8\"><span class=\"versanumer\">8<\/span><\/a>\u00de\u00e1 voru \u00feeir M\u00f3se og Aron s\u00f3ttir aftur til Fara\u00f3s og sag\u00f0i hann vi\u00f0 \u00fe\u00e1: Fari\u00f0 og \u00fej\u00f3ni\u00f0 Drottni Gu\u00f0i y\u00f0ar! En hverjir eru \u00fea\u00f0, sem \u00e6tla a\u00f0 fara?<a name=\"9\"><span class=\"versanumer\">9<\/span><\/a>M\u00f3se svara\u00f0i: V\u00e9r \u00e6tlum a\u00f0 fara me\u00f0 b\u00f6rn vor og gamalmenni. Me\u00f0 sonu vora og d\u00e6tur, sau\u00f0f\u00e9 vort og nautgripi \u00e6tlum v\u00e9r a\u00f0 fara, \u00fev\u00ed a\u00f0 v\u00e9r eigum a\u00f0 halda Drottni h\u00e1t\u00ed\u00f0.<a name=\"10\"><span class=\"versanumer\">10<\/span><\/a>En hann sag\u00f0i vi\u00f0 \u00fe\u00e1: Svo framt s\u00e9 Drottinn me\u00f0 y\u00f0ur, sem \u00e9g gef y\u00f0ur og b\u00f6rnum y\u00f0ar fararleyfi! Sannlega hafi\u00f0 \u00fe\u00e9r illt \u00ed huga.<a name=\"11\"><span class=\"versanumer\">11<\/span><\/a>Eigi skal svo vera. Fari\u00f0 \u00fe\u00e9r karlmennirnir og \u00fej\u00f3ni\u00f0 Drottni, \u00fev\u00ed a\u00f0 um \u00fea\u00f0 hafi\u00f0 \u00fe\u00e9r be\u00f0i\u00f0. S\u00ed\u00f0an voru \u00feeir reknir \u00fat fr\u00e1 Fara\u00f3.<a name=\"12\"><span class=\"versanumer\">12<\/span><\/a>\u00de\u00e1 m\u00e6lti Drottinn vi\u00f0 M\u00f3se: R\u00e9tt \u00fat h\u00f6nd \u00fe\u00edna yfir Egyptaland, svo a\u00f0 engisprettur komi yfir landi\u00f0 og upp eti allan jar\u00f0argr\u00f3\u00f0a, allt \u00fea\u00f0, sem hagli\u00f0 eftir skildi.<a name=\"13\"><span class=\"versanumer\">13<\/span><\/a>\u00de\u00e1 r\u00e9tti M\u00f3se \u00fat staf sinn yfir Egyptaland. Og Drottinn l\u00e9t austanvind bl\u00e1sa inn yfir landi\u00f0 allan \u00feann dag og alla n\u00f3ttina, en me\u00f0 morgninum kom austanvindurinn me\u00f0 engispretturnar.<a name=\"14\"><span class=\"versanumer\">14<\/span><\/a>Engispretturnar komu yfir allt Egyptaland, og mesti aragr\u00fai af \u00feeim kom ni\u00f0ur \u00ed \u00f6llum h\u00e9ru\u00f0um landsins. Haf\u00f0i aldrei \u00e1\u00f0ur veri\u00f0 sl\u00edkur urmull af engisprettum, og mun ekki h\u00e9r eftir ver\u00f0a.<a name=\"15\"><span class=\"versanumer\">15<\/span><\/a>\u00de\u00e6r huldu allt landi\u00f0, svo a\u00f0 hvergi s\u00e1 til jar\u00f0ar, og \u00fe\u00e6r \u00e1tu allt gras jar\u00f0arinnar og allan \u00e1v\u00f6xt trj\u00e1nna, sem hagli\u00f0 haf\u00f0i eftir skili\u00f0, svo a\u00f0 \u00ed \u00f6llu Egyptalandi var\u00f0 ekkert gr\u00e6nt eftir, hvorki \u00e1 trj\u00e1num n\u00e9 \u00e1 jurtum merkurinnar.<a name=\"16\"><span class=\"versanumer\">16<\/span><\/a>\u00de\u00e1 gj\u00f6r\u00f0i Fara\u00f3 \u00ed skyndi bo\u00f0 eftir M\u00f3se og Aroni og sag\u00f0i: \u00c9g hefi syndga\u00f0 \u00e1 m\u00f3ti Drottni Gu\u00f0i y\u00f0ar, og \u00e1 m\u00f3ti y\u00f0ur.<a name=\"17\"><span class=\"versanumer\">17<\/span><\/a>En fyrirgefi\u00f0 m\u00e9r synd m\u00edna a\u00f0eins \u00ed \u00feetta sinn og bi\u00f0ji\u00f0 Drottin, Gu\u00f0 y\u00f0ar, a\u00f0 hann fyrir hvern mun l\u00e9tti \u00feessari vo\u00f0apl\u00e1gu af m\u00e9r.<a name=\"18\"><span class=\"versanumer\">18<\/span><\/a>S\u00ed\u00f0an gekk hann \u00fat fr\u00e1 Fara\u00f3 og ba\u00f0 til Drottins.<a name=\"19\"><span class=\"versanumer\">19<\/span><\/a>\u00de\u00e1 sneri Drottinn ve\u00f0rinu \u00ed mj\u00f6g hvassan vestanvind, sem t\u00f3k engispretturnar og fleyg\u00f0i \u00feeim \u00ed Rau\u00f0ahafi\u00f0, svo a\u00f0 ekki var eftir ein engispretta nokkurs sta\u00f0ar \u00ed Egyptalandi.<a name=\"20\"><span class=\"versanumer\">20<\/span><\/a>En Drottinn herti hjarta Fara\u00f3s, svo a\u00f0 hann leyf\u00f0i ekki \u00cdsraelsm\u00f6nnum burt a\u00f0 fara.<a name=\"21\"><span class=\"versanumer\">21<\/span><\/a>\u00dev\u00ed n\u00e6st sag\u00f0i Drottinn vi\u00f0 M\u00f3se: R\u00e9tt h\u00f6nd \u00fe\u00edna til himins, og skal \u00fe\u00e1 koma \u00fereifandi myrkur yfir allt Egyptaland.<a name=\"22\"><span class=\"versanumer\">22<\/span><\/a>M\u00f3se r\u00e9tti \u00fe\u00e1 h\u00f6nd s\u00edna til himins, og var\u00f0 \u00fe\u00e1 ni\u00f0amyrkur \u00ed \u00f6llu Egyptalandi \u00ed \u00ferj\u00e1 daga.<a name=\"23\"><span class=\"versanumer\">23<\/span><\/a>Enginn s\u00e1 annan, og enginn hreyf\u00f0i sig, \u00fea\u00f0an sem hann var staddur, \u00ed \u00ferj\u00e1 daga, en bjart var hj\u00e1 \u00f6llum \u00cdsraelsm\u00f6nnum, \u00ed h\u00edb\u00fdlum \u00feeirra.<a name=\"24\"><span class=\"versanumer\">24<\/span><\/a>\u00de\u00e1 l\u00e9t Fara\u00f3 kalla M\u00f3se og sag\u00f0i: Fari\u00f0 og \u00fej\u00f3ni\u00f0 Drottni, l\u00e1ti\u00f0 a\u00f0eins sau\u00f0f\u00e9na\u00f0 y\u00f0ar og nautgripi eftir ver\u00f0a. B\u00f6rn y\u00f0ar mega einnig fara me\u00f0 y\u00f0ur.<a name=\"25\"><span class=\"versanumer\">25<\/span><\/a>En M\u00f3se svara\u00f0i: \u00de\u00fa ver\u00f0ur einnig a\u00f0 f\u00e1 oss d\u00fdr til sl\u00e1turf\u00f3rnar og brennif\u00f3rnar, a\u00f0 v\u00e9r megum f\u00f3rnir f\u00e6ra Drottni Gu\u00f0i vorum.<a name=\"26\"><span class=\"versanumer\">26<\/span><\/a>Kvikf\u00e9 vort skal og fara me\u00f0 oss, ekki skal ein klauf eftir ver\u00f0a, \u00fev\u00ed a\u00f0 af \u00fev\u00ed ver\u00f0um v\u00e9r a\u00f0 taka til \u00feess a\u00f0 \u00fej\u00f3na Drottni Gu\u00f0i vorum. En eigi vitum v\u00e9r, hverju v\u00e9r skulum f\u00f3rnf\u00e6ra Drottni, fyrr en v\u00e9r komum \u00feanga\u00f0.<a name=\"27\"><span class=\"versanumer\">27<\/span><\/a>En Drottinn herti hjarta Fara\u00f3s og hann vildi ekki gefa \u00feeim fararleyfi.<a name=\"28\"><span class=\"versanumer\">28<\/span><\/a>Og Fara\u00f3 sag\u00f0i vi\u00f0 hann: Haf \u00feig \u00e1 burt fr\u00e1 m\u00e9r og varast a\u00f0 koma oftar fyrir m\u00edn augu, \u00fev\u00ed a\u00f0 \u00e1 \u00feeim degi, sem \u00fe\u00fa kemur \u00ed augs\u00fdn m\u00e9r, skaltu deyja.<a name=\"29\"><span class=\"versanumer\">29<\/span><\/a>M\u00f3se svara\u00f0i: R\u00e9tt segir \u00fe\u00fa. \u00c9g skal aldrei framar koma \u00fe\u00e9r fyrir augu.<\/p>\n<div class=\"footnote1981\"><b>10.1<\/b> Engispretturnar Slm 78.46; 105.34; Jl 1.2-12; Nah 3.15-17; SSal 16.9; Opb 9.1-11<br \/>\n<b>10.2<\/b> Sagt b\u00f6rnum 2M\u00f3s 12.26-27; 13.8,14; 5M\u00f3s 4.9; 6.20-23; Slm 78.3-7; 1Kor 11.23<br \/>\n<b>10.11<\/b> Leyfi\u00f0 veitt 2M\u00f3s 8.21+<br \/>\n<b>10.20<\/b> Har\u00f0\u00fa\u00f0 2M\u00f3s 7.3+<br \/>\n<b>10.21<\/b> Myrkri\u00f0 Slm 105.28; SSal 17.1-18.4; Opb 16.10<br \/>\n<b>10.23<\/b> Bjart hj\u00e1 \u00cdsraelsm\u00f6nnum 2M\u00f3s 8.22+<\/div>\n","protected":false},"excerpt":{"rendered":"<p>1\u00dev\u00ed n\u00e6st sag\u00f0i Drottinn vi\u00f0 M\u00f3se: Gakk inn fyrir Fara\u00f3, \u00fev\u00ed a\u00f0 \u00e9g hefi hert hjarta hans og hj\u00f6rtu \u00fej\u00f3na hans til \u00feess a\u00f0 \u00e9g fremji \u00feessi t\u00e1kn m\u00edn me\u00f0al \u00feeirra2og til \u00feess a\u00f0 \u00fe\u00fa getir sagt b\u00f6rnum \u00fe\u00ednum og barnab\u00f6rnum fr\u00e1 \u00fev\u00ed, hvernig \u00e9g hefi fari\u00f0 me\u00f0 Egypta, og fr\u00e1 \u00feeim t\u00e1knum, sem \u00e9g hefi \u00e1 \u00feeim gj\u00f6rt, svo a\u00f0 \u00fe\u00e9r viti\u00f0, a\u00f0 \u00e9g er Drottinn.3S\u00ed\u00f0an gengu \u00feeir M\u00f3se og Aron inn fyrir Fara\u00f3 og s\u00f6g\u00f0u vi\u00f0 hann: Svo segir Drottinn, Gu\u00f0 Hebrea: Hve lengi vilt \u00fe\u00fa f\u00e6rast undan a\u00f0 au\u00f0m\u00fdkja \u00feig fyrir m\u00e9r?4Gef f\u00f3lki m\u00ednu fararleyfi, a\u00f0 \u00feeir <a href=\"https:\/\/biblian.is\/1981\/onnur-mosebok-10-kafli\/\"> [&#8230;]<\/a><\/p>\n","protected":false},"author":1,"featured_media":0,"parent":0,"menu_order":0,"comment_status":"open","ping_status":"open","template":"bibliukaflar.php","meta":{"footnotes":""},"class_list":["post-1406","page","type-page","status-publish","hentry"],"_links":{"self":[{"href":"https:\/\/biblian.is\/1981\/wp-json\/wp\/v2\/pages\/1406","targetHints":{"allow":["GET"]}}],"collection":[{"href":"https:\/\/biblian.is\/1981\/wp-json\/wp\/v2\/pages"}],"about":[{"href":"https:\/\/biblian.is\/1981\/wp-json\/wp\/v2\/types\/page"}],"author":[{"embeddable":true,"href":"https:\/\/biblian.is\/1981\/wp-json\/wp\/v2\/users\/1"}],"replies":[{"embeddable":true,"href":"https:\/\/biblian.is\/1981\/wp-json\/wp\/v2\/comments?post=1406"}],"version-history":[{"count":0,"href":"https:\/\/biblian.is\/1981\/wp-json\/wp\/v2\/pages\/1406\/revisions"}],"wp:attachment":[{"href":"https:\/\/biblian.is\/1981\/wp-json\/wp\/v2\/media?parent=1406"}],"curies":[{"name":"wp","href":"https:\/\/api.w.org\/{rel}","templated":true}]}}