{"id":1405,"date":"2017-11-18T20:17:12","date_gmt":"2017-11-18T20:17:12","guid":{"rendered":"http:\/\/biblian.is\/1981\/onnur-mosebok-9-kafli\/"},"modified":"2021-06-06T11:04:23","modified_gmt":"2021-06-06T11:04:23","slug":"onnur-mosebok-9-kafli","status":"publish","type":"page","link":"https:\/\/biblian.is\/1981\/onnur-mosebok-9-kafli\/","title":{"rendered":"\u00d6nnur M\u00f3seb\u00f3k 9. kafli"},"content":{"rendered":"<p><a name=\"1\"><span class=\"versanumer\">1<\/span><\/a>\u00dev\u00ed n\u00e6st sag\u00f0i Drottinn vi\u00f0 M\u00f3se: Gakk fyrir Fara\u00f3 og seg vi\u00f0 hann: Svo segir Drottinn, Gu\u00f0 Hebrea: Gef f\u00f3lki m\u00ednu fararleyfi, a\u00f0 \u00feeir megi \u00fej\u00f3na m\u00e9r.<a name=\"2\"><span class=\"versanumer\">2<\/span><\/a>En synjir \u00fe\u00fa \u00feeim fararleyfis, og haldir \u00fe\u00fa \u00feeim enn lengur,<a name=\"3\"><span class=\"versanumer\">3<\/span><\/a>sj\u00e1, \u00fe\u00e1 skal h\u00f6nd Drottins koma yfir kvikf\u00e9na\u00f0 \u00feinn, sem er \u00ed haganum, yfir hesta og asna og \u00falfalda, nautpening og sau\u00f0f\u00e9, me\u00f0 harla \u00feungum faraldri.<a name=\"4\"><span class=\"versanumer\">4<\/span><\/a>Og Drottinn mun gj\u00f6ra \u00feann mun \u00e1 kvikf\u00e9na\u00f0i \u00cdsraelsmanna og kvikf\u00e9na\u00f0i Egypta, a\u00f0 engin skepna skal deyja af \u00f6llu \u00fev\u00ed, sem \u00cdsraelsmenn eiga.<a name=\"5\"><span class=\"versanumer\">5<\/span><\/a>Og Drottinn t\u00f3k til \u00e1kve\u00f0inn t\u00edma og sag\u00f0i: \u00c1 morgun mun Drottinn l\u00e1ta \u00feetta fram fara \u00ed landinu.<a name=\"6\"><span class=\"versanumer\">6<\/span><\/a>Og Drottinn l\u00e9t \u00feetta fram fara a\u00f0 n\u00e6sta morgni. D\u00f3 \u00fe\u00e1 allur kvikf\u00e9na\u00f0ur Egypta, en engin skepna d\u00f3 af f\u00e9na\u00f0i \u00cdsraelsmanna.<a name=\"7\"><span class=\"versanumer\">7<\/span><\/a>\u00de\u00e1 sendi Fara\u00f3 menn, og sj\u00e1: Engin skepna haf\u00f0i farist af f\u00e9na\u00f0i \u00cdsraelsmanna. En hjarta Fara\u00f3s var \u00f3sveigjanlegt, og hann gaf f\u00f3lkinu eigi fararleyfi.<a name=\"8\"><span class=\"versanumer\">8<\/span><\/a>\u00dev\u00ed n\u00e6st sag\u00f0i Drottinn vi\u00f0 M\u00f3se og Aron: Taki\u00f0 handfylli ykkar af \u00f6sku \u00far ofninum, og skal M\u00f3se dreifa henni \u00ed loft upp a\u00f0 Fara\u00f3 \u00e1sj\u00e1andi.<a name=\"9\"><span class=\"versanumer\">9<\/span><\/a>Skal h\u00fan \u00fe\u00e1 ver\u00f0a a\u00f0 dufti um allt Egyptaland, en af \u00fev\u00ed skal koma b\u00f3lga, sem br\u00fdst \u00fat \u00ed k\u00fdli, b\u00e6\u00f0i \u00e1 m\u00f6nnum og f\u00e9na\u00f0i um allt Egyptaland.<a name=\"10\"><span class=\"versanumer\">10<\/span><\/a>\u00deeir t\u00f3ku \u00fe\u00e1 \u00f6sku \u00far ofninum og gengu fyrir Fara\u00f3. Dreif\u00f0i \u00fe\u00e1 M\u00f3se \u00f6skunni \u00ed loft upp, og kom \u00fe\u00e1 \u00e1 menn og f\u00e9na\u00f0 b\u00f3lga, sem braust \u00fat \u00ed k\u00fdli.<a name=\"11\"><span class=\"versanumer\">11<\/span><\/a>En sp\u00e1sagnamennirnir g\u00e1tu ekki komi\u00f0 \u00e1 fund M\u00f3se s\u00f6kum b\u00f3lgunnar, \u00fev\u00ed a\u00f0 b\u00f3lga kom \u00e1 sp\u00e1sagnamennina, eins og \u00e1 alla Egypta.<a name=\"12\"><span class=\"versanumer\">12<\/span><\/a>En Drottinn herti hjarta Fara\u00f3s, og hann hl\u00fdddi \u00feeim ekki, eins og Drottinn haf\u00f0i sagt M\u00f3se.<a name=\"13\"><span class=\"versanumer\">13<\/span><\/a>\u00de\u00e1 m\u00e6lti Drottinn vi\u00f0 M\u00f3se: R\u00eds upp \u00e1rla \u00e1 morgun, gakk fyrir Fara\u00f3 og seg vi\u00f0 hann: Svo segir Drottinn, Gu\u00f0 Hebrea: Gef f\u00f3lki m\u00ednu fararleyfi, a\u00f0 \u00feeir megi \u00fej\u00f3na m\u00e9r.<a name=\"14\"><span class=\"versanumer\">14<\/span><\/a>\u00dev\u00ed a\u00f0 \u00ed \u00feetta sinn \u00e6tla \u00e9g a\u00f0 senda allar pl\u00e1gur m\u00ednar yfir \u00feig sj\u00e1lfan, yfir \u00fej\u00f3na \u00fe\u00edna og yfir f\u00f3lk \u00feitt, svo a\u00f0 \u00fe\u00fa vitir, a\u00f0 enginn er minn l\u00edki \u00e1 allri j\u00f6r\u00f0inni.<a name=\"15\"><span class=\"versanumer\">15<\/span><\/a>\u00dev\u00ed a\u00f0 \u00e9g hef\u00f0i \u00feegar geta\u00f0 r\u00e9tt \u00fat h\u00f6nd m\u00edna og slegi\u00f0 \u00feig og f\u00f3lk \u00feitt me\u00f0 dreps\u00f3tt, svo a\u00f0 \u00fe\u00fa yr\u00f0ir afm\u00e1\u00f0ur af j\u00f6r\u00f0inni.<a name=\"16\"><span class=\"versanumer\">16<\/span><\/a>En \u00feess vegna hefi \u00e9g \u00feig standa l\u00e1ti\u00f0, til \u00feess a\u00f0 \u00e9g s\u00fdndi \u00fe\u00e9r m\u00e1tt minn og til \u00feess a\u00f0 nafn mitt yr\u00f0i kunngj\u00f6rt um alla ver\u00f6ld.<a name=\"17\"><span class=\"versanumer\">17<\/span><\/a>\u00de\u00fa stendur enn \u00ed m\u00f3ti f\u00f3lki m\u00ednu me\u00f0 \u00fev\u00ed a\u00f0 vilja ekki gefa \u00feeim fararleyfi.<a name=\"18\"><span class=\"versanumer\">18<\/span><\/a>Sj\u00e1, \u00e1 morgun \u00ed \u00feetta mund vil \u00e9g l\u00e1ta dynja yfir svo st\u00f3rfellt hagl, a\u00f0 aldrei hefir sl\u00edkt komi\u00f0 \u00e1 Egyptalandi, s\u00ed\u00f0an landi\u00f0 var\u00f0 til og allt til \u00feessa dags.<a name=\"19\"><span class=\"versanumer\">19<\/span><\/a>Fyrir \u00fev\u00ed send n\u00fa og tak sem skj\u00f3tast inn f\u00e9na\u00f0 \u00feinn og allt \u00fea\u00f0, er \u00fe\u00fa \u00e1tt \u00fati. Allir menn og skepnur, sem \u00fati ver\u00f0a staddar og ekki eru \u00ed h\u00fas inn l\u00e1tnar og fyrir haglinu ver\u00f0a, munu deyja.<a name=\"20\"><span class=\"versanumer\">20<\/span><\/a>S\u00e9rhver af \u00fej\u00f3num Fara\u00f3s, sem \u00f3tta\u00f0ist or\u00f0 Drottins, h\u00fdsti inni hj\u00fa s\u00edn og f\u00e9na\u00f0.<a name=\"21\"><span class=\"versanumer\">21<\/span><\/a>En \u00feeir, sem ekki g\u00e1fu gaum a\u00f0 or\u00f0um Drottins, l\u00e9tu hj\u00fa s\u00edn og f\u00e9na\u00f0 vera \u00fati.<a name=\"22\"><span class=\"versanumer\">22<\/span><\/a>\u00de\u00e1 sag\u00f0i Drottinn vi\u00f0 M\u00f3se: R\u00e9tt h\u00f6nd \u00fe\u00edna til himins og \u00fe\u00e1 skal hagl dr\u00edfa yfir allt Egyptaland, yfir menn og skepnur, og yfir allan jar\u00f0argr\u00f3\u00f0a \u00ed Egyptalandi.<a name=\"23\"><span class=\"versanumer\">23<\/span><\/a>\u00de\u00e1 lyfti M\u00f3se staf s\u00ednum til himins, og Drottinn l\u00e9t \u00feegar koma rei\u00f0ar\u00ferumur og hagl. Og eldingum laust \u00e1 j\u00f6r\u00f0 ni\u00f0ur, og Drottinn l\u00e9t hagl dynja yfir Egyptaland.<a name=\"24\"><span class=\"versanumer\">24<\/span><\/a>Og hagli\u00f0 dundi og eldingunum laust \u00ed s\u00edfellu ni\u00f0ur innan um hagli\u00f0, er var svo geysist\u00f3rt, a\u00f0 sl\u00edkt haf\u00f0i ekki komi\u00f0 \u00e1 \u00f6llu Egyptalandi s\u00ed\u00f0an \u00fea\u00f0 bygg\u00f0ist.<a name=\"25\"><span class=\"versanumer\">25<\/span><\/a>Og hagli\u00f0 laust til bana allt \u00fea\u00f0, sem \u00fati var \u00ed \u00f6llu Egyptalandi, b\u00e6\u00f0i menn og skepnur, og hagli\u00f0 lamdi allan jar\u00f0argr\u00f3\u00f0a og braut hvert tr\u00e9 merkurinnar.<a name=\"26\"><span class=\"versanumer\">26<\/span><\/a>A\u00f0eins \u00ed G\u00f3senlandi, \u00fear sem \u00cdsraelsmenn bjuggu, kom ekkert hagl.<a name=\"27\"><span class=\"versanumer\">27<\/span><\/a>\u00de\u00e1 sendi Fara\u00f3 og l\u00e9t kalla \u00fe\u00e1 M\u00f3se og Aron og sag\u00f0i vi\u00f0 \u00fe\u00e1: A\u00f0 \u00feessu sinni hefi \u00e9g syndga\u00f0. Drottinn er r\u00e9ttl\u00e1tur, en \u00e9g og mitt f\u00f3lk h\u00f6fum \u00e1 r\u00f6ngu a\u00f0 standa.<a name=\"28\"><span class=\"versanumer\">28<\/span><\/a>Bi\u00f0ji\u00f0 til Drottins. N\u00f3g er komi\u00f0 af rei\u00f0ar\u00ferumum og hagli. Vil \u00e9g \u00fe\u00e1 gefa y\u00f0ur fararleyfi, og skulu\u00f0 \u00fe\u00e9r ekki b\u00ed\u00f0a lengur.<a name=\"29\"><span class=\"versanumer\">29<\/span><\/a>M\u00f3se svara\u00f0i honum: Jafnskj\u00f3tt sem \u00e9g er kominn \u00fat \u00far borginni, skal \u00e9g f\u00f3rna h\u00f6ndum til Drottins, og mun \u00fe\u00e1 rei\u00f0ar\u00ferumunum linna og hagl ekki framar koma, svo a\u00f0 \u00fe\u00fa vitir, a\u00f0 j\u00f6r\u00f0in tilheyrir Drottni.<a name=\"30\"><span class=\"versanumer\">30<\/span><\/a>Og veit \u00e9g \u00fe\u00f3, a\u00f0 \u00fe\u00fa og \u00fej\u00f3nar \u00fe\u00ednir \u00f3ttast ekki enn Drottin Gu\u00f0.<a name=\"31\"><span class=\"versanumer\">31<\/span><\/a>H\u00f6r og bygg var ni\u00f0ur slegi\u00f0, \u00fev\u00ed a\u00f0 \u00f6x voru komin \u00e1 byggi\u00f0 og knappar \u00e1 h\u00f6rinn.<a name=\"32\"><span class=\"versanumer\">32<\/span><\/a>En hveiti og speldi var ekki ni\u00f0ur slegi\u00f0, \u00fev\u00ed a\u00f0 \u00feau koma seint upp.<a name=\"33\"><span class=\"versanumer\">33<\/span><\/a>\u00dev\u00ed n\u00e6st gekk M\u00f3se burt fr\u00e1 Fara\u00f3 og \u00fat \u00far borginni og f\u00f3rna\u00f0i h\u00f6ndum til Drottins. Linnti \u00fe\u00e1 rei\u00f0ar\u00ferumunum og haglinu, og regn streymdi ekki lengur ni\u00f0ur \u00e1 j\u00f6r\u00f0ina.<a name=\"34\"><span class=\"versanumer\">34<\/span><\/a>En er Fara\u00f3 s\u00e1, a\u00f0 regninu, haglinu og rei\u00f0ar\u00ferumunum linnti, h\u00e9lt hann \u00e1fram a\u00f0 syndga og herti hjarta sitt, hann og \u00fej\u00f3nar hans.<a name=\"35\"><span class=\"versanumer\">35<\/span><\/a>Og hjarta Fara\u00f3s har\u00f0na\u00f0i, og hann gaf \u00cdsraelsm\u00f6nnum eigi fararleyfi, eins og Drottinn haf\u00f0i sagt fyrir munn M\u00f3se.<\/p>\n<div class=\"footnote1981\"><b>9.1<\/b> Pl\u00e1gan Slm 78.48; Am 4.10; Hab 3.5<br \/>\n<b>9.4<\/b> Mun greina 2M\u00f3s 8.22+<br \/>\n<b>9.7<\/b> Har\u00f0\u00fa\u00f0 2M\u00f3s 7.3+<br \/>\n<b>9.8<\/b> K\u00fdlin 5M\u00f3s 28.35; Job 2.7; L\u00fak 16.20-21; Opb 16.2,11<br \/>\n<b>9.13<\/b> Hagli\u00f0 Slm 78.47; 105.32; Jes 28.2,17; 30.30; Esk 38.22; SSal 16.15-23; Opb 8.7; 16.21<br \/>\n<b>9.16<\/b> L\u00e1ti\u00f0 \u00feig halda l\u00edfi R\u00f3m 9.17<br \/>\n<b>9.26<\/b> \u00cd G\u00f3senlandi 2M\u00f3s 8.18+<br \/>\n<b>9.27<\/b> \u00c9g hefi syndga\u00f0 4M\u00f3s 22.34; 1Sam 15.24; 2Sam 24.10; Slm 51.6; L\u00fak 15.18,21<br \/>\n<b>9.29<\/b> Landi\u00f0 er eign Drottins 2M\u00f3s 19.5; 5M\u00f3s 10.14; Slm 24.1<br \/>\n<b>9.34-35<\/b> Har\u00f0\u00fa\u00f0 2M\u00f3s 7.3+<\/div>\n","protected":false},"excerpt":{"rendered":"<p>1\u00dev\u00ed n\u00e6st sag\u00f0i Drottinn vi\u00f0 M\u00f3se: Gakk fyrir Fara\u00f3 og seg vi\u00f0 hann: Svo segir Drottinn, Gu\u00f0 Hebrea: Gef f\u00f3lki m\u00ednu fararleyfi, a\u00f0 \u00feeir megi \u00fej\u00f3na m\u00e9r.2En synjir \u00fe\u00fa \u00feeim fararleyfis, og haldir \u00fe\u00fa \u00feeim enn lengur,3sj\u00e1, \u00fe\u00e1 skal h\u00f6nd Drottins koma yfir kvikf\u00e9na\u00f0 \u00feinn, sem er \u00ed haganum, yfir hesta og asna og \u00falfalda, nautpening og sau\u00f0f\u00e9, me\u00f0 harla \u00feungum faraldri.4Og Drottinn mun gj\u00f6ra \u00feann mun \u00e1 kvikf\u00e9na\u00f0i \u00cdsraelsmanna og kvikf\u00e9na\u00f0i Egypta, a\u00f0 engin skepna skal deyja af \u00f6llu \u00fev\u00ed, sem \u00cdsraelsmenn eiga.5Og Drottinn t\u00f3k til \u00e1kve\u00f0inn t\u00edma og sag\u00f0i: \u00c1 morgun mun Drottinn l\u00e1ta \u00feetta fram fara \u00ed <a href=\"https:\/\/biblian.is\/1981\/onnur-mosebok-9-kafli\/\"> [&#8230;]<\/a><\/p>\n","protected":false},"author":1,"featured_media":0,"parent":0,"menu_order":0,"comment_status":"open","ping_status":"open","template":"bibliukaflar.php","meta":{"footnotes":""},"class_list":["post-1405","page","type-page","status-publish","hentry"],"_links":{"self":[{"href":"https:\/\/biblian.is\/1981\/wp-json\/wp\/v2\/pages\/1405","targetHints":{"allow":["GET"]}}],"collection":[{"href":"https:\/\/biblian.is\/1981\/wp-json\/wp\/v2\/pages"}],"about":[{"href":"https:\/\/biblian.is\/1981\/wp-json\/wp\/v2\/types\/page"}],"author":[{"embeddable":true,"href":"https:\/\/biblian.is\/1981\/wp-json\/wp\/v2\/users\/1"}],"replies":[{"embeddable":true,"href":"https:\/\/biblian.is\/1981\/wp-json\/wp\/v2\/comments?post=1405"}],"version-history":[{"count":0,"href":"https:\/\/biblian.is\/1981\/wp-json\/wp\/v2\/pages\/1405\/revisions"}],"wp:attachment":[{"href":"https:\/\/biblian.is\/1981\/wp-json\/wp\/v2\/media?parent=1405"}],"curies":[{"name":"wp","href":"https:\/\/api.w.org\/{rel}","templated":true}]}}