{"id":1404,"date":"2017-11-18T20:17:12","date_gmt":"2017-11-18T20:17:12","guid":{"rendered":"http:\/\/biblian.is\/1981\/onnur-mosebok-8-kafli\/"},"modified":"2021-06-06T11:04:23","modified_gmt":"2021-06-06T11:04:23","slug":"onnur-mosebok-8-kafli","status":"publish","type":"page","link":"https:\/\/biblian.is\/1981\/onnur-mosebok-8-kafli\/","title":{"rendered":"\u00d6nnur M\u00f3seb\u00f3k 8. kafli"},"content":{"rendered":"<p><a name=\"1\"><span class=\"versanumer\">1<\/span><\/a>\u00dev\u00ed n\u00e6st sag\u00f0i Drottinn vi\u00f0 M\u00f3se: Gakk fyrir Fara\u00f3 og seg vi\u00f0 hann: Svo segir Drottinn: Gef l\u00fd\u00f0 m\u00ednum fararleyfi, a\u00f0 \u00feeir megi \u00fej\u00f3na m\u00e9r.<a name=\"2\"><span class=\"versanumer\">2<\/span><\/a>En ef \u00fe\u00fa synjar honum fararleyfis, \u00fe\u00e1 skal \u00e9g \u00fej\u00e1 allt \u00feitt land me\u00f0 froskum.<a name=\"3\"><span class=\"versanumer\">3<\/span><\/a>\u00c1in skal mora af froskum. \u00deeir skulu fara \u00e1 land upp og skr\u00ed\u00f0a inn \u00ed h\u00f6ll \u00fe\u00edna og \u00ed svefnherbergi \u00feitt og upp \u00ed rekkju \u00fe\u00edna, inn \u00ed h\u00fas \u00fej\u00f3na \u00feinna og upp \u00e1 f\u00f3lk \u00feitt, \u00ed bakstursofna \u00fe\u00edna og deigtrog.<a name=\"4\"><span class=\"versanumer\">4<\/span><\/a>Og froskarnir skulu skr\u00ed\u00f0a upp \u00e1 \u00feig og f\u00f3lk \u00feitt og upp \u00e1 alla \u00fej\u00f3na \u00fe\u00edna.<a name=\"5\"><span class=\"versanumer\">5<\/span><\/a>Og Drottinn sag\u00f0i vi\u00f0 M\u00f3se: Seg vi\u00f0 Aron: R\u00e9tt \u00fat h\u00f6nd \u00fe\u00edna og hald staf \u00fe\u00ednum uppi yfir flj\u00f3tunum, \u00e1num og tj\u00f6rnunum, og l\u00e1t froska koma yfir Egyptaland.<a name=\"6\"><span class=\"versanumer\">6<\/span><\/a>Aron r\u00e9tti \u00fat h\u00f6nd s\u00edna yfir v\u00f6tn Egyptalands. Komu \u00fe\u00e1 upp froskar og huldu Egyptaland.<a name=\"7\"><span class=\"versanumer\">7<\/span><\/a>En sp\u00e1sagnamennirnir gj\u00f6r\u00f0u sl\u00edkt hi\u00f0 sama me\u00f0 fj\u00f6lkynngi sinni og l\u00e9tu froska koma yfir Egyptaland.<a name=\"8\"><span class=\"versanumer\">8<\/span><\/a>\u00de\u00e1 l\u00e9t Fara\u00f3 kalla M\u00f3se og Aron og sag\u00f0i: Bi\u00f0ji\u00f0 Drottin, a\u00f0 hann l\u00e1ti \u00feessa froska v\u00edkja fr\u00e1 m\u00e9r og fr\u00e1 \u00fej\u00f3\u00f0 minni. \u00de\u00e1 skal \u00e9g l\u00e1ta f\u00f3lki\u00f0 fara, a\u00f0 \u00fea\u00f0 megi f\u00e6ra Drottni f\u00f3rnir.<a name=\"9\"><span class=\"versanumer\">9<\/span><\/a>M\u00f3se sag\u00f0i vi\u00f0 Fara\u00f3: \u00de\u00e9r skal veitast s\u00fa vir\u00f0ing a\u00f0 \u00e1kve\u00f0a, n\u00e6r \u00e9g skuli bi\u00f0ja fyrir \u00fe\u00e9r og fyrir \u00fej\u00f3num \u00fe\u00ednum og fyrir f\u00f3lki \u00fe\u00ednu, a\u00f0 froskarnir v\u00edki fr\u00e1 \u00fe\u00e9r og \u00far h\u00fasum \u00fe\u00ednum og ver\u00f0i hvergi eftir nema \u00ed \u00e1nni.<a name=\"10\"><span class=\"versanumer\">10<\/span><\/a>Hann svara\u00f0i: \u00c1 morgun. Og M\u00f3se sag\u00f0i: Svo skal vera sem \u00fe\u00fa m\u00e6list til, svo a\u00f0 \u00fe\u00fa vitir, a\u00f0 enginn er sem Drottinn, Gu\u00f0 vor.<a name=\"11\"><span class=\"versanumer\">11<\/span><\/a>Froskarnir skulu v\u00edkja fr\u00e1 \u00fe\u00e9r og \u00far h\u00fasum \u00fe\u00ednum, fr\u00e1 \u00fej\u00f3num \u00fe\u00ednum og fr\u00e1 f\u00f3lki \u00fe\u00ednu. Hvergi nema \u00ed \u00e1nni skulu \u00feeir eftir ver\u00f0a.<a name=\"12\"><span class=\"versanumer\">12<\/span><\/a>S\u00ed\u00f0an gengu \u00feeir M\u00f3se og Aron burt fr\u00e1 Fara\u00f3 og M\u00f3se \u00e1kalla\u00f0i Drottin \u00fat af froskunum, sem hann haf\u00f0i koma l\u00e1ti\u00f0 yfir Fara\u00f3.<a name=\"13\"><span class=\"versanumer\">13<\/span><\/a>Og Drottinn gj\u00f6r\u00f0i sem M\u00f3se beiddist, og d\u00f3u froskarnir \u00ed h\u00fasunum, \u00ed g\u00f6r\u00f0unum og \u00e1 \u00f6krunum.<a name=\"14\"><span class=\"versanumer\">14<\/span><\/a>Hr\u00fagu\u00f0u menn \u00feeim saman \u00ed marga hauga, og var\u00f0 af illur daunn \u00ed landinu.<a name=\"15\"><span class=\"versanumer\">15<\/span><\/a>En er Fara\u00f3 s\u00e1 a\u00f0 af l\u00e9tti, herti hann hjarta sitt og hl\u00fdddi \u00feeim ekki, eins og Drottinn haf\u00f0i sagt.<a name=\"16\"><span class=\"versanumer\">16<\/span><\/a>\u00dev\u00ed n\u00e6st sag\u00f0i Drottinn vi\u00f0 M\u00f3se: Seg vi\u00f0 Aron: R\u00e9tt \u00fat staf \u00feinn og sl\u00e1 duft jar\u00f0arinnar, og skal \u00fea\u00f0 \u00fe\u00e1 ver\u00f0a a\u00f0 m\u00fdi um allt Egyptaland.<a name=\"17\"><span class=\"versanumer\">17<\/span><\/a>\u00deeir gj\u00f6r\u00f0u svo. R\u00e9tti Aron \u00fat h\u00f6nd s\u00edna og laust stafnum \u00e1 duft jar\u00f0arinnar, og var\u00f0 \u00fea\u00f0 a\u00f0 m\u00fdi \u00e1 m\u00f6nnum og f\u00e9na\u00f0i. Allt duft jar\u00f0arinnar var\u00f0 a\u00f0 m\u00fdi um allt Egyptaland.<a name=\"18\"><span class=\"versanumer\">18<\/span><\/a>Og sp\u00e1sagnamennirnir gj\u00f6r\u00f0u sl\u00edkt hi\u00f0 sama me\u00f0 fj\u00f6lkynngi sinni til \u00feess a\u00f0 framlei\u00f0a m\u00fd, en g\u00e1tu ekki. En m\u00fdi\u00f0 lag\u00f0ist b\u00e6\u00f0i \u00e1 menn og f\u00e9na\u00f0.<a name=\"19\"><span class=\"versanumer\">19<\/span><\/a>\u00de\u00e1 s\u00f6g\u00f0u sp\u00e1sagnamennirnir vi\u00f0 Fara\u00f3: \u00deetta er Gu\u00f0s fingur. En hjarta Fara\u00f3s har\u00f0na\u00f0i, og hann hl\u00fdddi \u00feeim ekki, eins og Drottinn haf\u00f0i sagt.<a name=\"20\"><span class=\"versanumer\">20<\/span><\/a>\u00de\u00e1 sag\u00f0i Drottinn vi\u00f0 M\u00f3se: R\u00eds upp \u00e1rla \u00e1 morgun og far til fundar vi\u00f0 Fara\u00f3, er hann gengur til vatns, og seg vi\u00f0 hann: Svo segir Drottinn: Gef f\u00f3lki m\u00ednu fararleyfi, a\u00f0 \u00feeir megi \u00fej\u00f3na m\u00e9r.<a name=\"21\"><span class=\"versanumer\">21<\/span><\/a>En leyfir \u00fe\u00fa eigi f\u00f3lki m\u00ednu a\u00f0 fara, skal \u00e9g l\u00e1ta flugur koma yfir \u00feig og \u00fej\u00f3na \u00fe\u00edna, yfir f\u00f3lk \u00feitt og \u00ed h\u00fas \u00fe\u00edn, og h\u00fas Egypta skulu full ver\u00f0a af flugum og jafnvel j\u00f6r\u00f0in undir f\u00f3tum \u00feeirra.<a name=\"22\"><span class=\"versanumer\">22<\/span><\/a>En \u00e1 \u00feeim degi vil \u00e9g undan taka G\u00f3senland, \u00fear sem mitt f\u00f3lk hefst vi\u00f0, svo a\u00f0 \u00fear skulu engar flugur vera, til \u00feess a\u00f0 \u00fe\u00fa vitir, a\u00f0 \u00e9g er Drottinn \u00e1 j\u00f6r\u00f0unni.<a name=\"23\"><span class=\"versanumer\">23<\/span><\/a>Og \u00e9g vil gj\u00f6ra a\u00f0skilna\u00f0 milli m\u00edns f\u00f3lks og \u00fe\u00edns f\u00f3lks. \u00c1 morgun skal \u00feetta t\u00e1kn ver\u00f0a.<a name=\"24\"><span class=\"versanumer\">24<\/span><\/a>Og Drottinn gj\u00f6r\u00f0i svo. Kom \u00fe\u00e1 fj\u00f6ldi flugna \u00ed h\u00fas Fara\u00f3s og h\u00fas \u00fej\u00f3na hans og yfir allt Egyptaland, svo a\u00f0 landi\u00f0 spilltist af flugunum.<a name=\"25\"><span class=\"versanumer\">25<\/span><\/a>\u00de\u00e1 l\u00e9t Fara\u00f3 kalla \u00fe\u00e1 M\u00f3se og Aron og sag\u00f0i: Fari\u00f0 og f\u00e6ri\u00f0 f\u00f3rnir Gu\u00f0i y\u00f0ar h\u00e9r innanlands.<a name=\"26\"><span class=\"versanumer\">26<\/span><\/a>En M\u00f3se svara\u00f0i: Ekki h\u00e6fir a\u00f0 v\u00e9r gj\u00f6rum svo, \u00fev\u00ed a\u00f0 v\u00e9r f\u00e6rum Drottni, Gu\u00f0i vorum, \u00fe\u00e6r f\u00f3rnir, sem eru Egyptum andstygg\u00f0. Ef v\u00e9r n\u00fa b\u00e6rum fram \u00fe\u00e6r f\u00f3rnir, sem eru Egyptum andstygg\u00f0, a\u00f0 \u00feeim \u00e1sj\u00e1andi, mundu \u00feeir \u00fe\u00e1 ekki gr\u00fdta oss?<a name=\"27\"><span class=\"versanumer\">27<\/span><\/a>V\u00e9r ver\u00f0um a\u00f0 fara \u00ferj\u00e1r daglei\u00f0ir \u00fat \u00e1 ey\u00f0im\u00f6rkina til a\u00f0 f\u00e6ra f\u00f3rnir Drottni, Gu\u00f0i vorum, eins og hann hefir bo\u00f0i\u00f0 oss.<a name=\"28\"><span class=\"versanumer\">28<\/span><\/a>\u00de\u00e1 m\u00e6lti Fara\u00f3: \u00c9g vil leyfa y\u00f0ur a\u00f0 fara burt, svo a\u00f0 \u00fe\u00e9r f\u00e6ri\u00f0 f\u00f3rnir Drottni, Gu\u00f0i y\u00f0ar, \u00e1 ey\u00f0im\u00f6rkinni. A\u00f0eins megi\u00f0 \u00fe\u00e9r ekki fara of langt \u00ed burt. Bi\u00f0ji\u00f0 fyrir m\u00e9r!<a name=\"29\"><span class=\"versanumer\">29<\/span><\/a>M\u00f3se svara\u00f0i: Sj\u00e1, \u00feegar \u00e9g kem \u00fat fr\u00e1 \u00fe\u00e9r, vil \u00e9g bi\u00f0ja til Drottins, a\u00f0 flugurnar v\u00edki fr\u00e1 Fara\u00f3 og fr\u00e1 \u00fej\u00f3num hans og fr\u00e1 f\u00f3lki hans \u00e1 morgun. En \u00fe\u00e1 m\u00e1 Fara\u00f3 ekki oftar prettast um a\u00f0 leyfa f\u00f3lkinu a\u00f0 fara burt til a\u00f0 f\u00e6ra Drottni f\u00f3rnir.<a name=\"30\"><span class=\"versanumer\">30<\/span><\/a>\u00de\u00e1 gekk M\u00f3se \u00fat fr\u00e1 Fara\u00f3 og ba\u00f0 til Drottins.<a name=\"31\"><span class=\"versanumer\">31<\/span><\/a>Og Drottinn gj\u00f6r\u00f0i sem M\u00f3se ba\u00f0 og l\u00e9t flugurnar v\u00edkja fr\u00e1 Fara\u00f3 og \u00fej\u00f3num hans og f\u00f3lki hans, svo a\u00f0 ekki ein var\u00f0 eftir.<a name=\"32\"><span class=\"versanumer\">32<\/span><\/a>En Fara\u00f3 herti \u00fe\u00e1 enn hjarta sitt, og ekki leyf\u00f0i hann f\u00f3lkinu a\u00f0 fara.<\/p>\n<div class=\"footnote1981\"><b>8.3<\/b> Froskarnir Slm 78.45; 105.30; SSal 16.3; 19.10; Opb 16.13<br \/>\n<b>8.6<\/b> Enginn er sem Drottinn Jes 45.5-6,18-22<br \/>\n<b>8.11<\/b> Har\u00f0\u00fa\u00f0 2M\u00f3s 7.3+<br \/>\n<b>8.12<\/b> M\u00fdvargur Slm 105.31; SSal 19.10<br \/>\n<b>8.15<\/b> Fingur Gu\u00f0s L\u00fak 11.20<br \/>\n<b>8.16<\/b> Flugurnar Slm 78.45; 105.31<br \/>\n<b>8.22<\/b> Undanskilja &#8230; 2M\u00f3s 9.4-7,26; 10.23; 11.7; 33.16<br \/>\n<b>8.21<\/b> Fara\u00f3 veitir leyfi\u00f0 2M\u00f3s 8.24; 10.7-11,24; 11.8<br \/>\n<b>8.23<\/b> \u00derj\u00e1r daglei\u00f0ir 2M\u00f3s 3.18+<\/div>\n","protected":false},"excerpt":{"rendered":"<p>1\u00dev\u00ed n\u00e6st sag\u00f0i Drottinn vi\u00f0 M\u00f3se: Gakk fyrir Fara\u00f3 og seg vi\u00f0 hann: Svo segir Drottinn: Gef l\u00fd\u00f0 m\u00ednum fararleyfi, a\u00f0 \u00feeir megi \u00fej\u00f3na m\u00e9r.2En ef \u00fe\u00fa synjar honum fararleyfis, \u00fe\u00e1 skal \u00e9g \u00fej\u00e1 allt \u00feitt land me\u00f0 froskum.3\u00c1in skal mora af froskum. \u00deeir skulu fara \u00e1 land upp og skr\u00ed\u00f0a inn \u00ed h\u00f6ll \u00fe\u00edna og \u00ed svefnherbergi \u00feitt og upp \u00ed rekkju \u00fe\u00edna, inn \u00ed h\u00fas \u00fej\u00f3na \u00feinna og upp \u00e1 f\u00f3lk \u00feitt, \u00ed bakstursofna \u00fe\u00edna og deigtrog.4Og froskarnir skulu skr\u00ed\u00f0a upp \u00e1 \u00feig og f\u00f3lk \u00feitt og upp \u00e1 alla \u00fej\u00f3na \u00fe\u00edna.5Og Drottinn sag\u00f0i vi\u00f0 M\u00f3se: Seg vi\u00f0 <a href=\"https:\/\/biblian.is\/1981\/onnur-mosebok-8-kafli\/\"> [&#8230;]<\/a><\/p>\n","protected":false},"author":1,"featured_media":0,"parent":0,"menu_order":0,"comment_status":"open","ping_status":"open","template":"bibliukaflar.php","meta":{"footnotes":""},"class_list":["post-1404","page","type-page","status-publish","hentry"],"_links":{"self":[{"href":"https:\/\/biblian.is\/1981\/wp-json\/wp\/v2\/pages\/1404","targetHints":{"allow":["GET"]}}],"collection":[{"href":"https:\/\/biblian.is\/1981\/wp-json\/wp\/v2\/pages"}],"about":[{"href":"https:\/\/biblian.is\/1981\/wp-json\/wp\/v2\/types\/page"}],"author":[{"embeddable":true,"href":"https:\/\/biblian.is\/1981\/wp-json\/wp\/v2\/users\/1"}],"replies":[{"embeddable":true,"href":"https:\/\/biblian.is\/1981\/wp-json\/wp\/v2\/comments?post=1404"}],"version-history":[{"count":0,"href":"https:\/\/biblian.is\/1981\/wp-json\/wp\/v2\/pages\/1404\/revisions"}],"wp:attachment":[{"href":"https:\/\/biblian.is\/1981\/wp-json\/wp\/v2\/media?parent=1404"}],"curies":[{"name":"wp","href":"https:\/\/api.w.org\/{rel}","templated":true}]}}