{"id":1402,"date":"2017-11-18T20:17:12","date_gmt":"2017-11-18T20:17:12","guid":{"rendered":"http:\/\/biblian.is\/1981\/onnur-mosebok-6-kafli\/"},"modified":"2021-06-06T11:04:22","modified_gmt":"2021-06-06T11:04:22","slug":"onnur-mosebok-6-kafli","status":"publish","type":"page","link":"https:\/\/biblian.is\/1981\/onnur-mosebok-6-kafli\/","title":{"rendered":"\u00d6nnur M\u00f3seb\u00f3k 6. kafli"},"content":{"rendered":"<p><a name=\"1\"><span class=\"versanumer\">1<\/span><\/a>En Drottinn sag\u00f0i vi\u00f0 M\u00f3se: \u00de\u00fa skalt n\u00fa sj\u00e1, hva\u00f0 \u00e9g vil gj\u00f6ra Fara\u00f3, \u00fev\u00ed a\u00f0 fyrir voldugri hendi skal hann \u00fe\u00e1 lausa l\u00e1ta, fyrir voldugri hendi skal hann reka \u00fe\u00e1 burt \u00far landi s\u00ednu.<a name=\"2\"><span class=\"versanumer\">2<\/span><\/a>Gu\u00f0 tala\u00f0i vi\u00f0 M\u00f3se og sag\u00f0i vi\u00f0 hann: \u00c9g er Drottinn!<a name=\"3\"><span class=\"versanumer\">3<\/span><\/a>\u00c9g birtist Abraham, \u00cdsak og Jakob sem Alm\u00e1ttugur Gu\u00f0, en undir nafninu Drottinn hefi \u00e9g eigi opinberast \u00feeim.<a name=\"4\"><span class=\"versanumer\">4<\/span><\/a>\u00c9g gj\u00f6r\u00f0i og vi\u00f0 \u00fe\u00e1 s\u00e1ttm\u00e1la, a\u00f0 gefa \u00feeim Kanaanland, dvalarland \u00feeirra, er \u00feeir dv\u00f6ldust \u00ed sem \u00fatlendingar.<a name=\"5\"><span class=\"versanumer\">5<\/span><\/a>\u00c9g hefi og heyrt kveinstafi \u00cdsraelsmanna, sem Egyptar hafa a\u00f0 \u00fer\u00e6lum gj\u00f6rt, og \u00e9g hefi minnst s\u00e1ttm\u00e1la m\u00edns.<a name=\"6\"><span class=\"versanumer\">6<\/span><\/a>Seg \u00fev\u00ed \u00cdsraelsm\u00f6nnum: \u00c9g er Drottinn. \u00c9g vil leysa y\u00f0ur undan \u00e1nau\u00f0 Egypta og hr\u00edfa y\u00f0ur \u00far \u00fer\u00e6ld\u00f3mi \u00feeirra og frelsa y\u00f0ur me\u00f0 \u00fatr\u00e9ttum armlegg og miklum refsid\u00f3mum.<a name=\"7\"><span class=\"versanumer\">7<\/span><\/a>\u00c9g vil \u00fatvelja y\u00f0ur til a\u00f0 vera mitt f\u00f3lk, og \u00e9g vil vera y\u00f0ar Gu\u00f0, og \u00fe\u00e9r skulu\u00f0 reyna, a\u00f0 \u00e9g er Drottinn, Gu\u00f0 y\u00f0ar, sem leysi y\u00f0ur undan \u00e1nau\u00f0 Egypta.<a name=\"8\"><span class=\"versanumer\">8<\/span><\/a>Og \u00e9g vil lei\u00f0a y\u00f0ur inn \u00ed \u00fea\u00f0 land, sem \u00e9g s\u00f3r a\u00f0 gefa Abraham, \u00cdsak og Jakob, og \u00e9g vil gefa y\u00f0ur \u00fea\u00f0 til eignar. \u00c9g er Drottinn.<a name=\"9\"><span class=\"versanumer\">9<\/span><\/a>M\u00f3se sag\u00f0i \u00cdsraelsm\u00f6nnum \u00feetta, en \u00feeir sinntu honum ekki s\u00f6kum hugleysis og vegna hins stranga \u00fer\u00e6ld\u00f3ms.<a name=\"10\"><span class=\"versanumer\">10<\/span><\/a>\u00de\u00e1 tala\u00f0i Drottinn vi\u00f0 M\u00f3se og sag\u00f0i:<a name=\"11\"><span class=\"versanumer\">11<\/span><\/a>Gakk \u00e1 tal vi\u00f0 Fara\u00f3, Egyptalandskonung, og bi\u00f0 hann leyfa \u00cdsraelsm\u00f6nnum burt \u00far landi s\u00ednu.<a name=\"12\"><span class=\"versanumer\">12<\/span><\/a>Og M\u00f3se tala\u00f0i frammi fyrir augliti Drottins og m\u00e6lti: Sj\u00e1, \u00cdsraelsmenn vilja eigi gefa gaum a\u00f0 or\u00f0um m\u00ednum. Hversu mun \u00fe\u00e1 Fara\u00f3 skipast vi\u00f0 \u00feau, \u00fear sem \u00e9g er ma\u00f0ur m\u00e1lstir\u00f0ur?<a name=\"13\"><span class=\"versanumer\">13<\/span><\/a>\u00de\u00e1 tala\u00f0i Drottinn vi\u00f0 M\u00f3se og Aron og f\u00e9kk \u00feeim \u00fea\u00f0 erindi til \u00cdsraelsmanna og Fara\u00f3s, Egyptalandskonungs, a\u00f0 \u00feeir skyldu \u00fat lei\u00f0a \u00cdsraelsmenn af Egyptalandi.<a name=\"14\"><span class=\"versanumer\">14<\/span><\/a>\u00deessir eru \u00e6tth\u00f6f\u00f0ingjar me\u00f0al forfe\u00f0ra \u00feeirra: Synir R\u00fabens, frumgetins sonar \u00cdsraels: Hanok, Pall\u00fa, Hesron og Karm\u00ed. \u00deetta eru kyn\u00fe\u00e6ttir R\u00fabens.<a name=\"15\"><span class=\"versanumer\">15<\/span><\/a>Synir S\u00edmeons: Jem\u00fael, Jam\u00edn, \u00d3had, Jak\u00edn, S\u00f3har og S\u00e1l, sonur konunnar kanversku. \u00deetta eru kyn\u00fe\u00e6ttir S\u00edmeons.<a name=\"16\"><span class=\"versanumer\">16<\/span><\/a>\u00deessi eru n\u00f6fn Lev\u00ed sona eftir \u00e6ttb\u00e1lkum \u00feeirra: Gerson, Kahat og Merar\u00ed. En Lev\u00ed var\u00f0 hundra\u00f0 \u00ferj\u00e1t\u00edu og sj\u00f6 \u00e1ra gamall.<a name=\"17\"><span class=\"versanumer\">17<\/span><\/a>Synir Gersons: L\u00edbn\u00ed og S\u00edme\u00ed eftir kyn\u00fe\u00e1ttum \u00feeirra.<a name=\"18\"><span class=\"versanumer\">18<\/span><\/a>Synir Kahats: Amram, J\u00edsehar, Hebron og \u00dass\u00edel. En Kahat var\u00f0 hundra\u00f0 \u00ferj\u00e1t\u00edu og \u00feriggja \u00e1ra gamall.<a name=\"19\"><span class=\"versanumer\">19<\/span><\/a>Synir Merar\u00ed: Mahel\u00ed og M\u00fas\u00ed. \u00deetta eru kyn\u00fe\u00e6ttir lev\u00edtanna eftir \u00e6ttb\u00e1lkum \u00feeirra.<a name=\"20\"><span class=\"versanumer\">20<\/span><\/a>Amram f\u00e9kk J\u00f3kebedar, f\u00f6\u00f0ursystur sinnar, og \u00e1tti h\u00fan vi\u00f0 honum \u00fe\u00e1 Aron og M\u00f3se. En Amram var\u00f0 hundra\u00f0 \u00ferj\u00e1t\u00edu og sj\u00f6 \u00e1ra gamall.<a name=\"21\"><span class=\"versanumer\">21<\/span><\/a>Synir J\u00edsehars: K\u00f3ra, Nefeg og S\u00edkr\u00ed.<a name=\"22\"><span class=\"versanumer\">22<\/span><\/a>Synir \u00dass\u00edels: M\u00edsael, Elsafan og S\u00edtr\u00ed.<a name=\"23\"><span class=\"versanumer\">23<\/span><\/a>Aron f\u00e9kk El\u00edsebu, d\u00f3ttur Amm\u00ednadabs, systur Nahsons, og \u00e1tti h\u00fan vi\u00f0 honum \u00fe\u00e1 Nadab, Ab\u00edh\u00fa, Eleasar og \u00cdtamar.<a name=\"24\"><span class=\"versanumer\">24<\/span><\/a>Synir K\u00f3ra: Ass\u00edr, Elkana og Ab\u00edasaf. \u00deetta eru kyn\u00fe\u00e6ttir K\u00f3ra\u00edta.<a name=\"25\"><span class=\"versanumer\">25<\/span><\/a>Og Eleasar, sonur Arons, gekk a\u00f0 eiga eina af d\u00e6trum P\u00fat\u00edels, og h\u00fan \u00f3l honum P\u00ednehas. \u00deetta eru \u00e6tth\u00f6f\u00f0ingjar lev\u00edtanna eftir kyn\u00fe\u00e1ttum \u00feeirra.<a name=\"26\"><span class=\"versanumer\">26<\/span><\/a>\u00dea\u00f0 var \u00feessi Aron og M\u00f3se, sem Drottinn bau\u00f0: Lei\u00f0i\u00f0 \u00cdsraelsmenn \u00fat af Egyptalandi eftir hersveitum \u00feeirra.<a name=\"27\"><span class=\"versanumer\">27<\/span><\/a>\u00dea\u00f0 voru \u00feeir, sem bo\u00f0u\u00f0u Fara\u00f3, Egyptalandskonungi, a\u00f0 \u00feeir mundu lei\u00f0a \u00cdsraelsmenn \u00fat \u00far Egyptalandi, \u00feessi M\u00f3se og Aron.<a name=\"28\"><span class=\"versanumer\">28<\/span><\/a>Er Drottinn tala\u00f0i vi\u00f0 M\u00f3se \u00ed Egyptalandi,<a name=\"29\"><span class=\"versanumer\">29<\/span><\/a>m\u00e6lti hann til hans \u00feessum or\u00f0um: \u00c9g er Drottinn! Seg Fara\u00f3, Egyptalandskonungi, allt sem \u00e9g segi \u00fe\u00e9r.<a name=\"30\"><span class=\"versanumer\">30<\/span><\/a>Og M\u00f3se sag\u00f0i frammi fyrir augliti Drottins: Sj\u00e1, \u00e9g er ma\u00f0ur m\u00e1lstir\u00f0ur, hversu m\u00e1 Fara\u00f3 \u00fe\u00e1 skipast vi\u00f0 or\u00f0 m\u00edn?<\/p>\n<div class=\"footnote1981\"><b>6.1<\/b> Reka burt 2M\u00f3s 11.1<br \/>\n<b>6.4<\/b> S\u00e1ttm\u00e1li vi\u00f0 \u00e6ttfe\u00f0urna 3M\u00f3s 26.42+<br \/>\n<b>6.5<\/b> Kvein 2M\u00f3s 2.24-25<br \/>\n<b>6.7<\/b> \u00c9g vil vera ykkar Gu\u00f0 3M\u00f3s 11.45+<br \/>\n<b>6.8<\/b> Landi\u00f0 gefi\u00f0 \u00e6ttfe\u00f0runum 1M\u00f3s 15.18-21; 24.7; 26.3; 28.13 \u2013 sem \u00e9g s\u00f3r 4M\u00f3s 14.30; 5M\u00f3s 32.40; Esk 20.5,42; Neh 9.15<br \/>\n<b>6.12<\/b> M\u00e1lstir\u00f0ur 2M\u00f3s 4.10+<br \/>\n<b>6.14<\/b> Synir R\u00fabens 4M\u00f3s 26.5-9; 1Kro 5.1-10<br \/>\n<b>6.15<\/b> Synir S\u00edmeons 4M\u00f3s 26.12-14; 1Kro 4.24-43<br \/>\n<b>6.16<\/b> Synir Lev\u00ed 1M\u00f3s 46.11; 4M\u00f3s 3.17-20; 26.57-61; 1Kro 6.1-15<br \/>\n<b>6.20<\/b> Amram og J\u00f3kebed 2M\u00f3s 2.1-2<br \/>\n<b>6.21<\/b> K\u00f3ra 4M\u00f3s 16<br \/>\n<b>6.23<\/b> Nadab og Ab\u00edh\u00fa 3M\u00f3s 10.1-5 \u2013 Eleasar 4M\u00f3s 17.2; 20.25-28<br \/>\n<b>6.25<\/b> P\u00ednehas 4M\u00f3s 25.7-13<br \/>\n<b>6.30<\/b> M\u00e1lstir\u00f0ur 2M\u00f3s 4.10+<\/div>\n","protected":false},"excerpt":{"rendered":"<p>1En Drottinn sag\u00f0i vi\u00f0 M\u00f3se: \u00de\u00fa skalt n\u00fa sj\u00e1, hva\u00f0 \u00e9g vil gj\u00f6ra Fara\u00f3, \u00fev\u00ed a\u00f0 fyrir voldugri hendi skal hann \u00fe\u00e1 lausa l\u00e1ta, fyrir voldugri hendi skal hann reka \u00fe\u00e1 burt \u00far landi s\u00ednu.2Gu\u00f0 tala\u00f0i vi\u00f0 M\u00f3se og sag\u00f0i vi\u00f0 hann: \u00c9g er Drottinn!3\u00c9g birtist Abraham, \u00cdsak og Jakob sem Alm\u00e1ttugur Gu\u00f0, en undir nafninu Drottinn hefi \u00e9g eigi opinberast \u00feeim.4\u00c9g gj\u00f6r\u00f0i og vi\u00f0 \u00fe\u00e1 s\u00e1ttm\u00e1la, a\u00f0 gefa \u00feeim Kanaanland, dvalarland \u00feeirra, er \u00feeir dv\u00f6ldust \u00ed sem \u00fatlendingar.5\u00c9g hefi og heyrt kveinstafi \u00cdsraelsmanna, sem Egyptar hafa a\u00f0 \u00fer\u00e6lum gj\u00f6rt, og \u00e9g hefi minnst s\u00e1ttm\u00e1la m\u00edns.6Seg \u00fev\u00ed \u00cdsraelsm\u00f6nnum: \u00c9g er <a href=\"https:\/\/biblian.is\/1981\/onnur-mosebok-6-kafli\/\"> [&#8230;]<\/a><\/p>\n","protected":false},"author":1,"featured_media":0,"parent":0,"menu_order":0,"comment_status":"open","ping_status":"open","template":"bibliukaflar.php","meta":{"footnotes":""},"class_list":["post-1402","page","type-page","status-publish","hentry"],"_links":{"self":[{"href":"https:\/\/biblian.is\/1981\/wp-json\/wp\/v2\/pages\/1402","targetHints":{"allow":["GET"]}}],"collection":[{"href":"https:\/\/biblian.is\/1981\/wp-json\/wp\/v2\/pages"}],"about":[{"href":"https:\/\/biblian.is\/1981\/wp-json\/wp\/v2\/types\/page"}],"author":[{"embeddable":true,"href":"https:\/\/biblian.is\/1981\/wp-json\/wp\/v2\/users\/1"}],"replies":[{"embeddable":true,"href":"https:\/\/biblian.is\/1981\/wp-json\/wp\/v2\/comments?post=1402"}],"version-history":[{"count":0,"href":"https:\/\/biblian.is\/1981\/wp-json\/wp\/v2\/pages\/1402\/revisions"}],"wp:attachment":[{"href":"https:\/\/biblian.is\/1981\/wp-json\/wp\/v2\/media?parent=1402"}],"curies":[{"name":"wp","href":"https:\/\/api.w.org\/{rel}","templated":true}]}}