{"id":1401,"date":"2017-11-18T20:17:12","date_gmt":"2017-11-18T20:17:12","guid":{"rendered":"http:\/\/biblian.is\/1981\/onnur-mosebok-5-kafli\/"},"modified":"2021-06-06T11:04:22","modified_gmt":"2021-06-06T11:04:22","slug":"onnur-mosebok-5-kafli","status":"publish","type":"page","link":"https:\/\/biblian.is\/1981\/onnur-mosebok-5-kafli\/","title":{"rendered":"\u00d6nnur M\u00f3seb\u00f3k 5. kafli"},"content":{"rendered":"<p><a name=\"1\"><span class=\"versanumer\">1<\/span><\/a>Eftir \u00fea\u00f0 gengu \u00feeir M\u00f3se og Aron \u00e1 fund Fara\u00f3s og s\u00f6g\u00f0u: Svo segir Drottinn, Gu\u00f0 \u00cdsraelsmanna: Gef f\u00f3lki m\u00ednu fararleyfi, a\u00f0 \u00fea\u00f0 megi halda m\u00e9r h\u00e1t\u00ed\u00f0 \u00ed ey\u00f0im\u00f6rkinni.<a name=\"2\"><span class=\"versanumer\">2<\/span><\/a>En Fara\u00f3 sag\u00f0i: Hver er Drottinn, a\u00f0 \u00e9g skuli hl\u00fd\u00f0a honum til \u00feess a\u00f0 leyfa \u00cdsrael a\u00f0 fara? \u00c9g \u00feekki ekki Drottin, og \u00cdsrael leyfi \u00e9g eigi heldur a\u00f0 fara.<a name=\"3\"><span class=\"versanumer\">3<\/span><\/a>\u00deeir s\u00f6g\u00f0u: Gu\u00f0 Hebrea hefir komi\u00f0 til m\u00f3ts vi\u00f0 oss. Leyf oss a\u00f0 fara \u00feriggja daga lei\u00f0 \u00fat \u00ed ey\u00f0im\u00f6rkina til a\u00f0 f\u00e6ra f\u00f3rnir Drottni, Gu\u00f0i vorum, a\u00f0 hann l\u00e1ti eigi yfir oss koma dreps\u00f3tt e\u00f0a sver\u00f0.<a name=\"4\"><span class=\"versanumer\">4<\/span><\/a>En Egyptalandskonungur sag\u00f0i vi\u00f0 \u00fe\u00e1: Hv\u00ed vilji\u00f0 \u00fei\u00f0, M\u00f3se og Aron, taka f\u00f3lki\u00f0 \u00far vinnunni? Fari\u00f0 til erfi\u00f0is y\u00f0ar!<a name=\"5\"><span class=\"versanumer\">5<\/span><\/a>Og Fara\u00f3 sag\u00f0i: N\u00fa, \u00feegar f\u00f3lki\u00f0 er or\u00f0i\u00f0 svo margt \u00ed landinu, \u00fe\u00e1 vilji\u00f0 \u00fei\u00f0 l\u00e1ta \u00fea\u00f0 h\u00e6tta a\u00f0 erfi\u00f0a!<a name=\"6\"><span class=\"versanumer\">6<\/span><\/a>Sama dag bau\u00f0 Fara\u00f3 verkstj\u00f3rum \u00feeim, er settir voru yfir f\u00f3lki\u00f0, og tilsj\u00f3narm\u00f6nnum \u00feess og sag\u00f0i:<a name=\"7\"><span class=\"versanumer\">7<\/span><\/a>Upp fr\u00e1 \u00feessu skulu\u00f0 \u00fe\u00e9r eigi f\u00e1 f\u00f3lkinu h\u00e1lmstr\u00e1 til a\u00f0 gj\u00f6ra tigulsteina vi\u00f0, eins og hinga\u00f0 til. \u00deeir skulu sj\u00e1lfir fara og safna s\u00e9r str\u00e1um,<a name=\"8\"><span class=\"versanumer\">8<\/span><\/a>en \u00fe\u00f3 skulu\u00f0 \u00fe\u00e9r setja \u00feeim fyrir a\u00f0 gj\u00f6ra jafnmarga tigulsteina og \u00feeir hafa gj\u00f6rt hinga\u00f0 til, og minnki\u00f0 ekki af vi\u00f0 \u00fe\u00e1, \u00fev\u00ed a\u00f0 \u00feeir eru latir. \u00deess vegna kalla \u00feeir og segja: V\u00e9r viljum fara og f\u00e6ra f\u00f3rnir Gu\u00f0i vorum.<a name=\"9\"><span class=\"versanumer\">9<\/span><\/a>\u00dea\u00f0 ver\u00f0ur a\u00f0 \u00feyngja vinnuna \u00e1 f\u00f3lkinu, svo a\u00f0 \u00fea\u00f0 hafi n\u00f3g a\u00f0 starfa og hl\u00fd\u00f0i ekki \u00e1 lygifort\u00f6lur.<a name=\"10\"><span class=\"versanumer\">10<\/span><\/a>\u00de\u00e1 gengu verkstj\u00f3rar f\u00f3lksins og tilsj\u00f3narmenn \u00feess \u00fat og m\u00e6ltu \u00feannig til f\u00f3lksins: Svo segir Fara\u00f3: \u00c9g l\u00e6t eigi f\u00e1 y\u00f0ur nein h\u00e1lmstr\u00e1.<a name=\"11\"><span class=\"versanumer\">11<\/span><\/a>Fari\u00f0 sj\u00e1lfir og f\u00e1i\u00f0 y\u00f0ur str\u00e1, hvar sem \u00fe\u00e9r finni\u00f0, en \u00fe\u00f3 skal alls ekkert minnka vinnu y\u00f0ar.<a name=\"12\"><span class=\"versanumer\">12<\/span><\/a>\u00de\u00e1 f\u00f3r f\u00f3lki\u00f0 v\u00ed\u00f0svegar um allt Egyptaland a\u00f0 leita s\u00e9r h\u00e1lmleggja til a\u00f0 hafa \u00ed sta\u00f0 str\u00e1a.<a name=\"13\"><span class=\"versanumer\">13<\/span><\/a>En verkstj\u00f3rarnir r\u00e1ku eftir \u00feeim og s\u00f6g\u00f0u: Lj\u00faki\u00f0 dag hvern vi\u00f0 y\u00f0ar \u00e1kve\u00f0na dagsverk, eins og me\u00f0an \u00fe\u00e9r h\u00f6f\u00f0u\u00f0 str\u00e1in.<a name=\"14\"><span class=\"versanumer\">14<\/span><\/a>Og tilsj\u00f3narmenn \u00cdsraelsmanna, sem verkstj\u00f3rar Fara\u00f3s h\u00f6f\u00f0u sett yfir \u00fe\u00e1, voru bar\u00f0ir og sagt vi\u00f0 \u00fe\u00e1: Hv\u00ed hafi\u00f0 \u00fe\u00e9r eigi loki\u00f0 vi\u00f0 y\u00f0ar \u00e1kve\u00f0na tigulger\u00f0arverk, hvorki \u00ed g\u00e6r n\u00e9 \u00ed dag, eins og \u00e1\u00f0ur fyrr?<a name=\"15\"><span class=\"versanumer\">15<\/span><\/a>Tilsj\u00f3narmenn \u00cdsraelsmanna gengu \u00fe\u00e1 fyrir Fara\u00f3, b\u00e1ru sig upp vi\u00f0 hann og s\u00f6g\u00f0u: Hv\u00ed fer \u00fe\u00fa svo me\u00f0 \u00fej\u00f3na \u00fe\u00edna?<a name=\"16\"><span class=\"versanumer\">16<\/span><\/a>\u00dej\u00f3num \u00fe\u00ednum eru engin str\u00e1 fengin, og \u00fe\u00f3 er sagt vi\u00f0 oss: Gj\u00f6ri\u00f0 tigulsteina. Og sj\u00e1, \u00fej\u00f3nar \u00fe\u00ednir eru bar\u00f0ir og \u00e1 \u00feitt f\u00f3lk s\u00f6k \u00e1 \u00feessu.<a name=\"17\"><span class=\"versanumer\">17<\/span><\/a>En hann sag\u00f0i: \u00de\u00e9r eru\u00f0 latir og nenni\u00f0 engu! \u00deess vegna segi\u00f0 \u00fe\u00e9r: L\u00e1tum oss fara og f\u00e6ra Drottni f\u00f3rnir.<a name=\"18\"><span class=\"versanumer\">18<\/span><\/a>Fari\u00f0 n\u00fa og erfi\u00f0i\u00f0! Og engin str\u00e1 skal f\u00e1 y\u00f0ur, en \u00fe\u00f3 skulu\u00f0 \u00fe\u00e9r inna af hendi hina \u00e1kve\u00f0nu tigulsteina.<a name=\"19\"><span class=\"versanumer\">19<\/span><\/a>\u00de\u00e1 s\u00e1u tilsj\u00f3narmenn \u00cdsraelsmanna \u00ed hvert \u00f3efni komi\u00f0 var fyrir \u00feeim, \u00feegar sagt var vi\u00f0 \u00fe\u00e1: \u00de\u00e9r skulu\u00f0 engu f\u00e6rri tigulsteina gj\u00f6ra, hinu \u00e1kve\u00f0na dagsverki skal afloki\u00f0 hvern dag!<a name=\"20\"><span class=\"versanumer\">20<\/span><\/a>\u00deegar \u00feeir komu \u00fat fr\u00e1 Fara\u00f3, m\u00e6ttu \u00feeir \u00feeim M\u00f3se og Aroni, sem st\u00f3\u00f0u \u00fear og bi\u00f0u \u00feeirra.<a name=\"21\"><span class=\"versanumer\">21<\/span><\/a>Og \u00feeir s\u00f6g\u00f0u vi\u00f0 \u00fe\u00e1: Drottinn l\u00edti \u00e1 ykkur og d\u00e6mi, \u00fear e\u00f0 \u00fei\u00f0 hafi\u00f0 gj\u00f6rt oss illa \u00feokka\u00f0a hj\u00e1 Fara\u00f3 og \u00fej\u00f3num hans og fengi\u00f0 \u00feeim sver\u00f0 \u00ed hendur til a\u00f0 drepa oss me\u00f0.<a name=\"22\"><span class=\"versanumer\">22<\/span><\/a>\u00de\u00e1 sneri M\u00f3se s\u00e9r aftur til Drottins og sag\u00f0i: Drottinn, hv\u00ed gj\u00f6rir \u00fe\u00fa svo illa vi\u00f0 \u00feetta f\u00f3lk? Hv\u00ed hefir \u00fe\u00fa \u00fe\u00e1 sent mig?<a name=\"23\"><span class=\"versanumer\">23<\/span><\/a>\u00dev\u00ed s\u00ed\u00f0an \u00e9g gekk fyrir Fara\u00f3 til a\u00f0 tala \u00ed \u00fe\u00ednu nafni, hefir hann mis\u00feyrmt \u00feessum l\u00fd\u00f0, og \u00fe\u00fa hefir \u00fe\u00f3 alls ekki frelsa\u00f0 l\u00fd\u00f0 \u00feinn.<\/p>\n<div class=\"footnote1981\"><b>5.1<\/b> H\u00e1t\u00ed\u00f0 2M\u00f3s 23.14-17; 1Sam 1.3; L\u00fak 2.41; Post 2.5<br \/>\n<b>5.3<\/b> \u00derj\u00e1r daglei\u00f0ir 2M\u00f3s 3.18+<\/div>\n","protected":false},"excerpt":{"rendered":"<p>1Eftir \u00fea\u00f0 gengu \u00feeir M\u00f3se og Aron \u00e1 fund Fara\u00f3s og s\u00f6g\u00f0u: Svo segir Drottinn, Gu\u00f0 \u00cdsraelsmanna: Gef f\u00f3lki m\u00ednu fararleyfi, a\u00f0 \u00fea\u00f0 megi halda m\u00e9r h\u00e1t\u00ed\u00f0 \u00ed ey\u00f0im\u00f6rkinni.2En Fara\u00f3 sag\u00f0i: Hver er Drottinn, a\u00f0 \u00e9g skuli hl\u00fd\u00f0a honum til \u00feess a\u00f0 leyfa \u00cdsrael a\u00f0 fara? \u00c9g \u00feekki ekki Drottin, og \u00cdsrael leyfi \u00e9g eigi heldur a\u00f0 fara.3\u00deeir s\u00f6g\u00f0u: Gu\u00f0 Hebrea hefir komi\u00f0 til m\u00f3ts vi\u00f0 oss. Leyf oss a\u00f0 fara \u00feriggja daga lei\u00f0 \u00fat \u00ed ey\u00f0im\u00f6rkina til a\u00f0 f\u00e6ra f\u00f3rnir Drottni, Gu\u00f0i vorum, a\u00f0 hann l\u00e1ti eigi yfir oss koma dreps\u00f3tt e\u00f0a sver\u00f0.4En Egyptalandskonungur sag\u00f0i vi\u00f0 \u00fe\u00e1: Hv\u00ed vilji\u00f0 <a href=\"https:\/\/biblian.is\/1981\/onnur-mosebok-5-kafli\/\"> [&#8230;]<\/a><\/p>\n","protected":false},"author":1,"featured_media":0,"parent":0,"menu_order":0,"comment_status":"open","ping_status":"open","template":"bibliukaflar.php","meta":{"footnotes":""},"class_list":["post-1401","page","type-page","status-publish","hentry"],"_links":{"self":[{"href":"https:\/\/biblian.is\/1981\/wp-json\/wp\/v2\/pages\/1401","targetHints":{"allow":["GET"]}}],"collection":[{"href":"https:\/\/biblian.is\/1981\/wp-json\/wp\/v2\/pages"}],"about":[{"href":"https:\/\/biblian.is\/1981\/wp-json\/wp\/v2\/types\/page"}],"author":[{"embeddable":true,"href":"https:\/\/biblian.is\/1981\/wp-json\/wp\/v2\/users\/1"}],"replies":[{"embeddable":true,"href":"https:\/\/biblian.is\/1981\/wp-json\/wp\/v2\/comments?post=1401"}],"version-history":[{"count":0,"href":"https:\/\/biblian.is\/1981\/wp-json\/wp\/v2\/pages\/1401\/revisions"}],"wp:attachment":[{"href":"https:\/\/biblian.is\/1981\/wp-json\/wp\/v2\/media?parent=1401"}],"curies":[{"name":"wp","href":"https:\/\/api.w.org\/{rel}","templated":true}]}}