{"id":1399,"date":"2017-11-18T20:17:12","date_gmt":"2017-11-18T20:17:12","guid":{"rendered":"http:\/\/biblian.is\/1981\/onnur-mosebok-3-kafli\/"},"modified":"2021-06-06T11:04:17","modified_gmt":"2021-06-06T11:04:17","slug":"onnur-mosebok-3-kafli","status":"publish","type":"page","link":"https:\/\/biblian.is\/1981\/onnur-mosebok-3-kafli\/","title":{"rendered":"\u00d6nnur M\u00f3seb\u00f3k 3. kafli"},"content":{"rendered":"<p><a name=\"1\"><span class=\"versanumer\">1<\/span><\/a>En M\u00f3se g\u00e6tti sau\u00f0a Jetr\u00f3 tengdaf\u00f6\u00f0ur s\u00edns, prests \u00ed Mid\u00edanslandi. Og hann h\u00e9lt f\u00e9nu vestur yfir ey\u00f0im\u00f6rkina og kom til Gu\u00f0s fjalls, til H\u00f3reb.<a name=\"2\"><span class=\"versanumer\">2<\/span><\/a>\u00de\u00e1 birtist honum engill Drottins \u00ed eldsloga, sem lag\u00f0i \u00fat af \u00feyrnirunna nokkrum. Og er hann g\u00e6tti a\u00f0, s\u00e1 hann, a\u00f0 \u00feyrnirunninn st\u00f3\u00f0 \u00ed lj\u00f3sum loga, en brann ekki.<a name=\"3\"><span class=\"versanumer\">3<\/span><\/a>\u00de\u00e1 sag\u00f0i M\u00f3se: \u00c9g vil ganga n\u00e6r og sj\u00e1 \u00feessa miklu s\u00fdn, hva\u00f0 til \u00feess kemur, a\u00f0 \u00feyrnirunninn brennur ekki.<a name=\"4\"><span class=\"versanumer\">4<\/span><\/a>En er Drottinn s\u00e1, a\u00f0 hann v\u00e9k \u00feanga\u00f0 til a\u00f0 sko\u00f0a \u00feetta, \u00fe\u00e1 kalla\u00f0i Gu\u00f0 til hans \u00far \u00feyrnirunnanum og sag\u00f0i: M\u00f3se, M\u00f3se! Hann svara\u00f0i: H\u00e9r er \u00e9g.<a name=\"5\"><span class=\"versanumer\">5<\/span><\/a>Gu\u00f0 sag\u00f0i: Gakk ekki hinga\u00f0! Drag sk\u00f3 \u00fe\u00edna af f\u00f3tum \u00fe\u00e9r, \u00fev\u00ed a\u00f0 s\u00e1 sta\u00f0ur, er \u00fe\u00fa stendur \u00e1, er heil\u00f6g j\u00f6r\u00f0.<a name=\"6\"><span class=\"versanumer\">6<\/span><\/a>\u00dev\u00ed n\u00e6st m\u00e6lti hann: \u00c9g er Gu\u00f0 f\u00f6\u00f0ur \u00fe\u00edns, Gu\u00f0 Abrahams, Gu\u00f0 \u00cdsaks og Gu\u00f0 Jakobs. \u00de\u00e1 byrg\u00f0i M\u00f3se andlit sitt, \u00fev\u00ed a\u00f0 hann \u00feor\u00f0i ekki a\u00f0 l\u00edta upp \u00e1 Gu\u00f0.<a name=\"7\"><span class=\"versanumer\">7<\/span><\/a>&#8222;Drottinn sag\u00f0i: \u00c9g hefi sannlega s\u00e9\u00f0 \u00e1nau\u00f0 \u00fej\u00f3\u00f0ar minnar \u00ed Egyptalandi og heyrt hversu h\u00fan kveinar undan \u00feeim, sem \u00fer\u00e6lka hana; \u00e9g veit, hversu b\u00e1gt h\u00fan \u00e1.&#8220;<a name=\"8\"><span class=\"versanumer\">8<\/span><\/a>\u00c9g er ofan farinn til a\u00f0 frelsa hana af hendi Egypta og til a\u00f0 lei\u00f0a hana \u00far \u00feessu landi og til \u00feess lands, sem er gott og v\u00ed\u00f0lent, til \u00feess lands, sem fl\u00fdtur \u00ed mj\u00f3lk og hunangi, \u00e1 st\u00f6\u00f0var Kanaan\u00edta, Het\u00edta, Amor\u00edta, Peres\u00edta, Hev\u00edta og Jeb\u00fas\u00edta.<a name=\"9\"><span class=\"versanumer\">9<\/span><\/a>N\u00fa me\u00f0 \u00fev\u00ed a\u00f0 kvein \u00cdsraelsmanna er komi\u00f0 til m\u00edn, og \u00e9g auk \u00feess hefi s\u00e9\u00f0, hversu har\u00f0lega Egyptar \u00fejaka \u00feeim,<a name=\"10\"><span class=\"versanumer\">10<\/span><\/a>\u00fe\u00e1 far \u00fe\u00fa n\u00fa. \u00c9g vil senda \u00feig til Fara\u00f3s, og \u00fe\u00fa skalt lei\u00f0a \u00fej\u00f3\u00f0 m\u00edna, \u00cdsraelsmenn, \u00fat af Egyptalandi.<a name=\"11\"><span class=\"versanumer\">11<\/span><\/a>En M\u00f3se sag\u00f0i vi\u00f0 Gu\u00f0: Hver er \u00e9g, a\u00f0 \u00e9g fari til fundar vi\u00f0 Fara\u00f3 og a\u00f0 \u00e9g lei\u00f0i \u00cdsraelsmenn \u00fat af Egyptalandi?<a name=\"12\"><span class=\"versanumer\">12<\/span><\/a>\u00de\u00e1 sag\u00f0i hann: Sannlega mun \u00e9g vera me\u00f0 \u00fe\u00e9r. Og \u00fea\u00f0 skalt \u00fe\u00fa til marks hafa, a\u00f0 \u00e9g hefi sent \u00feig, a\u00f0 \u00fe\u00e1 er \u00fe\u00fa hefir leitt f\u00f3lki\u00f0 \u00fat af Egyptalandi, munu\u00f0 \u00fe\u00e9r \u00fej\u00f3na Gu\u00f0i \u00e1 \u00feessu fjalli.<a name=\"13\"><span class=\"versanumer\">13<\/span><\/a>M\u00f3se sag\u00f0i vi\u00f0 Gu\u00f0: En \u00feegar \u00e9g kem til \u00cdsraelsmanna og segi vi\u00f0 \u00fe\u00e1: Gu\u00f0 fe\u00f0ra y\u00f0ar sendi mig til y\u00f0ar, og \u00feeir segja vi\u00f0 mig: Hvert er nafn hans? hverju skal \u00e9g \u00fe\u00e1 svara \u00feeim?<a name=\"14\"><span class=\"versanumer\">14<\/span><\/a>\u00de\u00e1 sag\u00f0i Gu\u00f0 vi\u00f0 M\u00f3se: \u00c9g er s\u00e1, sem \u00e9g er. Og hann sag\u00f0i: Svo skalt \u00fe\u00fa segja \u00cdsraelsm\u00f6nnum: \u00c9g er sendi mig til y\u00f0ar.<a name=\"15\"><span class=\"versanumer\">15<\/span><\/a>Gu\u00f0 sag\u00f0i enn fremur vi\u00f0 M\u00f3se: Svo skalt \u00fe\u00fa segja \u00cdsraelsm\u00f6nnum: Drottinn, Gu\u00f0 fe\u00f0ra y\u00f0ar, Gu\u00f0 Abrahams, Gu\u00f0 \u00cdsaks og Gu\u00f0 Jakobs sendi mig til y\u00f0ar. \u00deetta er nafn mitt um aldur, og \u00feetta er heiti mitt fr\u00e1 kyni til kyns.<a name=\"16\"><span class=\"versanumer\">16<\/span><\/a>Far n\u00fa og safna saman \u00f6ldungum \u00cdsraels og m\u00e6l vi\u00f0 \u00fe\u00e1: Drottinn, Gu\u00f0 fe\u00f0ra y\u00f0ar birtist m\u00e9r, Gu\u00f0 Abrahams, \u00cdsaks og Jakobs, og sag\u00f0i: \u00c9g hefi vitja\u00f0 y\u00f0ar og s\u00e9\u00f0, hversu me\u00f0 y\u00f0ur hefir veri\u00f0 fari\u00f0 \u00ed Egyptalandi.<a name=\"17\"><span class=\"versanumer\">17<\/span><\/a>Og \u00e9g hefi sagt: \u00c9g vil lei\u00f0a y\u00f0ur \u00far \u00e1nau\u00f0 Egyptalands inn \u00ed land Kanaan\u00edta, Het\u00edta, Amor\u00edta, Peres\u00edta, Hev\u00edta og Jeb\u00fas\u00edta, \u00ed \u00fea\u00f0 land, sem fl\u00fdtur \u00ed mj\u00f3lk og hunangi.<a name=\"18\"><span class=\"versanumer\">18<\/span><\/a>\u00deeir munu skipast vi\u00f0 or\u00f0 \u00fe\u00edn og skaltu \u00fe\u00e1 ganga me\u00f0 \u00f6ldungum \u00cdsraels fyrir Egyptalandskonung, og skulu\u00f0 \u00fe\u00e9r segja vi\u00f0 hann: Drottinn, Gu\u00f0 Hebrea, hefir komi\u00f0 til m\u00f3ts vi\u00f0 oss. Leyf oss \u00fev\u00ed n\u00fa a\u00f0 fara \u00ferj\u00e1r daglei\u00f0ir \u00e1 ey\u00f0im\u00f6rkina, a\u00f0 v\u00e9r f\u00e6rum f\u00f3rnir Drottni, Gu\u00f0i vorum.<a name=\"19\"><span class=\"versanumer\">19<\/span><\/a>Veit \u00e9g \u00fe\u00f3, a\u00f0 Egyptalandskonungur mun eigi leyfa y\u00f0ur burtf\u00f6rina, og jafnvel ekki \u00fe\u00f3tt hart s\u00e9 \u00e1 honum teki\u00f0.<a name=\"20\"><span class=\"versanumer\">20<\/span><\/a>En \u00e9g vil \u00fatr\u00e9tta h\u00f6nd m\u00edna og lj\u00f3sta Egyptaland me\u00f0 \u00f6llum undrum m\u00ednum, sem \u00e9g mun fremja \u00fear, og \u00fe\u00e1 mun hann l\u00e1ta y\u00f0ur fara.<a name=\"21\"><span class=\"versanumer\">21<\/span><\/a>Og \u00e9g skal l\u00e1ta \u00feessa \u00fej\u00f3\u00f0 \u00f6\u00f0last hylli Egypta, svo a\u00f0 \u00fe\u00e1 er \u00fe\u00e9r fari\u00f0, skulu\u00f0 \u00fe\u00e9r eigi t\u00f3mhentir burt fara,<a name=\"22\"><span class=\"versanumer\">22<\/span><\/a>heldur skal hver kona bi\u00f0ja grannkonu s\u00edna og samb\u00fdliskonu um silfurgripi og gullgripi og kl\u00e6\u00f0i, og \u00fea\u00f0 skulu\u00f0 \u00fe\u00e9r l\u00e1ta sonu y\u00f0ar og d\u00e6tur bera, og \u00feannig skulu\u00f0 \u00fe\u00e9r r\u00e6na Egypta.<\/p>\n<div class=\"footnote1981\"><b>3.1<\/b> Fjall Gu\u00f0s 2M\u00f3s 4.27; 18.5; 24.13; 1Kon 19.8<br \/>\n<b>3.5<\/b> Drag sk\u00f3 \u00fe\u00edna &#8230; J\u00f3s 5.15<br \/>\n<b>3.6<\/b> Gu\u00f0 Abrahams, \u00cdsaks og Jakobs 2M\u00f3s 4.5; 6.3; Mrk 12.26 og hlst. \u2013 \u00f3tta\u00f0ist 1M\u00f3s 28.17; D\u00f3m 6.22-23; Jes 6.5; Matt 17.6; Mrk 16.5-8; L\u00fak 5.8-9<br \/>\n<b>3.12<\/b> T\u00e1kn 1M\u00f3s 24.12-14; D\u00f3m 6.17-18,36-40; 1Sam 14.10; 2Kon 19.29; J\u00f3h 2.11 \u2013 \u00fej\u00f3na Gu\u00f0i Post 7.7<br \/>\n<b>3.13<\/b> Gu\u00f0 fe\u00f0ra ykkar 2M\u00f3s 6.2-3 \u2013 nafn hans J\u00f3h 17.6,26<br \/>\n<b>3.14<\/b> \u00c9g er s\u00e1, sem \u00e9g er Opb 1.4,8 \u2013 \u00e9g er J\u00f3h 8.24,28,58<br \/>\n<b>3.15<\/b> Heiti mitt H\u00f3s 12.6; Slm 135.13<br \/>\n<b>3.16<\/b> Drottinn fylgist me\u00f0 2M\u00f3s 4.31; 1M\u00f3s 21.1; 50.24-25; Slm 65.10; Jer 29.10<br \/>\n<b>3.18<\/b> \u00derj\u00e1r daglei\u00f0ir 2M\u00f3s 5.3; 8.27<br \/>\n<b>3.22<\/b> Egyptar r\u00e6ndir 2M\u00f3s 11.2-3; 12.35-36; 1M\u00f3s 15.14; SSal 10.17-20<\/div>\n","protected":false},"excerpt":{"rendered":"<p>1En M\u00f3se g\u00e6tti sau\u00f0a Jetr\u00f3 tengdaf\u00f6\u00f0ur s\u00edns, prests \u00ed Mid\u00edanslandi. Og hann h\u00e9lt f\u00e9nu vestur yfir ey\u00f0im\u00f6rkina og kom til Gu\u00f0s fjalls, til H\u00f3reb.2\u00de\u00e1 birtist honum engill Drottins \u00ed eldsloga, sem lag\u00f0i \u00fat af \u00feyrnirunna nokkrum. Og er hann g\u00e6tti a\u00f0, s\u00e1 hann, a\u00f0 \u00feyrnirunninn st\u00f3\u00f0 \u00ed lj\u00f3sum loga, en brann ekki.3\u00de\u00e1 sag\u00f0i M\u00f3se: \u00c9g vil ganga n\u00e6r og sj\u00e1 \u00feessa miklu s\u00fdn, hva\u00f0 til \u00feess kemur, a\u00f0 \u00feyrnirunninn brennur ekki.4En er Drottinn s\u00e1, a\u00f0 hann v\u00e9k \u00feanga\u00f0 til a\u00f0 sko\u00f0a \u00feetta, \u00fe\u00e1 kalla\u00f0i Gu\u00f0 til hans \u00far \u00feyrnirunnanum og sag\u00f0i: M\u00f3se, M\u00f3se! Hann svara\u00f0i: H\u00e9r er \u00e9g.5Gu\u00f0 sag\u00f0i: Gakk <a href=\"https:\/\/biblian.is\/1981\/onnur-mosebok-3-kafli\/\"> [&#8230;]<\/a><\/p>\n","protected":false},"author":1,"featured_media":0,"parent":0,"menu_order":0,"comment_status":"open","ping_status":"open","template":"bibliukaflar.php","meta":{"footnotes":""},"class_list":["post-1399","page","type-page","status-publish","hentry"],"_links":{"self":[{"href":"https:\/\/biblian.is\/1981\/wp-json\/wp\/v2\/pages\/1399","targetHints":{"allow":["GET"]}}],"collection":[{"href":"https:\/\/biblian.is\/1981\/wp-json\/wp\/v2\/pages"}],"about":[{"href":"https:\/\/biblian.is\/1981\/wp-json\/wp\/v2\/types\/page"}],"author":[{"embeddable":true,"href":"https:\/\/biblian.is\/1981\/wp-json\/wp\/v2\/users\/1"}],"replies":[{"embeddable":true,"href":"https:\/\/biblian.is\/1981\/wp-json\/wp\/v2\/comments?post=1399"}],"version-history":[{"count":0,"href":"https:\/\/biblian.is\/1981\/wp-json\/wp\/v2\/pages\/1399\/revisions"}],"wp:attachment":[{"href":"https:\/\/biblian.is\/1981\/wp-json\/wp\/v2\/media?parent=1399"}],"curies":[{"name":"wp","href":"https:\/\/api.w.org\/{rel}","templated":true}]}}