{"id":1398,"date":"2017-11-18T20:17:12","date_gmt":"2017-11-18T20:17:12","guid":{"rendered":"http:\/\/biblian.is\/1981\/onnur-mosebok-2-kafli\/"},"modified":"2021-06-06T11:04:14","modified_gmt":"2021-06-06T11:04:14","slug":"onnur-mosebok-2-kafli","status":"publish","type":"page","link":"https:\/\/biblian.is\/1981\/onnur-mosebok-2-kafli\/","title":{"rendered":"\u00d6nnur M\u00f3seb\u00f3k 2. kafli"},"content":{"rendered":"<p><a name=\"1\"><span class=\"versanumer\">1<\/span><\/a>Ma\u00f0ur nokkur af Lev\u00ed \u00e6tt gekk a\u00f0 eiga d\u00f3ttur Lev\u00ed.<a name=\"2\"><span class=\"versanumer\">2<\/span><\/a>Og konan var\u00f0 \u00feungu\u00f0 og f\u00e6ddi son. Og er h\u00fan s\u00e1 a\u00f0 sveinninn var fr\u00ed\u00f0ur, \u00fe\u00e1 leyndi h\u00fan honum \u00ed \u00ferj\u00e1 m\u00e1nu\u00f0i.<a name=\"3\"><span class=\"versanumer\">3<\/span><\/a>En er h\u00fan m\u00e1tti eigi leyna honum lengur, t\u00f3k h\u00fan handa honum \u00f6rk af reyr, br\u00e6ddi hana me\u00f0 jar\u00f0l\u00edmi og biki, lag\u00f0i sveininn \u00ed hana og l\u00e9t \u00f6rkina \u00fat \u00ed sefi\u00f0 hj\u00e1 \u00e1rbakkanum.<a name=\"4\"><span class=\"versanumer\">4<\/span><\/a>En systir hans st\u00f3\u00f0 \u00fear \u00e1lengdar til a\u00f0 vita, hva\u00f0 um hann yr\u00f0i.<a name=\"5\"><span class=\"versanumer\">5<\/span><\/a>\u00de\u00e1 gekk d\u00f3ttir Fara\u00f3s ofan a\u00f0 \u00e1nni til a\u00f0 lauga sig, og gengu \u00fej\u00f3nustumeyjar hennar eftir \u00e1rbakkanum. H\u00fan leit \u00f6rkina \u00ed sefinu og sendi \u00feernu s\u00edna a\u00f0 s\u00e6kja hana.<a name=\"6\"><span class=\"versanumer\">6<\/span><\/a>En er h\u00fan lauk upp \u00f6rkinni, s\u00e1 h\u00fan barni\u00f0, og sj\u00e1, \u00fea\u00f0 var sveinbarn og var a\u00f0 gr\u00e1ta. Og h\u00fan kenndi \u00ed brj\u00f3sti um \u00fea\u00f0 og sag\u00f0i: \u00deetta er eitt af b\u00f6rnum Hebrea.<a name=\"7\"><span class=\"versanumer\">7<\/span><\/a>\u00de\u00e1 sag\u00f0i systir sveinsins vi\u00f0 d\u00f3ttur Fara\u00f3s: \u00c1 \u00e9g a\u00f0 fara og s\u00e6kja fyrir \u00feig barnf\u00f3stru, einhverja hebreska konu, a\u00f0 h\u00fan hafi sveininn \u00e1 brj\u00f3sti fyrir \u00feig?<a name=\"8\"><span class=\"versanumer\">8<\/span><\/a>Og d\u00f3ttir Fara\u00f3s svara\u00f0i henni: J\u00e1, far \u00fe\u00fa. En m\u00e6rin f\u00f3r og s\u00f3tti m\u00f3\u00f0ur sveinsins.<a name=\"9\"><span class=\"versanumer\">9<\/span><\/a>Og d\u00f3ttir Fara\u00f3s sag\u00f0i vi\u00f0 hana: Tak svein \u00feennan me\u00f0 \u00fe\u00e9r og haf hann \u00e1 brj\u00f3sti fyrir mig, og skal \u00e9g launa \u00fe\u00e9r fyrir. T\u00f3k konan \u00fe\u00e1 sveininn og haf\u00f0i hann \u00e1 brj\u00f3sti.<a name=\"10\"><span class=\"versanumer\">10<\/span><\/a>En er sveinninn var vaxinn, f\u00f3r h\u00fan me\u00f0 hann til d\u00f3ttur Fara\u00f3s. T\u00f3k h\u00fan hann \u00ed sonar sta\u00f0 og nefndi hann M\u00f3se, \u00fev\u00ed a\u00f0 h\u00fan sag\u00f0i: \u00c9g hefi dregi\u00f0 hann upp \u00far vatninu.<a name=\"11\"><span class=\"versanumer\">11<\/span><\/a>Um \u00fe\u00e6r mundir bar svo vi\u00f0, \u00feegar M\u00f3se var or\u00f0inn fullt\u00ed\u00f0a ma\u00f0ur, a\u00f0 hann f\u00f3r \u00e1 fund \u00e6ttbr\u00e6\u00f0ra sinna og s\u00e1 \u00fer\u00e6ld\u00f3m \u00feeirra. S\u00e1 hann \u00fe\u00e1 egypskan mann lj\u00f3sta hebreskan mann, einn af \u00e6ttbr\u00e6\u00f0rum hans.<a name=\"12\"><span class=\"versanumer\">12<\/span><\/a>Hann skima\u00f0i \u00fe\u00e1 \u00ed allar \u00e1ttir, og er hann s\u00e1, a\u00f0 \u00fear var enginn, drap hann Egyptann og huldi hann \u00ed sandinum.<a name=\"13\"><span class=\"versanumer\">13<\/span><\/a>Daginn eftir gekk hann \u00fat og s\u00e1 tvo Hebrea vera a\u00f0 \u00fer\u00e1tta s\u00edn \u00e1 milli. \u00de\u00e1 m\u00e6lti hann vi\u00f0 \u00feann, sem \u00e1 r\u00f6ngu haf\u00f0i a\u00f0 standa: Hv\u00ed sl\u00e6r \u00fe\u00fa n\u00e1unga \u00feinn?<a name=\"14\"><span class=\"versanumer\">14<\/span><\/a>En hann sag\u00f0i: Hver skipa\u00f0i \u00feig h\u00f6f\u00f0ingja og d\u00f3mara yfir okkur? Er \u00fe\u00e9r \u00ed hug a\u00f0 drepa mig, eins og \u00fe\u00fa drapst Egyptann? \u00de\u00e1 var\u00f0 M\u00f3se hr\u00e6ddur og hugsa\u00f0i me\u00f0 s\u00e9r: \u00dea\u00f0 er \u00fe\u00e1 or\u00f0i\u00f0 uppv\u00edst!<a name=\"15\"><span class=\"versanumer\">15<\/span><\/a>Er Fara\u00f3 fr\u00e9tti \u00feennan atbur\u00f0, leita\u00f0i hann eftir a\u00f0 drepa M\u00f3se, en M\u00f3se fl\u00fd\u00f0i undan Fara\u00f3 og t\u00f3k s\u00e9r b\u00fasta\u00f0 \u00ed Mid\u00edanslandi og settist a\u00f0 hj\u00e1 vatnsb\u00f3linu.<a name=\"16\"><span class=\"versanumer\">16<\/span><\/a>Presturinn \u00ed Mid\u00edanslandi \u00e1tti sj\u00f6 d\u00e6tur. \u00de\u00e6r komu \u00feanga\u00f0, jusu vatn og fylltu \u00fer\u00f3rnar til a\u00f0 brynna f\u00e9na\u00f0i f\u00f6\u00f0ur s\u00edns.<a name=\"17\"><span class=\"versanumer\">17<\/span><\/a>\u00de\u00e1 komu a\u00f0 hjar\u00f0menn og b\u00e6g\u00f0u \u00feeim fr\u00e1. En M\u00f3se t\u00f3k sig til og hj\u00e1lpa\u00f0i \u00feeim og brynnti f\u00e9na\u00f0i \u00feeirra.<a name=\"18\"><span class=\"versanumer\">18<\/span><\/a>Og er \u00fe\u00e6r komu heim til Reg\u00faels f\u00f6\u00f0ur s\u00edns, m\u00e6lti hann: Hv\u00ed komi\u00f0 \u00fe\u00e9r svo snemma heim \u00ed dag?<a name=\"19\"><span class=\"versanumer\">19<\/span><\/a>\u00de\u00e6r sv\u00f6ru\u00f0u: Egypskur ma\u00f0ur hj\u00e1lpa\u00f0i oss m\u00f3ti hjar\u00f0m\u00f6nnunum, j\u00f3s l\u00edka vatni\u00f0 upp fyrir oss og brynnti f\u00e9na\u00f0inum.<a name=\"20\"><span class=\"versanumer\">20<\/span><\/a>Hann sag\u00f0i \u00fe\u00e1 vi\u00f0 d\u00e6tur s\u00ednar: Hvar er hann \u00fe\u00e1? Hvers vegna skildu\u00f0 \u00fe\u00e9r manninn eftir? Bj\u00f3\u00f0i\u00f0 honum heim, a\u00f0 hann neyti matar.<a name=\"21\"><span class=\"versanumer\">21<\/span><\/a>M\u00f3se l\u00e9t s\u00e9r vel l\u00edka a\u00f0 vera hj\u00e1 \u00feessum manni, og hann gifti M\u00f3se Sipp\u00f3ru d\u00f3ttur s\u00edna.<a name=\"22\"><span class=\"versanumer\">22<\/span><\/a>H\u00fan \u00f3l son, og hann nefndi hann Gers\u00f3m, \u00fev\u00ed a\u00f0 hann sag\u00f0i: Gestur er \u00e9g \u00ed \u00f3kunnu landi.<a name=\"23\"><span class=\"versanumer\">23<\/span><\/a>L\u00f6ngum t\u00edma eftir \u00feetta d\u00f3 Egyptalandskonungur. En \u00cdsraelsmenn andv\u00f6rpu\u00f0u undir \u00e1nau\u00f0inni og kveinu\u00f0u, og \u00e1nau\u00f0arkvein \u00feeirra st\u00e9 upp til Gu\u00f0s.<a name=\"24\"><span class=\"versanumer\">24<\/span><\/a>Og Gu\u00f0 heyr\u00f0i andvarpanir \u00feeirra og minntist s\u00e1ttm\u00e1la s\u00edns vi\u00f0 Abraham, \u00cdsak og Jakob.<a name=\"25\"><span class=\"versanumer\">25<\/span><\/a>Og Gu\u00f0 leit til \u00cdsraelsmanna og kenndist vi\u00f0 \u00fe\u00e1.<\/p>\n<div class=\"footnote1981\"><b>2.1<\/b> Bernska M\u00f3se Post 7.20-22; Heb 11.23 \u2013 ma\u00f0ur nokkur &#8230; 2M\u00f3s 6.20<br \/>\n<b>2.11<\/b> M\u00f3se ver\u00f0ur a\u00f0 fl\u00fdja Post 7.23-29; Heb 11.24-27<br \/>\n<b>2.16<\/b> S\u00e6kja vatn 1M\u00f3s 24.11; 29.2<br \/>\n<b>2.22<\/b> Gers\u00f3m 2M\u00f3s 18.3<br \/>\n<b>2.23<\/b> \u00deeir kveinu\u00f0u 5M\u00f3s 26.7; Slm 130.1; J\u00fadt 5.12<br \/>\n<b>2.24<\/b> S\u00e1ttm\u00e1linn vi\u00f0 \u00e6ttfe\u00f0urna 3M\u00f3s 26.42+<\/div>\n","protected":false},"excerpt":{"rendered":"<p>1Ma\u00f0ur nokkur af Lev\u00ed \u00e6tt gekk a\u00f0 eiga d\u00f3ttur Lev\u00ed.2Og konan var\u00f0 \u00feungu\u00f0 og f\u00e6ddi son. Og er h\u00fan s\u00e1 a\u00f0 sveinninn var fr\u00ed\u00f0ur, \u00fe\u00e1 leyndi h\u00fan honum \u00ed \u00ferj\u00e1 m\u00e1nu\u00f0i.3En er h\u00fan m\u00e1tti eigi leyna honum lengur, t\u00f3k h\u00fan handa honum \u00f6rk af reyr, br\u00e6ddi hana me\u00f0 jar\u00f0l\u00edmi og biki, lag\u00f0i sveininn \u00ed hana og l\u00e9t \u00f6rkina \u00fat \u00ed sefi\u00f0 hj\u00e1 \u00e1rbakkanum.4En systir hans st\u00f3\u00f0 \u00fear \u00e1lengdar til a\u00f0 vita, hva\u00f0 um hann yr\u00f0i.5\u00de\u00e1 gekk d\u00f3ttir Fara\u00f3s ofan a\u00f0 \u00e1nni til a\u00f0 lauga sig, og gengu \u00fej\u00f3nustumeyjar hennar eftir \u00e1rbakkanum. H\u00fan leit \u00f6rkina \u00ed sefinu og sendi \u00feernu s\u00edna <a href=\"https:\/\/biblian.is\/1981\/onnur-mosebok-2-kafli\/\"> [&#8230;]<\/a><\/p>\n","protected":false},"author":1,"featured_media":0,"parent":0,"menu_order":0,"comment_status":"open","ping_status":"open","template":"bibliukaflar.php","meta":{"footnotes":""},"class_list":["post-1398","page","type-page","status-publish","hentry"],"_links":{"self":[{"href":"https:\/\/biblian.is\/1981\/wp-json\/wp\/v2\/pages\/1398","targetHints":{"allow":["GET"]}}],"collection":[{"href":"https:\/\/biblian.is\/1981\/wp-json\/wp\/v2\/pages"}],"about":[{"href":"https:\/\/biblian.is\/1981\/wp-json\/wp\/v2\/types\/page"}],"author":[{"embeddable":true,"href":"https:\/\/biblian.is\/1981\/wp-json\/wp\/v2\/users\/1"}],"replies":[{"embeddable":true,"href":"https:\/\/biblian.is\/1981\/wp-json\/wp\/v2\/comments?post=1398"}],"version-history":[{"count":0,"href":"https:\/\/biblian.is\/1981\/wp-json\/wp\/v2\/pages\/1398\/revisions"}],"wp:attachment":[{"href":"https:\/\/biblian.is\/1981\/wp-json\/wp\/v2\/media?parent=1398"}],"curies":[{"name":"wp","href":"https:\/\/api.w.org\/{rel}","templated":true}]}}