{"id":1397,"date":"2017-11-18T20:17:12","date_gmt":"2017-11-18T20:17:12","guid":{"rendered":"http:\/\/biblian.is\/1981\/onnur-mosebok-1-kafli\/"},"modified":"2021-06-06T11:04:10","modified_gmt":"2021-06-06T11:04:10","slug":"onnur-mosebok-1-kafli","status":"publish","type":"page","link":"https:\/\/biblian.is\/1981\/onnur-mosebok-1-kafli\/","title":{"rendered":"\u00d6nnur M\u00f3seb\u00f3k 1. kafli"},"content":{"rendered":"<p><a name=\"1\"><span class=\"versanumer\">1<\/span><\/a>\u00deessi eru n\u00f6fn \u00cdsraels sona, sem komu til Egyptalands me\u00f0 Jakob, hver me\u00f0 sitt heimilisf\u00f3lk:<a name=\"2\"><span class=\"versanumer\">2<\/span><\/a>R\u00faben, S\u00edmeon, Lev\u00ed og J\u00fada,<a name=\"3\"><span class=\"versanumer\">3<\/span><\/a>\u00cdssakar, Seb\u00falon og Benjam\u00edn,<a name=\"4\"><span class=\"versanumer\">4<\/span><\/a>Dan og Naftal\u00ed, Ga\u00f0 og Asser.<a name=\"5\"><span class=\"versanumer\">5<\/span><\/a>Alls voru ni\u00f0jar Jakobs sj\u00f6t\u00edu manns, og J\u00f3sef var fyrir \u00ed Egyptalandi.<a name=\"6\"><span class=\"versanumer\">6<\/span><\/a>Og J\u00f3sef d\u00f3 og allir br\u00e6\u00f0ur hans og \u00f6ll s\u00fa kynsl\u00f3\u00f0.<a name=\"7\"><span class=\"versanumer\">7<\/span><\/a>Og \u00cdsraelsmenn voru frj\u00f3samir, jukust, margf\u00f6ldu\u00f0ust og fj\u00f6lga\u00f0i st\u00f3rum, svo a\u00f0 landi\u00f0 var\u00f0 fullt af \u00feeim.<a name=\"8\"><span class=\"versanumer\">8<\/span><\/a>\u00de\u00e1 h\u00f3fst til r\u00edkis \u00ed Egyptalandi n\u00fdr konungur, sem engin deili vissi \u00e1 J\u00f3sef.<a name=\"9\"><span class=\"versanumer\">9<\/span><\/a>Hann sag\u00f0i vi\u00f0 \u00fej\u00f3\u00f0 s\u00edna: Sj\u00e1, \u00fej\u00f3\u00f0 \u00cdsraelsmanna er fj\u00f6lmennari og aflmeiri en v\u00e9r.<a name=\"10\"><span class=\"versanumer\">10<\/span><\/a>L\u00e1tum oss fara k\u00e6nlega a\u00f0 vi\u00f0 hana, ella kynni henni a\u00f0 fj\u00f6lga um of, og ef til \u00f3fri\u00f0ar k\u00e6mi, kynni h\u00fan jafnvel a\u00f0 ganga \u00ed li\u00f0 me\u00f0 \u00f3vinum vorum og berjast m\u00f3ti oss og fara s\u00ed\u00f0an af landi burt.<a name=\"11\"><span class=\"versanumer\">11<\/span><\/a>Og \u00feeir settu verkstj\u00f3ra yfir hana til \u00feess a\u00f0 \u00fej\u00e1 hana me\u00f0 \u00fer\u00e6lavinnu, og h\u00fan bygg\u00f0i vistaborgir handa Fara\u00f3, P\u00edt\u00f3m og Raamses.<a name=\"12\"><span class=\"versanumer\">12<\/span><\/a>En \u00fev\u00ed meir sem \u00feeir \u00fej\u00e1\u00f0u hana, \u00fev\u00ed meir fj\u00f6lga\u00f0i henni og breiddist \u00fat, svo a\u00f0 \u00feeir t\u00f3ku a\u00f0 \u00f3ttast \u00cdsraelsmenn.<a name=\"13\"><span class=\"versanumer\">13<\/span><\/a>Og Egyptar \u00fer\u00e6lku\u00f0u \u00cdsraelsmenn v\u00e6g\u00f0arlaust<a name=\"14\"><span class=\"versanumer\">14<\/span><\/a>og gj\u00f6r\u00f0u \u00feeim l\u00edfi\u00f0 leitt me\u00f0 \u00feungri \u00fer\u00e6lavinnu vi\u00f0 leireltu og tigulsteinagj\u00f6r\u00f0 og me\u00f0 alls konar akurvinnu, me\u00f0 allri \u00feeirri vinnu, er \u00feeir v\u00e6g\u00f0arlaust \u00fer\u00e6lku\u00f0u \u00fe\u00e1 me\u00f0.<a name=\"15\"><span class=\"versanumer\">15<\/span><\/a>En Egyptalandskonungur m\u00e6lti til hinna hebresku lj\u00f3sm\u00e6\u00f0ra h\u00e9t \u00f6nnur Sifra, en hin P\u00faa:<a name=\"16\"><span class=\"versanumer\">16<\/span><\/a>\u00deegar \u00fei\u00f0 sitji\u00f0 yfir hebreskum konum, m\u00e6lti hann, \u00fe\u00e1 l\u00edti\u00f0 \u00e1 bur\u00f0arseti\u00f0. S\u00e9 barni\u00f0 sveinbarn, \u00fe\u00e1 dey\u00f0i\u00f0 \u00fea\u00f0, en s\u00e9 \u00fea\u00f0 meybarn, \u00fe\u00e1 m\u00e1 \u00fea\u00f0 lifa.<a name=\"17\"><span class=\"versanumer\">17<\/span><\/a>En lj\u00f3sm\u00e6\u00f0urnar \u00f3ttu\u00f0ust Gu\u00f0 og gj\u00f6r\u00f0u eigi \u00fea\u00f0, sem Egyptalandskonungur bau\u00f0 \u00feeim, heldur l\u00e9tu sveinb\u00f6rnin lifa.<a name=\"18\"><span class=\"versanumer\">18<\/span><\/a>\u00de\u00e1 l\u00e9t Egyptalandskonungur kalla lj\u00f3sm\u00e6\u00f0urnar og sag\u00f0i vi\u00f0 \u00fe\u00e6r: Hv\u00ed hafi\u00f0 \u00fe\u00e9r svo gj\u00f6rt, a\u00f0 l\u00e1ta sveinb\u00f6rnin lifa?<a name=\"19\"><span class=\"versanumer\">19<\/span><\/a>Lj\u00f3sm\u00e6\u00f0urnar sv\u00f6ru\u00f0u Fara\u00f3: Hebreskar konur eru \u00f3l\u00edkar egypskum, \u00fev\u00ed a\u00f0 \u00fe\u00e6r eru hraustar. \u00c1\u00f0ur en lj\u00f3sm\u00f3\u00f0irin kemur til \u00feeirra, eru \u00fe\u00e6r b\u00fanar a\u00f0 f\u00e6\u00f0a.<a name=\"20\"><span class=\"versanumer\">20<\/span><\/a>Og Gu\u00f0 l\u00e9t lj\u00f3sm\u00e6\u00f0runum vel farnast, og f\u00f3lkinu fj\u00f6lga\u00f0i og \u00fea\u00f0 efldist mj\u00f6g.<a name=\"21\"><span class=\"versanumer\">21<\/span><\/a>Og fyrir \u00fe\u00e1 s\u00f6k, a\u00f0 lj\u00f3sm\u00e6\u00f0urnar \u00f3ttu\u00f0ust Gu\u00f0, gaf hann \u00feeim fj\u00f6lda ni\u00f0ja.<a name=\"22\"><span class=\"versanumer\">22<\/span><\/a>\u00de\u00e1 bau\u00f0 Fara\u00f3 \u00f6llum l\u00fd\u00f0 s\u00ednum og sag\u00f0i: Kasti\u00f0 \u00ed \u00e1na \u00f6llum \u00feeim sveinb\u00f6rnum, sem f\u00e6\u00f0ast me\u00f0al Hebrea, en \u00f6ll meyb\u00f6rn mega l\u00edfi halda.<\/p>\n<div class=\"footnote1981\"><b>1.1<\/b> N\u00f6fnin 1M\u00f3s 46.8-27<br \/>\n<b>1.6<\/b> J\u00f3sef d\u00f3 1M\u00f3s 50.26<br \/>\n<b>1.7<\/b> Margf\u00f6ldu\u00f0ust 1M\u00f3s 12.2; 13.16; 28.3; 5M\u00f3s 26.5; Slm 105.24; J\u00fadt 5.10; Post 7.17<br \/>\n<b>1.8<\/b> N\u00fdr konungur Slm 105.25; J\u00fadt 5.11; Post 7.18-19<br \/>\n<b>1.11<\/b> Raamses 1M\u00f3s 47.11<br \/>\n<b>1.14<\/b> \u00der\u00e6lavinna 5M\u00f3s 26.6<br \/>\n<b>1.22<\/b> \u00d6llum drengjum Post 7.19<\/div>\n","protected":false},"excerpt":{"rendered":"<p>1\u00deessi eru n\u00f6fn \u00cdsraels sona, sem komu til Egyptalands me\u00f0 Jakob, hver me\u00f0 sitt heimilisf\u00f3lk:2R\u00faben, S\u00edmeon, Lev\u00ed og J\u00fada,3\u00cdssakar, Seb\u00falon og Benjam\u00edn,4Dan og Naftal\u00ed, Ga\u00f0 og Asser.5Alls voru ni\u00f0jar Jakobs sj\u00f6t\u00edu manns, og J\u00f3sef var fyrir \u00ed Egyptalandi.6Og J\u00f3sef d\u00f3 og allir br\u00e6\u00f0ur hans og \u00f6ll s\u00fa kynsl\u00f3\u00f0.7Og \u00cdsraelsmenn voru frj\u00f3samir, jukust, margf\u00f6ldu\u00f0ust og fj\u00f6lga\u00f0i st\u00f3rum, svo a\u00f0 landi\u00f0 var\u00f0 fullt af \u00feeim.8\u00de\u00e1 h\u00f3fst til r\u00edkis \u00ed Egyptalandi n\u00fdr konungur, sem engin deili vissi \u00e1 J\u00f3sef.9Hann sag\u00f0i vi\u00f0 \u00fej\u00f3\u00f0 s\u00edna: Sj\u00e1, \u00fej\u00f3\u00f0 \u00cdsraelsmanna er fj\u00f6lmennari og aflmeiri en v\u00e9r.10L\u00e1tum oss fara k\u00e6nlega a\u00f0 vi\u00f0 hana, ella kynni henni a\u00f0 fj\u00f6lga <a href=\"https:\/\/biblian.is\/1981\/onnur-mosebok-1-kafli\/\"> [&#8230;]<\/a><\/p>\n","protected":false},"author":1,"featured_media":0,"parent":0,"menu_order":0,"comment_status":"open","ping_status":"open","template":"bibliukaflar.php","meta":{"footnotes":""},"class_list":["post-1397","page","type-page","status-publish","hentry"],"_links":{"self":[{"href":"https:\/\/biblian.is\/1981\/wp-json\/wp\/v2\/pages\/1397","targetHints":{"allow":["GET"]}}],"collection":[{"href":"https:\/\/biblian.is\/1981\/wp-json\/wp\/v2\/pages"}],"about":[{"href":"https:\/\/biblian.is\/1981\/wp-json\/wp\/v2\/types\/page"}],"author":[{"embeddable":true,"href":"https:\/\/biblian.is\/1981\/wp-json\/wp\/v2\/users\/1"}],"replies":[{"embeddable":true,"href":"https:\/\/biblian.is\/1981\/wp-json\/wp\/v2\/comments?post=1397"}],"version-history":[{"count":0,"href":"https:\/\/biblian.is\/1981\/wp-json\/wp\/v2\/pages\/1397\/revisions"}],"wp:attachment":[{"href":"https:\/\/biblian.is\/1981\/wp-json\/wp\/v2\/media?parent=1397"}],"curies":[{"name":"wp","href":"https:\/\/api.w.org\/{rel}","templated":true}]}}