{"id":1395,"date":"2017-11-18T20:17:12","date_gmt":"2017-11-18T20:17:12","guid":{"rendered":"http:\/\/biblian.is\/1981\/fyrsta-mosebok-49-kafli\/"},"modified":"2017-11-18T20:17:12","modified_gmt":"2017-11-18T20:17:12","slug":"fyrsta-mosebok-49-kafli","status":"publish","type":"page","link":"https:\/\/biblian.is\/1981\/fyrsta-mosebok-49-kafli\/","title":{"rendered":"Fyrsta M\u00f3seb\u00f3k 49. kafli"},"content":{"rendered":"<p><a name=\"1\"><span class=\"versanumer\">1<\/span><\/a>\u00de\u00e1 l\u00e9t Jakob kalla sonu s\u00edna og m\u00e6lti: Safnist saman, a\u00f0 \u00e9g megi birta y\u00f0ur \u00fea\u00f0, sem fyrir y\u00f0ur liggur \u00e1 komandi t\u00edmum.<a name=\"2\"><span class=\"versanumer\">2<\/span><\/a>Skipist saman og hl\u00fd\u00f0i\u00f0 \u00e1, synir Jakobs, hl\u00fd\u00f0i\u00f0 \u00e1 \u00cdsrael f\u00f6\u00f0ur y\u00f0ar!<a name=\"3\"><span class=\"versanumer\">3<\/span><\/a>R\u00faben, \u00fe\u00fa ert frumgetningur minn, kraftur minn og frumgr\u00f3\u00f0i styrkleika m\u00edns, fremstur a\u00f0 vir\u00f0ingum og fremstur a\u00f0 v\u00f6ldum.<a name=\"4\"><span class=\"versanumer\">4<\/span><\/a>En \u00fear e\u00f0 \u00fe\u00fa \u00f3lgar sem vatni\u00f0, skalt \u00fe\u00fa eigi fremstur vera, \u00fev\u00ed a\u00f0 \u00fe\u00fa gekkst \u00ed hv\u00edlu f\u00f6\u00f0ur \u00fe\u00edns. \u00de\u00e1 flekka\u00f0ir \u00fe\u00fa hana, gekkst \u00ed hj\u00f3nas\u00e6ng m\u00edna!<a name=\"5\"><span class=\"versanumer\">5<\/span><\/a>S\u00edmeon og Lev\u00ed eru br\u00e6\u00f0ur, t\u00f3l ofbeldis eru sver\u00f0 \u00feeirra.<a name=\"6\"><span class=\"versanumer\">6<\/span><\/a>S\u00e1l m\u00edn komi ekki \u00e1 r\u00e1\u00f0stefnu \u00feeirra, s\u00e6md m\u00edn hafi eigi f\u00e9lagsskap vi\u00f0 s\u00f6fnu\u00f0 \u00feeirra, \u00fev\u00ed a\u00f0 \u00ed rei\u00f0i sinni dr\u00e1pu \u00feeir menn, og \u00ed ofsa s\u00ednum sk\u00e1ru \u00feeir \u00e1 h\u00e1sinar nautanna.<a name=\"7\"><span class=\"versanumer\">7<\/span><\/a>B\u00f6lvu\u00f0 s\u00e9 rei\u00f0i \u00feeirra, \u00fev\u00ed a\u00f0 h\u00fan var r\u00f6mm, og br\u00e6\u00f0i \u00feeirra, \u00fev\u00ed a\u00f0 h\u00fan var grimm. \u00c9g vil dreifa \u00feeim \u00ed Jakob og tv\u00edstra \u00feeim \u00ed \u00cdsrael.<a name=\"8\"><span class=\"versanumer\">8<\/span><\/a>J\u00fada, \u00feig munu br\u00e6\u00f0ur \u00fe\u00ednir vegsama. H\u00f6nd \u00fe\u00edn mun vera \u00e1 h\u00e1lsi \u00f3vina \u00feinna, synir f\u00f6\u00f0ur \u00fe\u00edns skulu l\u00fata \u00fe\u00e9r.<a name=\"9\"><span class=\"versanumer\">9<\/span><\/a>J\u00fada er lj\u00f3nshvolpur, fr\u00e1 br\u00e1\u00f0inni ert \u00fe\u00fa stiginn upp, sonur minn. Hann leggst ni\u00f0ur, hann hv\u00edlist sem lj\u00f3n og sem lj\u00f3nynja, hver \u00feorir a\u00f0 reka hann \u00e1 f\u00e6tur?<a name=\"10\"><span class=\"versanumer\">10<\/span><\/a>Ekki mun veldissprotinn v\u00edkja fr\u00e1 J\u00fada, n\u00e9 r\u00edkisv\u00f6ndurinn fr\u00e1 f\u00f3tum hans, uns s\u00e1 kemur, er valdi\u00f0 hefur, og \u00fej\u00f3\u00f0irnar ganga honum \u00e1 h\u00f6nd.<a name=\"11\"><span class=\"versanumer\">11<\/span><\/a>Hann bindur vi\u00f0 v\u00edntr\u00e9 \u00f6snufola sinn, vi\u00f0 g\u00e6\u00f0av\u00ednvi\u00f0 son \u00f6snu sinnar, hann \u00fev\u00e6r kl\u00e6\u00f0i s\u00edn \u00ed v\u00edni og m\u00f6ttul sinn \u00ed v\u00ednberjabl\u00f3\u00f0i.<a name=\"12\"><span class=\"versanumer\">12<\/span><\/a>V\u00ednm\u00f3\u00f0a er \u00ed augum hans og tennur hans hv\u00edtar af mj\u00f3lk.<a name=\"13\"><span class=\"versanumer\">13<\/span><\/a>Seb\u00falon mun b\u00faa vi\u00f0 sj\u00e1varstr\u00f6ndina, vi\u00f0 str\u00f6ndina \u00fear sem skipin liggja, og land hans vita a\u00f0 S\u00eddon.<a name=\"14\"><span class=\"versanumer\">14<\/span><\/a>\u00cdssakar er beinasterkur asni, sem liggur \u00e1 milli fj\u00e1rgir\u00f0inganna.<a name=\"15\"><span class=\"versanumer\">15<\/span><\/a>Og hann s\u00e1, a\u00f0 hv\u00edldin var g\u00f3\u00f0 og a\u00f0 landi\u00f0 var una\u00f0slegt, og hann beyg\u00f0i her\u00f0ar s\u00ednar undir byr\u00f0ar og var\u00f0 vinnuskyldur \u00fer\u00e6ll.<a name=\"16\"><span class=\"versanumer\">16<\/span><\/a>Dan mun r\u00e9tta hluta \u00fej\u00f3\u00f0ar sinnar sem hver \u00f6nnur \u00cdsraels \u00e6ttkv\u00edsl.<a name=\"17\"><span class=\"versanumer\">17<\/span><\/a>Dan ver\u00f0ur h\u00f6ggormur \u00e1 veginum og na\u00f0ra \u00ed g\u00f6tunni, sem h\u00e6lb\u00edtur hestinn, svo a\u00f0 rei\u00f0ma\u00f0urinn fellur aftur \u00e1 bak.<a name=\"18\"><span class=\"versanumer\">18<\/span><\/a>\u00deinni hj\u00e1lp treysti \u00e9g, Drottinn!<a name=\"19\"><span class=\"versanumer\">19<\/span><\/a>Ga\u00f0 r\u00e6ningjaflokkur fer a\u00f0 honum, en hann rekur \u00fe\u00e1 \u00e1 fl\u00f3tta.<a name=\"20\"><span class=\"versanumer\">20<\/span><\/a>Asser feit er f\u00e6\u00f0a hans, og hann veitir konungakr\u00e1sir.<a name=\"21\"><span class=\"versanumer\">21<\/span><\/a>Naftal\u00ed er r\u00e1sandi hind, fr\u00e1 honum koma fegur\u00f0aror\u00f0.<a name=\"22\"><span class=\"versanumer\">22<\/span><\/a>J\u00f3sef er ungur aldinvi\u00f0ur, ungur aldinvi\u00f0ur vi\u00f0 uppsprettulind, greinar hans teygja sig upp yfir m\u00farinn.<a name=\"23\"><span class=\"versanumer\">23<\/span><\/a>Bogmenn veittust a\u00f0 honum, skutu a\u00f0 honum og ofs\u00f3ttu hann,<a name=\"24\"><span class=\"versanumer\">24<\/span><\/a>en bogi hans reyndist stinnur, og handleggir hans voru fimir. S\u00e1 styrkur kom fr\u00e1 Jakobs Volduga, fr\u00e1 Hir\u00f0inum, Hellubjargi \u00cdsraels,<a name=\"25\"><span class=\"versanumer\">25<\/span><\/a>fr\u00e1 Gu\u00f0i f\u00f6\u00f0ur \u00fe\u00edns, sem mun hj\u00e1lpa \u00fe\u00e9r, fr\u00e1 Alm\u00e1ttugum Gu\u00f0i, sem mun blessa \u00feig me\u00f0 blessun himinsins a\u00f0 ofan, me\u00f0 blessun dj\u00fapsins, er undir hv\u00edlir, me\u00f0 blessun brj\u00f3sta og m\u00f3\u00f0url\u00edfs.<a name=\"26\"><span class=\"versanumer\">26<\/span><\/a>Blessunin, sem fa\u00f0ir \u00feinn hlaut, gn\u00e6f\u00f0i h\u00e6rra en hin \u00f6ldnu fj\u00f6ll, h\u00e6rra en una\u00f0ur hinna eil\u00edfu h\u00e6\u00f0a. H\u00fan komi yfir h\u00f6fu\u00f0 J\u00f3sefs og \u00ed hvirfil hans, sem er h\u00f6f\u00f0ingi me\u00f0al br\u00e6\u00f0ra sinna.<a name=\"27\"><span class=\"versanumer\">27<\/span><\/a>Benjam\u00edn er \u00falfur, sem sundurr\u00edfur. \u00c1 morgnana etur hann br\u00e1\u00f0, og \u00e1 kveldin skiptir hann herfangi.<a name=\"28\"><span class=\"versanumer\">28<\/span><\/a>Allir \u00feessir eru t\u00f3lf kyn\u00fe\u00e6ttir \u00cdsraels, og \u00feetta er \u00fea\u00f0, sem fa\u00f0ir \u00feeirra tala\u00f0i vi\u00f0 \u00fe\u00e1. Jakob blessa\u00f0i \u00fe\u00e1, s\u00e9rhvern blessa\u00f0i hann me\u00f0 \u00feeirri blessun, er honum bar.<a name=\"29\"><span class=\"versanumer\">29<\/span><\/a>Og hann bau\u00f0 \u00feeim og m\u00e6lti vi\u00f0 \u00fe\u00e1: \u00c9g safnast n\u00fa til m\u00edns f\u00f3lks. Jar\u00f0i\u00f0 mig hj\u00e1 fe\u00f0rum m\u00ednum, \u00ed hellinum, sem er \u00ed landi Efrons Het\u00edta,<a name=\"30\"><span class=\"versanumer\">30<\/span><\/a>\u00ed hellinum, sem er \u00ed Makpelalandi og liggur gegnt Mamre \u00ed Kanaanlandi og Abraham keypti me\u00f0 akrinum af Efron Het\u00edta fyrir grafreit.<a name=\"31\"><span class=\"versanumer\">31<\/span><\/a>\u00dear hafa \u00feeir jar\u00f0a\u00f0 Abraham og S\u00f6ru konu hans, \u00fear hafa \u00feeir jar\u00f0a\u00f0 \u00cdsak og Rebekku konu hans, og \u00fear hefi \u00e9g jar\u00f0a\u00f0 Leu.<a name=\"32\"><span class=\"versanumer\">32<\/span><\/a>Akurinn og hellirinn, sem \u00e1 honum er, haf\u00f0i keyptur veri\u00f0 af Het\u00edtum.<a name=\"33\"><span class=\"versanumer\">33<\/span><\/a>Og er Jakob haf\u00f0i loki\u00f0 \u00feessum fyrirm\u00e6lum vi\u00f0 sonu s\u00edna, lag\u00f0i hann f\u00e6tur s\u00edna upp \u00ed hv\u00edluna og anda\u00f0ist og safna\u00f0ist til s\u00edns f\u00f3lks.<\/p>\n<div class=\"footnote1981\"><b>49.19<\/b> Hinn yngri 1M\u00f3s 25.23+<br \/>\n<b>48.21<\/b> Land fe\u00f0ranna 1M\u00f3s 15.16; 46.4<br \/>\n<b>48.22<\/b> Fjallsh\u00e6\u00f0 fram yfir 1M\u00f3s 43.34+<br \/>\n<b>49.1-27<\/b> Blessanir 5M\u00f3s 33; D\u00f3m 5<br \/>\n<b>49.3-4<\/b> R\u00faben 1M\u00f3s 29.32; 35.22; 5M\u00f3s 33.6; J\u00f3s 13.15-23; D\u00f3m 5.15-16<br \/>\n<b>49.5-7<\/b> S\u00edmeon og Lev\u00ed 1M\u00f3s 29.33-34; 34.25-31; 5M\u00f3s 33.8-11; J\u00f3s 13.14; 19.1-9<br \/>\n<b>49.8-12<\/b> J\u00fada 1M\u00f3s 29.35; 5M\u00f3s 33.7; J\u00f3s 15<br \/>\n<b>49.9<\/b> Lj\u00f3nshvolpur 4M\u00f3s 23.24; 24.9; Esk 19.1-9; Opb 5.5<br \/>\n<b>49.10<\/b> Veldissprotinn 4M\u00f3s 24.17<br \/>\n<b>49.11<\/b> \u00d6snufoli hans Sak 9.9; Matt 21.2-7; og hlst. \u2013 \u00fevo kl\u00e6\u00f0i s\u00edn \u00ed v\u00edni Jes 63.1-6; Opb 7.14; 19.13<br \/>\n<b>49.13<\/b> Seb\u00falon 1M\u00f3s 30.20; 5M\u00f3s 33.18-19; J\u00f3s 19.10-16; D\u00f3m 5.14,18<br \/>\n<b>49.14-15<\/b> \u00cdssakar 1M\u00f3s 30.18; 5M\u00f3s 33.18-19; J\u00f3s 19.17-23; D\u00f3m 5.15<br \/>\n<b>49.16-17<\/b> Dan 1M\u00f3s 30.6; 5M\u00f3s 33.22; J\u00f3s 19.40-48; D\u00f3m 5.17<br \/>\n<b>49.18<\/b> \u00c9g v\u00e6nti hj\u00e1lpar \u00feinnar Jes 25.9; Slm 130.5-6<br \/>\n<b>49.19<\/b> Ga\u00f0 1M\u00f3s 30.11; 5M\u00f3s 33.20-21; J\u00f3s 13.24-28, sbr D\u00f3m 5.17<br \/>\n<b>49.20<\/b> Asser 1M\u00f3s 30.13, 5M\u00f3s 33.24-25; J\u00f3s 19.24-31; D\u00f3m 5.17<br \/>\n<b>49.21<\/b> Nafal\u00ed 1M\u00f3s 30.8; 5M\u00f3s 33.23; J\u00f3s 19.32-39; D\u00f3m 5.18<br \/>\n<b>49.22-26<\/b> J\u00f3sef 1M\u00f3s 30.24; 5M\u00f3s 33.13-17; sbr J\u00f3s 13.29-31; 16-17; D\u00f3m 5.14<br \/>\n<b>49.24<\/b> Hinn voldugi Jes 1.24; 49.26; 60.16; sbr Slm 132.2,5<br \/>\n<b>49.27<\/b> Benjam\u00edn 1M\u00f3s 35.18; 5M\u00f3s 33.12; J\u00f3s 18.11-28; D\u00f3m 5.14<\/div>\n","protected":false},"excerpt":{"rendered":"<p>1\u00de\u00e1 l\u00e9t Jakob kalla sonu s\u00edna og m\u00e6lti: Safnist saman, a\u00f0 \u00e9g megi birta y\u00f0ur \u00fea\u00f0, sem fyrir y\u00f0ur liggur \u00e1 komandi t\u00edmum.2Skipist saman og hl\u00fd\u00f0i\u00f0 \u00e1, synir Jakobs, hl\u00fd\u00f0i\u00f0 \u00e1 \u00cdsrael f\u00f6\u00f0ur y\u00f0ar!3R\u00faben, \u00fe\u00fa ert frumgetningur minn, kraftur minn og frumgr\u00f3\u00f0i styrkleika m\u00edns, fremstur a\u00f0 vir\u00f0ingum og fremstur a\u00f0 v\u00f6ldum.4En \u00fear e\u00f0 \u00fe\u00fa \u00f3lgar sem vatni\u00f0, skalt \u00fe\u00fa eigi fremstur vera, \u00fev\u00ed a\u00f0 \u00fe\u00fa gekkst \u00ed hv\u00edlu f\u00f6\u00f0ur \u00fe\u00edns. \u00de\u00e1 flekka\u00f0ir \u00fe\u00fa hana, gekkst \u00ed hj\u00f3nas\u00e6ng m\u00edna!5S\u00edmeon og Lev\u00ed eru br\u00e6\u00f0ur, t\u00f3l ofbeldis eru sver\u00f0 \u00feeirra.6S\u00e1l m\u00edn komi ekki \u00e1 r\u00e1\u00f0stefnu \u00feeirra, s\u00e6md m\u00edn hafi eigi f\u00e9lagsskap vi\u00f0 s\u00f6fnu\u00f0 <a href=\"https:\/\/biblian.is\/1981\/fyrsta-mosebok-49-kafli\/\"> [&#8230;]<\/a><\/p>\n","protected":false},"author":1,"featured_media":0,"parent":0,"menu_order":0,"comment_status":"open","ping_status":"open","template":"bibliukaflar.php","meta":{"footnotes":""},"class_list":["post-1395","page","type-page","status-publish","hentry"],"_links":{"self":[{"href":"https:\/\/biblian.is\/1981\/wp-json\/wp\/v2\/pages\/1395","targetHints":{"allow":["GET"]}}],"collection":[{"href":"https:\/\/biblian.is\/1981\/wp-json\/wp\/v2\/pages"}],"about":[{"href":"https:\/\/biblian.is\/1981\/wp-json\/wp\/v2\/types\/page"}],"author":[{"embeddable":true,"href":"https:\/\/biblian.is\/1981\/wp-json\/wp\/v2\/users\/1"}],"replies":[{"embeddable":true,"href":"https:\/\/biblian.is\/1981\/wp-json\/wp\/v2\/comments?post=1395"}],"version-history":[{"count":0,"href":"https:\/\/biblian.is\/1981\/wp-json\/wp\/v2\/pages\/1395\/revisions"}],"wp:attachment":[{"href":"https:\/\/biblian.is\/1981\/wp-json\/wp\/v2\/media?parent=1395"}],"curies":[{"name":"wp","href":"https:\/\/api.w.org\/{rel}","templated":true}]}}