{"id":1393,"date":"2017-11-18T20:17:12","date_gmt":"2017-11-18T20:17:12","guid":{"rendered":"http:\/\/biblian.is\/1981\/fyrsta-mosebok-47-kafli\/"},"modified":"2017-11-18T20:17:12","modified_gmt":"2017-11-18T20:17:12","slug":"fyrsta-mosebok-47-kafli","status":"publish","type":"page","link":"https:\/\/biblian.is\/1981\/fyrsta-mosebok-47-kafli\/","title":{"rendered":"Fyrsta M\u00f3seb\u00f3k 47. kafli"},"content":{"rendered":"<p><a name=\"1\"><span class=\"versanumer\">1<\/span><\/a>\u00dev\u00ed n\u00e6st gekk J\u00f3sef fyrir Fara\u00f3, sag\u00f0i honum fr\u00e1 og m\u00e6lti: Fa\u00f0ir minn og br\u00e6\u00f0ur m\u00ednir eru komnir \u00far Kanaanlandi me\u00f0 sau\u00f0i s\u00edna og nautgripi og allt, sem \u00feeir eiga, og eru n\u00fa \u00ed G\u00f3senlandi.<a name=\"2\"><span class=\"versanumer\">2<\/span><\/a>En hann haf\u00f0i teki\u00f0 fimm af br\u00e6\u00f0rum s\u00ednum me\u00f0 s\u00e9r og leiddi \u00fe\u00e1 fyrir Fara\u00f3.<a name=\"3\"><span class=\"versanumer\">3<\/span><\/a>\u00de\u00e1 m\u00e6lti Fara\u00f3 vi\u00f0 br\u00e6\u00f0ur J\u00f3sefs: Hver er atvinna y\u00f0ar? Og \u00feeir sv\u00f6ru\u00f0u Fara\u00f3: \u00dej\u00f3nar \u00fe\u00ednir eru hjar\u00f0menn, b\u00e6\u00f0i v\u00e9r og fe\u00f0ur vorir.<a name=\"4\"><span class=\"versanumer\">4<\/span><\/a>Og \u00feeir s\u00f6g\u00f0u vi\u00f0 Fara\u00f3: V\u00e9r erum komnir til a\u00f0 sta\u00f0n\u00e6mast um hr\u00ed\u00f0 \u00ed landinu, \u00fev\u00ed a\u00f0 enginn hagi er fyrir sau\u00f0i \u00fej\u00f3na \u00feinna, af \u00fev\u00ed a\u00f0 hall\u00e6ri\u00f0 er miki\u00f0 \u00ed Kanaanlandi. Leyf \u00fev\u00ed \u00fej\u00f3num \u00fe\u00ednum a\u00f0 b\u00faa \u00ed G\u00f3senlandi.<a name=\"5\"><span class=\"versanumer\">5<\/span><\/a>Fara\u00f3 sag\u00f0i vi\u00f0 J\u00f3sef: Fa\u00f0ir \u00feinn og br\u00e6\u00f0ur \u00fe\u00ednir eru komnir til \u00fe\u00edn.<a name=\"6\"><span class=\"versanumer\">6<\/span><\/a>Egyptaland er \u00fe\u00e9r heimilt, l\u00e1t \u00fe\u00fa f\u00f6\u00f0ur \u00feinn og br\u00e6\u00f0ur \u00fe\u00edna b\u00faa \u00fear sem landkostir eru bestir. B\u00fai \u00feeir \u00ed G\u00f3senlandi, og ef \u00fe\u00fa \u00feekkir nokkra duglega menn me\u00f0al \u00feeirra, \u00fe\u00e1 fel \u00feeim yfirumsj\u00f3n hjar\u00f0a minna.<a name=\"7\"><span class=\"versanumer\">7<\/span><\/a>\u00de\u00e1 f\u00f3r J\u00f3sef inn me\u00f0 Jakob f\u00f6\u00f0ur sinn og leiddi hann fyrir Fara\u00f3. Og Jakob heilsa\u00f0i Fara\u00f3 me\u00f0 blessunar\u00f3skum.<a name=\"8\"><span class=\"versanumer\">8<\/span><\/a>Og Fara\u00f3 sag\u00f0i vi\u00f0 Jakob: Hversu gamall ert \u00fe\u00fa?<a name=\"9\"><span class=\"versanumer\">9<\/span><\/a>Og Jakob svara\u00f0i Fara\u00f3: Vegfer\u00f0art\u00edmi minn er hundra\u00f0 og \u00ferj\u00e1t\u00edu \u00e1r. F\u00e1ir og illir hafa dagar l\u00edfs m\u00edns veri\u00f0 og n\u00e1 ekki \u00feeirri \u00e1rat\u00f6lu, er fe\u00f0ur m\u00ednir n\u00e1\u00f0u \u00e1 vegfer\u00f0 sinni.<a name=\"10\"><span class=\"versanumer\">10<\/span><\/a>S\u00ed\u00f0an kvaddi Jakob Fara\u00f3 me\u00f0 blessunar\u00f3skum og gekk \u00fat fr\u00e1 honum.<a name=\"11\"><span class=\"versanumer\">11<\/span><\/a>Og J\u00f3sef f\u00e9kk f\u00f6\u00f0ur s\u00ednum og br\u00e6\u00f0rum b\u00fasta\u00f0i og gaf \u00feeim fasteign \u00ed Egyptalandi, \u00fear sem bestir voru landkostir, \u00ed Ramseslandi, eins og Fara\u00f3 haf\u00f0i bo\u00f0i\u00f0.<a name=\"12\"><span class=\"versanumer\">12<\/span><\/a>Og J\u00f3sef s\u00e1 f\u00f6\u00f0ur s\u00ednum og br\u00e6\u00f0rum s\u00ednum og \u00f6llu skylduli\u00f0i f\u00f6\u00f0ur s\u00edns fyrir vi\u00f0urv\u00e6ri eftir t\u00f6lu barnanna.<a name=\"13\"><span class=\"versanumer\">13<\/span><\/a>Algj\u00f6r skortur var \u00e1 neyslukorni um allt landi\u00f0, \u00fev\u00ed a\u00f0 hall\u00e6ri\u00f0 var mj\u00f6g miki\u00f0, og Egyptaland og Kanaanland voru a\u00f0 \u00ferotum komin af hungrinu.<a name=\"14\"><span class=\"versanumer\">14<\/span><\/a>Og J\u00f3sef dr\u00f3 saman allt \u00fea\u00f0 silfur, sem til var \u00ed Egyptalandi og Kanaanlandi, fyrir korni\u00f0, sem \u00feeir keyptu, og J\u00f3sef skila\u00f0i silfrinu \u00ed h\u00fas Fara\u00f3s.<a name=\"15\"><span class=\"versanumer\">15<\/span><\/a>Og er silfur \u00feraut \u00ed Egyptalandi og \u00ed Kanaanlandi, \u00fe\u00e1 komu allir Egyptar til J\u00f3sefs og s\u00f6g\u00f0u: L\u00e1t oss f\u00e1 brau\u00f0! hv\u00ed skyldum v\u00e9r deyja fyrir augum \u00fe\u00e9r? \u00fev\u00ed a\u00f0 silfur \u00fer\u00fdtur.<a name=\"16\"><span class=\"versanumer\">16<\/span><\/a>Og J\u00f3sef m\u00e6lti: Komi\u00f0 hinga\u00f0 me\u00f0 f\u00e9na\u00f0 y\u00f0ar, \u00e9g skal gefa y\u00f0ur korn til neyslu fyrir f\u00e9na\u00f0 y\u00f0ar, ef silfur \u00fer\u00fdtur.<a name=\"17\"><span class=\"versanumer\">17<\/span><\/a>\u00de\u00e1 f\u00f3ru \u00feeir me\u00f0 f\u00e9na\u00f0 sinn til J\u00f3sefs, og hann l\u00e9t \u00fe\u00e1 f\u00e1 neyslukorn fyrir hestana, sau\u00f0f\u00e9\u00f0, nautpeninginn og asnana, og hann birg\u00f0i \u00fe\u00e1 upp me\u00f0 korni \u00fea\u00f0 \u00e1ri\u00f0 fyrir allan f\u00e9na\u00f0 \u00feeirra.<a name=\"18\"><span class=\"versanumer\">18<\/span><\/a>Og er \u00fea\u00f0 \u00e1ri\u00f0 var li\u00f0i\u00f0, komu \u00feeir til hans n\u00e6sta \u00e1r og s\u00f6g\u00f0u vi\u00f0 hann: Eigi viljum v\u00e9r leyna herra vorn \u00fev\u00ed, a\u00f0 silfri\u00f0 er allt \u00feroti\u00f0 og kvikf\u00e9na\u00f0ur vor er or\u00f0inn eign herra vors. N\u00fa er ekki anna\u00f0 eftir handa herra vorum en l\u00edkamir vorir og ekrur vorar.<a name=\"19\"><span class=\"versanumer\">19<\/span><\/a>Hv\u00ed skyldum v\u00e9r farast fyrir augs\u00fdn \u00feinni, b\u00e6\u00f0i v\u00e9r og ekrur vorar? Kaup \u00fe\u00fa oss og ekrur vorar fyrir brau\u00f0, \u00fe\u00e1 viljum v\u00e9r me\u00f0 ekrum vorum vera \u00fer\u00e6lar Fara\u00f3s, og gef \u00fe\u00fa oss s\u00e1\u00f0korn, a\u00f0 v\u00e9r megum l\u00edfi halda og ekki deyja og ekrurnar leggist ekki \u00ed au\u00f0n.<a name=\"20\"><span class=\"versanumer\">20<\/span><\/a>\u00de\u00e1 keypti J\u00f3sef allar ekrur Egypta handa Fara\u00f3, \u00fev\u00ed a\u00f0 Egyptar seldu hver sinn akur, \u00fear e\u00f0 hungri\u00f0 svarf a\u00f0 \u00feeim. Og \u00feannig eigna\u00f0ist Fara\u00f3 landi\u00f0.<a name=\"21\"><span class=\"versanumer\">21<\/span><\/a>Og landsl\u00fd\u00f0inn gj\u00f6r\u00f0i hann a\u00f0 \u00fer\u00e6lum fr\u00e1 einum enda Egyptalands til annars.<a name=\"22\"><span class=\"versanumer\">22<\/span><\/a>Ekrur prestanna einar keypti hann ekki, \u00fev\u00ed a\u00f0 prestarnir h\u00f6f\u00f0u \u00e1kve\u00f0nar tekjur fr\u00e1 Fara\u00f3 og \u00feeir lif\u00f0u af hinum \u00e1kve\u00f0nu tekjum s\u00ednum, sem Fara\u00f3 gaf \u00feeim. Fyrir \u00fev\u00ed seldu \u00feeir ekki ekrur s\u00ednar.<a name=\"23\"><span class=\"versanumer\">23<\/span><\/a>\u00de\u00e1 sag\u00f0i J\u00f3sef vi\u00f0 l\u00fd\u00f0inn: Sj\u00e1, n\u00fa hefi \u00e9g keypt y\u00f0ur og ekrur y\u00f0ar Fara\u00f3 til handa. H\u00e9r er s\u00e1\u00f0korn handa y\u00f0ur, og s\u00e1i\u00f0 n\u00fa ekrurnar.<a name=\"24\"><span class=\"versanumer\">24<\/span><\/a>En af \u00e1vextinum skulu\u00f0 \u00fe\u00e9r skila Fara\u00f3 fimmta hluta, en hina fj\u00f3ra fimmtuhlutana skulu\u00f0 \u00fe\u00e9r hafa til \u00feess a\u00f0 s\u00e1 akrana, og y\u00f0ur til vi\u00f0url\u00edfis og heimaf\u00f3lki y\u00f0ar og b\u00f6rnum y\u00f0ar til framf\u00e6rslu.<a name=\"25\"><span class=\"versanumer\">25<\/span><\/a>Og \u00feeir sv\u00f6ru\u00f0u: \u00de\u00fa hefir haldi\u00f0 \u00ed oss l\u00edfinu. L\u00e1t oss finna n\u00e1\u00f0 \u00ed augum \u00fe\u00ednum, herra minn, og \u00fe\u00e1 viljum v\u00e9r vera \u00fer\u00e6lar Fara\u00f3s.<a name=\"26\"><span class=\"versanumer\">26<\/span><\/a>Og J\u00f3sef leiddi \u00fea\u00f0 \u00ed l\u00f6g, sem haldast allt til \u00feessa dags, a\u00f0 Fara\u00f3 skyldi f\u00e1 fimmta hlutann af akurlendi Egypta. Ekrur prestanna einar ur\u00f0u ekki eign Fara\u00f3s.<a name=\"27\"><span class=\"versanumer\">27<\/span><\/a>\u00cdsrael bj\u00f3 \u00ed Egyptalandi, \u00ed G\u00f3senlandi, og \u00feeir festu \u00fear bygg\u00f0 og juku kyn sitt, svo a\u00f0 \u00feeim fj\u00f6lga\u00f0i mj\u00f6g.<a name=\"28\"><span class=\"versanumer\">28<\/span><\/a>Jakob lif\u00f0i \u00ed seytj\u00e1n \u00e1r \u00ed Egyptalandi, og dagar Jakobs, \u00e6vi\u00e1r hans, voru hundra\u00f0 fj\u00f6rut\u00edu og sj\u00f6 \u00e1r.<a name=\"29\"><span class=\"versanumer\">29<\/span><\/a>Er dr\u00f3 a\u00f0 dau\u00f0a \u00cdsraels, l\u00e9t hann kalla J\u00f3sef son sinn og sag\u00f0i vi\u00f0 hann: Hafi \u00e9g fundi\u00f0 n\u00e1\u00f0 \u00ed augum \u00fe\u00ednum, \u00fe\u00e1 legg h\u00f6nd \u00fe\u00edna undir lend m\u00edna og au\u00f0s\u00fdn m\u00e9r elsku og tr\u00fafesti: Jar\u00f0a mig ekki \u00ed Egyptalandi.<a name=\"30\"><span class=\"versanumer\">30<\/span><\/a>\u00c9g vil hv\u00edla hj\u00e1 fe\u00f0rum m\u00ednum, og skalt \u00fe\u00fa flytja mig burt \u00far Egyptalandi og jar\u00f0a mig \u00ed gr\u00f6f \u00feeirra. Og hann svara\u00f0i: \u00c9g vil gj\u00f6ra svo sem \u00fe\u00fa hefir fyrir m\u00e6lt.<a name=\"31\"><span class=\"versanumer\">31<\/span><\/a>\u00de\u00e1 sag\u00f0i Jakob: Vinn \u00fe\u00fa m\u00e9r ei\u00f0 a\u00f0 \u00fev\u00ed! Og hann vann honum ei\u00f0inn. Og \u00cdsrael halla\u00f0i s\u00e9r ni\u00f0ur a\u00f0 h\u00f6f\u00f0alaginu.<\/p>\n<div class=\"footnote1981\"><b>47.6<\/b> Bestir landskostir 1M\u00f3s 45.18<br \/>\n<b>47.9<\/b> Hundra\u00f0 og \u00ferj\u00e1t\u00edu \u00e1r 1M\u00f3s 47.28; sbr 25.7; 35.28; 50.26 \u2013 f\u00e1ir dagar Slm 90.9-10; Job 14.1-2<br \/>\n<b>47.17<\/b> Brau\u00f0 Okv 11.26<br \/>\n<b>47.20<\/b> Akur Neh 5.3<br \/>\n<b>47.26<\/b> Fimmti hluti 1M\u00f3s 41.34 \u2013 jar\u00f0ir prestanna Esr 7.24<br \/>\n<b>47.27<\/b> Voru frj\u00f3samir 1M\u00f3s 12.2+<br \/>\n<b>47.28<\/b> Hundra\u00f0 fj\u00f6rut\u00edu og sj\u00f6 \u00e1r 1M\u00f3s 47.9+<br \/>\n<b>47.30<\/b> Gr\u00f6f 1M\u00f3s 23.19<br \/>\n<b>47.31<\/b> \u00cdsrael laut ni\u00f0ur 1Kon 1.47<\/div>\n","protected":false},"excerpt":{"rendered":"<p>1\u00dev\u00ed n\u00e6st gekk J\u00f3sef fyrir Fara\u00f3, sag\u00f0i honum fr\u00e1 og m\u00e6lti: Fa\u00f0ir minn og br\u00e6\u00f0ur m\u00ednir eru komnir \u00far Kanaanlandi me\u00f0 sau\u00f0i s\u00edna og nautgripi og allt, sem \u00feeir eiga, og eru n\u00fa \u00ed G\u00f3senlandi.2En hann haf\u00f0i teki\u00f0 fimm af br\u00e6\u00f0rum s\u00ednum me\u00f0 s\u00e9r og leiddi \u00fe\u00e1 fyrir Fara\u00f3.3\u00de\u00e1 m\u00e6lti Fara\u00f3 vi\u00f0 br\u00e6\u00f0ur J\u00f3sefs: Hver er atvinna y\u00f0ar? Og \u00feeir sv\u00f6ru\u00f0u Fara\u00f3: \u00dej\u00f3nar \u00fe\u00ednir eru hjar\u00f0menn, b\u00e6\u00f0i v\u00e9r og fe\u00f0ur vorir.4Og \u00feeir s\u00f6g\u00f0u vi\u00f0 Fara\u00f3: V\u00e9r erum komnir til a\u00f0 sta\u00f0n\u00e6mast um hr\u00ed\u00f0 \u00ed landinu, \u00fev\u00ed a\u00f0 enginn hagi er fyrir sau\u00f0i \u00fej\u00f3na \u00feinna, af \u00fev\u00ed a\u00f0 hall\u00e6ri\u00f0 er miki\u00f0 <a href=\"https:\/\/biblian.is\/1981\/fyrsta-mosebok-47-kafli\/\"> [&#8230;]<\/a><\/p>\n","protected":false},"author":1,"featured_media":0,"parent":0,"menu_order":0,"comment_status":"open","ping_status":"open","template":"bibliukaflar.php","meta":{"footnotes":""},"class_list":["post-1393","page","type-page","status-publish","hentry"],"_links":{"self":[{"href":"https:\/\/biblian.is\/1981\/wp-json\/wp\/v2\/pages\/1393","targetHints":{"allow":["GET"]}}],"collection":[{"href":"https:\/\/biblian.is\/1981\/wp-json\/wp\/v2\/pages"}],"about":[{"href":"https:\/\/biblian.is\/1981\/wp-json\/wp\/v2\/types\/page"}],"author":[{"embeddable":true,"href":"https:\/\/biblian.is\/1981\/wp-json\/wp\/v2\/users\/1"}],"replies":[{"embeddable":true,"href":"https:\/\/biblian.is\/1981\/wp-json\/wp\/v2\/comments?post=1393"}],"version-history":[{"count":0,"href":"https:\/\/biblian.is\/1981\/wp-json\/wp\/v2\/pages\/1393\/revisions"}],"wp:attachment":[{"href":"https:\/\/biblian.is\/1981\/wp-json\/wp\/v2\/media?parent=1393"}],"curies":[{"name":"wp","href":"https:\/\/api.w.org\/{rel}","templated":true}]}}