{"id":1392,"date":"2017-11-18T20:17:12","date_gmt":"2017-11-18T20:17:12","guid":{"rendered":"http:\/\/biblian.is\/1981\/fyrsta-mosebok-46-kafli\/"},"modified":"2021-06-06T11:20:22","modified_gmt":"2021-06-06T11:20:22","slug":"fyrsta-mosebok-46-kafli","status":"publish","type":"page","link":"https:\/\/biblian.is\/1981\/fyrsta-mosebok-46-kafli\/","title":{"rendered":"Fyrsta M\u00f3seb\u00f3k 46. kafli"},"content":{"rendered":"<p><a name=\"1\"><span class=\"versanumer\">1<\/span><\/a>\u00cdsrael lag\u00f0i af sta\u00f0 me\u00f0 allt sitt, og hann kom til Beerseba og f\u00e6r\u00f0i \u00fear Gu\u00f0i \u00cdsaks f\u00f6\u00f0ur s\u00edns sl\u00e1turf\u00f3rn.<a name=\"2\"><span class=\"versanumer\">2<\/span><\/a>Og Gu\u00f0 tala\u00f0i vi\u00f0 \u00cdsrael \u00ed s\u00fdn um n\u00f3ttina og sag\u00f0i: Jakob, Jakob! Og hann svara\u00f0i: H\u00e9r er \u00e9g.<a name=\"3\"><span class=\"versanumer\">3<\/span><\/a>Og hann sag\u00f0i: \u00c9g er Gu\u00f0, Gu\u00f0 f\u00f6\u00f0ur \u00fe\u00edns. \u00d3ttast \u00fe\u00fa ekki a\u00f0 fara til Egyptalands, \u00fev\u00ed a\u00f0 \u00fear mun \u00e9g gj\u00f6ra \u00feig a\u00f0 mikilli \u00fej\u00f3\u00f0.<a name=\"4\"><span class=\"versanumer\">4<\/span><\/a>\u00c9g mun fara me\u00f0 \u00fe\u00e9r til Egyptalands, og \u00e9g mun l\u00edka flytja \u00feig \u00fea\u00f0an aftur, og J\u00f3sef skal veita \u00fe\u00e9r n\u00e1bjargirnar.<a name=\"5\"><span class=\"versanumer\">5<\/span><\/a>\u00de\u00e1 t\u00f3k Jakob sig upp fr\u00e1 Beerseba, og \u00cdsraels synir fluttu Jakob f\u00f6\u00f0ur sinn og b\u00f6rn s\u00edn og konur s\u00ednar \u00e1 v\u00f6gnunum, sem Fara\u00f3 haf\u00f0i sent til a\u00f0 flytja hann \u00e1.<a name=\"6\"><span class=\"versanumer\">6<\/span><\/a>Og \u00feeir t\u00f3ku f\u00e9na\u00f0 sinn og fj\u00e1rhluti, sem \u00feeir h\u00f6f\u00f0u afla\u00f0 s\u00e9r \u00ed Kanaanlandi, og komu til Egyptalands, Jakob og allir ni\u00f0jar hans me\u00f0 honum.<a name=\"7\"><span class=\"versanumer\">7<\/span><\/a>Sonu s\u00edna og sonasonu, d\u00e6tur s\u00ednar og sonad\u00e6tur og alla ni\u00f0ja s\u00edna flutti hann me\u00f0 s\u00e9r til Egyptalands.<a name=\"8\"><span class=\"versanumer\">8<\/span><\/a>\u00deessi eru n\u00f6fn \u00cdsraels sona, sem komu til Egyptalands: Jakob og synir hans: R\u00faben, frumgetinn son Jakobs.<a name=\"9\"><span class=\"versanumer\">9<\/span><\/a>Synir R\u00fabens: Hanok, Pall\u00fa, Hesron og Karm\u00ed.<a name=\"10\"><span class=\"versanumer\">10<\/span><\/a>Synir S\u00edmeons: Jem\u00fael, Jam\u00edn, \u00d3had, Jak\u00edn, S\u00f3ar og S\u00e1l, sonur kanversku konunnar.<a name=\"11\"><span class=\"versanumer\">11<\/span><\/a>Synir Lev\u00ed: Gerson, Kahat og Merar\u00ed.<a name=\"12\"><span class=\"versanumer\">12<\/span><\/a>Synir J\u00fada: Ger, \u00d3nan, Sela, Peres og Sera. En Ger og \u00d3nan d\u00f3u \u00ed Kanaanlandi. Synir Peres voru: Hesron og Ham\u00fal.<a name=\"13\"><span class=\"versanumer\">13<\/span><\/a>Synir \u00cdssakars: T\u00f3la, P\u00fava, Job og S\u00edmron.<a name=\"14\"><span class=\"versanumer\">14<\/span><\/a>Synir Seb\u00falons: Sered, Elon og Jahleel.<a name=\"15\"><span class=\"versanumer\">15<\/span><\/a>\u00deessir voru synir Leu, sem h\u00fan f\u00e6ddi Jakob \u00ed Mes\u00f3p\u00f3tam\u00edu, \u00e1samt D\u00ednu d\u00f3ttur hans. Allir synir hans og d\u00e6tur voru a\u00f0 t\u00f6lu \u00ferj\u00e1t\u00edu og \u00ferj\u00fa.<a name=\"16\"><span class=\"versanumer\">16<\/span><\/a>Synir Ga\u00f0s: S\u00edfj\u00f3n, Hagg\u00ed, S\u00fan\u00ed, Esbon, Er\u00ed, Ar\u00f3d\u00ed og Arel\u00ed.<a name=\"17\"><span class=\"versanumer\">17<\/span><\/a>Synir Assers: Jimna, J\u00edsva, J\u00edsv\u00ed, Br\u00eda og Sera, systir \u00feeirra. Synir Br\u00eda voru: Heber og Malk\u00edel.<a name=\"18\"><span class=\"versanumer\">18<\/span><\/a>\u00deessir voru synir Silpu, sem Laban gaf Leu d\u00f3ttur sinni. H\u00fan \u00f3l Jakob \u00feessa, sext\u00e1n s\u00e1lir.<a name=\"19\"><span class=\"versanumer\">19<\/span><\/a>Synir Rakelar, konu Jakobs: J\u00f3sef og Benjam\u00edn.<a name=\"20\"><span class=\"versanumer\">20<\/span><\/a>En J\u00f3sef f\u00e6ddust synir \u00ed Egyptalandi: Manasse og Efra\u00edm, sem Asenat, d\u00f3ttir P\u00f3t\u00edfera prests \u00ed \u00d3n, \u00f3l honum.<a name=\"21\"><span class=\"versanumer\">21<\/span><\/a>Synir Benjam\u00edns: Bela, Beker, Asbel, Gera, Naaman, Eh\u00ed, R\u00f3s, M\u00fapp\u00edm, H\u00fapp\u00edm og Ard.<a name=\"22\"><span class=\"versanumer\">22<\/span><\/a>\u00deetta voru synir Rakelar, sem h\u00fan \u00f3l Jakob, alls fj\u00f3rt\u00e1n s\u00e1lir.<a name=\"23\"><span class=\"versanumer\">23<\/span><\/a>Sonur Dans: H\u00fas\u00edn.<a name=\"24\"><span class=\"versanumer\">24<\/span><\/a>Synir Naftal\u00ed: Jahseel, G\u00fan\u00ed, Jeser og Sillem.<a name=\"25\"><span class=\"versanumer\">25<\/span><\/a>\u00deessir voru synir B\u00edlu, sem Laban gaf Rakel d\u00f3ttur sinni, og \u00feessa \u00f3l h\u00fan Jakob, sj\u00f6 s\u00e1lir alls.<a name=\"26\"><span class=\"versanumer\">26<\/span><\/a>Allar \u00fe\u00e6r s\u00e1lir, sem komu me\u00f0 Jakob til Egyptalands og af honum voru komnar, voru sext\u00edu og sex a\u00f0 t\u00f6lu, auk sonakvenna Jakobs.<a name=\"27\"><span class=\"versanumer\">27<\/span><\/a>Og synir J\u00f3sefs, sem honum h\u00f6f\u00f0u f\u00e6\u00f0st \u00ed Egyptalandi, voru tveir a\u00f0 t\u00f6lu. Allar \u00fe\u00e6r s\u00e1lir af \u00e6tt Jakobs, sem komu til Egyptalands, voru sj\u00f6t\u00edu a\u00f0 t\u00f6lu.<a name=\"28\"><span class=\"versanumer\">28<\/span><\/a>Jakob sendi J\u00fada \u00e1 undan s\u00e9r til J\u00f3sefs, a\u00f0 hann v\u00edsa\u00f0i s\u00e9r veginn til G\u00f3sen. Og \u00feeir komu til G\u00f3senlands.<a name=\"29\"><span class=\"versanumer\">29<\/span><\/a>\u00de\u00e1 l\u00e9t J\u00f3sef beita fyrir vagn sinn og f\u00f3r \u00e1 m\u00f3ti \u00cdsrael f\u00f6\u00f0ur s\u00ednum til G\u00f3sen, og er fundum \u00feeirra bar saman, f\u00e9ll hann um h\u00e1ls honum og gr\u00e9t lengi um h\u00e1ls honum.<a name=\"30\"><span class=\"versanumer\">30<\/span><\/a>Og \u00cdsrael sag\u00f0i vi\u00f0 J\u00f3sef: N\u00fa vil \u00e9g gla\u00f0ur deyja, fyrst \u00e9g hefi s\u00e9\u00f0 auglit \u00feitt, a\u00f0 \u00fe\u00fa ert enn \u00e1 l\u00edfi.<a name=\"31\"><span class=\"versanumer\">31<\/span><\/a>Og J\u00f3sef sag\u00f0i vi\u00f0 br\u00e6\u00f0ur s\u00edna og vi\u00f0 fr\u00e6ndli\u00f0 f\u00f6\u00f0ur s\u00edns: N\u00fa vil \u00e9g fara og l\u00e1ta Fara\u00f3 vita og segja vi\u00f0 hann: Br\u00e6\u00f0ur m\u00ednir og fr\u00e6ndli\u00f0 f\u00f6\u00f0ur m\u00edns, sem var \u00ed Kanaanlandi, er til m\u00edn komi\u00f0.<a name=\"32\"><span class=\"versanumer\">32<\/span><\/a>Og mennirnir eru hjar\u00f0menn, \u00fev\u00ed a\u00f0 \u00feeir hafa stunda\u00f0 kvikfj\u00e1rr\u00e6kt, og sau\u00f0i s\u00edna og nautpening sinn og allt, sem \u00feeir eiga, hafa \u00feeir haft hinga\u00f0 me\u00f0 s\u00e9r.<a name=\"33\"><span class=\"versanumer\">33<\/span><\/a>\u00deegar n\u00fa Fara\u00f3 l\u00e6tur kalla y\u00f0ur og spyr: Hver er atvinna y\u00f0ar?<a name=\"34\"><span class=\"versanumer\">34<\/span><\/a>\u00fe\u00e1 skulu\u00f0 \u00fe\u00e9r svara: Kvikfj\u00e1rr\u00e6kt hafa \u00fej\u00f3nar \u00fe\u00ednir stunda\u00f0 fr\u00e1 barn\u00e6sku allt til \u00feessa dags, b\u00e6\u00f0i v\u00e9r og fe\u00f0ur vorir, til \u00feess a\u00f0 \u00fe\u00e9r f\u00e1i\u00f0 a\u00f0 b\u00faa \u00ed G\u00f3senlandi, \u00fev\u00ed a\u00f0 Egyptar hafa andstygg\u00f0 \u00e1 \u00f6llum hjar\u00f0m\u00f6nnum. \u00f6llum hjar\u00f0m\u00f6nnum.<\/p>\n<div class=\"footnote1981\"><b>46.2<\/b> \u00cd s\u00fdn 1M\u00f3s 20.3+ ; 28.12<br \/>\n<b>46.3<\/b> Mikil \u00fej\u00f3\u00f0 1M\u00f3s 12.2+<br \/>\n<b>46.4<\/b> N\u00e1bjargirnar 1M\u00f3s 50.1<br \/>\n<b>46.6<\/b> Jakob kemur til Egyptalands 4M\u00f3s 20.15; 5M\u00f3s 26.5; J\u00f3s 24.4; Jes 52.4; Slm 105.23; Post 7.14-15<br \/>\n<b>46.8-27<\/b> Jakob og ni\u00f0jar hans 2M\u00f3s 1.1-5; 4M\u00f3s 26; 1Kro 2-8<br \/>\n<b>46.12<\/b> Synir J\u00fada 1M\u00f3s 38.3-10<br \/>\n<b>46.15<\/b> Synir Leu 1M\u00f3s 29.31-35; 30.17-21<br \/>\n<b>46.18<\/b> Synir Silpu 1M\u00f3s 30.9-13<br \/>\n<b>46.20<\/b> Synir J\u00f3sefs 1M\u00f3s 41.45,50-52<br \/>\n<b>46.22<\/b> Synir Rakelar 1M\u00f3s 30.22-24; 35.16-18<br \/>\n<b>46.25<\/b> Synir B\u00edlu 1M\u00f3s 30.1-8<br \/>\n<b>46.29<\/b> Hann gr\u00e9t 1M\u00f3s 42.24+<br \/>\n<b>46.30<\/b> N\u00fa er \u00e9g b\u00fain undir dau\u00f0a minn 1M\u00f3s 45.28<br \/>\n<b>46.32<\/b> Hjar\u00f0menn 1M\u00f3s 31.38; 37.12<br \/>\n<b>46.34<\/b> Andstygg\u00f0 1M\u00f3s 43.32<\/div>\n","protected":false},"excerpt":{"rendered":"<p>1\u00cdsrael lag\u00f0i af sta\u00f0 me\u00f0 allt sitt, og hann kom til Beerseba og f\u00e6r\u00f0i \u00fear Gu\u00f0i \u00cdsaks f\u00f6\u00f0ur s\u00edns sl\u00e1turf\u00f3rn.2Og Gu\u00f0 tala\u00f0i vi\u00f0 \u00cdsrael \u00ed s\u00fdn um n\u00f3ttina og sag\u00f0i: Jakob, Jakob! Og hann svara\u00f0i: H\u00e9r er \u00e9g.3Og hann sag\u00f0i: \u00c9g er Gu\u00f0, Gu\u00f0 f\u00f6\u00f0ur \u00fe\u00edns. \u00d3ttast \u00fe\u00fa ekki a\u00f0 fara til Egyptalands, \u00fev\u00ed a\u00f0 \u00fear mun \u00e9g gj\u00f6ra \u00feig a\u00f0 mikilli \u00fej\u00f3\u00f0.4\u00c9g mun fara me\u00f0 \u00fe\u00e9r til Egyptalands, og \u00e9g mun l\u00edka flytja \u00feig \u00fea\u00f0an aftur, og J\u00f3sef skal veita \u00fe\u00e9r n\u00e1bjargirnar.5\u00de\u00e1 t\u00f3k Jakob sig upp fr\u00e1 Beerseba, og \u00cdsraels synir fluttu Jakob f\u00f6\u00f0ur sinn og b\u00f6rn s\u00edn og <a href=\"https:\/\/biblian.is\/1981\/fyrsta-mosebok-46-kafli\/\"> [&#8230;]<\/a><\/p>\n","protected":false},"author":1,"featured_media":0,"parent":0,"menu_order":0,"comment_status":"closed","ping_status":"closed","template":"bibliukaflar.php","meta":{"footnotes":""},"class_list":["post-1392","page","type-page","status-publish","hentry"],"_links":{"self":[{"href":"https:\/\/biblian.is\/1981\/wp-json\/wp\/v2\/pages\/1392","targetHints":{"allow":["GET"]}}],"collection":[{"href":"https:\/\/biblian.is\/1981\/wp-json\/wp\/v2\/pages"}],"about":[{"href":"https:\/\/biblian.is\/1981\/wp-json\/wp\/v2\/types\/page"}],"author":[{"embeddable":true,"href":"https:\/\/biblian.is\/1981\/wp-json\/wp\/v2\/users\/1"}],"replies":[{"embeddable":true,"href":"https:\/\/biblian.is\/1981\/wp-json\/wp\/v2\/comments?post=1392"}],"version-history":[{"count":0,"href":"https:\/\/biblian.is\/1981\/wp-json\/wp\/v2\/pages\/1392\/revisions"}],"wp:attachment":[{"href":"https:\/\/biblian.is\/1981\/wp-json\/wp\/v2\/media?parent=1392"}],"curies":[{"name":"wp","href":"https:\/\/api.w.org\/{rel}","templated":true}]}}