{"id":1391,"date":"2017-11-18T20:17:12","date_gmt":"2017-11-18T20:17:12","guid":{"rendered":"http:\/\/biblian.is\/1981\/fyrsta-mosebok-45-kafli\/"},"modified":"2017-11-18T20:17:12","modified_gmt":"2017-11-18T20:17:12","slug":"fyrsta-mosebok-45-kafli","status":"publish","type":"page","link":"https:\/\/biblian.is\/1981\/fyrsta-mosebok-45-kafli\/","title":{"rendered":"Fyrsta M\u00f3seb\u00f3k 45. kafli"},"content":{"rendered":"<p><a name=\"1\"><span class=\"versanumer\">1<\/span><\/a>J\u00f3sef gat \u00fe\u00e1 ekki lengur haft stj\u00f3rn \u00e1 s\u00e9r \u00ed augs\u00fdn allra, sem vi\u00f0staddir voru, og kalla\u00f0i: L\u00e1ti\u00f0 alla ganga \u00fat fr\u00e1 m\u00e9r! Og enginn ma\u00f0ur var inni hj\u00e1 honum, \u00feegar hann sag\u00f0i br\u00e6\u00f0rum s\u00ednum hver hann v\u00e6ri.<a name=\"2\"><span class=\"versanumer\">2<\/span><\/a>Og hann gr\u00e9t h\u00e1st\u00f6fum, svo a\u00f0 Egyptar heyr\u00f0u \u00fea\u00f0, og hir\u00f0menn Fara\u00f3s heyr\u00f0u \u00fea\u00f0.<a name=\"3\"><span class=\"versanumer\">3<\/span><\/a>J\u00f3sef m\u00e6lti vi\u00f0 br\u00e6\u00f0ur s\u00edna: \u00c9g er J\u00f3sef. Er fa\u00f0ir minn enn \u00e1 l\u00edfi? En br\u00e6\u00f0ur hans g\u00e1tu ekki svara\u00f0 honum, svo hr\u00e6ddir ur\u00f0u \u00feeir vi\u00f0 hann.<a name=\"4\"><span class=\"versanumer\">4<\/span><\/a>Og J\u00f3sef sag\u00f0i vi\u00f0 br\u00e6\u00f0ur s\u00edna: Komi\u00f0 hinga\u00f0 til m\u00edn! Og \u00feeir gengu til hans. Hann m\u00e6lti \u00fe\u00e1: \u00c9g er J\u00f3sef br\u00f3\u00f0ir y\u00f0ar, sem \u00fe\u00e9r seldu\u00f0 til Egyptalands.<a name=\"5\"><span class=\"versanumer\">5<\/span><\/a>En l\u00e1ti\u00f0 \u00fea\u00f0 n\u00fa ekki f\u00e1 y\u00f0ur hrygg\u00f0ar, og setji\u00f0 \u00fea\u00f0 ekki fyrir y\u00f0ur, a\u00f0 \u00fe\u00e9r hafi\u00f0 selt mig hinga\u00f0, \u00fev\u00ed a\u00f0 til l\u00edfs vi\u00f0urhalds hefir Gu\u00f0 sent mig hinga\u00f0 \u00e1 undan y\u00f0ur.<a name=\"6\"><span class=\"versanumer\">6<\/span><\/a>\u00dev\u00ed a\u00f0 n\u00fa hefir hall\u00e6ri\u00f0 veri\u00f0 \u00ed landinu \u00ed tv\u00f6 \u00e1r, og enn munu l\u00ed\u00f0a svo fimm \u00e1r, a\u00f0 hvorki ver\u00f0i pl\u00e6gt n\u00e9 uppskori\u00f0.<a name=\"7\"><span class=\"versanumer\">7<\/span><\/a>En Gu\u00f0 hefir sent mig hinga\u00f0 \u00e1 undan y\u00f0ur til \u00feess a\u00f0 halda vi\u00f0 kyni y\u00f0ar \u00e1 j\u00f6r\u00f0inni og sj\u00e1 l\u00edfi y\u00f0ar borgi\u00f0, til mikils hj\u00e1lpr\u00e6\u00f0is.<a name=\"8\"><span class=\"versanumer\">8<\/span><\/a>\u00dea\u00f0 er \u00fev\u00ed ekki \u00fe\u00e9r, sem hafi\u00f0 sent mig hinga\u00f0, heldur Gu\u00f0. Og hann hefir l\u00e1ti\u00f0 mig ver\u00f0a Fara\u00f3 sem f\u00f6\u00f0ur og herra alls h\u00fass hans og h\u00f6f\u00f0ingja yfir \u00f6llu Egyptalandi.<a name=\"9\"><span class=\"versanumer\">9<\/span><\/a>&#8222;Hra\u00f0i\u00f0 y\u00f0ur n\u00fa og fari\u00f0 heim til f\u00f6\u00f0ur m\u00edns og segi\u00f0 vi\u00f0 hann: Svo segir J\u00f3sef sonur \u00feinn: Gu\u00f0 hefir gj\u00f6rt mig a\u00f0 herra alls Egyptalands; kom \u00fe\u00fa til m\u00edn og tef eigi.&#8220;<a name=\"10\"><span class=\"versanumer\">10<\/span><\/a>Og \u00fe\u00fa skalt b\u00faa \u00ed G\u00f3senlandi og vera \u00ed n\u00e1nd vi\u00f0 mig, \u00fe\u00fa og synir \u00fe\u00ednir og sonasynir \u00fe\u00ednir og sau\u00f0f\u00e9 \u00feitt og nautgripir \u00fe\u00ednir og allt, sem \u00feitt er.<a name=\"11\"><span class=\"versanumer\">11<\/span><\/a>En \u00e9g skal sj\u00e1 \u00fe\u00e9r \u00fear fyrir vi\u00f0urv\u00e6ri, \u00fev\u00ed a\u00f0 enn ver\u00f0ur hall\u00e6ri \u00ed fimm \u00e1r, svo a\u00f0 \u00fe\u00fa komist ekki \u00ed \u00f6rbirg\u00f0, \u00fe\u00fa og \u00feitt h\u00fas og allt, sem \u00feitt er.<a name=\"12\"><span class=\"versanumer\">12<\/span><\/a>Og n\u00fa sj\u00e1 augu y\u00f0ar, og augu Benjam\u00edns br\u00f3\u00f0ur m\u00edns sj\u00e1, a\u00f0 \u00e9g me\u00f0 eigin munni tala vi\u00f0 y\u00f0ur.<a name=\"13\"><span class=\"versanumer\">13<\/span><\/a>Og segi\u00f0 f\u00f6\u00f0ur m\u00ednum fr\u00e1 allri vegsemd minni \u00e1 Egyptalandi og fr\u00e1 \u00f6llu, sem \u00fe\u00e9r hafi\u00f0 s\u00e9\u00f0, og fl\u00fdti\u00f0 y\u00f0ur n\u00fa og komi\u00f0 hinga\u00f0 me\u00f0 f\u00f6\u00f0ur minn.<a name=\"14\"><span class=\"versanumer\">14<\/span><\/a>Og hann f\u00e9ll um h\u00e1ls Benjam\u00edn br\u00f3\u00f0ur s\u00ednum og gr\u00e9t, og Benjam\u00edn gr\u00e9t um h\u00e1ls honum.<a name=\"15\"><span class=\"versanumer\">15<\/span><\/a>Og hann minntist vi\u00f0 alla br\u00e6\u00f0ur s\u00edna, fa\u00f0ma\u00f0i \u00fe\u00e1 og gr\u00e9t. Eftir \u00fea\u00f0 t\u00f6lu\u00f0u br\u00e6\u00f0ur hans vi\u00f0 hann.<a name=\"16\"><span class=\"versanumer\">16<\/span><\/a>\u00deau t\u00ed\u00f0indi b\u00e1rust til hir\u00f0ar Fara\u00f3s: Br\u00e6\u00f0ur J\u00f3sefs eru komnir! Og l\u00e9t Fara\u00f3 og \u00fej\u00f3nar hans vel yfir \u00fev\u00ed.<a name=\"17\"><span class=\"versanumer\">17<\/span><\/a>Og Fara\u00f3 sag\u00f0i vi\u00f0 J\u00f3sef: Seg \u00fe\u00fa vi\u00f0 br\u00e6\u00f0ur \u00fe\u00edna: \u00deetta skulu\u00f0 \u00fe\u00e9r gj\u00f6ra: Klyfji\u00f0 eyki y\u00f0ar og haldi\u00f0 af sta\u00f0 og fari\u00f0 til Kanaanlands.<a name=\"18\"><span class=\"versanumer\">18<\/span><\/a>Taki\u00f0 f\u00f6\u00f0ur y\u00f0ar og fj\u00f6lskyldur y\u00f0ar og komi\u00f0 til m\u00edn, og skal \u00e9g gefa y\u00f0ur bestu afur\u00f0ir Egyptalands, og \u00fe\u00e9r skulu\u00f0 eta feiti landsins.<a name=\"19\"><span class=\"versanumer\">19<\/span><\/a>Og bj\u00f3\u00f0 \u00fe\u00fa \u00feeim: Gj\u00f6ri\u00f0 svo: Taki\u00f0 y\u00f0ur vagna \u00ed Egyptalandi handa b\u00f6rnum y\u00f0ar og konum y\u00f0ar og flytji\u00f0 f\u00f6\u00f0ur y\u00f0ar og komi\u00f0.<a name=\"20\"><span class=\"versanumer\">20<\/span><\/a>Og hir\u00f0i\u00f0 eigi um b\u00fashluti y\u00f0ar, \u00fev\u00ed a\u00f0 hi\u00f0 besta \u00ed \u00f6llu Egyptalandi skal vera y\u00f0ar.<a name=\"21\"><span class=\"versanumer\">21<\/span><\/a>Og synir \u00cdsraels gj\u00f6r\u00f0u svo, og J\u00f3sef f\u00e9kk \u00feeim vagna eftir bo\u00f0i Fara\u00f3s, og hann gaf \u00feeim nesti til fer\u00f0arinnar.<a name=\"22\"><span class=\"versanumer\">22<\/span><\/a>Hann gaf og s\u00e9rhverjum \u00feeirra alkl\u00e6\u00f0na\u00f0, en Benjam\u00edn gaf hann \u00ferj\u00fa hundru\u00f0 sikla silfurs og fimm alkl\u00e6\u00f0na\u00f0i.<a name=\"23\"><span class=\"versanumer\">23<\/span><\/a>Og f\u00f6\u00f0ur s\u00ednum sendi hann s\u00f6mulei\u00f0is t\u00edu asna klyfja\u00f0a hinum bestu afur\u00f0um Egyptalands og t\u00edu \u00f6snur klyfja\u00f0ar korni og brau\u00f0i og vistum handa f\u00f6\u00f0ur hans til fer\u00f0arinnar.<a name=\"24\"><span class=\"versanumer\">24<\/span><\/a>L\u00e9t hann s\u00ed\u00f0an br\u00e6\u00f0ur s\u00edna fara, og \u00feeir h\u00e9ldu af sta\u00f0. Og hann sag\u00f0i vi\u00f0 \u00fe\u00e1: Deili\u00f0 ekki \u00e1 lei\u00f0inni.<a name=\"25\"><span class=\"versanumer\">25<\/span><\/a>Og \u00feeir f\u00f3ru fr\u00e1 Egyptalandi og komu til Kanaanlands, heim til Jakobs f\u00f6\u00f0ur s\u00edns.<a name=\"26\"><span class=\"versanumer\">26<\/span><\/a>Og \u00feeir f\u00e6r\u00f0u honum t\u00ed\u00f0indin og s\u00f6g\u00f0u: J\u00f3sef er enn \u00e1 l\u00edfi og er h\u00f6f\u00f0ingi yfir \u00f6llu Egyptalandi. En hjarta hans komst ekki vi\u00f0, \u00fev\u00ed a\u00f0 hann tr\u00fa\u00f0i \u00feeim ekki.<a name=\"27\"><span class=\"versanumer\">27<\/span><\/a>En er \u00feeir b\u00e1ru honum \u00f6ll or\u00f0 J\u00f3sefs, sem hann haf\u00f0i vi\u00f0 \u00fe\u00e1 tala\u00f0, og hann s\u00e1 vagnana, sem J\u00f3sef haf\u00f0i sent til a\u00f0 flytja hann \u00e1, \u00fe\u00e1 lifna\u00f0i yfir Jakob f\u00f6\u00f0ur \u00feeirra.<a name=\"28\"><span class=\"versanumer\">28<\/span><\/a>Og \u00cdsrael sag\u00f0i: M\u00e9r er \u00fea\u00f0 n\u00f3g, a\u00f0 J\u00f3sef sonur minn er enn \u00e1 l\u00edfi. \u00c9g vil fara og sj\u00e1 hann \u00e1\u00f0ur en \u00e9g dey.<\/p>\n<div class=\"footnote1981\"><b>45.1<\/b> Sag\u00f0i hver hann var Post 7.13<br \/>\n<b>45.2<\/b> J\u00f3sef gr\u00e9t 1M\u00f3s 42.24+<br \/>\n<b>45.3<\/b> \u00d3ttaslegnir 1M\u00f3s 50.15<br \/>\n<b>45.4<\/b> Seldu\u00f0 til Egyptalands 1M\u00f3s 37.28; Slm 105.17<br \/>\n<b>45.5<\/b> Gu\u00f0 sendi mig 1M\u00f3s 45.8; 50.20; R\u00f3m 8.28<br \/>\n<b>45.6<\/b> Fimm \u00e1r 1M\u00f3s 41.27<br \/>\n<b>45.8<\/b> St\u00fdra Egyptalandi 1M\u00f3s 41.41; 45.26<br \/>\n<b>45.10<\/b> G\u00f3senland 1M\u00f3s 46.28,34; 47.1-6,27; 50.8; 2M\u00f3s 8.18; 9.26<br \/>\n<b>45.13<\/b> Fa\u00f0ir minn 1M\u00f3s 45.18; Post 7.14<br \/>\n<b>45.18<\/b> S\u00e6ki\u00f0 f\u00f6\u00f0ur ykkar 1M\u00f3s 45.13+ &#8211; g\u00e6\u00f0i landsins 1M\u00f3s 47.6,11<br \/>\n<b>45.22<\/b> Benjam\u00edn 1M\u00f3s 43.34+<br \/>\n<b>45.26<\/b> St\u00fdrir Egyptalandi 1M\u00f3s 45.8+ &#8211; tr\u00fa\u00f0i \u00feeim ekki Slm 126.1; Job 9.16; L\u00fak 16.31; 24.11<br \/>\n<b>45.28<\/b> Sj\u00e1 1M\u00f3s 46.30<\/div>\n","protected":false},"excerpt":{"rendered":"<p>1J\u00f3sef gat \u00fe\u00e1 ekki lengur haft stj\u00f3rn \u00e1 s\u00e9r \u00ed augs\u00fdn allra, sem vi\u00f0staddir voru, og kalla\u00f0i: L\u00e1ti\u00f0 alla ganga \u00fat fr\u00e1 m\u00e9r! Og enginn ma\u00f0ur var inni hj\u00e1 honum, \u00feegar hann sag\u00f0i br\u00e6\u00f0rum s\u00ednum hver hann v\u00e6ri.2Og hann gr\u00e9t h\u00e1st\u00f6fum, svo a\u00f0 Egyptar heyr\u00f0u \u00fea\u00f0, og hir\u00f0menn Fara\u00f3s heyr\u00f0u \u00fea\u00f0.3J\u00f3sef m\u00e6lti vi\u00f0 br\u00e6\u00f0ur s\u00edna: \u00c9g er J\u00f3sef. Er fa\u00f0ir minn enn \u00e1 l\u00edfi? En br\u00e6\u00f0ur hans g\u00e1tu ekki svara\u00f0 honum, svo hr\u00e6ddir ur\u00f0u \u00feeir vi\u00f0 hann.4Og J\u00f3sef sag\u00f0i vi\u00f0 br\u00e6\u00f0ur s\u00edna: Komi\u00f0 hinga\u00f0 til m\u00edn! Og \u00feeir gengu til hans. Hann m\u00e6lti \u00fe\u00e1: \u00c9g er J\u00f3sef br\u00f3\u00f0ir y\u00f0ar, sem <a href=\"https:\/\/biblian.is\/1981\/fyrsta-mosebok-45-kafli\/\"> [&#8230;]<\/a><\/p>\n","protected":false},"author":1,"featured_media":0,"parent":0,"menu_order":0,"comment_status":"open","ping_status":"open","template":"bibliukaflar.php","meta":{"footnotes":""},"class_list":["post-1391","page","type-page","status-publish","hentry"],"_links":{"self":[{"href":"https:\/\/biblian.is\/1981\/wp-json\/wp\/v2\/pages\/1391","targetHints":{"allow":["GET"]}}],"collection":[{"href":"https:\/\/biblian.is\/1981\/wp-json\/wp\/v2\/pages"}],"about":[{"href":"https:\/\/biblian.is\/1981\/wp-json\/wp\/v2\/types\/page"}],"author":[{"embeddable":true,"href":"https:\/\/biblian.is\/1981\/wp-json\/wp\/v2\/users\/1"}],"replies":[{"embeddable":true,"href":"https:\/\/biblian.is\/1981\/wp-json\/wp\/v2\/comments?post=1391"}],"version-history":[{"count":0,"href":"https:\/\/biblian.is\/1981\/wp-json\/wp\/v2\/pages\/1391\/revisions"}],"wp:attachment":[{"href":"https:\/\/biblian.is\/1981\/wp-json\/wp\/v2\/media?parent=1391"}],"curies":[{"name":"wp","href":"https:\/\/api.w.org\/{rel}","templated":true}]}}