{"id":1390,"date":"2017-11-18T20:17:12","date_gmt":"2017-11-18T20:17:12","guid":{"rendered":"http:\/\/biblian.is\/1981\/fyrsta-mosebok-44-kafli\/"},"modified":"2021-06-06T11:18:56","modified_gmt":"2021-06-06T11:18:56","slug":"fyrsta-mosebok-44-kafli","status":"publish","type":"page","link":"https:\/\/biblian.is\/1981\/fyrsta-mosebok-44-kafli\/","title":{"rendered":"Fyrsta M\u00f3seb\u00f3k 44. kafli"},"content":{"rendered":"<p><a name=\"1\"><span class=\"versanumer\">1<\/span><\/a>J\u00f3sef bau\u00f0 r\u00e1\u00f0smanni s\u00ednum og m\u00e6lti: Fyll \u00fe\u00fa sekki mannanna vistum, svo miki\u00f0 sem \u00feeir geta me\u00f0 s\u00e9r flutt, og l\u00e1ttu silfurpeninga hvers eins ofan \u00e1 \u00ed sekk hans.<a name=\"2\"><span class=\"versanumer\">2<\/span><\/a>Og bikar minn, silfurbikarinn, skalt \u00fe\u00fa l\u00e1ta ofan \u00e1 \u00ed sekk hins yngsta og silfurpeningana fyrir korn hans. Og hann gj\u00f6r\u00f0i eins og J\u00f3sef bau\u00f0 honum.<a name=\"3\"><span class=\"versanumer\">3<\/span><\/a>Er bjart var or\u00f0i\u00f0 n\u00e6sta morgun, voru mennirnir l\u00e1tnir fara, \u00feeir og asnar \u00feeirra.<a name=\"4\"><span class=\"versanumer\">4<\/span><\/a>Og er \u00feeir voru komnir \u00fat \u00far borginni, en skammt burt farnir, sag\u00f0i J\u00f3sef vi\u00f0 r\u00e1\u00f0smann sinn: Breg\u00f0 \u00fe\u00fa vi\u00f0 og veit m\u00f6nnunum eftirf\u00f6r, og \u00feegar \u00fe\u00fa n\u00e6r \u00feeim, skalt \u00fe\u00fa segja vi\u00f0 \u00fe\u00e1: Hv\u00ed hafi\u00f0 \u00fe\u00e9r launa\u00f0 gott me\u00f0 illu? Hv\u00ed hafi\u00f0 \u00fe\u00e9r stoli\u00f0 silfurbikar m\u00ednum?<a name=\"5\"><span class=\"versanumer\">5<\/span><\/a>Er \u00fea\u00f0 ekki s\u00e1, sem herra minn drekkur af og hann sp\u00e1ir \u00ed? \u00dear hafi\u00f0 \u00fe\u00e9r illa gj\u00f6rt.<a name=\"6\"><span class=\"versanumer\">6<\/span><\/a>Og er hann n\u00e1\u00f0i \u00feeim, tala\u00f0i hann \u00feessi or\u00f0 til \u00feeirra.<a name=\"7\"><span class=\"versanumer\">7<\/span><\/a>En \u00feeir s\u00f6g\u00f0u vi\u00f0 hann: Hv\u00ed talar herra minn \u00feannig? Fjarri s\u00e9 \u00fea\u00f0 \u00fej\u00f3num \u00fe\u00ednum a\u00f0 gj\u00f6ra sl\u00edkt.<a name=\"8\"><span class=\"versanumer\">8<\/span><\/a>Sj\u00e1, \u00fea\u00f0 silfur, sem v\u00e9r fundum ofan \u00e1 \u00ed sekkjum vorum, f\u00e6r\u00f0um v\u00e9r \u00fe\u00e9r aftur fr\u00e1 Kanaanlandi, og hvernig skyldum v\u00e9r \u00fe\u00e1 stela silfri e\u00f0a gulli \u00far h\u00fasi herra \u00fe\u00edns?<a name=\"9\"><span class=\"versanumer\">9<\/span><\/a>Hver s\u00e1 af \u00fej\u00f3num \u00fe\u00ednum, sem bikarinn finnst hj\u00e1, skal deyja, og \u00fear a\u00f0 auki skulum v\u00e9r hinir vera \u00fer\u00e6lar herra m\u00edns.<a name=\"10\"><span class=\"versanumer\">10<\/span><\/a>Hann svara\u00f0i: S\u00e9 \u00fe\u00e1 svo sem \u00fe\u00e9r segi\u00f0. S\u00e1 sem hann finnst hj\u00e1, veri \u00fer\u00e6ll minn, en \u00fe\u00e9r skulu\u00f0 vera lausir.<a name=\"11\"><span class=\"versanumer\">11<\/span><\/a>\u00de\u00e1 fl\u00fdttu \u00feeir s\u00e9r a\u00f0 taka ofan hver sinn sekk, og \u00feeir opnu\u00f0u hver sinn sekk.<a name=\"12\"><span class=\"versanumer\">12<\/span><\/a>Og hann leita\u00f0i, byrja\u00f0i \u00e1 hinum elsta og enda\u00f0i \u00e1 hinum yngsta, og fannst \u00fe\u00e1 bikarinn \u00ed sekk Benjam\u00edns.<a name=\"13\"><span class=\"versanumer\">13<\/span><\/a>\u00de\u00e1 rifu \u00feeir kl\u00e6\u00f0i s\u00edn, l\u00e9tu hver upp \u00e1 sinn asna og f\u00f3ru aftur til borgarinnar.<a name=\"14\"><span class=\"versanumer\">14<\/span><\/a>J\u00fada og br\u00e6\u00f0ur hans gengu inn \u00ed h\u00fas J\u00f3sefs, en hann var \u00fear enn \u00fe\u00e1, og \u00feeir f\u00e9llu fram fyrir honum til jar\u00f0ar.<a name=\"15\"><span class=\"versanumer\">15<\/span><\/a>\u00de\u00e1 sag\u00f0i J\u00f3sef vi\u00f0 \u00fe\u00e1: Hv\u00edl\u00edk \u00f3h\u00e6fa er \u00feetta, sem \u00fe\u00e9r hafi\u00f0 frami\u00f0? Vissu\u00f0 \u00fe\u00e9r ekki, a\u00f0 annar eins ma\u00f0ur og \u00e9g kann a\u00f0 sp\u00e1?<a name=\"16\"><span class=\"versanumer\">16<\/span><\/a>Og J\u00fada m\u00e6lti: Hva\u00f0 skulum v\u00e9r segja vi\u00f0 herra minn, hva\u00f0 skulum v\u00e9r tala og hvernig skulum v\u00e9r r\u00e9ttl\u00e6ta oss? Gu\u00f0 hefir fundi\u00f0 misgj\u00f6r\u00f0 \u00fej\u00f3na \u00feinna. Sj\u00e1, v\u00e9r erum \u00fer\u00e6lar herra m\u00edns, b\u00e6\u00f0i v\u00e9r og s\u00e1, sem bikarinn fannst hj\u00e1.<a name=\"17\"><span class=\"versanumer\">17<\/span><\/a>Og hann svara\u00f0i: Fjarri s\u00e9 m\u00e9r a\u00f0 gj\u00f6ra sl\u00edkt. S\u00e1 ma\u00f0ur, sem bikarinn fannst hj\u00e1, hann s\u00e9 \u00fer\u00e6ll minn, en fari\u00f0 \u00fe\u00e9r \u00ed fri\u00f0i til f\u00f6\u00f0ur y\u00f0ar.<a name=\"18\"><span class=\"versanumer\">18<\/span><\/a>\u00de\u00e1 gekk J\u00fada n\u00e6r honum og m\u00e6lti: \u00c6, herra minn, leyf \u00fej\u00f3ni \u00fe\u00ednum a\u00f0 tala nokkur or\u00f0 \u00ed \u00e1heyrn herra m\u00edns, og rei\u00f0i \u00fe\u00edn upptendrist ekki gegn \u00fej\u00f3ni \u00fe\u00ednum, \u00fev\u00ed a\u00f0 \u00fe\u00fa ert sem Fara\u00f3.<a name=\"19\"><span class=\"versanumer\">19<\/span><\/a>Herra minn spur\u00f0i \u00fej\u00f3na s\u00edna og m\u00e6lti: Eigi\u00f0 \u00fe\u00e9r f\u00f6\u00f0ur e\u00f0a br\u00f3\u00f0ur?<a name=\"20\"><span class=\"versanumer\">20<\/span><\/a>Og v\u00e9r s\u00f6g\u00f0um vi\u00f0 herra minn: V\u00e9r eigum aldra\u00f0an f\u00f6\u00f0ur og ungan br\u00f3\u00f0ur, sem hann gat \u00ed elli sinni. Og br\u00f3\u00f0ir hans er d\u00e1inn, og hann er einn \u00e1 l\u00edfi eftir m\u00f3\u00f0ur s\u00edna, og fa\u00f0ir hans elskar hann.<a name=\"21\"><span class=\"versanumer\">21<\/span><\/a>Og \u00fe\u00fa sag\u00f0ir vi\u00f0 \u00fej\u00f3na \u00fe\u00edna: Komi\u00f0 me\u00f0 hann hinga\u00f0 til m\u00edn, a\u00f0 \u00e9g f\u00e1i liti\u00f0 hann me\u00f0 augum m\u00ednum.<a name=\"22\"><span class=\"versanumer\">22<\/span><\/a>Og v\u00e9r s\u00f6g\u00f0um vi\u00f0 herra minn: Sveinninn m\u00e1 ekki yfirgefa f\u00f6\u00f0ur sinn, \u00fev\u00ed a\u00f0 yfirg\u00e6fi hann f\u00f6\u00f0ur sinn, mundi \u00fea\u00f0 draga hann til dau\u00f0a.<a name=\"23\"><span class=\"versanumer\">23<\/span><\/a>\u00de\u00e1 sag\u00f0ir \u00fe\u00fa vi\u00f0 \u00fej\u00f3na \u00fe\u00edna: Ef yngsti br\u00f3\u00f0ir y\u00f0ar kemur ekki hinga\u00f0 me\u00f0 y\u00f0ur, \u00fe\u00e1 skulu\u00f0 \u00fe\u00e9r ekki framar f\u00e1 a\u00f0 sj\u00e1 auglit mitt.<a name=\"24\"><span class=\"versanumer\">24<\/span><\/a>Og \u00feegar v\u00e9r komum heim til \u00fej\u00f3ns \u00fe\u00edns, f\u00f6\u00f0ur m\u00edns, \u00fe\u00e1 s\u00f6g\u00f0um v\u00e9r honum umm\u00e6li herra m\u00edns.<a name=\"25\"><span class=\"versanumer\">25<\/span><\/a>Og fa\u00f0ir vor sag\u00f0i: Fari\u00f0 aftur og kaupi\u00f0 oss l\u00edti\u00f0 eitt af vistum.<a name=\"26\"><span class=\"versanumer\">26<\/span><\/a>\u00de\u00e1 sv\u00f6ru\u00f0um v\u00e9r: V\u00e9r getum ekki fari\u00f0 \u00feanga\u00f0. Megi yngsti br\u00f3\u00f0ir vor fara me\u00f0 oss, \u00fe\u00e1 skulum v\u00e9r fara \u00feanga\u00f0, \u00fev\u00ed a\u00f0 v\u00e9r f\u00e1um ekki a\u00f0 sj\u00e1 auglit mannsins, ef yngsti br\u00f3\u00f0ir vor er ekki me\u00f0 oss.<a name=\"27\"><span class=\"versanumer\">27<\/span><\/a>Og \u00fej\u00f3nn \u00feinn, fa\u00f0ir minn, sag\u00f0i vi\u00f0 oss: \u00de\u00e9r viti\u00f0, a\u00f0 kona m\u00edn \u00f3l m\u00e9r tvo sonu.<a name=\"28\"><span class=\"versanumer\">28<\/span><\/a>Annar \u00feeirra f\u00f3r a\u00f0 heiman fr\u00e1 m\u00e9r, og \u00e9g sag\u00f0i: Vissulega er hann sundur rifinn. Og hefi \u00e9g ekki s\u00e9\u00f0 hann s\u00ed\u00f0an.<a name=\"29\"><span class=\"versanumer\">29<\/span><\/a>Og ef \u00fe\u00e9r taki\u00f0 n\u00fa \u00feennan l\u00edka burt fr\u00e1 m\u00e9r og ver\u00f0i hann fyrir slysi, \u00fe\u00e1 munu\u00f0 \u00fe\u00e9r lei\u00f0a h\u00e6rur m\u00ednar me\u00f0 h\u00f6rmung til heljar.<a name=\"30\"><span class=\"versanumer\">30<\/span><\/a>Og komi \u00e9g n\u00fa til \u00fej\u00f3ns \u00fe\u00edns, f\u00f6\u00f0ur m\u00edns, og s\u00e9 sveinninn ekki me\u00f0 oss, \u00fev\u00ed a\u00f0 hann ann honum sem l\u00edfi s\u00ednu,<a name=\"31\"><span class=\"versanumer\">31<\/span><\/a>\u00fe\u00e1 mun svo fara, a\u00f0 sj\u00e1i hann, a\u00f0 sveinninn er eigi me\u00f0 oss, \u00fe\u00e1 deyr hann, og \u00fej\u00f3nar \u00fe\u00ednir munu lei\u00f0a h\u00e6rur \u00fej\u00f3ns \u00fe\u00edns, f\u00f6\u00f0ur vors, me\u00f0 harmi til heljar.<a name=\"32\"><span class=\"versanumer\">32<\/span><\/a>\u00dev\u00ed a\u00f0 \u00fej\u00f3nn \u00feinn t\u00f3k \u00e1byrg\u00f0 \u00e1 sveininum vi\u00f0 f\u00f6\u00f0ur minn og sag\u00f0i: Ef \u00e9g kem ekki me\u00f0 hann aftur, skal \u00e9g vera sekur vi\u00f0 f\u00f6\u00f0ur minn alla \u00e6vi.<a name=\"33\"><span class=\"versanumer\">33<\/span><\/a>Og l\u00e1t \u00fe\u00fa \u00fev\u00ed \u00fej\u00f3n \u00feinn ver\u00f0a h\u00e9r eftir sem \u00fer\u00e6l herra m\u00edns \u00ed sta\u00f0 sveinsins, en leyf sveininum a\u00f0 fara heim me\u00f0 br\u00e6\u00f0rum s\u00ednum.<a name=\"34\"><span class=\"versanumer\">34<\/span><\/a>\u00dev\u00ed a\u00f0 hvernig g\u00e6ti \u00e9g fari\u00f0 heim til f\u00f6\u00f0ur m\u00edns, s\u00e9 sveinninn ekki me\u00f0 m\u00e9r? \u00c9g yr\u00f0i \u00fe\u00e1 a\u00f0 sj\u00e1 \u00fe\u00e1 h\u00f6rmung, sem koma mundi yfir f\u00f6\u00f0ur minn.<\/p>\n<div class=\"footnote1981\"><b>44.1<\/b> Silfur \u00ed sekkina 1M\u00f3s 42.25<br \/>\n<b>44.4<\/b> Launa gott me\u00f0 illu 1Sam 25.21; Jer 18.20; Slm 35.12; Okv 17.13; sbr 1Sam 24.18; Okv 20.22; Matt 5.40,44; R\u00f3m 12.17; 1\u00deess 5.15; 1P\u00e9t 3.9<br \/>\n<b>44.21<\/b> Liti\u00f0 hann me\u00f0 eigin augum Slm 33.18<br \/>\n<b>44.28<\/b> Hvarf fr\u00e1 m\u00e9r 1M\u00f3s 42.13+<br \/>\n<b>44.29<\/b> H\u00e6rur m\u00ednar 1M\u00f3s 42.38+<br \/>\n<b>44.32<\/b> Kem me\u00f0 aftur 1M\u00f3s 42.37+<br \/>\n<b>44.33<\/b> \u00cd sta\u00f0 drengsins R\u00f3m 5.7-8; 9.3<\/div>\n","protected":false},"excerpt":{"rendered":"<p>1J\u00f3sef bau\u00f0 r\u00e1\u00f0smanni s\u00ednum og m\u00e6lti: Fyll \u00fe\u00fa sekki mannanna vistum, svo miki\u00f0 sem \u00feeir geta me\u00f0 s\u00e9r flutt, og l\u00e1ttu silfurpeninga hvers eins ofan \u00e1 \u00ed sekk hans.2Og bikar minn, silfurbikarinn, skalt \u00fe\u00fa l\u00e1ta ofan \u00e1 \u00ed sekk hins yngsta og silfurpeningana fyrir korn hans. Og hann gj\u00f6r\u00f0i eins og J\u00f3sef bau\u00f0 honum.3Er bjart var or\u00f0i\u00f0 n\u00e6sta morgun, voru mennirnir l\u00e1tnir fara, \u00feeir og asnar \u00feeirra.4Og er \u00feeir voru komnir \u00fat \u00far borginni, en skammt burt farnir, sag\u00f0i J\u00f3sef vi\u00f0 r\u00e1\u00f0smann sinn: Breg\u00f0 \u00fe\u00fa vi\u00f0 og veit m\u00f6nnunum eftirf\u00f6r, og \u00feegar \u00fe\u00fa n\u00e6r \u00feeim, skalt \u00fe\u00fa segja vi\u00f0 \u00fe\u00e1: <a href=\"https:\/\/biblian.is\/1981\/fyrsta-mosebok-44-kafli\/\"> [&#8230;]<\/a><\/p>\n","protected":false},"author":1,"featured_media":0,"parent":0,"menu_order":0,"comment_status":"closed","ping_status":"closed","template":"bibliukaflar.php","meta":{"footnotes":""},"class_list":["post-1390","page","type-page","status-publish","hentry"],"_links":{"self":[{"href":"https:\/\/biblian.is\/1981\/wp-json\/wp\/v2\/pages\/1390","targetHints":{"allow":["GET"]}}],"collection":[{"href":"https:\/\/biblian.is\/1981\/wp-json\/wp\/v2\/pages"}],"about":[{"href":"https:\/\/biblian.is\/1981\/wp-json\/wp\/v2\/types\/page"}],"author":[{"embeddable":true,"href":"https:\/\/biblian.is\/1981\/wp-json\/wp\/v2\/users\/1"}],"replies":[{"embeddable":true,"href":"https:\/\/biblian.is\/1981\/wp-json\/wp\/v2\/comments?post=1390"}],"version-history":[{"count":0,"href":"https:\/\/biblian.is\/1981\/wp-json\/wp\/v2\/pages\/1390\/revisions"}],"wp:attachment":[{"href":"https:\/\/biblian.is\/1981\/wp-json\/wp\/v2\/media?parent=1390"}],"curies":[{"name":"wp","href":"https:\/\/api.w.org\/{rel}","templated":true}]}}