{"id":1389,"date":"2017-11-18T20:17:12","date_gmt":"2017-11-18T20:17:12","guid":{"rendered":"http:\/\/biblian.is\/1981\/fyrsta-mosebok-43-kafli\/"},"modified":"2017-11-18T20:17:12","modified_gmt":"2017-11-18T20:17:12","slug":"fyrsta-mosebok-43-kafli","status":"publish","type":"page","link":"https:\/\/biblian.is\/1981\/fyrsta-mosebok-43-kafli\/","title":{"rendered":"Fyrsta M\u00f3seb\u00f3k 43. kafli"},"content":{"rendered":"<p><a name=\"1\"><span class=\"versanumer\">1<\/span><\/a>Hall\u00e6ri\u00f0 var miki\u00f0 \u00ed landinu.<a name=\"2\"><span class=\"versanumer\">2<\/span><\/a>Og er \u00feeir h\u00f6f\u00f0u eti\u00f0 upp korni\u00f0, sem \u00feeir h\u00f6f\u00f0u s\u00f3tt til Egyptalands, sag\u00f0i fa\u00f0ir \u00feeirra vi\u00f0 \u00fe\u00e1: Fari\u00f0 aftur og kaupi\u00f0 oss nokku\u00f0 af vistum.<a name=\"3\"><span class=\"versanumer\">3<\/span><\/a>\u00de\u00e1 svara\u00f0i J\u00fada honum og m\u00e6lti: Ma\u00f0urinn lag\u00f0i r\u00edkt \u00e1 vi\u00f0 oss og sag\u00f0i: \u00de\u00e9r skulu\u00f0 ekki sj\u00e1 auglit mitt, nema br\u00f3\u00f0ir y\u00f0ar s\u00e9 me\u00f0 y\u00f0ur.<a name=\"4\"><span class=\"versanumer\">4<\/span><\/a>Ef \u00fe\u00fa sendir br\u00f3\u00f0ur vorn me\u00f0 oss, \u00fe\u00e1 skulum v\u00e9r fara og kaupa \u00fe\u00e9r vistir.<a name=\"5\"><span class=\"versanumer\">5<\/span><\/a>En ef \u00fe\u00fa vilt ekki senda hann me\u00f0, \u00fe\u00e1 f\u00f6rum v\u00e9r hvergi, \u00fev\u00ed a\u00f0 ma\u00f0urinn sag\u00f0i vi\u00f0 oss: \u00de\u00e9r skulu\u00f0 ekki sj\u00e1 auglit mitt, nema br\u00f3\u00f0ir y\u00f0ar s\u00e9 me\u00f0 y\u00f0ur.<a name=\"6\"><span class=\"versanumer\">6<\/span><\/a>\u00cdsrael m\u00e6lti: Hv\u00ed hafi\u00f0 \u00fe\u00e9r gj\u00f6rt m\u00e9r svo illa til, a\u00f0 segja manninum, a\u00f0 \u00fe\u00e9r \u00e6ttu\u00f0 einn br\u00f3\u00f0ur enn?<a name=\"7\"><span class=\"versanumer\">7<\/span><\/a>\u00deeir sv\u00f6ru\u00f0u: Ma\u00f0urinn spur\u00f0i \u00edtarlega um oss og \u00e6tt vora og sag\u00f0i: Er fa\u00f0ir y\u00f0ar enn \u00e1 l\u00edfi? Eigi\u00f0 \u00fe\u00e9r einn br\u00f3\u00f0ur enn? Og v\u00e9r s\u00f6g\u00f0um honum eins og var. G\u00e1tum v\u00e9r vita\u00f0, a\u00f0 hann mundi segja:<a name=\"8\"><span class=\"versanumer\">8<\/span><\/a>Komi\u00f0 hinga\u00f0 me\u00f0 br\u00f3\u00f0ur y\u00f0ar? J\u00fada sag\u00f0i vi\u00f0 \u00cdsrael f\u00f6\u00f0ur sinn: L\u00e1ttu sveininn fara me\u00f0 m\u00e9r. \u00de\u00e1 skulum v\u00e9r taka oss upp og fara af sta\u00f0, svo a\u00f0 v\u00e9r megum l\u00edfi halda og ekki deyja, b\u00e6\u00f0i v\u00e9r og \u00fe\u00fa og b\u00f6rn vor.<a name=\"9\"><span class=\"versanumer\">9<\/span><\/a>\u00c9g skal \u00e1byrgjast hann, af minni hendi skalt \u00fe\u00fa krefjast hans. Komi \u00e9g ekki me\u00f0 hann aftur til \u00fe\u00edn og lei\u00f0i \u00e9g hann ekki fram fyrir \u00feig, skal \u00e9g vera sekur vi\u00f0 \u00feig alla \u00e6vi.<a name=\"10\"><span class=\"versanumer\">10<\/span><\/a>\u00dev\u00ed a\u00f0 hef\u00f0um v\u00e9r ekki tafi\u00f0, \u00fe\u00e1 v\u00e6rum v\u00e9r n\u00fa komnir aftur \u00ed anna\u00f0 sinn.<a name=\"11\"><span class=\"versanumer\">11<\/span><\/a>\u00de\u00e1 sag\u00f0i \u00cdsrael fa\u00f0ir \u00feeirra vi\u00f0 \u00fe\u00e1: Ef svo ver\u00f0ur a\u00f0 vera, \u00fe\u00e1 gj\u00f6ri\u00f0 \u00feetta: Taki\u00f0 af g\u00e6\u00f0um landsins \u00ed sekki y\u00f0ar og f\u00e6ri\u00f0 manninum a\u00f0 gj\u00f6f l\u00edti\u00f0 eitt af balsami og l\u00edti\u00f0 eitt af hunangi, reykelsi og myrru, pistas\u00eduhnetur og m\u00f6ndlur.<a name=\"12\"><span class=\"versanumer\">12<\/span><\/a>Og taki\u00f0 me\u00f0 y\u00f0ur tv\u00f6falt gjald og hafi\u00f0 aftur me\u00f0 y\u00f0ur silfurpeningana, sem komu aftur ofan \u00e1 \u00ed sekkjum y\u00f0ar. Vera m\u00e1, a\u00f0 \u00fea\u00f0 hafi veri\u00f0 af vang\u00e1.<a name=\"13\"><span class=\"versanumer\">13<\/span><\/a>Og taki\u00f0 br\u00f3\u00f0ur y\u00f0ar. Leggi\u00f0 \u00fev\u00ed n\u00e6st upp og fari\u00f0 aftur til mannsins.<a name=\"14\"><span class=\"versanumer\">14<\/span><\/a>Og Alm\u00e1ttugur Gu\u00f0 gefi, a\u00f0 ma\u00f0urinn s\u00fdni y\u00f0ur n\u00fa miskunnsemi og l\u00e1ti lausan vi\u00f0 y\u00f0ur hinn br\u00f3\u00f0ur y\u00f0ar og Benjam\u00edn. \u00c9g hefi hvort sem er \u00feegar or\u00f0i\u00f0 fyrir sonamissi.<a name=\"15\"><span class=\"versanumer\">15<\/span><\/a>&#8222;Og mennirnir t\u00f3ku \u00feessa gj\u00f6f; l\u00edka t\u00f3ku \u00feeir tv\u00f6falt gjald me\u00f0 s\u00e9r og Benjam\u00edn. Og \u00feeir l\u00f6g\u00f0u af sta\u00f0 og f\u00f3ru til Egyptalands og gengu fyrir J\u00f3sef.&#8220;<a name=\"16\"><span class=\"versanumer\">16<\/span><\/a>Er J\u00f3sef s\u00e1 Benjam\u00edn me\u00f0 \u00feeim, sag\u00f0i hann vi\u00f0 r\u00e1\u00f0smann sinn: Far \u00fe\u00fa me\u00f0 \u00feessa menn inn \u00ed h\u00fasi\u00f0 og sl\u00e1tra \u00fe\u00fa og matrei\u00f0, \u00fev\u00ed a\u00f0 \u00feessir menn skulu eta me\u00f0 m\u00e9r mi\u00f0degisver\u00f0 \u00ed dag.<a name=\"17\"><span class=\"versanumer\">17<\/span><\/a>Og ma\u00f0urinn gj\u00f6r\u00f0i sem J\u00f3sef bau\u00f0 og f\u00f3r me\u00f0 mennina inn \u00ed h\u00fas J\u00f3sefs.<a name=\"18\"><span class=\"versanumer\">18<\/span><\/a>Mennirnir ur\u00f0u hr\u00e6ddir, af \u00fev\u00ed a\u00f0 \u00feeir voru leiddir inn \u00ed h\u00fas J\u00f3sefs, og s\u00f6g\u00f0u: Sakir silfurpeninganna, sem aftur komu \u00ed sekki vora hi\u00f0 fyrra sinni\u00f0, erum v\u00e9r hinga\u00f0 leiddir, svo a\u00f0 hann geti r\u00e1\u00f0ist a\u00f0 oss og va\u00f0i\u00f0 upp \u00e1 oss og gj\u00f6rt oss a\u00f0 \u00fer\u00e6lum og teki\u00f0 asna vora.<a name=\"19\"><span class=\"versanumer\">19<\/span><\/a>\u00de\u00e1 gengu \u00feeir til r\u00e1\u00f0smanns J\u00f3sefs og t\u00f6lu\u00f0u vi\u00f0 hann \u00fati fyrir dyrum h\u00fassins<a name=\"20\"><span class=\"versanumer\">20<\/span><\/a>og s\u00f6g\u00f0u: \u00c6, herra minn, v\u00e9r komum hinga\u00f0 \u00ed fyrra skipti\u00f0 a\u00f0 kaupa vistir.<a name=\"21\"><span class=\"versanumer\">21<\/span><\/a>En svo bar til, er v\u00e9r komum \u00ed \u00e1fangasta\u00f0 og opnu\u00f0um sekki vora, sj\u00e1, \u00fe\u00e1 voru silfurpeningar hvers eins ofan \u00e1 \u00ed sekk hans, silfurpeningar vorir me\u00f0 fullri vigt, og v\u00e9r erum n\u00fa komnir me\u00f0 \u00fe\u00e1 aftur.<a name=\"22\"><span class=\"versanumer\">22<\/span><\/a>Og anna\u00f0 silfur h\u00f6fum v\u00e9r me\u00f0 oss til a\u00f0 kaupa vistir. Eigi vitum v\u00e9r, hver l\u00e1ti\u00f0 hefir peningana \u00ed sekki vora.<a name=\"23\"><span class=\"versanumer\">23<\/span><\/a>Hann svara\u00f0i: Veri\u00f0 \u00f3kv\u00ed\u00f0nir, \u00f3ttist ekki! Y\u00f0ar Gu\u00f0 og Gu\u00f0 f\u00f6\u00f0ur y\u00f0ar hefir gefi\u00f0 y\u00f0ur fj\u00e1rsj\u00f3\u00f0 \u00ed sekki y\u00f0ar. Silfur y\u00f0ar er komi\u00f0 til m\u00edn. S\u00ed\u00f0an leiddi hann S\u00edmeon \u00fat til \u00feeirra.<a name=\"24\"><span class=\"versanumer\">24<\/span><\/a>Ma\u00f0urinn f\u00f3r me\u00f0 \u00fe\u00e1 inn \u00ed h\u00fas J\u00f3sefs og gaf \u00feeim vatn, a\u00f0 \u00feeir m\u00e6ttu \u00fevo f\u00e6tur s\u00edna, og \u00f6snum \u00feeirra gaf hann f\u00f3\u00f0ur.<a name=\"25\"><span class=\"versanumer\">25<\/span><\/a>Og t\u00f3ku \u00feeir n\u00fa gj\u00f6fina fram, a\u00f0 h\u00fan v\u00e6ri til taks, er J\u00f3sef k\u00e6mi um mi\u00f0degi\u00f0, \u00fev\u00ed a\u00f0 \u00feeir h\u00f6f\u00f0u heyrt, a\u00f0 \u00feeir \u00e6ttu a\u00f0 matast \u00fear.<a name=\"26\"><span class=\"versanumer\">26<\/span><\/a>Er J\u00f3sef kom heim, f\u00e6r\u00f0u \u00feeir honum gj\u00f6fina, sem \u00feeir h\u00f6f\u00f0u me\u00f0fer\u00f0is, inn \u00ed h\u00fasi\u00f0 og hneig\u00f0u sig til jar\u00f0ar fyrir honum.<a name=\"27\"><span class=\"versanumer\">27<\/span><\/a>En hann spur\u00f0i, hvernig \u00feeim li\u00f0i, og m\u00e6lti: L\u00ed\u00f0ur y\u00f0ar aldra\u00f0a f\u00f6\u00f0ur vel, sem \u00fe\u00e9r g\u00e1tu\u00f0 um? Er hann enn \u00e1 l\u00edfi?<a name=\"28\"><span class=\"versanumer\">28<\/span><\/a>\u00deeir sv\u00f6ru\u00f0u: \u00dej\u00f3ni \u00fe\u00ednum, f\u00f6\u00f0ur vorum, l\u00ed\u00f0ur vel. Hann er enn \u00e1 l\u00edfi. Og \u00feeir hneig\u00f0u sig og lutu honum.<a name=\"29\"><span class=\"versanumer\">29<\/span><\/a>J\u00f3sef h\u00f3f upp augu s\u00edn og s\u00e1 Benjam\u00edn br\u00f3\u00f0ur sinn, son m\u00f3\u00f0ur sinnar, og m\u00e6lti: Er \u00feetta yngsti br\u00f3\u00f0ir y\u00f0ar, sem \u00fe\u00e9r g\u00e1tu\u00f0 um vi\u00f0 mig? Og hann sag\u00f0i: Gu\u00f0 s\u00e9 \u00fe\u00e9r n\u00e1\u00f0ugur, son minn!<a name=\"30\"><span class=\"versanumer\">30<\/span><\/a>Og J\u00f3sef hra\u00f0a\u00f0i s\u00e9r burt, \u00fev\u00ed a\u00f0 hjarta hans brann af \u00e1st til br\u00f3\u00f0ur hans, og hann v\u00e9k burt til \u00feess a\u00f0 gr\u00e1ta og f\u00f3r inn \u00ed innra herbergi\u00f0 og gr\u00e9t \u00fear.<a name=\"31\"><span class=\"versanumer\">31<\/span><\/a>S\u00ed\u00f0an \u00fevo\u00f0i hann andlit sitt og gekk \u00fat, og hann l\u00e9t ekki \u00e1 s\u00e9r sj\u00e1 og m\u00e6lti: Beri\u00f0 \u00e1 bor\u00f0!<a name=\"32\"><span class=\"versanumer\">32<\/span><\/a>Og menn b\u00e1ru \u00e1 bor\u00f0 fyrir hann s\u00e9r \u00ed lagi og fyrir \u00fe\u00e1 s\u00e9r \u00ed lagi og s\u00e9r \u00ed lagi fyrir \u00fe\u00e1 Egypta, sem me\u00f0 honum m\u00f6tu\u00f0ust, \u00fev\u00ed a\u00f0 ekki mega Egyptar eta me\u00f0 Hebreum, fyrir \u00fev\u00ed a\u00f0 Egyptar hafa andstygg\u00f0 \u00e1 \u00fev\u00ed.<a name=\"33\"><span class=\"versanumer\">33<\/span><\/a>Og \u00feeim var skipa\u00f0 til s\u00e6tis gegnt honum, hinum frumgetna eftir frumbur\u00f0arr\u00e9tti hans og hinum yngsta eftir \u00e6sku hans, og mennirnir litu me\u00f0 undrun hver \u00e1 annan.<a name=\"34\"><span class=\"versanumer\">34<\/span><\/a>Og hann l\u00e9t bera skammta fr\u00e1 s\u00e9r til \u00feeirra, en skammtur Benjam\u00edns var fimm sinnum st\u00e6rri en skammtur nokkurs hinna. Og \u00feeir drukku me\u00f0 honum og ur\u00f0u hreifir.<\/p>\n<div class=\"footnote1981\"><b>43.3<\/b> Auglit hans 1M\u00f3s 42.15-20; 44.23<br \/>\n<b>43.9<\/b> Koma me\u00f0 aftur 1M\u00f3s 42.37+<br \/>\n<b>43.11<\/b> Gj\u00f6f Okv 17.8; 18.16<br \/>\n<b>43.24<\/b> Vatn og f\u00f3\u00f0ur 1M\u00f3s 18.4-5+<br \/>\n<b>43.25<\/b> Gj\u00f6fin 1M\u00f3s 43.11+<br \/>\n<b>43.29<\/b> Gu\u00f0 s\u00e9 \u00fe\u00e9r n\u00e1\u00f0ugur 4M\u00f3s 6.25<br \/>\n<b>43.30<\/b> Gr\u00e1ta 1M\u00f3s 42.24+<br \/>\n<b>43.32<\/b> Mata\u00f0ist einn s\u00e9r 1M\u00f3s 39.6 \u2013 andstygg\u00f0 1M\u00f3s 46.34<br \/>\n<b>43.34<\/b> Fimm sinnum meira 1M\u00f3s 45.22; 48.22; 1Sam 1.5; 9.22-24<\/div>\n","protected":false},"excerpt":{"rendered":"<p>1Hall\u00e6ri\u00f0 var miki\u00f0 \u00ed landinu.2Og er \u00feeir h\u00f6f\u00f0u eti\u00f0 upp korni\u00f0, sem \u00feeir h\u00f6f\u00f0u s\u00f3tt til Egyptalands, sag\u00f0i fa\u00f0ir \u00feeirra vi\u00f0 \u00fe\u00e1: Fari\u00f0 aftur og kaupi\u00f0 oss nokku\u00f0 af vistum.3\u00de\u00e1 svara\u00f0i J\u00fada honum og m\u00e6lti: Ma\u00f0urinn lag\u00f0i r\u00edkt \u00e1 vi\u00f0 oss og sag\u00f0i: \u00de\u00e9r skulu\u00f0 ekki sj\u00e1 auglit mitt, nema br\u00f3\u00f0ir y\u00f0ar s\u00e9 me\u00f0 y\u00f0ur.4Ef \u00fe\u00fa sendir br\u00f3\u00f0ur vorn me\u00f0 oss, \u00fe\u00e1 skulum v\u00e9r fara og kaupa \u00fe\u00e9r vistir.5En ef \u00fe\u00fa vilt ekki senda hann me\u00f0, \u00fe\u00e1 f\u00f6rum v\u00e9r hvergi, \u00fev\u00ed a\u00f0 ma\u00f0urinn sag\u00f0i vi\u00f0 oss: \u00de\u00e9r skulu\u00f0 ekki sj\u00e1 auglit mitt, nema br\u00f3\u00f0ir y\u00f0ar s\u00e9 me\u00f0 y\u00f0ur.6\u00cdsrael m\u00e6lti: Hv\u00ed <a href=\"https:\/\/biblian.is\/1981\/fyrsta-mosebok-43-kafli\/\"> [&#8230;]<\/a><\/p>\n","protected":false},"author":1,"featured_media":0,"parent":0,"menu_order":0,"comment_status":"open","ping_status":"open","template":"bibliukaflar.php","meta":{"footnotes":""},"class_list":["post-1389","page","type-page","status-publish","hentry"],"_links":{"self":[{"href":"https:\/\/biblian.is\/1981\/wp-json\/wp\/v2\/pages\/1389","targetHints":{"allow":["GET"]}}],"collection":[{"href":"https:\/\/biblian.is\/1981\/wp-json\/wp\/v2\/pages"}],"about":[{"href":"https:\/\/biblian.is\/1981\/wp-json\/wp\/v2\/types\/page"}],"author":[{"embeddable":true,"href":"https:\/\/biblian.is\/1981\/wp-json\/wp\/v2\/users\/1"}],"replies":[{"embeddable":true,"href":"https:\/\/biblian.is\/1981\/wp-json\/wp\/v2\/comments?post=1389"}],"version-history":[{"count":0,"href":"https:\/\/biblian.is\/1981\/wp-json\/wp\/v2\/pages\/1389\/revisions"}],"wp:attachment":[{"href":"https:\/\/biblian.is\/1981\/wp-json\/wp\/v2\/media?parent=1389"}],"curies":[{"name":"wp","href":"https:\/\/api.w.org\/{rel}","templated":true}]}}