{"id":1387,"date":"2017-11-18T20:17:12","date_gmt":"2017-11-18T20:17:12","guid":{"rendered":"http:\/\/biblian.is\/1981\/fyrsta-mosebok-41-kafli\/"},"modified":"2017-11-18T20:17:12","modified_gmt":"2017-11-18T20:17:12","slug":"fyrsta-mosebok-41-kafli","status":"publish","type":"page","link":"https:\/\/biblian.is\/1981\/fyrsta-mosebok-41-kafli\/","title":{"rendered":"Fyrsta M\u00f3seb\u00f3k 41. kafli"},"content":{"rendered":"<p><a name=\"1\"><span class=\"versanumer\">1<\/span><\/a>Svo bar vi\u00f0 a\u00f0 tveim \u00e1rum li\u00f0num, a\u00f0 Fara\u00f3 dreymdi draum. Hann \u00fe\u00f3ttist standa vi\u00f0 N\u00edl.<a name=\"2\"><span class=\"versanumer\">2<\/span><\/a>Og sj\u00e1, upp \u00far \u00e1nni komu sj\u00f6 k\u00fdr, fallegar \u00fatlits og feitar \u00e1 hold, og f\u00f3ru a\u00f0 b\u00edta sefgresi\u00f0.<a name=\"3\"><span class=\"versanumer\">3<\/span><\/a>Og sj\u00e1, \u00e1 eftir \u00feeim komu sj\u00f6 a\u00f0rar k\u00fdr upp \u00far \u00e1nni, lj\u00f3tar \u00fatlits og magrar \u00e1 hold, og sta\u00f0n\u00e6mdust hj\u00e1 hinum k\u00fanum \u00e1 \u00e1rbakkanum.<a name=\"4\"><span class=\"versanumer\">4<\/span><\/a>Og k\u00fdrnar, sem lj\u00f3tar voru \u00fatlits og magrar \u00e1 hold, \u00e1tu upp hinar sj\u00f6 k\u00fdrnar, sem voru fallegar \u00fatlits og feitar \u00e1 hold. \u00de\u00e1 vakna\u00f0i Fara\u00f3.<a name=\"5\"><span class=\"versanumer\">5<\/span><\/a>Og hann sofna\u00f0i aftur og dreymdi \u00ed anna\u00f0 sinn, og sj\u00e1, sj\u00f6 \u00f6x uxu \u00e1 einni st\u00f6ng, \u00fer\u00fdstileg og v\u00e6n.<a name=\"6\"><span class=\"versanumer\">6<\/span><\/a>Og sj\u00e1, sj\u00f6 \u00f6x, gr\u00f6nn og skr\u00e6lnu\u00f0 af austanvindi, spruttu \u00e1 eftir \u00feeim.<a name=\"7\"><span class=\"versanumer\">7<\/span><\/a>Og hin gr\u00f6nnu \u00f6xin svelgdu \u00ed sig \u00feau sj\u00f6 \u00fer\u00fdstilegu og fullu. \u00de\u00e1 vakna\u00f0i Fara\u00f3, og sj\u00e1, \u00fea\u00f0 var draumur.<a name=\"8\"><span class=\"versanumer\">8<\/span><\/a>En um morguninn var honum \u00f3r\u00f3tt \u00ed skapi. Sendi hann \u00fev\u00ed og l\u00e9t kalla alla sp\u00e1sagnamenn Egyptalands og alla vitringa \u00feess. Og Fara\u00f3 sag\u00f0i \u00feeim drauma s\u00edna, en enginn gat r\u00e1\u00f0i\u00f0 \u00fe\u00e1 fyrir Fara\u00f3.<a name=\"9\"><span class=\"versanumer\">9<\/span><\/a>\u00de\u00e1 t\u00f3k yfirbyrlarinn til m\u00e1ls og sag\u00f0i vi\u00f0 Fara\u00f3: \u00c9g minnist \u00ed dag synda minna.<a name=\"10\"><span class=\"versanumer\">10<\/span><\/a>Fara\u00f3 reiddist \u00fej\u00f3num s\u00ednum og setti \u00fe\u00e1 \u00ed var\u00f0hald \u00ed h\u00fasi l\u00edfvar\u00f0arforingjans, mig og yfirbakarann.<a name=\"11\"><span class=\"versanumer\">11<\/span><\/a>\u00de\u00e1 dreymdi okkur s\u00f6mu n\u00f3ttina draum, mig og hann, sinn drauminn hvorn okkar, og haf\u00f0i hvor draumurinn s\u00edna \u00fe\u00fd\u00f0ingu.<a name=\"12\"><span class=\"versanumer\">12<\/span><\/a>\u00dear var me\u00f0 okkur hebreskur sveinn, \u00fej\u00f3nn hj\u00e1 l\u00edfvar\u00f0arforingjanum. Honum s\u00f6g\u00f0um vi\u00f0 drauma okkar, og hann r\u00e9\u00f0 \u00fe\u00e1 fyrir okkur. Hvorum fyrir sig r\u00e9\u00f0 hann eins og draumur hans \u00fe\u00fdddi.<a name=\"13\"><span class=\"versanumer\">13<\/span><\/a>Og svo f\u00f3r sem hann haf\u00f0i r\u00e1\u00f0i\u00f0 okkur draumana, \u00fev\u00ed a\u00f0 \u00e9g var aftur settur \u00ed emb\u00e6tti mitt, en hinn var hengdur.<a name=\"14\"><span class=\"versanumer\">14<\/span><\/a>\u00de\u00e1 sendi Fara\u00f3 og l\u00e9t kalla J\u00f3sef, og leiddu \u00feeir hann \u00ed skyndi \u00fat \u00far myrkvastofunni. \u00dev\u00ed n\u00e6st l\u00e9t hann skera h\u00e1r sitt og f\u00f3r \u00ed \u00f6nnur kl\u00e6\u00f0i, gekk s\u00ed\u00f0an inn fyrir Fara\u00f3.<a name=\"15\"><span class=\"versanumer\">15<\/span><\/a>\u00de\u00e1 sag\u00f0i Fara\u00f3 vi\u00f0 J\u00f3sef: Mig hefir dreymt draum, og enginn getur r\u00e1\u00f0i\u00f0 hann. En \u00fea\u00f0 hefi \u00e9g af \u00fe\u00e9r fr\u00e9tt, a\u00f0 \u00fe\u00fa r\u00e1\u00f0ir hvern draum, sem \u00fe\u00fa heyrir.<a name=\"16\"><span class=\"versanumer\">16<\/span><\/a>\u00de\u00e1 svara\u00f0i J\u00f3sef Fara\u00f3 og m\u00e6lti: Eigi er \u00fea\u00f0 \u00e1 m\u00ednu valdi. Gu\u00f0 mun birta Fara\u00f3 \u00fea\u00f0, er honum m\u00e1 til heilla ver\u00f0a.<a name=\"17\"><span class=\"versanumer\">17<\/span><\/a>Fara\u00f3 sag\u00f0i vi\u00f0 J\u00f3sef: Mig dreymdi, a\u00f0 \u00e9g st\u00e6\u00f0i \u00e1 \u00e1rbakkanum.<a name=\"18\"><span class=\"versanumer\">18<\/span><\/a>Og sj\u00e1, upp \u00far \u00e1nni komu sj\u00f6 k\u00fdr, feitar \u00e1 hold og fallegar \u00fatlits, og f\u00f3ru a\u00f0 b\u00edta sefgresi\u00f0.<a name=\"19\"><span class=\"versanumer\">19<\/span><\/a>Og sj\u00e1, \u00e1 eftir \u00feeim komu upp sj\u00f6 a\u00f0rar k\u00fdr, renglulegar og mj\u00f6g lj\u00f3tar \u00fatlits og magrar \u00e1 hold. Hefi \u00e9g engar s\u00e9\u00f0 jafn lj\u00f3tar \u00e1 \u00f6llu Egyptalandi.<a name=\"20\"><span class=\"versanumer\">20<\/span><\/a>Og hinar m\u00f6gru og lj\u00f3tu k\u00fdrnar \u00e1tu sj\u00f6 fyrri feitu k\u00fdrnar.<a name=\"21\"><span class=\"versanumer\">21<\/span><\/a>En er \u00fe\u00e6r h\u00f6f\u00f0u eti\u00f0 \u00fe\u00e6r, var \u00fea\u00f0 ekki \u00e1 \u00feeim a\u00f0 sj\u00e1, a\u00f0 \u00fe\u00e6r hef\u00f0u eti\u00f0 \u00fe\u00e6r, heldur voru \u00fe\u00e6r lj\u00f3tar \u00fatlits sem \u00e1\u00f0ur. \u00de\u00e1 vakna\u00f0i \u00e9g.<a name=\"22\"><span class=\"versanumer\">22<\/span><\/a>Og \u00e9g s\u00e1 \u00ed draumi m\u00ednum, og sj\u00e1, sj\u00f6 \u00f6x uxu \u00e1 einni st\u00f6ng, full og v\u00e6n.<a name=\"23\"><span class=\"versanumer\">23<\/span><\/a>Og sj\u00f6 \u00f6x kornlaus, gr\u00f6nn og skr\u00e6lnu\u00f0 af austanvindi, spruttu \u00e1 eftir \u00feeim.<a name=\"24\"><span class=\"versanumer\">24<\/span><\/a>Og hin gr\u00f6nnu \u00f6xin svelgdu \u00ed sig sj\u00f6 v\u00e6nu \u00f6xin. \u00c9g hefi sagt sp\u00e1sagnam\u00f6nnunum fr\u00e1 \u00feessu, en enginn getur \u00far leyst.<a name=\"25\"><span class=\"versanumer\">25<\/span><\/a>\u00de\u00e1 m\u00e6lti J\u00f3sef vi\u00f0 Fara\u00f3: Draumur Fara\u00f3s er einn. \u00dea\u00f0 sem Gu\u00f0 \u00e6tlar a\u00f0 gj\u00f6ra, hefir hann bo\u00f0a\u00f0 Fara\u00f3.<a name=\"26\"><span class=\"versanumer\">26<\/span><\/a>Sj\u00f6 v\u00e6nu k\u00fdrnar merkja sj\u00f6 \u00e1r, og sj\u00f6 v\u00e6nu \u00f6xin merkja sj\u00f6 \u00e1r. \u00deetta er einn og sami draumur.<a name=\"27\"><span class=\"versanumer\">27<\/span><\/a>Og sj\u00f6 m\u00f6gru og lj\u00f3tu k\u00fdrnar, sem \u00e1 eftir hinum komu, merkja sj\u00f6 \u00e1r, og sj\u00f6 t\u00f3mu \u00f6xin, sem skr\u00e6lnu\u00f0 voru af austanvindi, munu vera sj\u00f6 hall\u00e6ris\u00e1r.<a name=\"28\"><span class=\"versanumer\">28<\/span><\/a>\u00dea\u00f0 er \u00fea\u00f0, sem \u00e9g sag\u00f0i vi\u00f0 Fara\u00f3: \u00dea\u00f0 sem Gu\u00f0 \u00e6tlar a\u00f0 gj\u00f6ra, hefir hann s\u00fdnt Fara\u00f3.<a name=\"29\"><span class=\"versanumer\">29<\/span><\/a>Sj\u00e1, sj\u00f6 \u00e1r munu koma. Munu \u00fe\u00e1 ver\u00f0a miklar n\u00e6gtir um allt Egyptaland.<a name=\"30\"><span class=\"versanumer\">30<\/span><\/a>En eftir \u00feau munu koma sj\u00f6 hall\u00e6ris\u00e1r. Munu \u00fe\u00e1 gleymast allar n\u00e6gtirnar \u00ed Egyptalandi og hungri\u00f0 ey\u00f0a landi\u00f0.<a name=\"31\"><span class=\"versanumer\">31<\/span><\/a>Og eigi mun n\u00e6gtanna g\u00e6ta \u00ed landinu sakir hall\u00e6risins, sem \u00e1 eftir kemur, \u00fev\u00ed a\u00f0 \u00fea\u00f0 mun ver\u00f0a mj\u00f6g miki\u00f0.<a name=\"32\"><span class=\"versanumer\">32<\/span><\/a>En \u00fear sem Fara\u00f3 dreymdi tvisvar sinnum hi\u00f0 sama, \u00fe\u00e1 er \u00fea\u00f0 fyrir \u00fe\u00e1 s\u00f6k, a\u00f0 \u00feetta er fastr\u00e1\u00f0i\u00f0 af Gu\u00f0i, og Gu\u00f0 mun skj\u00f3tlega framkv\u00e6ma \u00fea\u00f0.<a name=\"33\"><span class=\"versanumer\">33<\/span><\/a>Fyrir \u00fev\u00ed velji n\u00fa Fara\u00f3 til hygginn og vitran mann og setji hann yfir Egyptaland.<a name=\"34\"><span class=\"versanumer\">34<\/span><\/a>Fara\u00f3 gj\u00f6ri \u00feetta og skipi umsj\u00f3narmenn yfir landi\u00f0 og taki fimmtung af afrakstri Egyptalands \u00e1 sj\u00f6 n\u00e6gta\u00e1runum.<a name=\"35\"><span class=\"versanumer\">35<\/span><\/a>Og \u00feeir skulu safna \u00f6llum vistum fr\u00e1 g\u00f3\u00f0u \u00e1runum, sem fara \u00ed h\u00f6nd, og draga saman kornbirg\u00f0ir \u00ed borgirnar undir umr\u00e1\u00f0 Fara\u00f3s og geyma.<a name=\"36\"><span class=\"versanumer\">36<\/span><\/a>Og vistirnar skulu vera for\u00f0i fyrir landi\u00f0 \u00e1 sj\u00f6 hall\u00e6ris\u00e1runum, sem koma munu yfir Egyptaland, a\u00f0 landi\u00f0 farist eigi af hungrinu.<a name=\"37\"><span class=\"versanumer\">37<\/span><\/a>\u00deetta l\u00edka\u00f0i Fara\u00f3 vel og \u00f6llum \u00fej\u00f3num hans.<a name=\"38\"><span class=\"versanumer\">38<\/span><\/a>Og Fara\u00f3 sag\u00f0i vi\u00f0 \u00fej\u00f3na s\u00edna: Munum v\u00e9r finna sl\u00edkan mann sem \u00feennan, er Gu\u00f0s andi b\u00fdr \u00ed?<a name=\"39\"><span class=\"versanumer\">39<\/span><\/a>Og Fara\u00f3 sag\u00f0i vi\u00f0 J\u00f3sef: Me\u00f0 \u00fev\u00ed a\u00f0 Gu\u00f0 hefir birt \u00fe\u00e9r allt \u00feetta, \u00fe\u00e1 er enginn svo hygginn og vitur sem \u00fe\u00fa.<a name=\"40\"><span class=\"versanumer\">40<\/span><\/a>\u00deig set \u00e9g yfir h\u00fas mitt, og \u00fe\u00ednum bo\u00f0um skal \u00f6ll m\u00edn \u00fej\u00f3\u00f0 hl\u00fd\u00f0a. A\u00f0 h\u00e1s\u00e6tinu einu skal \u00e9g \u00fe\u00e9r \u00e6\u00f0ri vera.<a name=\"41\"><span class=\"versanumer\">41<\/span><\/a>Fara\u00f3 sag\u00f0i vi\u00f0 J\u00f3sef: Sj\u00e1, \u00e9g set \u00feig yfir allt Egyptaland.<a name=\"42\"><span class=\"versanumer\">42<\/span><\/a>Og Fara\u00f3 t\u00f3k innsiglishring sinn af hendi s\u00e9r og dr\u00f3 \u00e1 h\u00f6nd J\u00f3sefs og l\u00e9t f\u00e6ra hann \u00ed d\u00fdrindis l\u00ednkl\u00e6\u00f0i og l\u00e9t gullmen um h\u00e1ls honum.<a name=\"43\"><span class=\"versanumer\">43<\/span><\/a>Og hann l\u00e9t aka honum \u00ed \u00f6\u00f0rum vagni s\u00ednum, og menn hr\u00f3pu\u00f0u fyrir honum: L\u00fati\u00f0 honum! og hann setti hann yfir allt Egyptaland.<a name=\"44\"><span class=\"versanumer\">44<\/span><\/a>Fara\u00f3 sag\u00f0i vi\u00f0 J\u00f3sef: \u00c9g er Fara\u00f3, en \u00e1n \u00fe\u00edns vilja skal enginn hreyfa h\u00f6nd e\u00f0a f\u00f3t \u00ed \u00f6llu Egyptalandi.<a name=\"45\"><span class=\"versanumer\">45<\/span><\/a>Og Fara\u00f3 kalla\u00f0i J\u00f3sef Safenat-panea og gaf honum fyrir konu Asenat, d\u00f3ttur P\u00f3t\u00edfera, prests \u00ed \u00d3n. Og J\u00f3sef fer\u00f0a\u00f0ist um Egyptaland.<a name=\"46\"><span class=\"versanumer\">46<\/span><\/a>J\u00f3sef var \u00fer\u00edtugur a\u00f0 aldri, er hann st\u00f3\u00f0 frammi fyrir Fara\u00f3, Egyptalandskonungi. \u00dev\u00ed n\u00e6st f\u00f3r J\u00f3sef burt fr\u00e1 augliti Fara\u00f3s og fer\u00f0a\u00f0ist um allt Egyptaland.<a name=\"47\"><span class=\"versanumer\">47<\/span><\/a>Afrakstur landsins var afar mikill sj\u00f6 n\u00e6gta\u00e1rin.<a name=\"48\"><span class=\"versanumer\">48<\/span><\/a>\u00de\u00e1 safna\u00f0i hann saman \u00f6llum vistum \u00feeirra sj\u00f6 \u00e1ra, er n\u00e6gtir voru \u00ed Egyptalandi, og safna\u00f0i vistum \u00ed borgirnar. \u00cd s\u00e9rhverja borg safna\u00f0i hann vistunum af \u00feeim \u00f6krum, sem umhverfis hana voru.<a name=\"49\"><span class=\"versanumer\">49<\/span><\/a>Og J\u00f3sef hr\u00faga\u00f0i saman korni sem sandi \u00e1 sj\u00e1varstr\u00f6ndu, \u00e1kaflega miklu, \u00fear til hann h\u00e6tti a\u00f0 telja, \u00fev\u00ed a\u00f0 t\u00f6lu var\u00f0 eigi \u00e1 komi\u00f0.<a name=\"50\"><span class=\"versanumer\">50<\/span><\/a>J\u00f3sef f\u00e6ddust tveir synir \u00e1\u00f0ur en fyrsta hall\u00e6ris\u00e1ri\u00f0 kom. \u00de\u00e1 sonu f\u00e6ddi honum Asenat, d\u00f3ttir P\u00f3t\u00edfera, prests \u00ed \u00d3n.<a name=\"51\"><span class=\"versanumer\">51<\/span><\/a>Og J\u00f3sef nefndi hinn frumgetna Manasse, \u00fev\u00ed a\u00f0 Gu\u00f0 hefir, sag\u00f0i hann, l\u00e1ti\u00f0 mig gleyma \u00f6llum \u00ferautum m\u00ednum og \u00f6llu h\u00fasi f\u00f6\u00f0ur m\u00edns.<a name=\"52\"><span class=\"versanumer\">52<\/span><\/a>En hinn nefndi hann Efra\u00edm, \u00fev\u00ed a\u00f0 Gu\u00f0 hefir, sag\u00f0i hann, gj\u00f6rt mig frj\u00f3saman \u00ed landi eymdar minnar.<a name=\"53\"><span class=\"versanumer\">53<\/span><\/a>Og sj\u00f6 n\u00e6gta\u00e1rin, sem voru \u00ed Egyptalandi, li\u00f0u \u00e1 enda,<a name=\"54\"><span class=\"versanumer\">54<\/span><\/a>og sj\u00f6 hall\u00e6ris\u00e1rin gengu \u00ed gar\u00f0, eins og J\u00f3sef haf\u00f0i sagt. Var \u00fe\u00e1 hall\u00e6ri \u00ed \u00f6llum l\u00f6ndum, en \u00ed \u00f6llu Egyptalandi var brau\u00f0.<a name=\"55\"><span class=\"versanumer\">55<\/span><\/a>En er hungur gekk yfir allt Egyptaland, heimta\u00f0i l\u00fd\u00f0urinn brau\u00f0 af Fara\u00f3. \u00de\u00e1 sag\u00f0i Fara\u00f3 vi\u00f0 alla Egypta: Fari\u00f0 til J\u00f3sefs, gj\u00f6ri\u00f0 \u00fea\u00f0, sem hann segir y\u00f0ur.<a name=\"56\"><span class=\"versanumer\">56<\/span><\/a>Og hungri\u00f0 gekk yfir allan heiminn, og J\u00f3sef opna\u00f0i \u00f6ll for\u00f0ab\u00farin og seldi Egyptum korn, og hungri\u00f0 svarf a\u00f0 \u00ed Egyptalandi.<a name=\"57\"><span class=\"versanumer\">57<\/span><\/a>Komu menn \u00fe\u00e1 \u00far \u00f6llum l\u00f6ndum til Egyptalands til \u00feess a\u00f0 kaupa korn hj\u00e1 J\u00f3sef, \u00fev\u00ed a\u00f0 hungri\u00f0 svarf a\u00f0 \u00ed \u00f6llum l\u00f6ndum.<\/p>\n<div class=\"footnote1981\"><b>41.1-32<\/b> Draumar Fara\u00f3s 1M\u00f3s 37.5-8+<br \/>\n<b>41.8<\/b> \u00d3r\u00f3tt \u00ed skapi Dan 2.1 \u2013 allir vitringar 2M\u00f3s 7.11,22; 8.7; Dan 2.2,27; 4.4; 5.7,11<br \/>\n<b>41.9-13<\/b> Yfirbyrlari 1M\u00f3s 40.14+<br \/>\n<b>41.14<\/b> J\u00f3sef fyrir Fara\u00f3 Slm 105.20-21; Dan 2.25; Post 7.10; sbr 1Sam 2.8<br \/>\n<b>41.16<\/b> Gu\u00f0 1M\u00f3s 40.8+<br \/>\n<b>41.25<\/b> \u00dea\u00f0 sem Gu\u00f0 hefur \u00ed hyggju Am 3.7; Dan 2.28; Mrk 13.23<br \/>\n<b>41.27<\/b> Sj\u00f6 \u00e1ra hungursney\u00f0 2Kon 8.1; Post 7.11<br \/>\n<b>41.33<\/b> Hygginn 2M\u00f3s 31.1-3; 35.30-31; 5M\u00f3s 1.13; 1Kon 7.13-14<br \/>\n<b>41.38<\/b> Andi Gu\u00f0s 1Sam 10.6; 11.6; 16.13; Dan 5.11-14; VDan 1.45<br \/>\n<b>41.42<\/b> Innsiglishringur Est 3.10; 8.2 \u2013 gullke\u00f0ja Dan 5.7,29<br \/>\n<b>41.49<\/b> Sem sandur 1M\u00f3s 22.17+<br \/>\n<b>41.51-52<\/b> Manasse og Efra\u00edm 1M\u00f3s 48.1-22<br \/>\n<b>41.55<\/b> Geri\u00f0 J\u00f3h 2.5<\/div>\n","protected":false},"excerpt":{"rendered":"<p>1Svo bar vi\u00f0 a\u00f0 tveim \u00e1rum li\u00f0num, a\u00f0 Fara\u00f3 dreymdi draum. Hann \u00fe\u00f3ttist standa vi\u00f0 N\u00edl.2Og sj\u00e1, upp \u00far \u00e1nni komu sj\u00f6 k\u00fdr, fallegar \u00fatlits og feitar \u00e1 hold, og f\u00f3ru a\u00f0 b\u00edta sefgresi\u00f0.3Og sj\u00e1, \u00e1 eftir \u00feeim komu sj\u00f6 a\u00f0rar k\u00fdr upp \u00far \u00e1nni, lj\u00f3tar \u00fatlits og magrar \u00e1 hold, og sta\u00f0n\u00e6mdust hj\u00e1 hinum k\u00fanum \u00e1 \u00e1rbakkanum.4Og k\u00fdrnar, sem lj\u00f3tar voru \u00fatlits og magrar \u00e1 hold, \u00e1tu upp hinar sj\u00f6 k\u00fdrnar, sem voru fallegar \u00fatlits og feitar \u00e1 hold. \u00de\u00e1 vakna\u00f0i Fara\u00f3.5Og hann sofna\u00f0i aftur og dreymdi \u00ed anna\u00f0 sinn, og sj\u00e1, sj\u00f6 \u00f6x uxu \u00e1 einni st\u00f6ng, \u00fer\u00fdstileg <a href=\"https:\/\/biblian.is\/1981\/fyrsta-mosebok-41-kafli\/\"> [&#8230;]<\/a><\/p>\n","protected":false},"author":1,"featured_media":0,"parent":0,"menu_order":0,"comment_status":"open","ping_status":"open","template":"bibliukaflar.php","meta":{"footnotes":""},"class_list":["post-1387","page","type-page","status-publish","hentry"],"_links":{"self":[{"href":"https:\/\/biblian.is\/1981\/wp-json\/wp\/v2\/pages\/1387","targetHints":{"allow":["GET"]}}],"collection":[{"href":"https:\/\/biblian.is\/1981\/wp-json\/wp\/v2\/pages"}],"about":[{"href":"https:\/\/biblian.is\/1981\/wp-json\/wp\/v2\/types\/page"}],"author":[{"embeddable":true,"href":"https:\/\/biblian.is\/1981\/wp-json\/wp\/v2\/users\/1"}],"replies":[{"embeddable":true,"href":"https:\/\/biblian.is\/1981\/wp-json\/wp\/v2\/comments?post=1387"}],"version-history":[{"count":0,"href":"https:\/\/biblian.is\/1981\/wp-json\/wp\/v2\/pages\/1387\/revisions"}],"wp:attachment":[{"href":"https:\/\/biblian.is\/1981\/wp-json\/wp\/v2\/media?parent=1387"}],"curies":[{"name":"wp","href":"https:\/\/api.w.org\/{rel}","templated":true}]}}