{"id":1386,"date":"2017-11-18T20:17:08","date_gmt":"2017-11-18T20:17:08","guid":{"rendered":"http:\/\/biblian.is\/1981\/fyrsta-mosebok-40-kafli\/"},"modified":"2017-11-18T20:17:08","modified_gmt":"2017-11-18T20:17:08","slug":"fyrsta-mosebok-40-kafli","status":"publish","type":"page","link":"https:\/\/biblian.is\/1981\/fyrsta-mosebok-40-kafli\/","title":{"rendered":"Fyrsta M\u00f3seb\u00f3k 40. kafli"},"content":{"rendered":"<p><a name=\"1\"><span class=\"versanumer\">1<\/span><\/a>Eftir \u00feetta var\u00f0 s\u00e1 atbur\u00f0ur, a\u00f0 byrlari konungsins \u00ed Egyptalandi og bakarinn brutu \u00e1 m\u00f3ti herra s\u00ednum, Egyptalandskonungi.<a name=\"2\"><span class=\"versanumer\">2<\/span><\/a>Og Fara\u00f3 reiddist b\u00e1\u00f0um hir\u00f0m\u00f6nnum s\u00ednum, yfirbyrlaranum og yfirbakaranum,<a name=\"3\"><span class=\"versanumer\">3<\/span><\/a>og l\u00e9t setja \u00fe\u00e1 \u00ed var\u00f0hald \u00ed h\u00fasi l\u00edfvar\u00f0arforingjans, \u00ed myrkvastofuna, \u00fear sem J\u00f3sef var \u00ed haldi.<a name=\"4\"><span class=\"versanumer\">4<\/span><\/a>Og l\u00edfvar\u00f0arforinginn setti J\u00f3sef til \u00feess a\u00f0 \u00fej\u00f3na \u00feeim, og voru \u00feeir n\u00fa um hr\u00ed\u00f0 \u00ed var\u00f0haldi.<a name=\"5\"><span class=\"versanumer\">5<\/span><\/a>\u00de\u00e1 dreymdi \u00fe\u00e1 b\u00e1\u00f0a draum, byrlara og bakara konungsins \u00ed Egyptalandi, sem haldnir voru \u00ed myrkvastofunni, sinn drauminn hvorn s\u00f6mu n\u00f3ttina, og haf\u00f0i hvor draumurinn s\u00edna \u00fe\u00fd\u00f0ingu.<a name=\"6\"><span class=\"versanumer\">6<\/span><\/a>Og er J\u00f3sef kom inn til \u00feeirra um morguninn, s\u00e1 hann a\u00f0 \u00feeir voru \u00f3gla\u00f0ir.<a name=\"7\"><span class=\"versanumer\">7<\/span><\/a>Spur\u00f0i hann \u00fe\u00e1 hir\u00f0menn Fara\u00f3s, sem voru me\u00f0 honum \u00ed var\u00f0haldi \u00ed h\u00fasi h\u00fasb\u00f3nda hans, og m\u00e6lti: Hvers vegna eru\u00f0 \u00fei\u00f0 svo daprir \u00ed brag\u00f0i \u00ed dag?<a name=\"8\"><span class=\"versanumer\">8<\/span><\/a>En \u00feeir sv\u00f6ru\u00f0u honum: Okkur hefir dreymt draum, og h\u00e9r er enginn, sem geti r\u00e1\u00f0i\u00f0 hann. \u00de\u00e1 sag\u00f0i J\u00f3sef vi\u00f0 \u00fe\u00e1: Er \u00fea\u00f0 ekki Gu\u00f0s a\u00f0 r\u00e1\u00f0a drauma? Segi\u00f0 m\u00e9r \u00fe\u00f3.<a name=\"9\"><span class=\"versanumer\">9<\/span><\/a>\u00de\u00e1 sag\u00f0i yfirbyrlarinn J\u00f3sef draum sinn og m\u00e6lti vi\u00f0 hann: M\u00e9r \u00fe\u00f3tti \u00ed svefninum sem v\u00ednvi\u00f0ur st\u00e6\u00f0i fyrir framan mig.<a name=\"10\"><span class=\"versanumer\">10<\/span><\/a>\u00c1 v\u00ednvi\u00f0inum voru \u00ferj\u00e1r greinar, og jafnskj\u00f3tt sem hann skaut frj\u00f3\u00f6ngum, spruttu bl\u00f3m hans \u00fat og klasar hans b\u00e1ru fullvaxin v\u00ednber.<a name=\"11\"><span class=\"versanumer\">11<\/span><\/a>En \u00e9g h\u00e9lt \u00e1 bikar Fara\u00f3s \u00ed hendinni og t\u00f3k v\u00ednberin og sprengdi \u00feau \u00ed bikar Fara\u00f3s og r\u00e9tti svo bikarinn a\u00f0 Fara\u00f3.<a name=\"12\"><span class=\"versanumer\">12<\/span><\/a>\u00de\u00e1 sag\u00f0i J\u00f3sef vi\u00f0 hann: R\u00e1\u00f0ning draumsins er \u00feessi: \u00derj\u00e1r v\u00ednvi\u00f0argreinarnar merkja \u00ferj\u00e1 daga.<a name=\"13\"><span class=\"versanumer\">13<\/span><\/a>A\u00f0 \u00ferem d\u00f6gum li\u00f0num mun Fara\u00f3 hefja h\u00f6fu\u00f0 \u00feitt og setja \u00feig aftur inn \u00ed emb\u00e6tti \u00feitt. Munt \u00fe\u00fa \u00fe\u00e1 r\u00e9tta Fara\u00f3 bikarinn, eins og \u00e1\u00f0ur var venja, er \u00fe\u00fa varst byrlari hans.<a name=\"14\"><span class=\"versanumer\">14<\/span><\/a>En minnstu m\u00edn, er \u00fe\u00e9r gengur \u00ed vil, og gj\u00f6r \u00fe\u00e1 miskunn \u00e1 m\u00e9r a\u00f0 minnast \u00e1 mig vi\u00f0 Fara\u00f3, svo a\u00f0 \u00fe\u00fa megir frelsa mig \u00far \u00feessu h\u00fasi.<a name=\"15\"><span class=\"versanumer\">15<\/span><\/a>\u00dev\u00ed a\u00f0 m\u00e9r var me\u00f0 leynd stoli\u00f0 \u00far landi Hebrea, og eigi hefi \u00e9g heldur h\u00e9r neitt \u00fea\u00f0 til saka unni\u00f0, a\u00f0 \u00e9g yr\u00f0i settur \u00ed \u00feessa d\u00fdflissu.<a name=\"16\"><span class=\"versanumer\">16<\/span><\/a>En er yfirbakarinn s\u00e1, a\u00f0 r\u00e1\u00f0ning hans var g\u00f3\u00f0, sag\u00f0i hann vi\u00f0 J\u00f3sef: Mig dreymdi l\u00edka, a\u00f0 \u00e9g b\u00e6ri \u00e1 h\u00f6f\u00f0inu \u00ferj\u00e1r karfir me\u00f0 hveitibrau\u00f0i.<a name=\"17\"><span class=\"versanumer\">17<\/span><\/a>Og \u00ed efstu k\u00f6rfunni var alls konar s\u00e6lg\u00e6tisbrau\u00f0 handa Fara\u00f3, og fuglarnir \u00e1tu \u00fea\u00f0 \u00far k\u00f6rfunni \u00e1 h\u00f6f\u00f0i m\u00e9r.<a name=\"18\"><span class=\"versanumer\">18<\/span><\/a>\u00de\u00e1 svara\u00f0i J\u00f3sef og m\u00e6lti: R\u00e1\u00f0ning draumsins er \u00feessi: \u00derj\u00e1r karfirnar merkja \u00ferj\u00e1 daga.<a name=\"19\"><span class=\"versanumer\">19<\/span><\/a>A\u00f0 \u00ferem d\u00f6gum li\u00f0num mun Fara\u00f3 hefja h\u00f6fu\u00f0 \u00feitt af \u00fe\u00e9r og festa \u00feig \u00e1 g\u00e1lga, og fuglarnir munu eta af \u00fe\u00e9r hold \u00feitt.<a name=\"20\"><span class=\"versanumer\">20<\/span><\/a>Og \u00fea\u00f0 bar til \u00e1 \u00feri\u00f0ja degi, \u00e1 afm\u00e6lisdegi Fara\u00f3s, a\u00f0 hann h\u00e9lt \u00f6llum \u00fej\u00f3num s\u00ednum veislu. H\u00f3f hann \u00fe\u00e1 upp h\u00f6fu\u00f0 yfirbyrlarans og h\u00f6fu\u00f0 yfirbakarans \u00ed vi\u00f0urvist \u00fej\u00f3na sinna.<a name=\"21\"><span class=\"versanumer\">21<\/span><\/a>Setti hann yfirbyrlarann aftur \u00ed emb\u00e6tti hans, a\u00f0 hann m\u00e6tti aftur bera Fara\u00f3 bikarinn,<a name=\"22\"><span class=\"versanumer\">22<\/span><\/a>en yfirbakarann l\u00e9t hann hengja, eins og J\u00f3sef haf\u00f0i r\u00e1\u00f0i\u00f0 drauminn fyrir \u00fe\u00e1.<a name=\"23\"><span class=\"versanumer\">23<\/span><\/a>En eigi minntist yfirbyrlarinn J\u00f3sefs, heldur gleymdi honum.<\/p>\n<div class=\"footnote1981\"><b>40.4-19<\/b> Draumarnir 1M\u00f3s 37.5-8+<br \/>\n<b>40.8<\/b> Gu\u00f0s a\u00f0 r\u00e1\u00f0a drauma 1M\u00f3s 41.16; Dan 2.11,18,28; Matt 10.20; 2Kor 3.5<br \/>\n<b>40.14<\/b> Minnast \u00e1 1M\u00f3s 40.23; 41.9-13<br \/>\n<b>40.19<\/b> Festa \u00e1 g\u00e1lga 5M\u00f3s 21.22<br \/>\n<b>40.20<\/b> Afm\u00e6lisveisla Mrk 6.21<br \/>\n<b>40.23<\/b> Gleymdi J\u00f3sef 1M\u00f3s 40.14; Pr\u00e9d 9.15-16; Hlj 3.25-27<\/div>\n","protected":false},"excerpt":{"rendered":"<p>1Eftir \u00feetta var\u00f0 s\u00e1 atbur\u00f0ur, a\u00f0 byrlari konungsins \u00ed Egyptalandi og bakarinn brutu \u00e1 m\u00f3ti herra s\u00ednum, Egyptalandskonungi.2Og Fara\u00f3 reiddist b\u00e1\u00f0um hir\u00f0m\u00f6nnum s\u00ednum, yfirbyrlaranum og yfirbakaranum,3og l\u00e9t setja \u00fe\u00e1 \u00ed var\u00f0hald \u00ed h\u00fasi l\u00edfvar\u00f0arforingjans, \u00ed myrkvastofuna, \u00fear sem J\u00f3sef var \u00ed haldi.4Og l\u00edfvar\u00f0arforinginn setti J\u00f3sef til \u00feess a\u00f0 \u00fej\u00f3na \u00feeim, og voru \u00feeir n\u00fa um hr\u00ed\u00f0 \u00ed var\u00f0haldi.5\u00de\u00e1 dreymdi \u00fe\u00e1 b\u00e1\u00f0a draum, byrlara og bakara konungsins \u00ed Egyptalandi, sem haldnir voru \u00ed myrkvastofunni, sinn drauminn hvorn s\u00f6mu n\u00f3ttina, og haf\u00f0i hvor draumurinn s\u00edna \u00fe\u00fd\u00f0ingu.6Og er J\u00f3sef kom inn til \u00feeirra um morguninn, s\u00e1 hann a\u00f0 \u00feeir voru \u00f3gla\u00f0ir.7Spur\u00f0i hann \u00fe\u00e1 <a href=\"https:\/\/biblian.is\/1981\/fyrsta-mosebok-40-kafli\/\"> [&#8230;]<\/a><\/p>\n","protected":false},"author":1,"featured_media":0,"parent":0,"menu_order":0,"comment_status":"open","ping_status":"open","template":"bibliukaflar.php","meta":{"footnotes":""},"class_list":["post-1386","page","type-page","status-publish","hentry"],"_links":{"self":[{"href":"https:\/\/biblian.is\/1981\/wp-json\/wp\/v2\/pages\/1386","targetHints":{"allow":["GET"]}}],"collection":[{"href":"https:\/\/biblian.is\/1981\/wp-json\/wp\/v2\/pages"}],"about":[{"href":"https:\/\/biblian.is\/1981\/wp-json\/wp\/v2\/types\/page"}],"author":[{"embeddable":true,"href":"https:\/\/biblian.is\/1981\/wp-json\/wp\/v2\/users\/1"}],"replies":[{"embeddable":true,"href":"https:\/\/biblian.is\/1981\/wp-json\/wp\/v2\/comments?post=1386"}],"version-history":[{"count":0,"href":"https:\/\/biblian.is\/1981\/wp-json\/wp\/v2\/pages\/1386\/revisions"}],"wp:attachment":[{"href":"https:\/\/biblian.is\/1981\/wp-json\/wp\/v2\/media?parent=1386"}],"curies":[{"name":"wp","href":"https:\/\/api.w.org\/{rel}","templated":true}]}}