{"id":1385,"date":"2017-11-18T20:17:08","date_gmt":"2017-11-18T20:17:08","guid":{"rendered":"http:\/\/biblian.is\/1981\/fyrsta-mosebok-39-kafli\/"},"modified":"2017-11-18T20:17:08","modified_gmt":"2017-11-18T20:17:08","slug":"fyrsta-mosebok-39-kafli","status":"publish","type":"page","link":"https:\/\/biblian.is\/1981\/fyrsta-mosebok-39-kafli\/","title":{"rendered":"Fyrsta M\u00f3seb\u00f3k 39. kafli"},"content":{"rendered":"<p><a name=\"1\"><span class=\"versanumer\">1<\/span><\/a>J\u00f3sef var fluttur til Egyptalands, og P\u00f3t\u00edfar, hir\u00f0ma\u00f0ur Fara\u00f3s og l\u00edfvar\u00f0arforingi, ma\u00f0ur egypskur, keypti hann af \u00cdsmael\u00edtum, sem hann h\u00f6f\u00f0u \u00feanga\u00f0 flutt.<a name=\"2\"><span class=\"versanumer\">2<\/span><\/a>En Drottinn var me\u00f0 J\u00f3sef, svo a\u00f0 hann var\u00f0 ma\u00f0ur l\u00e1ngefinn, og hann var \u00ed h\u00fasi h\u00fasb\u00f3nda s\u00edns, hins egypska manns.<a name=\"3\"><span class=\"versanumer\">3<\/span><\/a>Og er h\u00fasb\u00f3ndi hans s\u00e1, a\u00f0 Drottinn var me\u00f0 honum og a\u00f0 Drottinn l\u00e9t honum heppnast allt, sem hann t\u00f3k s\u00e9r fyrir hendur,<a name=\"4\"><span class=\"versanumer\">4<\/span><\/a>\u00fe\u00e1 fann J\u00f3sef n\u00e1\u00f0 \u00ed augum hans og \u00fej\u00f3na\u00f0i honum. Og hann setti hann yfir h\u00fas sitt og f\u00e9kk honum \u00ed hendur allt, sem hann \u00e1tti.<a name=\"5\"><span class=\"versanumer\">5<\/span><\/a>Og upp fr\u00e1 \u00feeirri stundu, er hann haf\u00f0i sett J\u00f3sef yfir h\u00fas sitt og yfir allt, sem hann \u00e1tti, blessa\u00f0i Drottinn h\u00fas hins egypska manns sakir J\u00f3sefs, og blessun Drottins var yfir \u00f6llu, sem hann \u00e1tti innan h\u00fass og utan.<a name=\"6\"><span class=\"versanumer\">6<\/span><\/a>Og hann f\u00f3l J\u00f3sef til umr\u00e1\u00f0a allar eigur s\u00ednar og var afskiptalaus um allt hj\u00e1 honum og gekk a\u00f0eins a\u00f0 m\u00e1lt\u00ed\u00f0um. J\u00f3sef var vel vaxinn og fr\u00ed\u00f0ur s\u00fdnum.<a name=\"7\"><span class=\"versanumer\">7<\/span><\/a>Og eftir \u00feetta bar svo til, a\u00f0 kona h\u00fasb\u00f3nda hans renndi augum til J\u00f3sefs og m\u00e6lti: Leggstu me\u00f0 m\u00e9r!<a name=\"8\"><span class=\"versanumer\">8<\/span><\/a>En hann f\u00e6r\u00f0ist undan og sag\u00f0i vi\u00f0 konu h\u00fasb\u00f3nda s\u00edns: Sj\u00e1, h\u00fasb\u00f3ndi minn l\u00edtur ekki eftir neinu \u00ed h\u00fasinu hj\u00e1 m\u00e9r, og allar eigur s\u00ednar hefir hann fengi\u00f0 m\u00e9r \u00ed hendur.<a name=\"9\"><span class=\"versanumer\">9<\/span><\/a>Hann hefir ekki meira vald \u00ed \u00feessu h\u00fasi en \u00e9g, og hann fyrirmunar m\u00e9r ekkert nema \u00feig, me\u00f0 \u00fev\u00ed a\u00f0 \u00fe\u00fa ert kona hans. Hvernig skyldi \u00e9g \u00fe\u00e1 a\u00f0hafast \u00feessa miklu \u00f3h\u00e6fu og syndga \u00e1 m\u00f3ti Gu\u00f0i?<a name=\"10\"><span class=\"versanumer\">10<\/span><\/a>Og \u00fe\u00f3 a\u00f0 h\u00fan leita\u00f0i til vi\u00f0 J\u00f3sef me\u00f0 \u00feessum or\u00f0um dag eftir dag, \u00fe\u00e1 l\u00e9t hann ekki a\u00f0 vilja hennar a\u00f0 leggjast me\u00f0 henni og hafa samfarir vi\u00f0 hana.<a name=\"11\"><span class=\"versanumer\">11<\/span><\/a>\u00de\u00e1 bar svo til einn dag, er hann gekk inn \u00ed h\u00fasi\u00f0 til starfa sinna og enginn heimilismanna var \u00fear inni,<a name=\"12\"><span class=\"versanumer\">12<\/span><\/a>a\u00f0 h\u00fan greip \u00ed skikkju hans og m\u00e6lti: Leggstu me\u00f0 m\u00e9r! En hann l\u00e9t skikkjuna eftir \u00ed hendi hennar og fl\u00fd\u00f0i og hlj\u00f3p \u00fat.<a name=\"13\"><span class=\"versanumer\">13<\/span><\/a>En er h\u00fan s\u00e1, a\u00f0 hann haf\u00f0i l\u00e1ti\u00f0 eftir skikkjuna \u00ed hendi hennar og var fl\u00fainn \u00fat,<a name=\"14\"><span class=\"versanumer\">14<\/span><\/a>\u00fe\u00e1 kalla\u00f0i h\u00fan \u00e1 heimaf\u00f3lk sitt og m\u00e6lti vi\u00f0 \u00fea\u00f0: Sj\u00e1i\u00f0, hann hefir f\u00e6rt oss hebreskan mann til \u00feess a\u00f0 d\u00e1ra oss. Hann kom inn til m\u00edn og vildi hafa lagst me\u00f0 m\u00e9r, en \u00e9g \u00e6pti h\u00e1st\u00f6fum.<a name=\"15\"><span class=\"versanumer\">15<\/span><\/a>Og er hann heyr\u00f0i, a\u00f0 \u00e9g hr\u00f3pa\u00f0i og kalla\u00f0i, l\u00e9t hann skikkju s\u00edna eftir hj\u00e1 m\u00e9r og fl\u00fd\u00f0i og hlj\u00f3p \u00fat.<a name=\"16\"><span class=\"versanumer\">16<\/span><\/a>\u00dev\u00ed n\u00e6st geymdi h\u00fan skikkju hans hj\u00e1 s\u00e9r \u00feanga\u00f0 til h\u00fasb\u00f3ndi hans kom heim.<a name=\"17\"><span class=\"versanumer\">17<\/span><\/a>Sag\u00f0i h\u00fan honum \u00fe\u00e1 s\u00f6mu s\u00f6guna og m\u00e6lti: Hebreski \u00fer\u00e6llinn, sem \u00fe\u00fa hefir til vor haft, kom til m\u00edn til \u00feess a\u00f0 d\u00e1ra mig.<a name=\"18\"><span class=\"versanumer\">18<\/span><\/a>En \u00feegar \u00e9g hr\u00f3pa\u00f0i og kalla\u00f0i, l\u00e9t hann eftir skikkju s\u00edna hj\u00e1 m\u00e9r og fl\u00fd\u00f0i \u00fat.<a name=\"19\"><span class=\"versanumer\">19<\/span><\/a>Er h\u00fasb\u00f3ndi hans heyr\u00f0i or\u00f0 konu sinnar, er h\u00fan tala\u00f0i vi\u00f0 hann svo m\u00e6landi: \u00deannig hefir \u00fer\u00e6ll \u00feinn heg\u00f0a\u00f0 s\u00e9r vi\u00f0 mig, \u00fe\u00e1 var\u00f0 hann \u00e1kaflega rei\u00f0ur.<a name=\"20\"><span class=\"versanumer\">20<\/span><\/a>Og h\u00fasb\u00f3ndi J\u00f3sefs t\u00f3k hann og setti hann \u00ed myrkvastofu, \u00fear sem bandingjar konungs voru geymdir, og hann sat \u00fear \u00ed myrkvastofunni.<a name=\"21\"><span class=\"versanumer\">21<\/span><\/a>Drottinn var me\u00f0 J\u00f3sef og veitti honum mannahylli og l\u00e9t hann finna n\u00e1\u00f0 \u00ed augum forstj\u00f3ra myrkvastofunnar.<a name=\"22\"><span class=\"versanumer\">22<\/span><\/a>Og forstj\u00f3ri myrkvastofunnar f\u00e9kk J\u00f3sef \u00e1 vald alla bandingjana, sem voru \u00ed myrkvastofunni. Og hva\u00f0 eina, sem \u00feeir gj\u00f6r\u00f0u \u00fear, gj\u00f6r\u00f0u \u00feeir a\u00f0 hans fyrirlagi.<a name=\"23\"><span class=\"versanumer\">23<\/span><\/a>Forstj\u00f3ri myrkvastofunnar leit ekki eftir neinu, sem var undir hans hendi, \u00fev\u00ed a\u00f0 Drottinn var me\u00f0 honum. Og hva\u00f0 sem hann gj\u00f6r\u00f0i, \u00fea\u00f0 l\u00e9t Drottinn heppnast.<\/p>\n<div class=\"footnote1981\"><b>39.1<\/b> J\u00f3sef til Egyptalands Slm 105.16-19; SSal 10.13-14; Post 7.9-10<br \/>\n<b>39.3<\/b> Drottinn var me\u00f0 honum 1M\u00f3s 26.3+ &#8211; heppnast allt 1M\u00f3s 39.23; 1Sam 18.14; Slm 1.3<br \/>\n<b>39.6<\/b> Fr\u00ed\u00f0ur s\u00fdnum 1Sam 16.12<br \/>\n<b>39.7<\/b> Leggstu me\u00f0 m\u00e9r Okv 7.1-27; Pr\u00e9d 7.26; 1Kor 6.13<br \/>\n<b>39.9<\/b> Syndga \u00e1 m\u00f3ti Gu\u00f0i 2Sam 12.13; Slm 51.6<br \/>\n<b>39.12<\/b> Lag\u00f0i \u00e1 fl\u00f3tta Okv 5.8<br \/>\n<b>39.15<\/b> Hr\u00f3pa VDan 1.24<br \/>\n<b>39.19<\/b> Reiddist mj\u00f6g Okv 6.29-35<br \/>\n<b>39.21<\/b> Drottin var me\u00f0 J\u00f3sef 1M\u00f3s 26.3+<\/div>\n","protected":false},"excerpt":{"rendered":"<p>1J\u00f3sef var fluttur til Egyptalands, og P\u00f3t\u00edfar, hir\u00f0ma\u00f0ur Fara\u00f3s og l\u00edfvar\u00f0arforingi, ma\u00f0ur egypskur, keypti hann af \u00cdsmael\u00edtum, sem hann h\u00f6f\u00f0u \u00feanga\u00f0 flutt.2En Drottinn var me\u00f0 J\u00f3sef, svo a\u00f0 hann var\u00f0 ma\u00f0ur l\u00e1ngefinn, og hann var \u00ed h\u00fasi h\u00fasb\u00f3nda s\u00edns, hins egypska manns.3Og er h\u00fasb\u00f3ndi hans s\u00e1, a\u00f0 Drottinn var me\u00f0 honum og a\u00f0 Drottinn l\u00e9t honum heppnast allt, sem hann t\u00f3k s\u00e9r fyrir hendur,4\u00fe\u00e1 fann J\u00f3sef n\u00e1\u00f0 \u00ed augum hans og \u00fej\u00f3na\u00f0i honum. Og hann setti hann yfir h\u00fas sitt og f\u00e9kk honum \u00ed hendur allt, sem hann \u00e1tti.5Og upp fr\u00e1 \u00feeirri stundu, er hann haf\u00f0i sett J\u00f3sef yfir h\u00fas <a href=\"https:\/\/biblian.is\/1981\/fyrsta-mosebok-39-kafli\/\"> [&#8230;]<\/a><\/p>\n","protected":false},"author":1,"featured_media":0,"parent":0,"menu_order":0,"comment_status":"open","ping_status":"open","template":"bibliukaflar.php","meta":{"footnotes":""},"class_list":["post-1385","page","type-page","status-publish","hentry"],"_links":{"self":[{"href":"https:\/\/biblian.is\/1981\/wp-json\/wp\/v2\/pages\/1385","targetHints":{"allow":["GET"]}}],"collection":[{"href":"https:\/\/biblian.is\/1981\/wp-json\/wp\/v2\/pages"}],"about":[{"href":"https:\/\/biblian.is\/1981\/wp-json\/wp\/v2\/types\/page"}],"author":[{"embeddable":true,"href":"https:\/\/biblian.is\/1981\/wp-json\/wp\/v2\/users\/1"}],"replies":[{"embeddable":true,"href":"https:\/\/biblian.is\/1981\/wp-json\/wp\/v2\/comments?post=1385"}],"version-history":[{"count":0,"href":"https:\/\/biblian.is\/1981\/wp-json\/wp\/v2\/pages\/1385\/revisions"}],"wp:attachment":[{"href":"https:\/\/biblian.is\/1981\/wp-json\/wp\/v2\/media?parent=1385"}],"curies":[{"name":"wp","href":"https:\/\/api.w.org\/{rel}","templated":true}]}}