{"id":1382,"date":"2017-11-18T20:17:08","date_gmt":"2017-11-18T20:17:08","guid":{"rendered":"http:\/\/biblian.is\/1981\/fyrsta-mosebok-36-kafli\/"},"modified":"2017-11-18T20:17:08","modified_gmt":"2017-11-18T20:17:08","slug":"fyrsta-mosebok-36-kafli","status":"publish","type":"page","link":"https:\/\/biblian.is\/1981\/fyrsta-mosebok-36-kafli\/","title":{"rendered":"Fyrsta M\u00f3seb\u00f3k 36. kafli"},"content":{"rendered":"<p><a name=\"1\"><span class=\"versanumer\">1<\/span><\/a>\u00deetta er \u00e6ttartala Esa\u00fa, \u00fea\u00f0 er Ed\u00f3ms.<a name=\"2\"><span class=\"versanumer\">2<\/span><\/a>Esa\u00fa haf\u00f0i teki\u00f0 s\u00e9r konur af d\u00e6trum Kanaan\u00edta: Ada, d\u00f3ttur Het\u00edtans Elons, og Ohol\u00edbama, d\u00f3ttur Ana, sonar H\u00f3r\u00edtans S\u00edbeons,<a name=\"3\"><span class=\"versanumer\">3<\/span><\/a>og Basmat, d\u00f3ttur \u00cdsmaels, systur Nebaj\u00f3ts.<a name=\"4\"><span class=\"versanumer\">4<\/span><\/a>Og Ada \u00f3l Esa\u00fa El\u00edfas, Basmat \u00f3l Reg\u00fael<a name=\"5\"><span class=\"versanumer\">5<\/span><\/a>og Ohol\u00edbama \u00f3l Jeh\u00fas, Jaelam og K\u00f3ra. \u00deessir eru synir Esa\u00fa, sem honum f\u00e6ddust \u00ed Kanaanlandi.<a name=\"6\"><span class=\"versanumer\">6<\/span><\/a>Esa\u00fa t\u00f3k konur s\u00ednar, sonu s\u00edna og d\u00e6tur og allar s\u00e1lir \u00ed h\u00fasi s\u00ednu og hj\u00f6r\u00f0 s\u00edna og kvikf\u00e9na\u00f0 og allan \u00feann fj\u00e1rhlut, sem hann haf\u00f0i afla\u00f0 s\u00e9r \u00ed Kanaanlandi, og f\u00f3r \u00ed burtu fr\u00e1 Jakob br\u00f3\u00f0ur s\u00ednum til Se\u00edrlands.<a name=\"7\"><span class=\"versanumer\">7<\/span><\/a>\u00dev\u00ed a\u00f0 eign \u00feeirra var meiri en svo, a\u00f0 \u00feeir g\u00e6tu saman veri\u00f0, og landi\u00f0, er \u00feeir bjuggu \u00ed sem \u00fatlendingar, bar \u00fe\u00e1 ekki s\u00f6kum hjar\u00f0a \u00feeirra.<a name=\"8\"><span class=\"versanumer\">8<\/span><\/a>&#8222;Esa\u00fa settist a\u00f0 \u00e1 Se\u00edrfj\u00f6llum; en Esa\u00fa er Ed\u00f3m.&#8220;<a name=\"9\"><span class=\"versanumer\">9<\/span><\/a>\u00deetta er saga Esa\u00fa, \u00e6ttf\u00f6\u00f0ur Ed\u00f3m\u00edta, \u00e1 Se\u00edrfj\u00f6llum.<a name=\"10\"><span class=\"versanumer\">10<\/span><\/a>&#8222;\u00deetta eru n\u00f6fn Esa\u00fa sona: El\u00edfas, sonur Ada, konu Esa\u00fa; Reg\u00fael, sonur Basmat, konu Esa\u00fa.&#8220;<a name=\"11\"><span class=\"versanumer\">11<\/span><\/a>Synir El\u00edfas voru: Teman, \u00d3mar, Sef\u00f3, Gaetam og Kenas.<a name=\"12\"><span class=\"versanumer\">12<\/span><\/a>Timna var hj\u00e1kona El\u00edfas, sonar Esa\u00fa, og h\u00fan \u00f3l El\u00edfas Amalek. \u00deetta eru synir Ada, konu Esa\u00fa.<a name=\"13\"><span class=\"versanumer\">13<\/span><\/a>\u00deessir eru synir Reg\u00faels: Nahat, Sera, Samma og Missa. \u00deessir voru synir Basmat, konu Esa\u00fa.<a name=\"14\"><span class=\"versanumer\">14<\/span><\/a>Og \u00feessir voru synir Ohol\u00edbama, d\u00f3ttur Ana, sonar S\u00edbeons, konu Esa\u00fa, h\u00fan \u00f3l Esa\u00fa Jeh\u00fas, Jaelam og K\u00f3ra.<a name=\"15\"><span class=\"versanumer\">15<\/span><\/a>\u00deessir eru \u00e6tth\u00f6f\u00f0ingjar me\u00f0al Esa\u00fa sona: Synir El\u00edfas, frumgetins sonar Esa\u00fa: H\u00f6f\u00f0inginn Teman, h\u00f6f\u00f0inginn \u00d3mar, h\u00f6f\u00f0inginn Sef\u00f3, h\u00f6f\u00f0inginn Kenas,<a name=\"16\"><span class=\"versanumer\">16<\/span><\/a>h\u00f6f\u00f0inginn K\u00f3ra, h\u00f6f\u00f0inginn Gaetam, h\u00f6f\u00f0inginn Amalek. \u00deessir eru \u00feeir h\u00f6f\u00f0ingjar, sem komnir eru fr\u00e1 El\u00edfas \u00ed Ed\u00f3mlandi, \u00feessir eru synir Ada.<a name=\"17\"><span class=\"versanumer\">17<\/span><\/a>\u00deessir voru synir Reg\u00faels, sonar Esa\u00fa: H\u00f6f\u00f0inginn Nahat, h\u00f6f\u00f0inginn Sera, h\u00f6f\u00f0inginn Samma, h\u00f6f\u00f0inginn Missa. \u00deessir eru \u00feeir h\u00f6f\u00f0ingjar, sem komnir eru fr\u00e1 Reg\u00fael \u00ed Ed\u00f3mlandi, \u00feessir eru synir Basmat, konu Esa\u00fa.<a name=\"18\"><span class=\"versanumer\">18<\/span><\/a>\u00deessir eru synir Ohol\u00edbama, konu Esa\u00fa: H\u00f6f\u00f0inginn Jeh\u00fas, h\u00f6f\u00f0inginn Jaelam, h\u00f6f\u00f0inginn K\u00f3ra. \u00deessir eru \u00feeir h\u00f6f\u00f0ingjar, sem komnir eru fr\u00e1 Ohol\u00edbama, d\u00f3ttur Ana, konu Esa\u00fa.<a name=\"19\"><span class=\"versanumer\">19<\/span><\/a>\u00deessir eru synir Esa\u00fa og \u00feessir eru h\u00f6f\u00f0ingjar \u00feeirra, \u00fea\u00f0 er Ed\u00f3m.<a name=\"20\"><span class=\"versanumer\">20<\/span><\/a>\u00deessir eru synir H\u00f3r\u00edtans Se\u00edrs, frumbyggjar landsins: L\u00f3tan, S\u00f3bal, S\u00edbeon, Ana,<a name=\"21\"><span class=\"versanumer\">21<\/span><\/a>D\u00edson, Eser og D\u00edsan. \u00deessir eru h\u00f6f\u00f0ingjar H\u00f3r\u00edtanna, synir Se\u00edrs \u00ed Ed\u00f3mlandi.<a name=\"22\"><span class=\"versanumer\">22<\/span><\/a>Synir L\u00f3tans voru H\u00f3r\u00ed og Hemam, og systir L\u00f3tans var Timna.<a name=\"23\"><span class=\"versanumer\">23<\/span><\/a>\u00deessir eru synir S\u00f3bals: Alvan, Manahat, Ebal, Sef\u00f3 og \u00d3nam.<a name=\"24\"><span class=\"versanumer\">24<\/span><\/a>\u00deessir eru synir S\u00edbeons: Aja og Ana, \u00fea\u00f0 er s\u00e1 Ana, sem fann laugarnar \u00e1 \u00f6r\u00e6funum, er hann g\u00e6tti asna S\u00edbeons f\u00f6\u00f0ur s\u00edns.<a name=\"25\"><span class=\"versanumer\">25<\/span><\/a>\u00deessi eru b\u00f6rn Ana: D\u00edson og Ohol\u00edbama, d\u00f3ttir Ana.<a name=\"26\"><span class=\"versanumer\">26<\/span><\/a>\u00deessir eru synir D\u00edsons: Hemdan, Esban, J\u00edtran og Keran.<a name=\"27\"><span class=\"versanumer\">27<\/span><\/a>\u00deessir eru synir Esers: B\u00edlhan, Saavan og Akan.<a name=\"28\"><span class=\"versanumer\">28<\/span><\/a>\u00deessir eru synir D\u00edsans: \u00das og Aran.<a name=\"29\"><span class=\"versanumer\">29<\/span><\/a>\u00deessir eru h\u00f6f\u00f0ingjar H\u00f3r\u00edtanna: H\u00f6f\u00f0inginn L\u00f3tan, h\u00f6f\u00f0inginn S\u00f3bal, h\u00f6f\u00f0inginn S\u00edbeon, h\u00f6f\u00f0inginn Ana,<a name=\"30\"><span class=\"versanumer\">30<\/span><\/a>h\u00f6f\u00f0inginn D\u00edson, h\u00f6f\u00f0inginn Eser, h\u00f6f\u00f0inginn D\u00edsan. \u00deessir eru h\u00f6f\u00f0ingjar H\u00f3r\u00edtanna eftir h\u00f6f\u00f0ingjum \u00feeirra \u00ed Se\u00edrlandi.<a name=\"31\"><span class=\"versanumer\">31<\/span><\/a>\u00deessir eru \u00feeir konungar, sem r\u00edktu \u00ed Ed\u00f3mlandi, \u00e1\u00f0ur en konungar r\u00edktu yfir \u00cdsraelsm\u00f6nnum:<a name=\"32\"><span class=\"versanumer\">32<\/span><\/a>Bela, sonur Be\u00f3rs, var konungur \u00ed Ed\u00f3m, og h\u00e9t borg hans D\u00ednhaba.<a name=\"33\"><span class=\"versanumer\">33<\/span><\/a>Og er Bela d\u00f3, t\u00f3k J\u00f3bab, sonur Sera fr\u00e1 Bosra, r\u00edki eftir hann.<a name=\"34\"><span class=\"versanumer\">34<\/span><\/a>Og er J\u00f3bab d\u00f3, t\u00f3k H\u00fasam fr\u00e1 Teman\u00edtalandi r\u00edki eftir hann.<a name=\"35\"><span class=\"versanumer\">35<\/span><\/a>Og er H\u00fasam d\u00f3, t\u00f3k Hadad, sonur Bedads, r\u00edki eftir hann. Hann vann sigur \u00e1 Mid\u00edan\u00edtum \u00e1 M\u00f3absv\u00f6llum, og borg hans h\u00e9t Av\u00edt.<a name=\"36\"><span class=\"versanumer\">36<\/span><\/a>Og er Hadad d\u00f3, t\u00f3k Samla fr\u00e1 Masreka r\u00edki eftir hann.<a name=\"37\"><span class=\"versanumer\">37<\/span><\/a>Og er Samla d\u00f3, t\u00f3k S\u00e1l fr\u00e1 Reh\u00f3b\u00f3t hj\u00e1 Efrat r\u00edki eftir hann.<a name=\"38\"><span class=\"versanumer\">38<\/span><\/a>Og er S\u00e1l d\u00f3, t\u00f3k Baal Hanan, sonur Akb\u00f3rs, r\u00edki eftir hann.<a name=\"39\"><span class=\"versanumer\">39<\/span><\/a>Og er Baal Hanan sonur Akb\u00f3rs d\u00f3, t\u00f3k Hadar r\u00edki eftir hann, og h\u00e9t borg hans Pag\u00fa, en kona hans Mehetabeel, d\u00f3ttir Matredar, d\u00f3ttur Me-Sahabs.<a name=\"40\"><span class=\"versanumer\">40<\/span><\/a>\u00deessi eru n\u00f6fn h\u00f6f\u00f0ingja \u00feeirra, er fr\u00e1 Esa\u00fa eru komnir, eftir \u00e6ttkv\u00edslum \u00feeirra, eftir b\u00fast\u00f6\u00f0um \u00feeirra, eftir n\u00f6fnum \u00feeirra: H\u00f6f\u00f0inginn Timna, h\u00f6f\u00f0inginn Alva, h\u00f6f\u00f0inginn Jetet,<a name=\"41\"><span class=\"versanumer\">41<\/span><\/a>h\u00f6f\u00f0inginn Ohol\u00edbama, h\u00f6f\u00f0inginn Ela, h\u00f6f\u00f0inginn P\u00ednon,<a name=\"42\"><span class=\"versanumer\">42<\/span><\/a>h\u00f6f\u00f0inginn Kenas, h\u00f6f\u00f0inginn Teman, h\u00f6f\u00f0inginn Mibsar,<a name=\"43\"><span class=\"versanumer\">43<\/span><\/a>h\u00f6f\u00f0inginn Magd\u00edel, h\u00f6f\u00f0inginn \u00cdram. \u00deessir eru h\u00f6f\u00f0ingjar Ed\u00f3m\u00edta, eftir b\u00fast\u00f6\u00f0um \u00feeirra \u00ed landi \u00fev\u00ed, sem \u00feeir h\u00f6f\u00f0u numi\u00f0. \u00deessi Esa\u00fa er \u00e6ttfa\u00f0ir Ed\u00f3m\u00edta. Esa\u00fa er \u00e6ttfa\u00f0ir Ed\u00f3m\u00edta.<\/p>\n<div class=\"footnote1981\"><b>36.2<\/b> Kanverskar konur 1M\u00f3s 24.3+<br \/>\n<b>36.7<\/b> Eigur \u00feeirra &#8230; 1M\u00f3s 13.2+ ; 13.6<br \/>\n<b>36.9-14<\/b> \u00c6tt Esa\u00fa 1M\u00f3s 36.15-19; 1Kro 1.35-37<br \/>\n<b>36.12<\/b> Amalek 2M\u00f3s 17.8+<br \/>\n<b>36.15-19<\/b> Ni\u00f0jar Esa\u00fa 1M\u00f3s 36.9-14+<br \/>\n<b>36.31-39<\/b> Konungur \u00ed Ed\u00f3mlandi 1Kro 1.43-50<br \/>\n<b>36.40-43<\/b> H\u00f6f\u00f0ingjar 1Kro 1.51-54<\/div>\n","protected":false},"excerpt":{"rendered":"<p>1\u00deetta er \u00e6ttartala Esa\u00fa, \u00fea\u00f0 er Ed\u00f3ms.2Esa\u00fa haf\u00f0i teki\u00f0 s\u00e9r konur af d\u00e6trum Kanaan\u00edta: Ada, d\u00f3ttur Het\u00edtans Elons, og Ohol\u00edbama, d\u00f3ttur Ana, sonar H\u00f3r\u00edtans S\u00edbeons,3og Basmat, d\u00f3ttur \u00cdsmaels, systur Nebaj\u00f3ts.4Og Ada \u00f3l Esa\u00fa El\u00edfas, Basmat \u00f3l Reg\u00fael5og Ohol\u00edbama \u00f3l Jeh\u00fas, Jaelam og K\u00f3ra. \u00deessir eru synir Esa\u00fa, sem honum f\u00e6ddust \u00ed Kanaanlandi.6Esa\u00fa t\u00f3k konur s\u00ednar, sonu s\u00edna og d\u00e6tur og allar s\u00e1lir \u00ed h\u00fasi s\u00ednu og hj\u00f6r\u00f0 s\u00edna og kvikf\u00e9na\u00f0 og allan \u00feann fj\u00e1rhlut, sem hann haf\u00f0i afla\u00f0 s\u00e9r \u00ed Kanaanlandi, og f\u00f3r \u00ed burtu fr\u00e1 Jakob br\u00f3\u00f0ur s\u00ednum til Se\u00edrlands.7\u00dev\u00ed a\u00f0 eign \u00feeirra var meiri en svo, a\u00f0 \u00feeir <a href=\"https:\/\/biblian.is\/1981\/fyrsta-mosebok-36-kafli\/\"> [&#8230;]<\/a><\/p>\n","protected":false},"author":1,"featured_media":0,"parent":0,"menu_order":0,"comment_status":"open","ping_status":"open","template":"bibliukaflar.php","meta":{"footnotes":""},"class_list":["post-1382","page","type-page","status-publish","hentry"],"_links":{"self":[{"href":"https:\/\/biblian.is\/1981\/wp-json\/wp\/v2\/pages\/1382","targetHints":{"allow":["GET"]}}],"collection":[{"href":"https:\/\/biblian.is\/1981\/wp-json\/wp\/v2\/pages"}],"about":[{"href":"https:\/\/biblian.is\/1981\/wp-json\/wp\/v2\/types\/page"}],"author":[{"embeddable":true,"href":"https:\/\/biblian.is\/1981\/wp-json\/wp\/v2\/users\/1"}],"replies":[{"embeddable":true,"href":"https:\/\/biblian.is\/1981\/wp-json\/wp\/v2\/comments?post=1382"}],"version-history":[{"count":0,"href":"https:\/\/biblian.is\/1981\/wp-json\/wp\/v2\/pages\/1382\/revisions"}],"wp:attachment":[{"href":"https:\/\/biblian.is\/1981\/wp-json\/wp\/v2\/media?parent=1382"}],"curies":[{"name":"wp","href":"https:\/\/api.w.org\/{rel}","templated":true}]}}