{"id":1381,"date":"2017-11-18T20:17:08","date_gmt":"2017-11-18T20:17:08","guid":{"rendered":"http:\/\/biblian.is\/1981\/fyrsta-mosebok-35-kafli\/"},"modified":"2021-06-06T11:16:56","modified_gmt":"2021-06-06T11:16:56","slug":"fyrsta-mosebok-35-kafli","status":"publish","type":"page","link":"https:\/\/biblian.is\/1981\/fyrsta-mosebok-35-kafli\/","title":{"rendered":"Fyrsta M\u00f3seb\u00f3k 35. kafli"},"content":{"rendered":"<p><a name=\"1\"><span class=\"versanumer\">1<\/span><\/a>Gu\u00f0 sag\u00f0i vi\u00f0 Jakob: Tak \u00feig upp og far upp til Betel og dvel \u00fe\u00fa \u00fear og gj\u00f6r \u00fear altari Gu\u00f0i, sem birtist \u00fe\u00e9r, \u00feegar \u00fe\u00fa fl\u00fd\u00f0ir undan Esa\u00fa br\u00f3\u00f0ur \u00fe\u00ednum.<a name=\"2\"><span class=\"versanumer\">2<\/span><\/a>Jakob sag\u00f0i vi\u00f0 heimaf\u00f3lk sitt og alla, sem me\u00f0 honum voru: Kasti\u00f0 burt \u00feeim \u00fatlendu go\u00f0um, sem \u00fe\u00e9r hafi\u00f0 hj\u00e1 y\u00f0ur, og hreinsi\u00f0 y\u00f0ur og hafi\u00f0 fataskipti,<a name=\"3\"><span class=\"versanumer\">3<\/span><\/a>og skulum v\u00e9r taka oss upp og fara upp til Betel. Vil \u00e9g reisa \u00fear altari \u00feeim Gu\u00f0i, sem b\u00e6nheyr\u00f0i mig \u00e1 t\u00edma ney\u00f0ar minnar og hefir veri\u00f0 me\u00f0 m\u00e9r \u00e1 \u00feeim vegi, sem \u00e9g hefi fari\u00f0.<a name=\"4\"><span class=\"versanumer\">4<\/span><\/a>Og \u00feeir fengu Jakob \u00f6ll \u00feau \u00fatlendu go\u00f0, sem \u00feeir h\u00f6f\u00f0u hj\u00e1 s\u00e9r, og hringana, sem \u00feeir h\u00f6f\u00f0u \u00ed eyrum s\u00e9r, og gr\u00f3f Jakob \u00fea\u00f0 undir eikinni, sem er hj\u00e1 S\u00edkem.<a name=\"5\"><span class=\"versanumer\">5<\/span><\/a>\u00dev\u00ed n\u00e6st f\u00f3ru \u00feeir af sta\u00f0. En \u00f3tti fr\u00e1 Gu\u00f0i var yfir \u00f6llum borgunum, sem voru umhverfis \u00fe\u00e1, svo a\u00f0 sonum Jakobs var ekki veitt eftirf\u00f6r.<a name=\"6\"><span class=\"versanumer\">6<\/span><\/a>Og Jakob kom til L\u00faz, sem er \u00ed Kanaanlandi  \u00fea\u00f0 er Betel , hann og allt f\u00f3lki\u00f0, sem me\u00f0 honum var.<a name=\"7\"><span class=\"versanumer\">7<\/span><\/a>Og hann reisti \u00fear altari og kalla\u00f0i sta\u00f0inn El-Betel, \u00fev\u00ed a\u00f0 Gu\u00f0 haf\u00f0i birst honum \u00fear, \u00feegar hann fl\u00fd\u00f0i undan br\u00f3\u00f0ur s\u00ednum.<a name=\"8\"><span class=\"versanumer\">8<\/span><\/a>\u00dear anda\u00f0ist Deb\u00f3ra, f\u00f3stra Rebekku, og var j\u00f6r\u00f0u\u00f0 fyrir ne\u00f0an Betel, undir eikinni, og fyrir \u00fev\u00ed heitir h\u00fan Gr\u00e1teik.<a name=\"9\"><span class=\"versanumer\">9<\/span><\/a>Enn birtist Gu\u00f0 Jakob, er hann var \u00e1 heimlei\u00f0 fr\u00e1 Mes\u00f3p\u00f3tam\u00edu, og blessa\u00f0i hann.<a name=\"10\"><span class=\"versanumer\">10<\/span><\/a>Og Gu\u00f0 sag\u00f0i vi\u00f0 hann: Nafn \u00feitt er Jakob. Eigi skalt \u00fe\u00fa h\u00e9\u00f0an af Jakob heita, heldur skal nafn \u00feitt vera \u00cdsrael. Og hann nefndi hann \u00cdsrael.<a name=\"11\"><span class=\"versanumer\">11<\/span><\/a>Og Gu\u00f0 sag\u00f0i vi\u00f0 hann: \u00c9g er Alm\u00e1ttugur Gu\u00f0. Ver \u00fe\u00fa frj\u00f3samur og auk kyn \u00feitt. \u00dej\u00f3\u00f0, j\u00e1 fj\u00f6ldi \u00fej\u00f3\u00f0a skal fr\u00e1 \u00fe\u00e9r koma, og konungar skulu \u00fat ganga af lendum \u00fe\u00ednum.<a name=\"12\"><span class=\"versanumer\">12<\/span><\/a>Og landi\u00f0, sem \u00e9g gaf Abraham og \u00cdsak, mun \u00e9g gefa \u00fe\u00e9r, og ni\u00f0jum \u00fe\u00ednum eftir \u00feig mun \u00e9g gefa landi\u00f0.<a name=\"13\"><span class=\"versanumer\">13<\/span><\/a>\u00dev\u00ed n\u00e6st st\u00e9 Gu\u00f0 upp fr\u00e1 honum, \u00fea\u00f0an sem hann tala\u00f0i vi\u00f0 hann.<a name=\"14\"><span class=\"versanumer\">14<\/span><\/a>Jakob reisti upp merki \u00e1 \u00feeim sta\u00f0, sem Gu\u00f0 tala\u00f0i vi\u00f0 hann, merkisstein, og dreypti yfir hann dreypif\u00f3rn og hellti yfir hann ol\u00edu.<a name=\"15\"><span class=\"versanumer\">15<\/span><\/a>Og Jakob nefndi sta\u00f0inn, \u00fear sem Gu\u00f0 tala\u00f0i vi\u00f0 hann, Betel.<a name=\"16\"><span class=\"versanumer\">16<\/span><\/a>\u00deeir t\u00f3ku sig upp fr\u00e1 Betel. En er \u00feeir \u00e1ttu skammt eftir \u00f3fari\u00f0 til Efrata, t\u00f3k Rakel l\u00e9ttas\u00f3tt og kom hart ni\u00f0ur.<a name=\"17\"><span class=\"versanumer\">17<\/span><\/a>Og er h\u00fan kom svo hart ni\u00f0ur \u00ed barnbur\u00f0inum, sag\u00f0i lj\u00f3sm\u00f3\u00f0irin vi\u00f0 hana: \u00d3ttast \u00fe\u00fa ekki, \u00fev\u00ed a\u00f0 n\u00fa eignast \u00fe\u00fa annan son.<a name=\"18\"><span class=\"versanumer\">18<\/span><\/a>Og er h\u00fan var \u00ed andl\u00e1tinu, \u00fev\u00ed a\u00f0 h\u00fan d\u00f3, \u00fe\u00e1 nefndi h\u00fan hann Ben\u00f3n\u00ed, en fa\u00f0ir hans nefndi hann Benjam\u00edn.<a name=\"19\"><span class=\"versanumer\">19<\/span><\/a>\u00dev\u00ed n\u00e6st anda\u00f0ist Rakel og var j\u00f6r\u00f0u\u00f0 vi\u00f0 veginn til Efrata, \u00fea\u00f0 er Betlehem.<a name=\"20\"><span class=\"versanumer\">20<\/span><\/a>Jakob reisti minnismerki \u00e1 lei\u00f0i hennar. \u00dear er legsteinn Rakelar allt til \u00feessa dags.<a name=\"21\"><span class=\"versanumer\">21<\/span><\/a>\u00cdsrael h\u00e9lt \u00e1fram fer\u00f0inni og sl\u00f3 tj\u00f6ldum s\u00ednum hinumegin vi\u00f0 M\u00edgdal Eder.<a name=\"22\"><span class=\"versanumer\">22<\/span><\/a>Me\u00f0an \u00cdsrael haf\u00f0ist vi\u00f0 \u00ed \u00fev\u00ed bygg\u00f0arlagi, bar svo vi\u00f0, a\u00f0 R\u00faben f\u00f3r og lag\u00f0ist me\u00f0 B\u00edlu, hj\u00e1konu f\u00f6\u00f0ur s\u00edns. Og \u00cdsrael var\u00f0 \u00feess \u00e1skynja. Jakob \u00e1tti t\u00f3lf sonu.<a name=\"23\"><span class=\"versanumer\">23<\/span><\/a>Synir Leu: R\u00faben, frumgetinn son Jakobs, S\u00edmeon, Lev\u00ed, J\u00fada, \u00cdssakar og Seb\u00falon.<a name=\"24\"><span class=\"versanumer\">24<\/span><\/a>Synir Rakelar: J\u00f3sef og Benjam\u00edn.<a name=\"25\"><span class=\"versanumer\">25<\/span><\/a>Synir B\u00edlu, \u00feernu Rakelar: Dan og Naftal\u00ed.<a name=\"26\"><span class=\"versanumer\">26<\/span><\/a>Synir Silpu, \u00feernu Leu: Ga\u00f0 og Asser. \u00deetta eru synir Jakobs, sem honum f\u00e6ddust \u00ed Mes\u00f3p\u00f3tam\u00edu.<a name=\"27\"><span class=\"versanumer\">27<\/span><\/a>Og Jakob kom til \u00cdsaks f\u00f6\u00f0ur s\u00edns \u00ed Mamre vi\u00f0 Kirjat Arba, \u00fea\u00f0 er Hebron, \u00fear sem Abraham og \u00cdsak h\u00f6f\u00f0u dvalist sem \u00fatlendingar.<a name=\"28\"><span class=\"versanumer\">28<\/span><\/a>En dagar \u00cdsaks voru hundra\u00f0 og \u00e1ttat\u00edu \u00e1r.<a name=\"29\"><span class=\"versanumer\">29<\/span><\/a>Og \u00cdsak anda\u00f0ist og d\u00f3 og safna\u00f0ist til s\u00edns f\u00f3lks, gamall og saddur l\u00edfdaga, og Esa\u00fa og Jakob synir hans j\u00f6r\u00f0u\u00f0u hann.<\/p>\n<div class=\"footnote1981\"><b>35.2<\/b> Hreinsi\u00f0 ykkur 2M\u00f3s 19.10-15; 4M\u00f3s 31.21-24<br \/>\n<b>35.3<\/b> Hefur veri\u00f0 me\u00f0 m\u00e9r 1M\u00f3s 26.3+<br \/>\n<b>35.8<\/b> Deb\u00f3ra 1M\u00f3s 24.59<br \/>\n<b>35.10<\/b> Jakob, \u00cdsrael 1M\u00f3s 32.29<br \/>\n<b>35.11<\/b> Fj\u00f6ldi \u00fej\u00f3\u00f0a 1M\u00f3s 12.2+<br \/>\n<b>35.12<\/b> Fyrirheit um land 1M\u00f3s 12.7+<br \/>\n<b>35.14<\/b> Merkissteinn reistur 1M\u00f3s 28.18+<br \/>\n<b>35.17<\/b> Annar sonur 1M\u00f3s 30.24<br \/>\n<b>35.18<\/b> \u00dej\u00e1ningarsonur (Ben\u00f3n\u00ed) 1Sam 4.20-21; 1Kro 4.9; 7.23 \u2013 breytt um nafn 1M\u00f3s 17.5+<br \/>\n<b>35.19<\/b> Efrata, Betlehem M\u00edk 5.1; Rut 1.2; Matt 2.6 \u2013 Rakel j\u00f6r\u00f0u\u00f0 Jer 31.15; Matt 2.18<br \/>\n<b>35.22<\/b> R\u00faben 1M\u00f3s 49.3-4; 3M\u00f3s 18.8+<\/div>\n","protected":false},"excerpt":{"rendered":"<p>1Gu\u00f0 sag\u00f0i vi\u00f0 Jakob: Tak \u00feig upp og far upp til Betel og dvel \u00fe\u00fa \u00fear og gj\u00f6r \u00fear altari Gu\u00f0i, sem birtist \u00fe\u00e9r, \u00feegar \u00fe\u00fa fl\u00fd\u00f0ir undan Esa\u00fa br\u00f3\u00f0ur \u00fe\u00ednum.2Jakob sag\u00f0i vi\u00f0 heimaf\u00f3lk sitt og alla, sem me\u00f0 honum voru: Kasti\u00f0 burt \u00feeim \u00fatlendu go\u00f0um, sem \u00fe\u00e9r hafi\u00f0 hj\u00e1 y\u00f0ur, og hreinsi\u00f0 y\u00f0ur og hafi\u00f0 fataskipti,3og skulum v\u00e9r taka oss upp og fara upp til Betel. Vil \u00e9g reisa \u00fear altari \u00feeim Gu\u00f0i, sem b\u00e6nheyr\u00f0i mig \u00e1 t\u00edma ney\u00f0ar minnar og hefir veri\u00f0 me\u00f0 m\u00e9r \u00e1 \u00feeim vegi, sem \u00e9g hefi fari\u00f0.4Og \u00feeir fengu Jakob \u00f6ll \u00feau \u00fatlendu go\u00f0, <a href=\"https:\/\/biblian.is\/1981\/fyrsta-mosebok-35-kafli\/\"> [&#8230;]<\/a><\/p>\n","protected":false},"author":1,"featured_media":0,"parent":0,"menu_order":0,"comment_status":"open","ping_status":"open","template":"bibliukaflar.php","meta":{"footnotes":""},"class_list":["post-1381","page","type-page","status-publish","hentry"],"_links":{"self":[{"href":"https:\/\/biblian.is\/1981\/wp-json\/wp\/v2\/pages\/1381","targetHints":{"allow":["GET"]}}],"collection":[{"href":"https:\/\/biblian.is\/1981\/wp-json\/wp\/v2\/pages"}],"about":[{"href":"https:\/\/biblian.is\/1981\/wp-json\/wp\/v2\/types\/page"}],"author":[{"embeddable":true,"href":"https:\/\/biblian.is\/1981\/wp-json\/wp\/v2\/users\/1"}],"replies":[{"embeddable":true,"href":"https:\/\/biblian.is\/1981\/wp-json\/wp\/v2\/comments?post=1381"}],"version-history":[{"count":0,"href":"https:\/\/biblian.is\/1981\/wp-json\/wp\/v2\/pages\/1381\/revisions"}],"wp:attachment":[{"href":"https:\/\/biblian.is\/1981\/wp-json\/wp\/v2\/media?parent=1381"}],"curies":[{"name":"wp","href":"https:\/\/api.w.org\/{rel}","templated":true}]}}