{"id":1378,"date":"2017-11-18T20:17:08","date_gmt":"2017-11-18T20:17:08","guid":{"rendered":"http:\/\/biblian.is\/1981\/fyrsta-mosebok-32-kafli\/"},"modified":"2017-11-18T20:17:08","modified_gmt":"2017-11-18T20:17:08","slug":"fyrsta-mosebok-32-kafli","status":"publish","type":"page","link":"https:\/\/biblian.is\/1981\/fyrsta-mosebok-32-kafli\/","title":{"rendered":"Fyrsta M\u00f3seb\u00f3k 32. kafli"},"content":{"rendered":"<p><a name=\"1\"><span class=\"versanumer\">1<\/span><\/a>Jakob f\u00f3r lei\u00f0ar sinnar. M\u00e6ttu honum \u00fe\u00e1 englar Gu\u00f0s.<a name=\"2\"><span class=\"versanumer\">2<\/span><\/a>Og er Jakob s\u00e1 \u00fe\u00e1, m\u00e6lti hann: \u00deetta eru herb\u00fa\u00f0ir Gu\u00f0s. Og hann nefndi \u00feennan sta\u00f0 Mahana\u00edm.<a name=\"3\"><span class=\"versanumer\">3<\/span><\/a>Jakob gj\u00f6r\u00f0i sendimenn \u00e1 undan s\u00e9r til Esa\u00fa br\u00f3\u00f0ur s\u00edns til Se\u00edr-lands, Ed\u00f3mh\u00e9ra\u00f0s.<a name=\"4\"><span class=\"versanumer\">4<\/span><\/a>Og hann bau\u00f0 \u00feeim og sag\u00f0i: Segi\u00f0 svo herra m\u00ednum Esa\u00fa: Svo segir \u00fej\u00f3nn \u00feinn Jakob: \u00c9g hefi dvali\u00f0 hj\u00e1 Laban og veri\u00f0 \u00fear allt til \u00feessa.<a name=\"5\"><span class=\"versanumer\">5<\/span><\/a>Og \u00e9g hefi eignast uxa, asna og sau\u00f0i, \u00fer\u00e6la og amb\u00e1ttir, og sendi \u00e9g n\u00fa til herra m\u00edns a\u00f0 l\u00e1ta hann vita \u00fea\u00f0, svo a\u00f0 \u00e9g megi finna n\u00e1\u00f0 \u00ed augum \u00fe\u00ednum.<a name=\"6\"><span class=\"versanumer\">6<\/span><\/a>Sendimennirnir komu aftur til Jakobs og s\u00f6g\u00f0u: V\u00e9r komum til Esa\u00fa br\u00f3\u00f0ur \u00fe\u00edns. Hann er sj\u00e1lfur \u00e1 lei\u00f0inni \u00e1 m\u00f3ti \u00fe\u00e9r og fj\u00f6gur hundru\u00f0 manns me\u00f0 honum.<a name=\"7\"><span class=\"versanumer\">7<\/span><\/a>\u00de\u00e1 var\u00f0 Jakob mj\u00f6g hr\u00e6ddur og kv\u00ed\u00f0afullur. Og hann skipti m\u00f6nnunum, sem me\u00f0 honum voru, og sau\u00f0unum, nautunum og \u00falf\u00f6ldunum \u00ed tvo flokka.<a name=\"8\"><span class=\"versanumer\">8<\/span><\/a>Og hann hugsa\u00f0i: \u00de\u00f3 a\u00f0 Esa\u00fa r\u00e1\u00f0ist \u00e1 annan flokkinn og str\u00e1drepi hann, \u00fe\u00e1 getur samt hinn flokkurinn komist undan.<a name=\"9\"><span class=\"versanumer\">9<\/span><\/a>Og Jakob sag\u00f0i: Gu\u00f0 Abrahams f\u00f6\u00f0ur m\u00edns og Gu\u00f0 \u00cdsaks f\u00f6\u00f0ur m\u00edns, Drottinn, \u00fe\u00fa sem sag\u00f0ir vi\u00f0 mig: Hverf heim aftur til lands \u00fe\u00edns og til \u00e6ttf\u00f3lks \u00fe\u00edns, og \u00e9g mun gj\u00f6ra vel vi\u00f0 \u00feig,<a name=\"10\"><span class=\"versanumer\">10<\/span><\/a>\u00f3maklegur er \u00e9g allrar \u00feeirrar miskunnar og allrar \u00feeirrar tr\u00fafesti, sem \u00fe\u00fa hefir au\u00f0s\u00fdnt \u00fej\u00f3ni \u00fe\u00ednum. \u00dev\u00ed a\u00f0 me\u00f0 stafinn minn einn f\u00f3r \u00e9g \u00fe\u00e1 yfir J\u00f3rdan, en n\u00fa \u00e1 \u00e9g yfir tveim flokkum a\u00f0 r\u00e1\u00f0a.<a name=\"11\"><span class=\"versanumer\">11<\/span><\/a>\u00c6, frelsa mig undan valdi br\u00f3\u00f0ur m\u00edns, undan valdi Esa\u00fa, \u00fev\u00ed a\u00f0 \u00e9g \u00f3ttast hann, a\u00f0 hann komi og h\u00f6ggvi oss ni\u00f0ur sem hr\u00e1vi\u00f0i.<a name=\"12\"><span class=\"versanumer\">12<\/span><\/a>Og \u00fe\u00fa hefir sj\u00e1lfur sagt: \u00c9g mun vissulega gj\u00f6ra vel vi\u00f0 \u00feig og gj\u00f6ra ni\u00f0ja \u00fe\u00edna sem sand \u00e1 sj\u00e1varstr\u00f6ndu, er eigi ver\u00f0ur talinn fyrir fj\u00f6lda sakir.<a name=\"13\"><span class=\"versanumer\">13<\/span><\/a>Og hann var \u00fear \u00fe\u00e1 n\u00f3tt. Og hann t\u00f3k gj\u00f6f handa Esa\u00fa br\u00f3\u00f0ur s\u00ednum af \u00fev\u00ed, sem hann haf\u00f0i eignast:<a name=\"14\"><span class=\"versanumer\">14<\/span><\/a>tv\u00f6 hundru\u00f0 geitur og tuttugu geithafra, tv\u00f6 hundru\u00f0 \u00e1sau\u00f0ar og tuttugu hr\u00fata,<a name=\"15\"><span class=\"versanumer\">15<\/span><\/a>\u00ferj\u00e1t\u00edu \u00falfaldahryssur me\u00f0 fol\u00f6ldum, fj\u00f6rut\u00edu k\u00fdr og t\u00edu gri\u00f0unga, tuttugu \u00f6snur og t\u00edu \u00f6snufola.<a name=\"16\"><span class=\"versanumer\">16<\/span><\/a>Og hann f\u00e9kk \u00feetta \u00ed hendur \u00fej\u00f3num s\u00ednum, hverja hj\u00f6r\u00f0 \u00fat af fyrir sig, og m\u00e6lti vi\u00f0 \u00fej\u00f3na s\u00edna: Fari\u00f0 \u00e1 undan m\u00e9r og l\u00e1ti\u00f0 vera bil \u00e1 milli hjar\u00f0anna.<a name=\"17\"><span class=\"versanumer\">17<\/span><\/a>Og \u00feeim, sem fyrstur f\u00f3r, bau\u00f0 hann \u00e1 \u00feessa lei\u00f0: \u00deegar Esa\u00fa br\u00f3\u00f0ir minn m\u00e6tir \u00fe\u00e9r og spyr \u00feig og segir: Hvers ma\u00f0ur ert \u00fe\u00fa og hvert \u00e6tlar \u00fe\u00fa a\u00f0 fara og hver \u00e1 \u00feetta, sem \u00fe\u00fa rekur \u00e1 undan \u00fe\u00e9r?<a name=\"18\"><span class=\"versanumer\">18<\/span><\/a>\u00fe\u00e1 skaltu segja: \u00dej\u00f3nn \u00feinn Jakob \u00e1 \u00fea\u00f0. \u00dea\u00f0 er gj\u00f6f, sem hann sendir herra m\u00ednum Esa\u00fa. Og sj\u00e1, hann er sj\u00e1lfur h\u00e9r \u00e1 eftir oss.<a name=\"19\"><span class=\"versanumer\">19<\/span><\/a>\u00c1 s\u00f6mu lei\u00f0 bau\u00f0 hann hinum \u00f6\u00f0rum og \u00feri\u00f0ja og \u00f6llum \u00feeim, sem hjar\u00f0irnar r\u00e1ku, og m\u00e6lti: \u00deannig skulu\u00f0 \u00fe\u00e9r tala vi\u00f0 Esa\u00fa, \u00feegar \u00fe\u00e9r hitti\u00f0 hann.<a name=\"20\"><span class=\"versanumer\">20<\/span><\/a>Og \u00fe\u00e9r skulu\u00f0 einnig segja: Sj\u00e1, \u00fej\u00f3nn \u00feinn Jakob kemur sj\u00e1lfur \u00e1 eftir oss. \u00dev\u00ed a\u00f0 hann hugsa\u00f0i: \u00c9g \u00e6tla a\u00f0 bl\u00ed\u00f0ka hann me\u00f0 gj\u00f6finni, sem fer \u00e1 undan m\u00e9r. \u00dev\u00ed n\u00e6st vil \u00e9g sj\u00e1 hann. Vera m\u00e1, a\u00f0 hann taki m\u00e9r \u00fe\u00e1 bl\u00ed\u00f0lega.<a name=\"21\"><span class=\"versanumer\">21<\/span><\/a>\u00deannig f\u00f3r gj\u00f6fin \u00e1 undan honum, en sj\u00e1lfur var hann \u00feessa n\u00f3tt \u00ed herb\u00fa\u00f0unum.<a name=\"22\"><span class=\"versanumer\">22<\/span><\/a>Og Jakob lag\u00f0i af sta\u00f0 um n\u00f3ttina og t\u00f3k b\u00e1\u00f0ar konur s\u00ednar og b\u00e1\u00f0ar amb\u00e1ttir s\u00ednar og ellefu sonu s\u00edna og f\u00f3r yfir Jabbok \u00e1 va\u00f0inu.<a name=\"23\"><span class=\"versanumer\">23<\/span><\/a>Og hann t\u00f3k \u00feau og f\u00f3r me\u00f0 \u00feau yfir \u00e1na. Og hann f\u00f3r yfir um me\u00f0 allt, sem hann \u00e1tti.<a name=\"24\"><span class=\"versanumer\">24<\/span><\/a>Jakob var\u00f0 einn eftir, og ma\u00f0ur nokkur gl\u00edmdi vi\u00f0 hann, uns dagsbr\u00fan rann upp.<a name=\"25\"><span class=\"versanumer\">25<\/span><\/a>Og er hann s\u00e1, a\u00f0 hann gat ekki fellt hann, laust hann hann \u00e1 mj\u00f6\u00f0mina, svo a\u00f0 Jakob gekk \u00far augnak\u00f6rlunum, er hann gl\u00edmdi vi\u00f0 hann.<a name=\"26\"><span class=\"versanumer\">26<\/span><\/a>\u00de\u00e1 m\u00e6lti hinn: Slepptu m\u00e9r, \u00fev\u00ed a\u00f0 n\u00fa rennur upp dagsbr\u00fan. En hann svara\u00f0i: \u00c9g sleppi \u00fe\u00e9r ekki, nema \u00fe\u00fa blessir mig.<a name=\"27\"><span class=\"versanumer\">27<\/span><\/a>\u00de\u00e1 sag\u00f0i hann vi\u00f0 hann: Hva\u00f0 heitir \u00fe\u00fa? Hann svara\u00f0i: Jakob.<a name=\"28\"><span class=\"versanumer\">28<\/span><\/a>\u00de\u00e1 m\u00e6lti hann: Eigi skalt \u00fe\u00fa lengur Jakob heita, heldur \u00cdsrael, \u00fev\u00ed a\u00f0 \u00fe\u00fa hefir gl\u00edmt vi\u00f0 Gu\u00f0 og menn og fengi\u00f0 sigur.<a name=\"29\"><span class=\"versanumer\">29<\/span><\/a>Og Jakob spur\u00f0i hann og m\u00e6lti: Seg m\u00e9r heiti \u00feitt. En hann svara\u00f0i: Hvers vegna spyr \u00fe\u00fa mig a\u00f0 heiti? Og hann blessa\u00f0i hann \u00fear.<a name=\"30\"><span class=\"versanumer\">30<\/span><\/a>Og Jakob nefndi \u00feennan sta\u00f0 Pen\u00edel, \u00fev\u00ed a\u00f0 \u00e9g hefi, kva\u00f0 hann, s\u00e9\u00f0 Gu\u00f0 augliti til auglitis og \u00fe\u00f3 haldi\u00f0 l\u00edfi.<a name=\"31\"><span class=\"versanumer\">31<\/span><\/a>Og er hann f\u00f3r fr\u00e1 Pen\u00fael, rann s\u00f3lin upp. Var hann \u00fe\u00e1 haltur \u00ed mj\u00f6\u00f0minni.<a name=\"32\"><span class=\"versanumer\">32<\/span><\/a>Fyrir \u00fev\u00ed eta \u00cdsraelsmenn allt til \u00feessa dags ekki sinina, sem er ofan \u00e1 augnakarlinum, \u00fev\u00ed a\u00f0 hann hitti mj\u00f6\u00f0m Jakobs \u00fear sem sinin er undir.<\/p>\n<div class=\"footnote1981\"><b>32.5<\/b> Au\u00f0ur Jakobs 1M\u00f3s 13.2+<br \/>\n<b>32.9<\/b> Sn\u00fa\u00f0u aftur til lands \u00fe\u00edns 1M\u00f3s 31.3,13<br \/>\n<b>32.11<\/b> Bjarga\u00f0u m\u00e9r Slm 31.2-3; 59.2<br \/>\n<b>32.12<\/b> Ni\u00f0jar \u00fe\u00ednir 1M\u00f3s 12.2+ &#8211; sem sandkorn 1M\u00f3s 22.17+<br \/>\n<b>32.13<\/b> Gj\u00f6f 1M\u00f3s 33.10; 1Sam 25.18-19<br \/>\n<b>32.22-32<\/b> Jakob gl\u00edmir vi\u00f0 Gu\u00f0 H\u00f3s 12.4-5; sbr 2Kor 12.7-10<br \/>\n<b>32.28<\/b> Breytt um nafn 1M\u00f3s 17.5+<br \/>\n<b>32.29<\/b> Nafns 2M\u00f3s 3.13-14; D\u00f3m 13.17-18; sbr J\u00f3h 17.6,26; Opb 19.13<br \/>\n<b>32.30<\/b> \u00c9g hef s\u00e9\u00f0 Gu\u00f0 2M\u00f3s 33.20+<\/div>\n","protected":false},"excerpt":{"rendered":"<p>1Jakob f\u00f3r lei\u00f0ar sinnar. M\u00e6ttu honum \u00fe\u00e1 englar Gu\u00f0s.2Og er Jakob s\u00e1 \u00fe\u00e1, m\u00e6lti hann: \u00deetta eru herb\u00fa\u00f0ir Gu\u00f0s. Og hann nefndi \u00feennan sta\u00f0 Mahana\u00edm.3Jakob gj\u00f6r\u00f0i sendimenn \u00e1 undan s\u00e9r til Esa\u00fa br\u00f3\u00f0ur s\u00edns til Se\u00edr-lands, Ed\u00f3mh\u00e9ra\u00f0s.4Og hann bau\u00f0 \u00feeim og sag\u00f0i: Segi\u00f0 svo herra m\u00ednum Esa\u00fa: Svo segir \u00fej\u00f3nn \u00feinn Jakob: \u00c9g hefi dvali\u00f0 hj\u00e1 Laban og veri\u00f0 \u00fear allt til \u00feessa.5Og \u00e9g hefi eignast uxa, asna og sau\u00f0i, \u00fer\u00e6la og amb\u00e1ttir, og sendi \u00e9g n\u00fa til herra m\u00edns a\u00f0 l\u00e1ta hann vita \u00fea\u00f0, svo a\u00f0 \u00e9g megi finna n\u00e1\u00f0 \u00ed augum \u00fe\u00ednum.6Sendimennirnir komu aftur til Jakobs og s\u00f6g\u00f0u: <a href=\"https:\/\/biblian.is\/1981\/fyrsta-mosebok-32-kafli\/\"> [&#8230;]<\/a><\/p>\n","protected":false},"author":1,"featured_media":0,"parent":0,"menu_order":0,"comment_status":"open","ping_status":"open","template":"bibliukaflar.php","meta":{"footnotes":""},"class_list":["post-1378","page","type-page","status-publish","hentry"],"_links":{"self":[{"href":"https:\/\/biblian.is\/1981\/wp-json\/wp\/v2\/pages\/1378","targetHints":{"allow":["GET"]}}],"collection":[{"href":"https:\/\/biblian.is\/1981\/wp-json\/wp\/v2\/pages"}],"about":[{"href":"https:\/\/biblian.is\/1981\/wp-json\/wp\/v2\/types\/page"}],"author":[{"embeddable":true,"href":"https:\/\/biblian.is\/1981\/wp-json\/wp\/v2\/users\/1"}],"replies":[{"embeddable":true,"href":"https:\/\/biblian.is\/1981\/wp-json\/wp\/v2\/comments?post=1378"}],"version-history":[{"count":0,"href":"https:\/\/biblian.is\/1981\/wp-json\/wp\/v2\/pages\/1378\/revisions"}],"wp:attachment":[{"href":"https:\/\/biblian.is\/1981\/wp-json\/wp\/v2\/media?parent=1378"}],"curies":[{"name":"wp","href":"https:\/\/api.w.org\/{rel}","templated":true}]}}