{"id":1376,"date":"2017-11-18T20:17:08","date_gmt":"2017-11-18T20:17:08","guid":{"rendered":"http:\/\/biblian.is\/1981\/fyrsta-mosebok-30-kafli\/"},"modified":"2017-11-18T20:17:08","modified_gmt":"2017-11-18T20:17:08","slug":"fyrsta-mosebok-30-kafli","status":"publish","type":"page","link":"https:\/\/biblian.is\/1981\/fyrsta-mosebok-30-kafli\/","title":{"rendered":"Fyrsta M\u00f3seb\u00f3k 30. kafli"},"content":{"rendered":"<p><a name=\"1\"><span class=\"versanumer\">1<\/span><\/a>En er Rakel s\u00e1, a\u00f0 h\u00fan \u00f3l Jakob ekki b\u00f6rn, \u00f6funda\u00f0i h\u00fan systur s\u00edna og sag\u00f0i vi\u00f0 Jakob: L\u00e1ttu mig eignast b\u00f6rn, ella mun \u00e9g deyja.<a name=\"2\"><span class=\"versanumer\">2<\/span><\/a>Jakob reiddist \u00fe\u00e1 vi\u00f0 Rakel og sag\u00f0i: Er \u00e9g \u00fe\u00e1 Gu\u00f0? \u00dea\u00f0 er hann sem hefir synja\u00f0 \u00fe\u00e9r l\u00edfsafkv\u00e6mis.<a name=\"3\"><span class=\"versanumer\">3<\/span><\/a>\u00de\u00e1 sag\u00f0i h\u00fan: \u00dearna er B\u00edla amb\u00e1tt m\u00edn. Gakk \u00fe\u00fa inn til hennar, a\u00f0 h\u00fan megi f\u00e6\u00f0a \u00e1 skaut mitt og afla m\u00e9r afkv\u00e6mis.<a name=\"4\"><span class=\"versanumer\">4<\/span><\/a>Og h\u00fan gaf honum B\u00edlu amb\u00e1tt s\u00edna fyrir konu, og Jakob gekk inn til hennar.<a name=\"5\"><span class=\"versanumer\">5<\/span><\/a>Og B\u00edla var\u00f0 \u00feungu\u00f0 og \u00f3l Jakob son.<a name=\"6\"><span class=\"versanumer\">6<\/span><\/a>\u00de\u00e1 sag\u00f0i Rakel: Gu\u00f0 hefir r\u00e9tt hluta minn og einnig b\u00e6nheyrt mig og gefi\u00f0 m\u00e9r son. Fyrir \u00fev\u00ed nefndi h\u00fan hann Dan.<a name=\"7\"><span class=\"versanumer\">7<\/span><\/a>Og B\u00edla, amb\u00e1tt Rakelar, var\u00f0 \u00feungu\u00f0 \u00ed anna\u00f0 sinn og \u00f3l Jakob annan son.<a name=\"8\"><span class=\"versanumer\">8<\/span><\/a>\u00de\u00e1 sag\u00f0i Rakel: Miki\u00f0 str\u00ed\u00f0 hefi \u00e9g \u00fereytt vi\u00f0 systur m\u00edna og unni\u00f0 sigur. Og h\u00fan nefndi hann Naftal\u00ed.<a name=\"9\"><span class=\"versanumer\">9<\/span><\/a>Er Lea s\u00e1, a\u00f0 h\u00fan l\u00e9t af a\u00f0 eiga b\u00f6rn, t\u00f3k h\u00fan Silpu amb\u00e1tt s\u00edna og gaf Jakob hana fyrir konu.<a name=\"10\"><span class=\"versanumer\">10<\/span><\/a>Og Silpa, amb\u00e1tt Leu, \u00f3l Jakob son.<a name=\"11\"><span class=\"versanumer\">11<\/span><\/a>\u00de\u00e1 sag\u00f0i Lea: Til heilla! Og h\u00fan nefndi hann Ga\u00f0.<a name=\"12\"><span class=\"versanumer\">12<\/span><\/a>Og Silpa, amb\u00e1tt Leu, \u00f3l Jakob annan son.<a name=\"13\"><span class=\"versanumer\">13<\/span><\/a>\u00de\u00e1 sag\u00f0i Lea: S\u00e6l er \u00e9g, \u00fev\u00ed a\u00f0 allar konur munu mig s\u00e6la segja. Og h\u00fan nefndi hann Asser.<a name=\"14\"><span class=\"versanumer\">14<\/span><\/a>R\u00faben gekk eitt sinn \u00fat um hveitiskur\u00f0art\u00edmann og fann \u00e1starepli \u00e1 akrinum og f\u00e6r\u00f0i \u00feau Leu m\u00f3\u00f0ur sinni. \u00de\u00e1 sag\u00f0i Rakel vi\u00f0 Leu: Gef \u00fe\u00fa m\u00e9r nokku\u00f0 af \u00e1stareplum sonar \u00fe\u00edns.<a name=\"15\"><span class=\"versanumer\">15<\/span><\/a>En h\u00fan svara\u00f0i: Er \u00fea\u00f0 ekki n\u00f3g, a\u00f0 \u00fe\u00fa tekur b\u00f3nda minn fr\u00e1 m\u00e9r, viltu n\u00fa einnig taka \u00e1starepli sonar m\u00edns? Og Rakel m\u00e6lti: Hann m\u00e1 \u00fe\u00e1 sofa hj\u00e1 \u00fe\u00e9r \u00ed n\u00f3tt fyrir \u00e1starepli sonar \u00fe\u00edns.<a name=\"16\"><span class=\"versanumer\">16<\/span><\/a>Er Jakob kom heim um kveldi\u00f0 af akrinum, gekk Lea \u00fat \u00e1 m\u00f3ti honum og sag\u00f0i: \u00de\u00fa \u00e1tt a\u00f0 ganga inn til m\u00edn, \u00fev\u00ed a\u00f0 \u00e9g hefi keypt \u00feig fyrir \u00e1starepli sonar m\u00edns. Og hann svaf hj\u00e1 henni \u00fe\u00e1 n\u00f3tt.<a name=\"17\"><span class=\"versanumer\">17<\/span><\/a>En Gu\u00f0 b\u00e6nheyr\u00f0i Leu, og h\u00fan var\u00f0 \u00feungu\u00f0 og \u00f3l Jakob hinn fimmta son og sag\u00f0i:<a name=\"18\"><span class=\"versanumer\">18<\/span><\/a>Gu\u00f0 hefir launa\u00f0 m\u00e9r \u00fea\u00f0, a\u00f0 \u00e9g gaf b\u00f3nda m\u00ednum amb\u00e1tt m\u00edna. Og h\u00fan nefndi hann \u00cdssakar.<a name=\"19\"><span class=\"versanumer\">19<\/span><\/a>Og Lea var\u00f0 enn \u00feungu\u00f0 og \u00f3l Jakob hinn sj\u00f6tta son.<a name=\"20\"><span class=\"versanumer\">20<\/span><\/a>\u00de\u00e1 sag\u00f0i Lea: Gu\u00f0 hefir gefi\u00f0 m\u00e9r g\u00f3\u00f0a gj\u00f6f. N\u00fa mun b\u00f3ndi minn b\u00faa vi\u00f0 mig, \u00fev\u00ed a\u00f0 \u00e9g hefi ali\u00f0 honum sex sonu. Og h\u00fan nefndi hann Seb\u00falon.<a name=\"21\"><span class=\"versanumer\">21<\/span><\/a>Eftir \u00fea\u00f0 \u00f3l h\u00fan d\u00f3ttur og nefndi hana D\u00ednu.<a name=\"22\"><span class=\"versanumer\">22<\/span><\/a>\u00de\u00e1 minntist Gu\u00f0 Rakelar og b\u00e6nheyr\u00f0i hana og opna\u00f0i m\u00f3\u00f0url\u00edf hennar.<a name=\"23\"><span class=\"versanumer\">23<\/span><\/a>Og h\u00fan var\u00f0 \u00feungu\u00f0 og \u00f3l son og sag\u00f0i: Gu\u00f0 hefir numi\u00f0 burt sm\u00e1n m\u00edna.<a name=\"24\"><span class=\"versanumer\">24<\/span><\/a>Og h\u00fan nefndi hann J\u00f3sef og sag\u00f0i: Gu\u00f0 b\u00e6ti vi\u00f0 mig \u00f6\u00f0rum syni!<a name=\"25\"><span class=\"versanumer\">25<\/span><\/a>Er Rakel haf\u00f0i ali\u00f0 J\u00f3sef, sag\u00f0i Jakob vi\u00f0 Laban: Leyf \u00fe\u00fa m\u00e9r n\u00fa a\u00f0 fara, a\u00f0 \u00e9g megi halda heim til \u00e1tthaga minna og \u00e6ttlands m\u00edns.<a name=\"26\"><span class=\"versanumer\">26<\/span><\/a>F\u00e1 m\u00e9r konur m\u00ednar og b\u00f6rn m\u00edn, sem \u00e9g hefi \u00fej\u00f3na\u00f0 \u00fe\u00e9r fyrir, a\u00f0 \u00e9g megi fara, \u00fev\u00ed a\u00f0 \u00fe\u00fa veist, hvernig \u00e9g hefi \u00fej\u00f3na\u00f0 \u00fe\u00e9r.<a name=\"27\"><span class=\"versanumer\">27<\/span><\/a>\u00de\u00e1 sag\u00f0i Laban vi\u00f0 hann: Hafi \u00e9g fundi\u00f0 n\u00e1\u00f0 \u00ed augum \u00fe\u00ednum, \u00fe\u00e1 vertu kyrr. \u00c9g hefi teki\u00f0 eftir \u00fev\u00ed, a\u00f0 Drottinn hefir blessa\u00f0 mig fyrir \u00fe\u00ednar sakir.<a name=\"28\"><span class=\"versanumer\">28<\/span><\/a>Og hann m\u00e6lti: Set sj\u00e1lfur upp kaup \u00feitt vi\u00f0 mig, og skal \u00e9g gjalda \u00fea\u00f0.<a name=\"29\"><span class=\"versanumer\">29<\/span><\/a>Jakob sag\u00f0i vi\u00f0 hann: \u00de\u00fa veist sj\u00e1lfur, hvernig \u00e9g hefi \u00fej\u00f3na\u00f0 \u00fe\u00e9r og hva\u00f0 f\u00e9na\u00f0ur \u00feinn er or\u00f0inn hj\u00e1 m\u00e9r.<a name=\"30\"><span class=\"versanumer\">30<\/span><\/a>\u00dev\u00ed a\u00f0 l\u00edti\u00f0 var \u00fea\u00f0, sem \u00fe\u00fa \u00e1ttir, \u00e1\u00f0ur en \u00e9g kom, en \u00fea\u00f0 hefir aukist margfaldlega, og Drottinn hefir blessa\u00f0 \u00feig vi\u00f0 hvert mitt f\u00f3tm\u00e1l. Og auk \u00feess, hven\u00e6r \u00e1 \u00e9g \u00fe\u00e1 a\u00f0 veita forsj\u00e1 h\u00fasi sj\u00e1lfs m\u00edn?<a name=\"31\"><span class=\"versanumer\">31<\/span><\/a>Og Laban m\u00e6lti: Hva\u00f0 skal \u00e9g gefa \u00fe\u00e9r? En Jakob sag\u00f0i: \u00de\u00fa skalt ekkert gefa m\u00e9r, en viljir \u00fe\u00fa gj\u00f6ra \u00feetta, sem \u00e9g n\u00fa segi, \u00fe\u00e1 vil \u00e9g enn \u00fe\u00e1 halda f\u00e9 \u00fe\u00ednu til haga og g\u00e6ta \u00feess.<a name=\"32\"><span class=\"versanumer\">32<\/span><\/a>\u00c9g \u00e6tla \u00ed dag a\u00f0 ganga innan um allt f\u00e9 \u00feitt og skilja \u00far \u00fev\u00ed hverja flekk\u00f3tta og sprekl\u00f3tta kind. Og hver sv\u00f6rt kind me\u00f0al sau\u00f0anna og hi\u00f0 sprekl\u00f3tta og flekk\u00f3tta me\u00f0al geitanna, \u00fea\u00f0 skal vera kaup mitt.<a name=\"33\"><span class=\"versanumer\">33<\/span><\/a>Og r\u00e1\u00f0vendni m\u00edn skal eftirlei\u00f0is bera m\u00e9r vitni, er \u00fe\u00fa kemur a\u00f0 sko\u00f0a kaup mitt: Allt sem ekki er flekk\u00f3tt og sprekl\u00f3tt me\u00f0al minna geita og svart me\u00f0al minna sau\u00f0a, skal teljast stoli\u00f0.<a name=\"34\"><span class=\"versanumer\">34<\/span><\/a>Og Laban sag\u00f0i: Svo skal \u00fe\u00e1 vera sem \u00fe\u00fa hefir sagt.<a name=\"35\"><span class=\"versanumer\">35<\/span><\/a>\u00c1 \u00feeim degi skildi Laban fr\u00e1 alla r\u00edl\u00f3ttu og sprekl\u00f3ttu hafrana, og allar flekk\u00f3ttu og sprekl\u00f3ttu geiturnar allt \u00fea\u00f0, sem haf\u00f0i \u00e1 s\u00e9r einhvern hv\u00edtan d\u00edla, og allt hi\u00f0 svarta me\u00f0al sau\u00f0anna og f\u00e9kk sonum s\u00ednum.<a name=\"36\"><span class=\"versanumer\">36<\/span><\/a>Og hann l\u00e9t vera \u00feriggja daga lei\u00f0 milli s\u00edn og Jakobs. En Jakob g\u00e6tti \u00feeirrar hjar\u00f0ar Labans, sem eftir var\u00f0.<a name=\"37\"><span class=\"versanumer\">37<\/span><\/a>Jakob t\u00f3k s\u00e9r stafi af gr\u00e6nni \u00f6sp, m\u00f6ndluvi\u00f0i og hlyni og sk\u00f3f \u00e1 \u00fe\u00e1 hv\u00edtar r\u00e1kir me\u00f0 \u00fev\u00ed a\u00f0 nekja hi\u00f0 hv\u00edta \u00e1 st\u00f6funum.<a name=\"38\"><span class=\"versanumer\">38<\/span><\/a>\u00dev\u00ed n\u00e6st lag\u00f0i hann stafina, sem hann haf\u00f0i birkt, \u00ed \u00fer\u00e6rnar, \u00ed vatnsrennurnar, sem f\u00e9\u00f0 kom a\u00f0 drekka \u00far, beint fyrir framan f\u00e9\u00f0. En \u00e6rnar fengu, er \u00fe\u00e6r komu a\u00f0 drekka.<a name=\"39\"><span class=\"versanumer\">39<\/span><\/a>\u00deannig fengu \u00e6rnar uppi yfir st\u00f6funum, og \u00e6rnar \u00e1ttu r\u00edl\u00f3tt, flekk\u00f3tt og sprekl\u00f3tt l\u00f6mb.<a name=\"40\"><span class=\"versanumer\">40<\/span><\/a>Jakob skildi l\u00f6mbin \u00far og l\u00e9t f\u00e9\u00f0 horfa \u00e1 hi\u00f0 r\u00edl\u00f3tta og allt hi\u00f0 svarta \u00ed f\u00e9 Labans. \u00deannig kom hann s\u00e9r upp s\u00e9rst\u00f6kum fj\u00e1rh\u00f3pum og l\u00e9t \u00fe\u00e1 ekki saman vi\u00f0 hj\u00f6r\u00f0 Labans.<a name=\"41\"><span class=\"versanumer\">41<\/span><\/a>Og um allan g\u00f6ngut\u00edma v\u00e6nu \u00e1nna lag\u00f0i Jakob stafina \u00ed \u00fer\u00e6rnar fyrir framan f\u00e9\u00f0, svo a\u00f0 \u00fe\u00e6r skyldu f\u00e1 uppi yfir st\u00f6funum.<a name=\"42\"><span class=\"versanumer\">42<\/span><\/a>En er r\u00fdru \u00e6rnar gengu, lag\u00f0i hann \u00fe\u00e1 \u00fear ekki. \u00deannig f\u00e9kk Laban r\u00fdra f\u00e9\u00f0, en Jakob hi\u00f0 v\u00e6na.<a name=\"43\"><span class=\"versanumer\">43<\/span><\/a>Og ma\u00f0urinn var\u00f0 st\u00f3rau\u00f0ugur og eigna\u00f0ist mikinn f\u00e9na\u00f0, amb\u00e1ttir og \u00fer\u00e6la, \u00falfalda og asna.<\/p>\n<div class=\"footnote1981\"><b>30.2<\/b> Er \u00e9g \u00ed st\u00f6\u00f0u Gu\u00f0s? 2Kon 5.7<br \/>\n<b>30.13<\/b> Mig s\u00e6la segja Okv 31.28; Ljl 6.9; L\u00fak 1.48<br \/>\n<b>30.14<\/b> \u00c1starepli Ljl 7.13<br \/>\n<b>30.22<\/b> Gu\u00f0 minnist Rakelar 1Sam 1.27; L\u00fak 1.48<br \/>\n<b>30.24<\/b> Annar sonur 1M\u00f3s 35.17<br \/>\n<b>30.27<\/b> Fyrir \u00fe\u00ednar sakir 1M\u00f3s 28.14<br \/>\n<b>30.36<\/b> \u00derj\u00e1r daglei\u00f0ir 2M\u00f3s 3.18+<br \/>\n<b>30.43<\/b> St\u00f3rau\u00f0ugur 1M\u00f3s 13.2+<\/div>\n","protected":false},"excerpt":{"rendered":"<p>1En er Rakel s\u00e1, a\u00f0 h\u00fan \u00f3l Jakob ekki b\u00f6rn, \u00f6funda\u00f0i h\u00fan systur s\u00edna og sag\u00f0i vi\u00f0 Jakob: L\u00e1ttu mig eignast b\u00f6rn, ella mun \u00e9g deyja.2Jakob reiddist \u00fe\u00e1 vi\u00f0 Rakel og sag\u00f0i: Er \u00e9g \u00fe\u00e1 Gu\u00f0? \u00dea\u00f0 er hann sem hefir synja\u00f0 \u00fe\u00e9r l\u00edfsafkv\u00e6mis.3\u00de\u00e1 sag\u00f0i h\u00fan: \u00dearna er B\u00edla amb\u00e1tt m\u00edn. Gakk \u00fe\u00fa inn til hennar, a\u00f0 h\u00fan megi f\u00e6\u00f0a \u00e1 skaut mitt og afla m\u00e9r afkv\u00e6mis.4Og h\u00fan gaf honum B\u00edlu amb\u00e1tt s\u00edna fyrir konu, og Jakob gekk inn til hennar.5Og B\u00edla var\u00f0 \u00feungu\u00f0 og \u00f3l Jakob son.6\u00de\u00e1 sag\u00f0i Rakel: Gu\u00f0 hefir r\u00e9tt hluta minn og einnig b\u00e6nheyrt mig og <a href=\"https:\/\/biblian.is\/1981\/fyrsta-mosebok-30-kafli\/\"> [&#8230;]<\/a><\/p>\n","protected":false},"author":1,"featured_media":0,"parent":0,"menu_order":0,"comment_status":"open","ping_status":"open","template":"bibliukaflar.php","meta":{"footnotes":""},"class_list":["post-1376","page","type-page","status-publish","hentry"],"_links":{"self":[{"href":"https:\/\/biblian.is\/1981\/wp-json\/wp\/v2\/pages\/1376","targetHints":{"allow":["GET"]}}],"collection":[{"href":"https:\/\/biblian.is\/1981\/wp-json\/wp\/v2\/pages"}],"about":[{"href":"https:\/\/biblian.is\/1981\/wp-json\/wp\/v2\/types\/page"}],"author":[{"embeddable":true,"href":"https:\/\/biblian.is\/1981\/wp-json\/wp\/v2\/users\/1"}],"replies":[{"embeddable":true,"href":"https:\/\/biblian.is\/1981\/wp-json\/wp\/v2\/comments?post=1376"}],"version-history":[{"count":0,"href":"https:\/\/biblian.is\/1981\/wp-json\/wp\/v2\/pages\/1376\/revisions"}],"wp:attachment":[{"href":"https:\/\/biblian.is\/1981\/wp-json\/wp\/v2\/media?parent=1376"}],"curies":[{"name":"wp","href":"https:\/\/api.w.org\/{rel}","templated":true}]}}