{"id":1374,"date":"2017-11-18T20:17:08","date_gmt":"2017-11-18T20:17:08","guid":{"rendered":"http:\/\/biblian.is\/1981\/fyrsta-mosebok-28-kafli\/"},"modified":"2021-06-06T11:15:08","modified_gmt":"2021-06-06T11:15:08","slug":"fyrsta-mosebok-28-kafli","status":"publish","type":"page","link":"https:\/\/biblian.is\/1981\/fyrsta-mosebok-28-kafli\/","title":{"rendered":"Fyrsta M\u00f3seb\u00f3k 28. kafli"},"content":{"rendered":"<p><a name=\"1\"><span class=\"versanumer\">1<\/span><\/a>\u00de\u00e1 kalla\u00f0i \u00cdsak Jakob til s\u00edn og blessa\u00f0i hann. Og hann bau\u00f0 honum og sag\u00f0i vi\u00f0 hann: \u00de\u00fa skalt eigi taka \u00fe\u00e9r konu af Kanaans d\u00e6trum.<a name=\"2\"><span class=\"versanumer\">2<\/span><\/a>Tak \u00feig upp og far til Mes\u00f3p\u00f3tam\u00edu, \u00ed h\u00fas Bet\u00faels m\u00f3\u00f0urf\u00f6\u00f0ur \u00fe\u00edns, og tak \u00fe\u00e9r \u00fear konu af d\u00e6trum Labans m\u00f3\u00f0urbr\u00f3\u00f0ur \u00fe\u00edns.<a name=\"3\"><span class=\"versanumer\">3<\/span><\/a>Og Alm\u00e1ttugur Gu\u00f0 blessi \u00feig og gj\u00f6ri \u00feig frj\u00f3saman og margfaldi \u00feig, svo a\u00f0 \u00fe\u00fa ver\u00f0ir a\u00f0 m\u00f6rgum kynkv\u00edslum.<a name=\"4\"><span class=\"versanumer\">4<\/span><\/a>Hann gefi \u00fe\u00e9r blessun Abrahams, \u00fe\u00e9r og ni\u00f0jum \u00fe\u00ednum me\u00f0 \u00fe\u00e9r, a\u00f0 \u00fe\u00fa megir eignast \u00fea\u00f0 land, er \u00fe\u00fa b\u00fdr \u00ed sem \u00fatlendingur og Gu\u00f0 gaf Abraham.<a name=\"5\"><span class=\"versanumer\">5<\/span><\/a>S\u00ed\u00f0an sendi \u00cdsak Jakob burt, og hann f\u00f3r til Mes\u00f3p\u00f3tam\u00edu, til Labans Bet\u00faelssonar hins arame\u00edska, br\u00f3\u00f0ur Rebekku, m\u00f3\u00f0ur \u00feeirra Jakobs og Esa\u00fa.<a name=\"6\"><span class=\"versanumer\">6<\/span><\/a>En Esa\u00fa var\u00f0 \u00feess v\u00eds, a\u00f0 \u00cdsak haf\u00f0i blessa\u00f0 Jakob og sent hann til Mes\u00f3p\u00f3tam\u00edu til a\u00f0 taka s\u00e9r \u00fear konu, a\u00f0 hann haf\u00f0i blessa\u00f0 hann, bo\u00f0i\u00f0 honum og sagt: \u00de\u00fa skalt ekki taka \u00fe\u00e9r konu af Kanaans d\u00e6trum,<a name=\"7\"><span class=\"versanumer\">7<\/span><\/a>og a\u00f0 Jakob haf\u00f0i hl\u00fd\u00f0nast f\u00f6\u00f0ur s\u00ednum og m\u00f3\u00f0ur sinni og fari\u00f0 til Mes\u00f3p\u00f3tam\u00edu.<a name=\"8\"><span class=\"versanumer\">8<\/span><\/a>\u00de\u00e1 s\u00e1 Esa\u00fa, a\u00f0 Kanaans d\u00e6tur ge\u00f0ju\u00f0ust eigi \u00cdsak f\u00f6\u00f0ur hans.<a name=\"9\"><span class=\"versanumer\">9<\/span><\/a>F\u00f3r Esa\u00fa \u00fev\u00ed til \u00cdsmaels og t\u00f3k Mahalat, d\u00f3ttur \u00cdsmaels Abrahamssonar, systur Nebaj\u00f3ts, s\u00e9r fyrir konu, auk \u00feeirra kvenna, sem hann \u00e1tti \u00e1\u00f0ur.<a name=\"10\"><span class=\"versanumer\">10<\/span><\/a>Jakob lag\u00f0i af sta\u00f0 fr\u00e1 Beerseba og h\u00e9lt \u00e1 lei\u00f0 til Harran.<a name=\"11\"><span class=\"versanumer\">11<\/span><\/a>Og hann kom \u00e1 sta\u00f0 nokkurn og var \u00fear um n\u00f3ttina, \u00fev\u00ed a\u00f0 s\u00f3l var runnin. Og hann t\u00f3k einn af steinum \u00feeim, er \u00fear voru, og lag\u00f0i undir h\u00f6fu\u00f0 s\u00e9r, lag\u00f0ist \u00fev\u00ed n\u00e6st til svefns \u00e1 \u00feessum sta\u00f0.<a name=\"12\"><span class=\"versanumer\">12<\/span><\/a>\u00de\u00e1 dreymdi hann. Honum \u00fe\u00f3tti stigi standa \u00e1 j\u00f6r\u00f0u og efri endi hans n\u00e1 til himins, og sj\u00e1, englar Gu\u00f0s f\u00f3ru upp og ofan eftir stiganum.<a name=\"13\"><span class=\"versanumer\">13<\/span><\/a>Og sj\u00e1, Drottinn st\u00f3\u00f0 hj\u00e1 honum og sag\u00f0i: \u00c9g er Drottinn, Gu\u00f0 Abrahams f\u00f6\u00f0ur \u00fe\u00edns og Gu\u00f0 \u00cdsaks. Landi\u00f0, sem \u00fe\u00fa hv\u00edlist \u00e1, mun \u00e9g gefa \u00fe\u00e9r og ni\u00f0jum \u00fe\u00ednum.<a name=\"14\"><span class=\"versanumer\">14<\/span><\/a>Og ni\u00f0jar \u00fe\u00ednir skulu ver\u00f0a sem duft jar\u00f0ar, og \u00fe\u00fa skalt \u00fatbrei\u00f0ast til vesturs og austurs, nor\u00f0urs og su\u00f0urs, og af \u00fe\u00e9r munu allar \u00e6ttkv\u00edslir jar\u00f0arinnar blessun hlj\u00f3ta og af \u00fe\u00ednu afkv\u00e6mi.<a name=\"15\"><span class=\"versanumer\">15<\/span><\/a>Og sj\u00e1, \u00e9g er me\u00f0 \u00fe\u00e9r og var\u00f0veiti \u00feig, hvert sem \u00fe\u00fa fer, og \u00e9g mun aftur flytja \u00feig til \u00feessa lands, \u00fev\u00ed a\u00f0 ekki mun \u00e9g yfirgefa \u00feig fyrr en \u00e9g hefi gj\u00f6rt \u00fea\u00f0, sem \u00e9g hefi \u00fe\u00e9r heiti\u00f0.<a name=\"16\"><span class=\"versanumer\">16<\/span><\/a>\u00de\u00e1 vakna\u00f0i Jakob af svefni s\u00ednum og m\u00e6lti: Sannlega er Drottinn \u00e1 \u00feessum sta\u00f0, og \u00e9g vissi \u00fea\u00f0 ekki!<a name=\"17\"><span class=\"versanumer\">17<\/span><\/a>Og \u00f3tta sl\u00f3 yfir hann og hann sag\u00f0i: Hversu hr\u00e6\u00f0ilegur er \u00feessi sta\u00f0ur! H\u00e9r er vissulega Gu\u00f0s h\u00fas, og h\u00e9r er hli\u00f0 himinsins!<a name=\"18\"><span class=\"versanumer\">18<\/span><\/a>Og Jakob reis \u00e1rla um morguninn og t\u00f3k steininn, sem hann haf\u00f0i haft undir h\u00f6f\u00f0inu, og reisti hann upp til merkis og hellti ol\u00edu yfir hann.<a name=\"19\"><span class=\"versanumer\">19<\/span><\/a>Og hann nefndi \u00feennan sta\u00f0 Betel, en \u00e1\u00f0ur haf\u00f0i borgin heiti\u00f0 L\u00faz.<a name=\"20\"><span class=\"versanumer\">20<\/span><\/a>Og Jakob gj\u00f6r\u00f0i heit og m\u00e6lti: Ef Gu\u00f0 ver\u00f0ur me\u00f0 m\u00e9r og var\u00f0veitir mig \u00e1 \u00feessari fer\u00f0, sem \u00e9g n\u00fa fer, og gefur m\u00e9r brau\u00f0 a\u00f0 eta og f\u00f6t a\u00f0 kl\u00e6\u00f0ast,<a name=\"21\"><span class=\"versanumer\">21<\/span><\/a>og ef \u00e9g kemst fars\u00e6llega aftur heim \u00ed h\u00fas f\u00f6\u00f0ur m\u00edns, \u00fe\u00e1 skal Drottinn vera minn Gu\u00f0,<a name=\"22\"><span class=\"versanumer\">22<\/span><\/a>og \u00feessi steinn, sem \u00e9g hefi upp reist til merkis, skal ver\u00f0a Gu\u00f0s h\u00fas, og \u00e9g skal f\u00e6ra \u00fe\u00e9r t\u00edundir af \u00f6llu, sem \u00fe\u00fa gefur m\u00e9r.<\/p>\n<div class=\"footnote1981\"><b>28.2<\/b> Konu af d\u00e6trum Labans 1M\u00f3s 24.4<br \/>\n<b>28.3<\/b> Fj\u00f6ldi \u00fej\u00f3\u00f0a 1M\u00f3s 48.4; sbr 12.2+<br \/>\n<b>28.4<\/b> Fyrirheit um land 1M\u00f3s 12.7+<br \/>\n<b>28.8<\/b> Kanaans d\u00e6tur 1M\u00f3s 24.3+<br \/>\n<b>28.12<\/b> Draumur Jakobs H\u00f3s 12.5; SSal 10.10 \u2013 englar J\u00f3h 1.51<br \/>\n<b>28.13<\/b> Fyrirheit um land 1M\u00f3s 12.7+<br \/>\n<b>28.14<\/b> Duft jar\u00f0ar sbr 1M\u00f3s 22.17+ &#8211; blessun hlj\u00f3ta 1M\u00f3s 12.3+<br \/>\n<b>28.15<\/b> \u00c9g er me\u00f0 \u00fe\u00e9r 1M\u00f3s 26.3+<br \/>\n<b>28.17<\/b> \u00d3ttalegur sta\u00f0ur 2M\u00f3s 3.5; 19.12<br \/>\n<b>28.18<\/b> Merkissteinn 1M\u00f3s 31.13,45; 35.14; 2Sam 18.18<br \/>\n<b>28.19<\/b> Betel, L\u00faz 1M\u00f3s 35.6; 48.3; D\u00f3m 1.22-23; sbr 1M\u00f3s 12.8+<\/div>\n","protected":false},"excerpt":{"rendered":"<p>1\u00de\u00e1 kalla\u00f0i \u00cdsak Jakob til s\u00edn og blessa\u00f0i hann. Og hann bau\u00f0 honum og sag\u00f0i vi\u00f0 hann: \u00de\u00fa skalt eigi taka \u00fe\u00e9r konu af Kanaans d\u00e6trum.2Tak \u00feig upp og far til Mes\u00f3p\u00f3tam\u00edu, \u00ed h\u00fas Bet\u00faels m\u00f3\u00f0urf\u00f6\u00f0ur \u00fe\u00edns, og tak \u00fe\u00e9r \u00fear konu af d\u00e6trum Labans m\u00f3\u00f0urbr\u00f3\u00f0ur \u00fe\u00edns.3Og Alm\u00e1ttugur Gu\u00f0 blessi \u00feig og gj\u00f6ri \u00feig frj\u00f3saman og margfaldi \u00feig, svo a\u00f0 \u00fe\u00fa ver\u00f0ir a\u00f0 m\u00f6rgum kynkv\u00edslum.4Hann gefi \u00fe\u00e9r blessun Abrahams, \u00fe\u00e9r og ni\u00f0jum \u00fe\u00ednum me\u00f0 \u00fe\u00e9r, a\u00f0 \u00fe\u00fa megir eignast \u00fea\u00f0 land, er \u00fe\u00fa b\u00fdr \u00ed sem \u00fatlendingur og Gu\u00f0 gaf Abraham.5S\u00ed\u00f0an sendi \u00cdsak Jakob burt, og hann f\u00f3r til Mes\u00f3p\u00f3tam\u00edu, <a href=\"https:\/\/biblian.is\/1981\/fyrsta-mosebok-28-kafli\/\"> [&#8230;]<\/a><\/p>\n","protected":false},"author":1,"featured_media":0,"parent":0,"menu_order":0,"comment_status":"closed","ping_status":"closed","template":"bibliukaflar.php","meta":{"footnotes":""},"class_list":["post-1374","page","type-page","status-publish","hentry"],"_links":{"self":[{"href":"https:\/\/biblian.is\/1981\/wp-json\/wp\/v2\/pages\/1374","targetHints":{"allow":["GET"]}}],"collection":[{"href":"https:\/\/biblian.is\/1981\/wp-json\/wp\/v2\/pages"}],"about":[{"href":"https:\/\/biblian.is\/1981\/wp-json\/wp\/v2\/types\/page"}],"author":[{"embeddable":true,"href":"https:\/\/biblian.is\/1981\/wp-json\/wp\/v2\/users\/1"}],"replies":[{"embeddable":true,"href":"https:\/\/biblian.is\/1981\/wp-json\/wp\/v2\/comments?post=1374"}],"version-history":[{"count":0,"href":"https:\/\/biblian.is\/1981\/wp-json\/wp\/v2\/pages\/1374\/revisions"}],"wp:attachment":[{"href":"https:\/\/biblian.is\/1981\/wp-json\/wp\/v2\/media?parent=1374"}],"curies":[{"name":"wp","href":"https:\/\/api.w.org\/{rel}","templated":true}]}}