{"id":1372,"date":"2017-11-18T20:17:08","date_gmt":"2017-11-18T20:17:08","guid":{"rendered":"http:\/\/biblian.is\/1981\/fyrsta-mosebok-26-kafli\/"},"modified":"2021-06-06T11:14:44","modified_gmt":"2021-06-06T11:14:44","slug":"fyrsta-mosebok-26-kafli","status":"publish","type":"page","link":"https:\/\/biblian.is\/1981\/fyrsta-mosebok-26-kafli\/","title":{"rendered":"Fyrsta M\u00f3seb\u00f3k 26. kafli"},"content":{"rendered":"<p><a name=\"1\"><span class=\"versanumer\">1<\/span><\/a>Hall\u00e6ri var\u00f0 \u00ed landinu, anna\u00f0 hall\u00e6ri en hi\u00f0 fyrra, sem var \u00e1 d\u00f6gum Abrahams. F\u00f3r \u00fe\u00e1 \u00cdsak til Ab\u00edmeleks Filistakonungs \u00ed Gerar.<a name=\"2\"><span class=\"versanumer\">2<\/span><\/a>Og Drottinn birtist honum og m\u00e6lti: Far \u00fe\u00fa ekki til Egyptalands. Ver \u00fe\u00fa kyrr \u00ed \u00fev\u00ed landi, sem \u00e9g segi \u00fe\u00e9r.<a name=\"3\"><span class=\"versanumer\">3<\/span><\/a>Dvel \u00fe\u00fa um hr\u00ed\u00f0 \u00ed \u00feessu landi, og \u00e9g mun vera me\u00f0 \u00fe\u00e9r og blessa \u00feig, \u00fev\u00ed a\u00f0 \u00fe\u00e9r og ni\u00f0jum \u00fe\u00ednum mun \u00e9g gefa \u00f6ll \u00feessi l\u00f6nd, og \u00e9g mun halda \u00feann ei\u00f0, sem \u00e9g s\u00f3r Abraham, f\u00f6\u00f0ur \u00fe\u00ednum.<a name=\"4\"><span class=\"versanumer\">4<\/span><\/a>Og \u00e9g mun margfalda ni\u00f0ja \u00fe\u00edna sem stj\u00f6rnur himinsins og gefa ni\u00f0jum \u00fe\u00ednum \u00f6ll \u00feessi l\u00f6nd, og af \u00fe\u00ednu afkv\u00e6mi skulu allar \u00fej\u00f3\u00f0ir \u00e1 j\u00f6r\u00f0inni blessun hlj\u00f3ta,<a name=\"5\"><span class=\"versanumer\">5<\/span><\/a>af \u00fev\u00ed a\u00f0 Abraham hl\u00fdddi minni r\u00f6ddu og var\u00f0veitti bo\u00f0or\u00f0 m\u00edn, skipanir m\u00ednar, \u00e1kv\u00e6\u00f0i og l\u00f6g.<a name=\"6\"><span class=\"versanumer\">6<\/span><\/a>Og \u00cdsak sta\u00f0n\u00e6mdist \u00ed Gerar.<a name=\"7\"><span class=\"versanumer\">7<\/span><\/a>Og er menn \u00fear spur\u00f0u um konu hans, sag\u00f0i hann: H\u00fan er systir m\u00edn, \u00fev\u00ed a\u00f0 hann \u00feor\u00f0i ekki a\u00f0 segja: H\u00fan er kona m\u00edn. Ella kynnu, hugsa\u00f0i hann, menn \u00fear a\u00f0 myr\u00f0a mig vegna Rebekku, af \u00fev\u00ed a\u00f0 h\u00fan er fr\u00ed\u00f0 s\u00fdnum.<a name=\"8\"><span class=\"versanumer\">8<\/span><\/a>Og svo bar vi\u00f0, er hann haf\u00f0i veri\u00f0 \u00fear um hr\u00ed\u00f0, a\u00f0 Ab\u00edmelek Filistakonungur leit \u00fat um gluggann og s\u00e1, a\u00f0 \u00cdsak l\u00e9t vel a\u00f0 Rebekku konu sinni.<a name=\"9\"><span class=\"versanumer\">9<\/span><\/a>\u00de\u00e1 kalla\u00f0i Ab\u00edmelek \u00e1 \u00cdsak og m\u00e6lti: Sj\u00e1, vissulega er h\u00fan kona \u00fe\u00edn. Og hvernig gast \u00fe\u00fa sagt: H\u00fan er systir m\u00edn? Og \u00cdsak sag\u00f0i vi\u00f0 hann: \u00c9g hugsa\u00f0i, a\u00f0 ella mundi \u00e9g l\u00e1ta l\u00edfi\u00f0 fyrir hennar sakir.<a name=\"10\"><span class=\"versanumer\">10<\/span><\/a>Og Ab\u00edmelek m\u00e6lti: Hv\u00ed hefir \u00fe\u00fa gj\u00f6rt oss \u00feetta? H\u00e6glega gat \u00fea\u00f0 vilja\u00f0 til, a\u00f0 einhver af l\u00fd\u00f0num hef\u00f0i lagst me\u00f0 konu \u00feinni, og hef\u00f0ir \u00fe\u00fa \u00fe\u00e1 leitt yfir oss syndasekt.<a name=\"11\"><span class=\"versanumer\">11<\/span><\/a>S\u00ed\u00f0an bau\u00f0 Ab\u00edmelek \u00f6llum landsl\u00fd\u00f0num og m\u00e6lti: Hver sem snertir \u00feennan mann og konu hans, skal vissulega deyja.<a name=\"12\"><span class=\"versanumer\">12<\/span><\/a>Og \u00cdsak s\u00e1\u00f0i \u00ed \u00feessu landi og uppskar hundra\u00f0falt \u00e1 \u00fev\u00ed \u00e1ri, \u00fev\u00ed a\u00f0 Drottinn blessa\u00f0i hann.<a name=\"13\"><span class=\"versanumer\">13<\/span><\/a>Og ma\u00f0urinn efldist og au\u00f0ga\u00f0ist meir og meir, uns hann var or\u00f0inn st\u00f3rau\u00f0ugur.<a name=\"14\"><span class=\"versanumer\">14<\/span><\/a>Og hann \u00e1tti sau\u00f0ahjar\u00f0ir og nautahjar\u00f0ir og margt \u00fej\u00f3nustuf\u00f3lk, svo a\u00f0 Filistar \u00f6fundu\u00f0u hann.<a name=\"15\"><span class=\"versanumer\">15<\/span><\/a>Alla \u00fe\u00e1 brunna, sem \u00fej\u00f3nar f\u00f6\u00f0ur \u00cdsaks h\u00f6f\u00f0u grafi\u00f0 \u00e1 d\u00f6gum Abrahams, f\u00f6\u00f0ur hans, byrg\u00f0u Filistar og fylltu me\u00f0 mold.<a name=\"16\"><span class=\"versanumer\">16<\/span><\/a>Og Ab\u00edmelek sag\u00f0i vi\u00f0 \u00cdsak: Far \u00fe\u00fa burt fr\u00e1 oss, \u00fev\u00ed a\u00f0 \u00fe\u00fa ert or\u00f0inn miklu voldugri en v\u00e9r.<a name=\"17\"><span class=\"versanumer\">17<\/span><\/a>\u00de\u00e1 f\u00f3r \u00cdsak \u00fea\u00f0an og t\u00f3k s\u00e9r b\u00f3lfestu \u00ed Gerardal og bj\u00f3 \u00fear.<a name=\"18\"><span class=\"versanumer\">18<\/span><\/a>Og \u00cdsak l\u00e9t aftur grafa upp brunnana, sem \u00feeir h\u00f6f\u00f0u grafi\u00f0 \u00e1 d\u00f6gum Abrahams f\u00f6\u00f0ur hans og Filistar h\u00f6f\u00f0u aftur byrgt eftir dau\u00f0a Abrahams, og gaf \u00feeim hin s\u00f6mu heiti sem fa\u00f0ir hans haf\u00f0i gefi\u00f0 \u00feeim.<a name=\"19\"><span class=\"versanumer\">19<\/span><\/a>\u00der\u00e6lar \u00cdsaks gr\u00f3fu \u00ed dalnum og fundu \u00fear brunn lifandi vatns.<a name=\"20\"><span class=\"versanumer\">20<\/span><\/a>En fj\u00e1rhir\u00f0ar \u00ed Gerar deildu vi\u00f0 fj\u00e1rhir\u00f0a \u00cdsaks og s\u00f6g\u00f0u: V\u00e9r eigum vatni\u00f0. Og hann nefndi brunninn Esek, af \u00fev\u00ed a\u00f0 \u00feeir h\u00f6f\u00f0u \u00fer\u00e1tta\u00f0 vi\u00f0 hann.<a name=\"21\"><span class=\"versanumer\">21<\/span><\/a>\u00de\u00e1 gr\u00f3fu \u00feeir annan brunn, en deildu einnig um hann, og hann nefndi hann Sitna.<a name=\"22\"><span class=\"versanumer\">22<\/span><\/a>Eftir \u00fea\u00f0 f\u00f3r hann \u00fea\u00f0an og gr\u00f3f enn brunn. En um hann deildu \u00feeir ekki, og hann nefndi hann Reh\u00f3b\u00f3t og sag\u00f0i: N\u00fa hefir Drottinn r\u00fdmka\u00f0 um oss, svo a\u00f0 v\u00e9r megum vaxa \u00ed landinu.<a name=\"23\"><span class=\"versanumer\">23<\/span><\/a>Og \u00fea\u00f0an f\u00f3r hann upp til Beerseba.<a name=\"24\"><span class=\"versanumer\">24<\/span><\/a>\u00de\u00e1 hina s\u00f6mu n\u00f3tt birtist Drottinn honum og m\u00e6lti: \u00c9g er Gu\u00f0 Abrahams, f\u00f6\u00f0ur \u00fe\u00edns. \u00d3ttast \u00fe\u00fa eigi, \u00fev\u00ed a\u00f0 \u00e9g er me\u00f0 \u00fe\u00e9r. Og \u00e9g mun blessa \u00feig og margfalda afkv\u00e6mi \u00feitt fyrir sakir Abrahams, \u00fej\u00f3ns m\u00edns.<a name=\"25\"><span class=\"versanumer\">25<\/span><\/a>Og hann reisti \u00fear altari og \u00e1kalla\u00f0i nafn Drottins og setti \u00fear tjald sitt, og \u00fer\u00e6lar \u00cdsaks gr\u00f3fu \u00fear brunn.<a name=\"26\"><span class=\"versanumer\">26<\/span><\/a>\u00de\u00e1 kom Ab\u00edmelek til hans fr\u00e1 Gerar og Ak\u00fasat, vinur hans, og P\u00edk\u00f3l, hersh\u00f6f\u00f0ingi hans.<a name=\"27\"><span class=\"versanumer\">27<\/span><\/a>\u00de\u00e1 sag\u00f0i \u00cdsak vi\u00f0 \u00fe\u00e1: Hv\u00ed komi\u00f0 \u00fe\u00e9r til m\u00edn, \u00fear sem \u00fe\u00e9r \u00fe\u00f3 hati\u00f0 mig og hafi\u00f0 reki\u00f0 mig burt fr\u00e1 y\u00f0ur?<a name=\"28\"><span class=\"versanumer\">28<\/span><\/a>En \u00feeir sv\u00f6ru\u00f0u: V\u00e9r h\u00f6fum berlega s\u00e9\u00f0, a\u00f0 Drottinn er me\u00f0 \u00fe\u00e9r. Fyrir \u00fev\u00ed s\u00f6g\u00f0um v\u00e9r: Ei\u00f0ur s\u00e9 milli vor, milli vor og \u00fe\u00edn, og v\u00e9r viljum gj\u00f6ra vi\u00f0 \u00feig s\u00e1ttm\u00e1la:<a name=\"29\"><span class=\"versanumer\">29<\/span><\/a>\u00de\u00fa skalt oss ekki mein gj\u00f6ra, svo sem v\u00e9r h\u00f6fum eigi snorti\u00f0 \u00feig og svo sem v\u00e9r h\u00f6fum eigi gj\u00f6rt \u00fe\u00e9r nema gott og l\u00e1ti\u00f0 \u00feig fara \u00ed fri\u00f0i, \u00fev\u00ed a\u00f0 \u00fe\u00fa ert n\u00fa blessa\u00f0ur af Drottni.<a name=\"30\"><span class=\"versanumer\">30<\/span><\/a>Eftir \u00fea\u00f0 gj\u00f6r\u00f0i hann \u00feeim veislu, og \u00feeir \u00e1tu og drukku.<a name=\"31\"><span class=\"versanumer\">31<\/span><\/a>Og \u00e1rla morguninn eftir unnu \u00feeir hver \u00f6\u00f0rum ei\u00f0a. Og \u00cdsak l\u00e9t \u00fe\u00e1 \u00ed burt fara, og \u00feeir f\u00f3ru fr\u00e1 honum \u00ed fri\u00f0i.<a name=\"32\"><span class=\"versanumer\">32<\/span><\/a>\u00deann sama dag bar svo vi\u00f0, a\u00f0 \u00fer\u00e6lar \u00cdsaks komu og s\u00f6g\u00f0u honum fr\u00e1 brunninum, sem \u00feeir h\u00f6f\u00f0u grafi\u00f0, og m\u00e6ltu vi\u00f0 hann: V\u00e9r h\u00f6fum fundi\u00f0 vatn.<a name=\"33\"><span class=\"versanumer\">33<\/span><\/a>Og hann nefndi hann S\u00edba. Fyrir \u00fev\u00ed heitir borgin Beerseba allt til \u00feessa dags.<a name=\"34\"><span class=\"versanumer\">34<\/span><\/a>Er Esa\u00fa var fertugur a\u00f0 aldri, gekk hann a\u00f0 eiga J\u00fad\u00edt, d\u00f3ttur Het\u00edtans Beer\u00ed, og Basmat, d\u00f3ttur Het\u00edtans Elons.<a name=\"35\"><span class=\"versanumer\">35<\/span><\/a>Og var \u00feeim \u00cdsak og Rebekku s\u00e1r skapraun a\u00f0 \u00feeim. skapraun a\u00f0 \u00feeim.<\/p>\n<div class=\"footnote1981\"><b>26.1-14<\/b> Dv\u00f6l \u00ed Gerar 1M\u00f3s 12.10-20+<br \/>\n<b>26.3<\/b> \u00c9g er me\u00f0 \u00fe\u00e9r 1M\u00f3s 26.28; 28.15; 31.3,5; 35.3; 39.3,21; Post 7.9 \u2013 fyrirheit um land 1M\u00f3s 12.7+ ; 22.16-18; S\u00edr 44.22<br \/>\n<b>26.4<\/b> Ni\u00f0jar \u00fe\u00ednir 1M\u00f3s 12.2+ &#8211; eins og stj\u00f6rnur himins 1M\u00f3s 15.5+ &#8211; allar \u00fej\u00f3\u00f0ir blessun hlj\u00f3ta 1M\u00f3s 12.3+<br \/>\n<b>26.12<\/b> Hundra\u00f0f\u00f6ld uppskera Matt 13.8,23; og hlst.<br \/>\n<b>26.13-14<\/b> St\u00f3rau\u00f0ugur Job 1.1-3<br \/>\n<b>26.15-25<\/b> Um brunnana 1M\u00f3s 21.25<br \/>\n<b>26.16<\/b> Voldugri en vi\u00f0 2M\u00f3s 1.8; 12.31-33; Matt 8.34; L\u00fak 8.37<br \/>\n<b>26.24<\/b> Ni\u00f0ja \u00fe\u00edna 1M\u00f3s 12.2+<br \/>\n<b>26.26<\/b> Ab\u00edmelek og P\u00edk\u00f3l 1M\u00f3s 21.22<br \/>\n<b>26.28<\/b> Drottinn er me\u00f0 \u00fe\u00e9r 1M\u00f3s 26.3+; 1Sam 3.19; 18.14 \u2013 s\u00e1ttm\u00e1li 1M\u00f3s 21.27+<br \/>\n<b>26.33<\/b> Beerseba 1M\u00f3s 21.31+<br \/>\n<b>26.34<\/b> Esa\u00fa kv\u00e6nist 1M\u00f3s 24.3+<\/div>\n","protected":false},"excerpt":{"rendered":"<p>1Hall\u00e6ri var\u00f0 \u00ed landinu, anna\u00f0 hall\u00e6ri en hi\u00f0 fyrra, sem var \u00e1 d\u00f6gum Abrahams. F\u00f3r \u00fe\u00e1 \u00cdsak til Ab\u00edmeleks Filistakonungs \u00ed Gerar.2Og Drottinn birtist honum og m\u00e6lti: Far \u00fe\u00fa ekki til Egyptalands. Ver \u00fe\u00fa kyrr \u00ed \u00fev\u00ed landi, sem \u00e9g segi \u00fe\u00e9r.3Dvel \u00fe\u00fa um hr\u00ed\u00f0 \u00ed \u00feessu landi, og \u00e9g mun vera me\u00f0 \u00fe\u00e9r og blessa \u00feig, \u00fev\u00ed a\u00f0 \u00fe\u00e9r og ni\u00f0jum \u00fe\u00ednum mun \u00e9g gefa \u00f6ll \u00feessi l\u00f6nd, og \u00e9g mun halda \u00feann ei\u00f0, sem \u00e9g s\u00f3r Abraham, f\u00f6\u00f0ur \u00fe\u00ednum.4Og \u00e9g mun margfalda ni\u00f0ja \u00fe\u00edna sem stj\u00f6rnur himinsins og gefa ni\u00f0jum \u00fe\u00ednum \u00f6ll \u00feessi l\u00f6nd, og af \u00fe\u00ednu afkv\u00e6mi <a href=\"https:\/\/biblian.is\/1981\/fyrsta-mosebok-26-kafli\/\"> [&#8230;]<\/a><\/p>\n","protected":false},"author":1,"featured_media":0,"parent":0,"menu_order":0,"comment_status":"open","ping_status":"open","template":"bibliukaflar.php","meta":{"footnotes":""},"class_list":["post-1372","page","type-page","status-publish","hentry"],"_links":{"self":[{"href":"https:\/\/biblian.is\/1981\/wp-json\/wp\/v2\/pages\/1372","targetHints":{"allow":["GET"]}}],"collection":[{"href":"https:\/\/biblian.is\/1981\/wp-json\/wp\/v2\/pages"}],"about":[{"href":"https:\/\/biblian.is\/1981\/wp-json\/wp\/v2\/types\/page"}],"author":[{"embeddable":true,"href":"https:\/\/biblian.is\/1981\/wp-json\/wp\/v2\/users\/1"}],"replies":[{"embeddable":true,"href":"https:\/\/biblian.is\/1981\/wp-json\/wp\/v2\/comments?post=1372"}],"version-history":[{"count":0,"href":"https:\/\/biblian.is\/1981\/wp-json\/wp\/v2\/pages\/1372\/revisions"}],"wp:attachment":[{"href":"https:\/\/biblian.is\/1981\/wp-json\/wp\/v2\/media?parent=1372"}],"curies":[{"name":"wp","href":"https:\/\/api.w.org\/{rel}","templated":true}]}}