{"id":1371,"date":"2017-11-18T20:17:08","date_gmt":"2017-11-18T20:17:08","guid":{"rendered":"http:\/\/biblian.is\/1981\/fyrsta-mosebok-25-kafli\/"},"modified":"2017-11-18T20:17:08","modified_gmt":"2017-11-18T20:17:08","slug":"fyrsta-mosebok-25-kafli","status":"publish","type":"page","link":"https:\/\/biblian.is\/1981\/fyrsta-mosebok-25-kafli\/","title":{"rendered":"Fyrsta M\u00f3seb\u00f3k 25. kafli"},"content":{"rendered":"<p><a name=\"1\"><span class=\"versanumer\">1<\/span><\/a>Abraham t\u00f3k s\u00e9r enn konu. H\u00fan h\u00e9t Ket\u00fara.<a name=\"2\"><span class=\"versanumer\">2<\/span><\/a>Og h\u00fan \u00f3l honum S\u00edmran, Joksan, Medan, Mid\u00edan, J\u00edsbak og S\u00faa.<a name=\"3\"><span class=\"versanumer\">3<\/span><\/a>Og Joksan gat S\u00e9ba og Dedan, og synir Dedans voru Ass\u00far\u00edtar, Let\u00fas\u00edtar og Le\u00famm\u00edtar.<a name=\"4\"><span class=\"versanumer\">4<\/span><\/a>Og synir Mid\u00edans voru: Efa, Efer, Hanok, Ab\u00edda og Eldaa. Allir \u00feessir eru ni\u00f0jar Ket\u00faru.<a name=\"5\"><span class=\"versanumer\">5<\/span><\/a>Abraham gaf \u00cdsak allt, sem hann \u00e1tti.<a name=\"6\"><span class=\"versanumer\">6<\/span><\/a>En sonum \u00feeim, sem Abraham haf\u00f0i \u00e1tt me\u00f0 hj\u00e1konunum, gaf hann gjafir og l\u00e9t \u00fe\u00e1, me\u00f0an hann enn var \u00e1 l\u00edfi, fara burt fr\u00e1 \u00cdsak syni s\u00ednum \u00ed austur\u00e1tt, til austurlanda.<a name=\"7\"><span class=\"versanumer\">7<\/span><\/a>\u00deetta eru \u00e6vidagar Abrahams, sem hann lif\u00f0i, hundra\u00f0 sj\u00f6t\u00edu og fimm \u00e1r.<a name=\"8\"><span class=\"versanumer\">8<\/span><\/a>Og Abraham anda\u00f0ist og d\u00f3 \u00ed g\u00f3\u00f0ri elli, gamall og saddur l\u00edfdaga, og safna\u00f0ist til s\u00edns f\u00f3lks.<a name=\"9\"><span class=\"versanumer\">9<\/span><\/a>Og \u00cdsak og \u00cdsmael synir hans j\u00f6r\u00f0u\u00f0u hann \u00ed Makpelahelli \u00ed landi Efrons, sonar Het\u00edtans S\u00f3ars, sem er gegnt Mamre,<a name=\"10\"><span class=\"versanumer\">10<\/span><\/a>\u00ed landi \u00fev\u00ed, sem Abraham haf\u00f0i keypt af Het\u00edtum, \u00fear var Abraham jar\u00f0a\u00f0ur og Sara kona hans.<a name=\"11\"><span class=\"versanumer\">11<\/span><\/a>Og eftir andl\u00e1t Abrahams blessa\u00f0i Gu\u00f0 \u00cdsak son hans. En \u00cdsak bj\u00f3 hj\u00e1 Beer-lahaj-r\u00f3\u00ed.<a name=\"12\"><span class=\"versanumer\">12<\/span><\/a>\u00deetta er \u00e6ttartal \u00cdsmaels Abrahamssonar, sem Hagar hin egypska, amb\u00e1tt S\u00f6ru, \u00f3l honum.<a name=\"13\"><span class=\"versanumer\">13<\/span><\/a>Og \u00feessi eru n\u00f6fn \u00cdsmaels sona, samkv\u00e6mt n\u00f6fnum \u00feeirra, eftir kyn\u00fe\u00e1ttum \u00feeirra. Nebaj\u00f3t var hans frumgetinn son, \u00fe\u00e1 Kedar, Adbeel, M\u00edbsam,<a name=\"14\"><span class=\"versanumer\">14<\/span><\/a>Misma, D\u00fama, Massa,<a name=\"15\"><span class=\"versanumer\">15<\/span><\/a>Hadar, Tema, Jet\u00far, Nafis og Kedma.<a name=\"16\"><span class=\"versanumer\">16<\/span><\/a>\u00deessir eru synir \u00cdsmaels, og \u00feessi eru n\u00f6fn \u00feeirra, eftir \u00feorpum \u00feeirra og tjaldb\u00fa\u00f0um, t\u00f3lf h\u00f6f\u00f0ingjar, eftir \u00e6ttkv\u00edslum \u00feeirra.<a name=\"17\"><span class=\"versanumer\">17<\/span><\/a>Og \u00feetta voru \u00e6vi\u00e1r \u00cdsmaels: hundra\u00f0 \u00ferj\u00e1t\u00edu og sj\u00f6 \u00e1r, \u00fe\u00e1 anda\u00f0ist hann og d\u00f3, og safna\u00f0ist til s\u00edns f\u00f3lks.<a name=\"18\"><span class=\"versanumer\">18<\/span><\/a>Og \u00feeir bjuggu fr\u00e1 Hav\u00edla til S\u00far, sem er fyrir austan Egyptaland, \u00ed stefnu til Ass\u00fdr\u00edu. Fyrir austan alla br\u00e6\u00f0ur s\u00edna t\u00f3k hann s\u00e9r b\u00fasta\u00f0.<a name=\"19\"><span class=\"versanumer\">19<\/span><\/a>\u00deetta er saga \u00cdsaks Abrahamssonar. Abraham gat \u00cdsak.<a name=\"20\"><span class=\"versanumer\">20<\/span><\/a>\u00cdsak var fertugur a\u00f0 aldri, er hann gekk a\u00f0 eiga Rebekku, d\u00f3ttur Bet\u00faels hins arame\u00edska fr\u00e1 Paddan-aram, systur Labans hins arame\u00edska.<a name=\"21\"><span class=\"versanumer\">21<\/span><\/a>\u00cdsak ba\u00f0 Drottin fyrir konu sinni, \u00fev\u00ed a\u00f0 h\u00fan var \u00f3byrja, og Drottinn b\u00e6nheyr\u00f0i hann, og Rebekka kona hans var\u00f0 \u00feungu\u00f0.<a name=\"22\"><span class=\"versanumer\">22<\/span><\/a>Og er b\u00f6rnin hnitlu\u00f0ust \u00ed kvi\u00f0i hennar, sag\u00f0i h\u00fan: S\u00e9 \u00fea\u00f0 svona, hv\u00ed lifi \u00e9g \u00fe\u00e1? Gekk h\u00fan \u00fe\u00e1 til fr\u00e9tta vi\u00f0 Drottin.<a name=\"23\"><span class=\"versanumer\">23<\/span><\/a>En Drottinn svara\u00f0i henni: \u00de\u00fa gengur me\u00f0 tv\u00e6r \u00fej\u00f3\u00f0ir, og tveir \u00e6ttleggir munu af skauti \u00fe\u00ednu kv\u00edslast. Annar ver\u00f0ur sterkari en hinn, og hinn eldri mun \u00fej\u00f3na hinum yngri.<a name=\"24\"><span class=\"versanumer\">24<\/span><\/a>Er dagar hennar fullnu\u00f0ust, a\u00f0 h\u00fan skyldi f\u00e6\u00f0a, sj\u00e1, \u00fe\u00e1 voru tv\u00edburar \u00ed kvi\u00f0i hennar.<a name=\"25\"><span class=\"versanumer\">25<\/span><\/a>Og hinn fyrri kom \u00ed lj\u00f3s, rau\u00f0ur a\u00f0 lit og allur sem lo\u00f0feldur, og var hann nefndur Esa\u00fa.<a name=\"26\"><span class=\"versanumer\">26<\/span><\/a>Og eftir \u00fea\u00f0 kom br\u00f3\u00f0ir hans \u00ed lj\u00f3s, og h\u00e9lt hann um h\u00e6linn \u00e1 Esa\u00fa, og var hann nefndur Jakob. En \u00cdsak var sext\u00edu \u00e1ra, er h\u00fan \u00f3l \u00fe\u00e1.<a name=\"27\"><span class=\"versanumer\">27<\/span><\/a>Er sveinarnir voru vaxnir, gj\u00f6r\u00f0ist Esa\u00fa slyngur vei\u00f0ima\u00f0ur og haf\u00f0ist vi\u00f0 \u00e1 hei\u00f0um, en Jakob var ma\u00f0ur g\u00e6fur og bj\u00f3 \u00ed tj\u00f6ldum.<a name=\"28\"><span class=\"versanumer\">28<\/span><\/a>Og \u00cdsak unni Esa\u00fa, \u00fev\u00ed a\u00f0 villibr\u00e1\u00f0 \u00fe\u00f3tti honum g\u00f3\u00f0, en Rebekka unni Jakob.<a name=\"29\"><span class=\"versanumer\">29<\/span><\/a>Einu sinni haf\u00f0i Jakob so\u00f0i\u00f0 r\u00e9tt nokkurn. Kom \u00fe\u00e1 Esa\u00fa af hei\u00f0um og var dau\u00f0\u00fereyttur.<a name=\"30\"><span class=\"versanumer\">30<\/span><\/a>\u00de\u00e1 sag\u00f0i Esa\u00fa vi\u00f0 Jakob: Gef m\u00e9r flj\u00f3tt a\u00f0 eta hi\u00f0 rau\u00f0a, \u00feetta rau\u00f0a \u00fearna, \u00fev\u00ed a\u00f0 \u00e9g er dau\u00f0\u00fereyttur. Fyrir \u00fev\u00ed nefndu menn hann Ed\u00f3m.<a name=\"31\"><span class=\"versanumer\">31<\/span><\/a>En Jakob m\u00e6lti: Seldu m\u00e9r fyrst frumbur\u00f0arr\u00e9tt \u00feinn.<a name=\"32\"><span class=\"versanumer\">32<\/span><\/a>Og Esa\u00fa m\u00e6lti: \u00c9g er kominn \u00ed dau\u00f0ann, hva\u00f0 sto\u00f0ar mig frumbur\u00f0arr\u00e9ttur minn?<a name=\"33\"><span class=\"versanumer\">33<\/span><\/a>Og Jakob m\u00e6lti: Vinn \u00fe\u00fa m\u00e9r \u00fe\u00e1 fyrst ei\u00f0 a\u00f0 \u00fev\u00ed! Og hann vann honum ei\u00f0inn og seldi Jakob frumbur\u00f0arr\u00e9tt sinn.<a name=\"34\"><span class=\"versanumer\">34<\/span><\/a>En Jakob gaf Esa\u00fa brau\u00f0 og baunar\u00e9tt, og hann \u00e1t og drakk og st\u00f3\u00f0 upp og gekk burt. \u00deannig l\u00edtilsvirti Esa\u00fa frumbur\u00f0arr\u00e9tt sinn.<\/p>\n<div class=\"footnote1981\"><b>25.5<\/b> Allt sem hann \u00e1tti 1M\u00f3s 24.36<br \/>\n<b>25.8<\/b> \u00cd h\u00e1rri elli 1M\u00f3s 15.15<br \/>\n<b>25.12<\/b> \u00cdsmael 1M\u00f3s 16.11; 1Kro 1.29-31<br \/>\n<b>25.21<\/b> \u00d3byrja 1M\u00f3s 11.30; 29.31; D\u00f3m 13.2-3; 1Sam 1.5-6; L\u00fak 1.7<br \/>\n<b>25.23<\/b> Hinn eldri mun \u00fej\u00f3na 1M\u00f3s 27.29,37; R\u00f3m 9.12, sbr 1M\u00f3s 48.19; Mal 1.2-3<br \/>\n<b>25.26<\/b> H\u00e9lt um h\u00e6linn \u00e1 Esa\u00fa H\u00f3s 12.4<br \/>\n<b>25.28<\/b> Villibr\u00e1\u00f0 1M\u00f3s 27.3-10<br \/>\n<b>25.34<\/b> \u00c1t og drakk Jes 22.13 \u2013 Esa\u00fa s\u00fdnir l\u00edtilsvir\u00f0ingu Heb 12.16<\/div>\n","protected":false},"excerpt":{"rendered":"<p>1Abraham t\u00f3k s\u00e9r enn konu. H\u00fan h\u00e9t Ket\u00fara.2Og h\u00fan \u00f3l honum S\u00edmran, Joksan, Medan, Mid\u00edan, J\u00edsbak og S\u00faa.3Og Joksan gat S\u00e9ba og Dedan, og synir Dedans voru Ass\u00far\u00edtar, Let\u00fas\u00edtar og Le\u00famm\u00edtar.4Og synir Mid\u00edans voru: Efa, Efer, Hanok, Ab\u00edda og Eldaa. Allir \u00feessir eru ni\u00f0jar Ket\u00faru.5Abraham gaf \u00cdsak allt, sem hann \u00e1tti.6En sonum \u00feeim, sem Abraham haf\u00f0i \u00e1tt me\u00f0 hj\u00e1konunum, gaf hann gjafir og l\u00e9t \u00fe\u00e1, me\u00f0an hann enn var \u00e1 l\u00edfi, fara burt fr\u00e1 \u00cdsak syni s\u00ednum \u00ed austur\u00e1tt, til austurlanda.7\u00deetta eru \u00e6vidagar Abrahams, sem hann lif\u00f0i, hundra\u00f0 sj\u00f6t\u00edu og fimm \u00e1r.8Og Abraham anda\u00f0ist og d\u00f3 \u00ed g\u00f3\u00f0ri elli, gamall <a href=\"https:\/\/biblian.is\/1981\/fyrsta-mosebok-25-kafli\/\"> [&#8230;]<\/a><\/p>\n","protected":false},"author":1,"featured_media":0,"parent":0,"menu_order":0,"comment_status":"open","ping_status":"open","template":"bibliukaflar.php","meta":{"footnotes":""},"class_list":["post-1371","page","type-page","status-publish","hentry"],"_links":{"self":[{"href":"https:\/\/biblian.is\/1981\/wp-json\/wp\/v2\/pages\/1371","targetHints":{"allow":["GET"]}}],"collection":[{"href":"https:\/\/biblian.is\/1981\/wp-json\/wp\/v2\/pages"}],"about":[{"href":"https:\/\/biblian.is\/1981\/wp-json\/wp\/v2\/types\/page"}],"author":[{"embeddable":true,"href":"https:\/\/biblian.is\/1981\/wp-json\/wp\/v2\/users\/1"}],"replies":[{"embeddable":true,"href":"https:\/\/biblian.is\/1981\/wp-json\/wp\/v2\/comments?post=1371"}],"version-history":[{"count":0,"href":"https:\/\/biblian.is\/1981\/wp-json\/wp\/v2\/pages\/1371\/revisions"}],"wp:attachment":[{"href":"https:\/\/biblian.is\/1981\/wp-json\/wp\/v2\/media?parent=1371"}],"curies":[{"name":"wp","href":"https:\/\/api.w.org\/{rel}","templated":true}]}}