{"id":1368,"date":"2017-11-18T20:17:08","date_gmt":"2017-11-18T20:17:08","guid":{"rendered":"http:\/\/biblian.is\/1981\/fyrsta-mosebok-22-kafli\/"},"modified":"2017-11-18T20:17:08","modified_gmt":"2017-11-18T20:17:08","slug":"fyrsta-mosebok-22-kafli","status":"publish","type":"page","link":"https:\/\/biblian.is\/1981\/fyrsta-mosebok-22-kafli\/","title":{"rendered":"Fyrsta M\u00f3seb\u00f3k 22. kafli"},"content":{"rendered":"<p><a name=\"1\"><span class=\"versanumer\">1<\/span><\/a>Eftir \u00feessa atbur\u00f0i freista\u00f0i Gu\u00f0 Abrahams og m\u00e6lti til hans: Abraham! Hann svara\u00f0i: H\u00e9r er \u00e9g.<a name=\"2\"><span class=\"versanumer\">2<\/span><\/a>Hann sag\u00f0i: Tak \u00fe\u00fa einkason \u00feinn, sem \u00fe\u00fa elskar, hann \u00cdsak, og far \u00fe\u00fa til M\u00f3r\u00edalands og f\u00f3rna honum \u00fear a\u00f0 brennif\u00f3rn \u00e1 einu af fj\u00f6llunum, sem \u00e9g mun segja \u00fe\u00e9r til.<a name=\"3\"><span class=\"versanumer\">3<\/span><\/a>Abraham var \u00e1rla \u00e1 f\u00f3tum n\u00e6sta morgun og lag\u00f0i \u00e1 asna sinn, og t\u00f3k me\u00f0 s\u00e9r tvo sveina s\u00edna og \u00cdsak son sinn. Og hann klauf vi\u00f0inn til brennif\u00f3rnarinnar, t\u00f3k sig upp og h\u00e9lt af sta\u00f0, \u00feanga\u00f0 sem Gu\u00f0 sag\u00f0i honum.<a name=\"4\"><span class=\"versanumer\">4<\/span><\/a>\u00c1 \u00feri\u00f0ja degi h\u00f3f Abraham upp augu s\u00edn og s\u00e1 sta\u00f0inn \u00e1lengdar.<a name=\"5\"><span class=\"versanumer\">5<\/span><\/a>\u00de\u00e1 sag\u00f0i Abraham vi\u00f0 sveina s\u00edna: B\u00ed\u00f0i\u00f0 h\u00e9r hj\u00e1 asnanum, en vi\u00f0 sm\u00e1sveinninn munum ganga \u00feanga\u00f0 til a\u00f0 bi\u00f0jast fyrir, og komum svo til ykkar aftur.<a name=\"6\"><span class=\"versanumer\">6<\/span><\/a>Og Abraham t\u00f3k brennif\u00f3rnarvi\u00f0inn og lag\u00f0i syni s\u00ednum \u00cdsak \u00e1 her\u00f0ar, en t\u00f3k eldinn og hn\u00edfinn s\u00e9r \u00ed h\u00f6nd. Og svo gengu \u00feeir b\u00e1\u00f0ir saman.<a name=\"7\"><span class=\"versanumer\">7<\/span><\/a>\u00de\u00e1 m\u00e6lti \u00cdsak vi\u00f0 Abraham f\u00f6\u00f0ur sinn: Fa\u00f0ir minn! Hann svara\u00f0i: H\u00e9r er \u00e9g, sonur minn! Hann m\u00e6lti: H\u00e9r er eldurinn og vi\u00f0urinn, en hvar er sau\u00f0urinn til brennif\u00f3rnarinnar?<a name=\"8\"><span class=\"versanumer\">8<\/span><\/a>Og Abraham sag\u00f0i: Gu\u00f0 mun sj\u00e1 s\u00e9r fyrir sau\u00f0 til brennif\u00f3rnarinnar, sonur minn. Og svo gengu \u00feeir b\u00e1\u00f0ir saman.<a name=\"9\"><span class=\"versanumer\">9<\/span><\/a>En er \u00feeir komu \u00feanga\u00f0, er Gu\u00f0 haf\u00f0i sagt honum, reisti Abraham \u00fear altari og lag\u00f0i vi\u00f0inn \u00e1, og batt son sinn \u00cdsak og lag\u00f0i hann upp \u00e1 altari\u00f0, ofan \u00e1 vi\u00f0inn.<a name=\"10\"><span class=\"versanumer\">10<\/span><\/a>Og Abraham r\u00e9tti \u00fat h\u00f6nd s\u00edna og t\u00f3k hn\u00edfinn til a\u00f0 sl\u00e1tra syni s\u00ednum.<a name=\"11\"><span class=\"versanumer\">11<\/span><\/a>\u00de\u00e1 kalla\u00f0i engill Drottins til hans af himni og m\u00e6lti: Abraham! Abraham! Hann svara\u00f0i: H\u00e9r er \u00e9g.<a name=\"12\"><span class=\"versanumer\">12<\/span><\/a>Hann sag\u00f0i: Legg \u00fe\u00fa ekki h\u00f6nd \u00e1 sveininn og gj\u00f6r \u00fe\u00fa honum ekkert, \u00fev\u00ed a\u00f0 n\u00fa veit \u00e9g, a\u00f0 \u00fe\u00fa \u00f3ttast Gu\u00f0, \u00fear sem \u00fe\u00fa synja\u00f0ir m\u00e9r ekki um einkason \u00feinn.<a name=\"13\"><span class=\"versanumer\">13<\/span><\/a>\u00de\u00e1 var\u00f0 Abraham liti\u00f0 upp, og hann s\u00e1 hr\u00fat bak vi\u00f0 sig, sem var fastur \u00e1 hornunum \u00ed hr\u00edsrunni. Og Abraham f\u00f3r og t\u00f3k hr\u00fatinn og bar hann fram a\u00f0 brennif\u00f3rn \u00ed sta\u00f0 sonar s\u00edns.<a name=\"14\"><span class=\"versanumer\">14<\/span><\/a>Og Abraham kalla\u00f0i \u00feennan sta\u00f0 Drottinn s\u00e9r, svo a\u00f0 \u00fea\u00f0 er m\u00e1lt\u00e6ki allt til \u00feessa dags: \u00c1 fjallinu, \u00fear sem Drottinn birtist.<a name=\"15\"><span class=\"versanumer\">15<\/span><\/a>Engill Drottins kalla\u00f0i anna\u00f0 sinn af himni til Abrahams<a name=\"16\"><span class=\"versanumer\">16<\/span><\/a>og m\u00e6lti: \u00c9g sver vi\u00f0 sj\u00e1lfan mig, segir Drottinn, a\u00f0 fyrst \u00fe\u00fa gj\u00f6r\u00f0ir \u00feetta og synja\u00f0ir m\u00e9r eigi um einkason \u00feinn,<a name=\"17\"><span class=\"versanumer\">17<\/span><\/a>\u00fe\u00e1 skal \u00e9g r\u00edkulega blessa \u00feig og st\u00f3rum margfalda kyn \u00feitt, sem stj\u00f6rnur \u00e1 himni, sem sand \u00e1 sj\u00e1varstr\u00f6nd. Og ni\u00f0jar \u00fe\u00ednir skulu eignast borgarhli\u00f0 \u00f3vina sinna.<a name=\"18\"><span class=\"versanumer\">18<\/span><\/a>Og af \u00fe\u00ednu afkv\u00e6mi skulu allar \u00fej\u00f3\u00f0ir \u00e1 j\u00f6r\u00f0inni blessun hlj\u00f3ta, vegna \u00feess a\u00f0 \u00fe\u00fa hl\u00fdddir minni r\u00f6ddu.<a name=\"19\"><span class=\"versanumer\">19<\/span><\/a>Eftir \u00fea\u00f0 f\u00f3r Abraham aftur til sveina sinna, og \u00feeir t\u00f3ku sig upp og f\u00f3ru allir saman til Beerseba. Og Abraham bj\u00f3 enn um hr\u00ed\u00f0 \u00ed Beerseba.<a name=\"20\"><span class=\"versanumer\">20<\/span><\/a>Eftir \u00feetta bar svo vi\u00f0, a\u00f0 Abraham var sagt: Sj\u00e1, Milka hefir og f\u00e6tt br\u00f3\u00f0ur \u00fe\u00ednum Nahor sonu:<a name=\"21\"><span class=\"versanumer\">21<\/span><\/a>\u00das, frumgetning hans, og B\u00fas, br\u00f3\u00f0ur hans, og Kem\u00fael, \u00e6ttf\u00f6\u00f0ur Aramea,<a name=\"22\"><span class=\"versanumer\">22<\/span><\/a>og Kesed, Kas\u00f3, P\u00edldas, J\u00eddlaf og Bet\u00fael. En Bet\u00fael gat Rebekku.<a name=\"23\"><span class=\"versanumer\">23<\/span><\/a>\u00deessa \u00e1tta f\u00e6ddi Milka Nahor, br\u00f3\u00f0ur Abrahams.<a name=\"24\"><span class=\"versanumer\">24<\/span><\/a>Og hann \u00e1tti hj\u00e1konu, sem h\u00e9t Re\u00fama. H\u00fan \u00f3l honum og sonu, \u00fe\u00e1 Teba, Gaham, Tahas og Maaka.<\/p>\n<div class=\"footnote1981\"><b>22.1-8<\/b> Sonarf\u00f3rnin (\u00cdsak) Heb 11.17-19; Jak 2.21-23<br \/>\n<b>22.1<\/b> Gu\u00f0 reynir Abraham 1Makk 2.52; SSal 10.5; S\u00edr 44.20<br \/>\n<b>22.2<\/b> F\u00f3rna honum 3M\u00f3s 18.21; 2Kon 16.3; M\u00edk 6.7; sbr Matt 10.37<br \/>\n<b>22.12<\/b> Einkason \u00feinn J\u00f3h 3.16; R\u00f3m 8.32; 1J\u00f3h 4.9-10<br \/>\n<b>22.13<\/b> Hr\u00fati f\u00f3rna\u00f0 1Kor 10.13<br \/>\n<b>22.16<\/b> \u00c9g sver vi\u00f0 sj\u00e1lfan mig Heb 6.13<br \/>\n<b>22.17<\/b> Kyn \u00feitt 1M\u00f3s 12.2+ &#8211; eins og stj\u00f6rnur 1M\u00f3s 15.5+ &#8211; eins og sand 32.12; 41.49; D\u00f3m 7.12; 1Sam 13.5; 2Sam 17.11; 1Kon 4.20; Jes 10.22; Jer 15.8; H\u00f3s 2.1; Slm 78.27; Job 6.3; Heb 11.12<br \/>\n<b>22.18<\/b> Hlj\u00f3ta blessun 1M\u00f3s 12.3+<br \/>\n<b>22.21<\/b> \u00das Job 1.1<\/div>\n","protected":false},"excerpt":{"rendered":"<p>1Eftir \u00feessa atbur\u00f0i freista\u00f0i Gu\u00f0 Abrahams og m\u00e6lti til hans: Abraham! Hann svara\u00f0i: H\u00e9r er \u00e9g.2Hann sag\u00f0i: Tak \u00fe\u00fa einkason \u00feinn, sem \u00fe\u00fa elskar, hann \u00cdsak, og far \u00fe\u00fa til M\u00f3r\u00edalands og f\u00f3rna honum \u00fear a\u00f0 brennif\u00f3rn \u00e1 einu af fj\u00f6llunum, sem \u00e9g mun segja \u00fe\u00e9r til.3Abraham var \u00e1rla \u00e1 f\u00f3tum n\u00e6sta morgun og lag\u00f0i \u00e1 asna sinn, og t\u00f3k me\u00f0 s\u00e9r tvo sveina s\u00edna og \u00cdsak son sinn. Og hann klauf vi\u00f0inn til brennif\u00f3rnarinnar, t\u00f3k sig upp og h\u00e9lt af sta\u00f0, \u00feanga\u00f0 sem Gu\u00f0 sag\u00f0i honum.4\u00c1 \u00feri\u00f0ja degi h\u00f3f Abraham upp augu s\u00edn og s\u00e1 sta\u00f0inn \u00e1lengdar.5\u00de\u00e1 sag\u00f0i Abraham <a href=\"https:\/\/biblian.is\/1981\/fyrsta-mosebok-22-kafli\/\"> [&#8230;]<\/a><\/p>\n","protected":false},"author":1,"featured_media":0,"parent":0,"menu_order":0,"comment_status":"open","ping_status":"open","template":"bibliukaflar.php","meta":{"footnotes":""},"class_list":["post-1368","page","type-page","status-publish","hentry"],"_links":{"self":[{"href":"https:\/\/biblian.is\/1981\/wp-json\/wp\/v2\/pages\/1368","targetHints":{"allow":["GET"]}}],"collection":[{"href":"https:\/\/biblian.is\/1981\/wp-json\/wp\/v2\/pages"}],"about":[{"href":"https:\/\/biblian.is\/1981\/wp-json\/wp\/v2\/types\/page"}],"author":[{"embeddable":true,"href":"https:\/\/biblian.is\/1981\/wp-json\/wp\/v2\/users\/1"}],"replies":[{"embeddable":true,"href":"https:\/\/biblian.is\/1981\/wp-json\/wp\/v2\/comments?post=1368"}],"version-history":[{"count":0,"href":"https:\/\/biblian.is\/1981\/wp-json\/wp\/v2\/pages\/1368\/revisions"}],"wp:attachment":[{"href":"https:\/\/biblian.is\/1981\/wp-json\/wp\/v2\/media?parent=1368"}],"curies":[{"name":"wp","href":"https:\/\/api.w.org\/{rel}","templated":true}]}}