{"id":1366,"date":"2017-11-18T20:17:04","date_gmt":"2017-11-18T20:17:04","guid":{"rendered":"http:\/\/biblian.is\/1981\/fyrsta-mosebok-20-kafli\/"},"modified":"2017-11-18T20:17:04","modified_gmt":"2017-11-18T20:17:04","slug":"fyrsta-mosebok-20-kafli","status":"publish","type":"page","link":"https:\/\/biblian.is\/1981\/fyrsta-mosebok-20-kafli\/","title":{"rendered":"Fyrsta M\u00f3seb\u00f3k 20. kafli"},"content":{"rendered":"<p><a name=\"1\"><span class=\"versanumer\">1<\/span><\/a>N\u00fa flutti Abraham sig \u00fea\u00f0an til Su\u00f0urlandsins og settist a\u00f0 milli Kades og S\u00far og dvaldist um hr\u00ed\u00f0 \u00ed Gerar.<a name=\"2\"><span class=\"versanumer\">2<\/span><\/a>Og Abraham sag\u00f0i um S\u00f6ru konu s\u00edna: H\u00fan er systir m\u00edn. \u00de\u00e1 sendi Ab\u00edmelek konungur \u00ed Gerar menn og l\u00e9t s\u00e6kja S\u00f6ru.<a name=\"3\"><span class=\"versanumer\">3<\/span><\/a>En Gu\u00f0 kom til Ab\u00edmeleks \u00ed draumi um n\u00f3ttina og sag\u00f0i vi\u00f0 hann: Sj\u00e1, \u00fe\u00fa skalt deyja vegna konu \u00feeirrar, sem \u00fe\u00fa hefir teki\u00f0, \u00fev\u00ed a\u00f0 h\u00fan er gift kona.<a name=\"4\"><span class=\"versanumer\">4<\/span><\/a>En Ab\u00edmelek haf\u00f0i ekki komi\u00f0 n\u00e6rri henni. Og hann sag\u00f0i: Drottinn, munt \u00fe\u00fa einnig vilja dey\u00f0a saklaust f\u00f3lk?<a name=\"5\"><span class=\"versanumer\">5<\/span><\/a>Hefir hann ekki sagt vi\u00f0 mig: H\u00fan er systir m\u00edn? og h\u00fan sj\u00e1lf hefir einnig sagt: Hann er br\u00f3\u00f0ir minn? \u00cd einl\u00e6gni hjarta m\u00edns og me\u00f0 hreinum h\u00f6ndum hefi \u00e9g gj\u00f6rt \u00feetta.<a name=\"6\"><span class=\"versanumer\">6<\/span><\/a>Og Gu\u00f0 sag\u00f0i vi\u00f0 hann \u00ed draumnum: V\u00edst veit \u00e9g, a\u00f0 \u00fe\u00fa gj\u00f6r\u00f0ir \u00feetta \u00ed einl\u00e6gni hjarta \u00fe\u00edns, og \u00e9g hefi einnig var\u00f0veitt \u00feig fr\u00e1 a\u00f0 syndga gegn m\u00e9r. Fyrir \u00fev\u00ed leyf\u00f0i \u00e9g \u00fe\u00e9r ekki a\u00f0 snerta hana.<a name=\"7\"><span class=\"versanumer\">7<\/span><\/a>F\u00e1 \u00fev\u00ed n\u00fa manninum konu hans aftur, \u00fev\u00ed a\u00f0 hann er sp\u00e1ma\u00f0ur, og mun hann bi\u00f0ja fyrir \u00fe\u00e9r, a\u00f0 \u00fe\u00fa megir l\u00edfi halda. En ef \u00fe\u00fa skilar henni ekki aftur, \u00fe\u00e1 skalt \u00fe\u00fa vita, a\u00f0 \u00fe\u00fa munt vissulega deyja, \u00fe\u00fa og allir, sem \u00fe\u00e9r tilheyra.<a name=\"8\"><span class=\"versanumer\">8<\/span><\/a>Ab\u00edmelek reis \u00e1rla um morguninn og kalla\u00f0i til s\u00edn alla \u00fej\u00f3na s\u00edna og greindi \u00feeim fr\u00e1 \u00f6llu \u00feessu. Og mennirnir ur\u00f0u mj\u00f6g \u00f3ttaslegnir.<a name=\"9\"><span class=\"versanumer\">9<\/span><\/a>Og Ab\u00edmelek l\u00e9t kalla Abraham til s\u00edn og sag\u00f0i vi\u00f0 hann: Hva\u00f0 hefir \u00fe\u00fa gj\u00f6rt oss? Og hva\u00f0 hefi \u00e9g misgj\u00f6rt vi\u00f0 \u00feig, a\u00f0 \u00fe\u00fa skyldir lei\u00f0a svo st\u00f3ra synd yfir mig og r\u00edki mitt? Verk, sem enginn skyldi fremja, hefir \u00fe\u00fa frami\u00f0 gegn m\u00e9r.<a name=\"10\"><span class=\"versanumer\">10<\/span><\/a>Og Ab\u00edmelek sag\u00f0i vi\u00f0 Abraham: Hva\u00f0 gekk \u00fe\u00e9r til a\u00f0 gj\u00f6ra \u00feetta?<a name=\"11\"><span class=\"versanumer\">11<\/span><\/a>\u00de\u00e1 m\u00e6lti Abraham: \u00c9g hugsa\u00f0i: Vart mun nokkur gu\u00f0s\u00f3tti vera \u00e1 \u00feessum sta\u00f0, og \u00feeir munu drepa mig vegna konu minnar.<a name=\"12\"><span class=\"versanumer\">12<\/span><\/a>Og \u00fear a\u00f0 auki er h\u00fan sannlega systir m\u00edn, samfe\u00f0ra, \u00fe\u00f3tt eigi s\u00e9um vi\u00f0 samm\u00e6\u00f0ra, og h\u00fan var\u00f0 kona m\u00edn.<a name=\"13\"><span class=\"versanumer\">13<\/span><\/a>Og \u00feegar Gu\u00f0 l\u00e9t mig fara \u00far h\u00fasi f\u00f6\u00f0ur m\u00edns, sag\u00f0i \u00e9g vi\u00f0 hana: \u00deessa g\u00f3\u00f0semi ver\u00f0ur \u00fe\u00fa a\u00f0 s\u00fdna m\u00e9r: Hvar sem vi\u00f0 komum, \u00fe\u00e1 seg\u00f0u um mig: Hann er br\u00f3\u00f0ir minn.<a name=\"14\"><span class=\"versanumer\">14<\/span><\/a>\u00de\u00e1 t\u00f3k Ab\u00edmelek sau\u00f0i, naut, \u00fer\u00e6la og amb\u00e1ttir og gaf Abraham og f\u00e9kk honum aftur S\u00f6ru konu hans.<a name=\"15\"><span class=\"versanumer\">15<\/span><\/a>Og Ab\u00edmelek sag\u00f0i: Sj\u00e1, land mitt stendur \u00fe\u00e9r til bo\u00f0a. B\u00fa \u00fe\u00fa \u00fear sem \u00fe\u00e9r best l\u00edkar.<a name=\"16\"><span class=\"versanumer\">16<\/span><\/a>Og vi\u00f0 S\u00f6ru sag\u00f0i hann: Sj\u00e1, \u00e9g gef br\u00f3\u00f0ur \u00fe\u00ednum \u00fe\u00fasund sikla silfurs. Sj\u00e1, \u00fea\u00f0 s\u00e9 \u00fe\u00e9r uppreist \u00ed augum allra \u00feeirra, sem me\u00f0 \u00fe\u00e9r eru, og ert \u00fe\u00fa \u00feannig r\u00e9ttl\u00e6tt fyrir \u00f6llum.<a name=\"17\"><span class=\"versanumer\">17<\/span><\/a>Og Abraham ba\u00f0 til Gu\u00f0s fyrir honum, og Gu\u00f0 l\u00e6kna\u00f0i Ab\u00edmelek og konu hans og amb\u00e1ttir, svo a\u00f0 \u00fe\u00e6r \u00f3lu b\u00f6rn.<a name=\"18\"><span class=\"versanumer\">18<\/span><\/a>\u00dev\u00ed a\u00f0 Drottinn haf\u00f0i loka\u00f0 s\u00e9rhverjum m\u00f3\u00f0urkvi\u00f0i \u00ed h\u00fasi Ab\u00edmeleks sakir S\u00f6ru, konu Abrahams.<\/p>\n<div class=\"footnote1981\"><b>20.1-18<\/b> Dv\u00f6l \u00ed Gerar 1M\u00f3s 12.10-20+<br \/>\n<b>20.3<\/b> \u00cd draumi 1M\u00f3s 31.24; 46.2 1Kon 3.5, Matt 1.20; 2.13,19; 27.19<br \/>\n<b>20.6<\/b> For\u00f0a fr\u00e1 1M\u00f3s 31.7; 1Sam 25.26; Slm 105.14; J\u00fad 24<br \/>\n<b>20.11<\/b> Gu\u00f0s\u00f3tti 1M\u00f3s 42.18; Slm 111.10; Job 28.28; Okv 1.7, S\u00edr 1.14-16<br \/>\n<b>20.12<\/b> Systir m\u00edn 3M\u00f3s 18.9+<br \/>\n<b>20.17<\/b> Abraham ba\u00f0 til Gu\u00f0s 1M\u00f3s 18.16-33+<\/div>\n","protected":false},"excerpt":{"rendered":"<p>1N\u00fa flutti Abraham sig \u00fea\u00f0an til Su\u00f0urlandsins og settist a\u00f0 milli Kades og S\u00far og dvaldist um hr\u00ed\u00f0 \u00ed Gerar.2Og Abraham sag\u00f0i um S\u00f6ru konu s\u00edna: H\u00fan er systir m\u00edn. \u00de\u00e1 sendi Ab\u00edmelek konungur \u00ed Gerar menn og l\u00e9t s\u00e6kja S\u00f6ru.3En Gu\u00f0 kom til Ab\u00edmeleks \u00ed draumi um n\u00f3ttina og sag\u00f0i vi\u00f0 hann: Sj\u00e1, \u00fe\u00fa skalt deyja vegna konu \u00feeirrar, sem \u00fe\u00fa hefir teki\u00f0, \u00fev\u00ed a\u00f0 h\u00fan er gift kona.4En Ab\u00edmelek haf\u00f0i ekki komi\u00f0 n\u00e6rri henni. Og hann sag\u00f0i: Drottinn, munt \u00fe\u00fa einnig vilja dey\u00f0a saklaust f\u00f3lk?5Hefir hann ekki sagt vi\u00f0 mig: H\u00fan er systir m\u00edn? og h\u00fan sj\u00e1lf hefir <a href=\"https:\/\/biblian.is\/1981\/fyrsta-mosebok-20-kafli\/\"> [&#8230;]<\/a><\/p>\n","protected":false},"author":1,"featured_media":0,"parent":0,"menu_order":0,"comment_status":"open","ping_status":"open","template":"bibliukaflar.php","meta":{"footnotes":""},"class_list":["post-1366","page","type-page","status-publish","hentry"],"_links":{"self":[{"href":"https:\/\/biblian.is\/1981\/wp-json\/wp\/v2\/pages\/1366","targetHints":{"allow":["GET"]}}],"collection":[{"href":"https:\/\/biblian.is\/1981\/wp-json\/wp\/v2\/pages"}],"about":[{"href":"https:\/\/biblian.is\/1981\/wp-json\/wp\/v2\/types\/page"}],"author":[{"embeddable":true,"href":"https:\/\/biblian.is\/1981\/wp-json\/wp\/v2\/users\/1"}],"replies":[{"embeddable":true,"href":"https:\/\/biblian.is\/1981\/wp-json\/wp\/v2\/comments?post=1366"}],"version-history":[{"count":0,"href":"https:\/\/biblian.is\/1981\/wp-json\/wp\/v2\/pages\/1366\/revisions"}],"wp:attachment":[{"href":"https:\/\/biblian.is\/1981\/wp-json\/wp\/v2\/media?parent=1366"}],"curies":[{"name":"wp","href":"https:\/\/api.w.org\/{rel}","templated":true}]}}