{"id":1365,"date":"2017-11-18T20:17:04","date_gmt":"2017-11-18T20:17:04","guid":{"rendered":"http:\/\/biblian.is\/1981\/fyrsta-mosebok-19-kafli\/"},"modified":"2017-11-18T20:17:04","modified_gmt":"2017-11-18T20:17:04","slug":"fyrsta-mosebok-19-kafli","status":"publish","type":"page","link":"https:\/\/biblian.is\/1981\/fyrsta-mosebok-19-kafli\/","title":{"rendered":"Fyrsta M\u00f3seb\u00f3k 19. kafli"},"content":{"rendered":"<p><a name=\"1\"><span class=\"versanumer\">1<\/span><\/a>Englarnir tveir komu um kveldi\u00f0 til S\u00f3d\u00f3mu. Sat Lot \u00ed borgarhli\u00f0i. Og er hann s\u00e1 \u00fe\u00e1, st\u00f3\u00f0 hann upp \u00ed m\u00f3ti \u00feeim og hneig\u00f0i \u00e1sj\u00f3nu s\u00edna til jar\u00f0ar.<a name=\"2\"><span class=\"versanumer\">2<\/span><\/a>\u00dev\u00ed n\u00e6st m\u00e6lti hann: Heyri\u00f0, herrar m\u00ednir, s\u00fdni\u00f0 l\u00edtill\u00e6ti og komi\u00f0 inn \u00ed h\u00fas \u00fej\u00f3ns ykkar, og veri\u00f0 h\u00e9r \u00ed n\u00f3tt og \u00fevoi\u00f0 f\u00e6tur ykkar. Geti\u00f0 \u00fei\u00f0 \u00fe\u00e1 risi\u00f0 \u00e1rla \u00e1 morgun og fari\u00f0 lei\u00f0ar ykkar. En \u00feeir s\u00f6g\u00f0u: Nei, vi\u00f0 \u00e6tlum a\u00f0 hafast vi\u00f0 \u00e1 str\u00e6tinu \u00ed n\u00f3tt.<a name=\"3\"><span class=\"versanumer\">3<\/span><\/a>\u00de\u00e1 lag\u00f0i hann miki\u00f0 a\u00f0 \u00feeim, uns \u00feeir f\u00f3ru inn til hans og gengu inn \u00ed h\u00fas hans. Og hann bj\u00f3 \u00feeim m\u00e1lt\u00ed\u00f0 og baka\u00f0i \u00f3s\u00fdrt brau\u00f0, og \u00feeir neyttu.<a name=\"4\"><span class=\"versanumer\">4<\/span><\/a>En \u00e1\u00f0ur en \u00feeir gengu til hv\u00edldar, sl\u00f3gu borgarmenn, mennirnir \u00ed S\u00f3d\u00f3mu, hring um h\u00fasi\u00f0, b\u00e6\u00f0i ungir og gamlir, allur m\u00fagurinn hva\u00f0an\u00e6va.<a name=\"5\"><span class=\"versanumer\">5<\/span><\/a>Og \u00feeir k\u00f6llu\u00f0u \u00e1 Lot og s\u00f6g\u00f0u vi\u00f0 hann: Hvar eru mennirnir, sem komu til \u00fe\u00edn \u00ed kveld? Lei\u00f0 \u00fe\u00fa \u00fe\u00e1 \u00fat til vor, a\u00f0 v\u00e9r megum kenna \u00feeirra.<a name=\"6\"><span class=\"versanumer\">6<\/span><\/a>Lot gekk \u00fe\u00e1 \u00fat til \u00feeirra, \u00fat fyrir dyrnar, og loka\u00f0i hur\u00f0inni a\u00f0 baki s\u00e9r.<a name=\"7\"><span class=\"versanumer\">7<\/span><\/a>Og hann sag\u00f0i: Fyrir hvern mun, br\u00e6\u00f0ur m\u00ednir, fremji\u00f0 ekki \u00f3h\u00e6fu.<a name=\"8\"><span class=\"versanumer\">8<\/span><\/a>Sj\u00e1, \u00e9g \u00e1 tv\u00e6r d\u00e6tur, sem ekki hafa karlmanns kennt. \u00c9g skal lei\u00f0a \u00fe\u00e6r \u00fat til y\u00f0ar, gj\u00f6ri\u00f0 vi\u00f0 \u00fe\u00e6r sem y\u00f0ur gott \u00feykir. A\u00f0eins megi\u00f0 \u00fe\u00e9r ekkert gj\u00f6ra \u00feessum m\u00f6nnum, \u00far \u00fev\u00ed a\u00f0 \u00feeir eru komnir undir skugga \u00feaks m\u00edns.<a name=\"9\"><span class=\"versanumer\">9<\/span><\/a>\u00de\u00e1 \u00e6ptu \u00feeir: Haf \u00feig \u00e1 burt! og s\u00f6g\u00f0u: \u00deessi n\u00e1ungi er hinga\u00f0 kominn sem \u00fatlendingur og vill n\u00fa st\u00f6\u00f0ugt vera a\u00f0 si\u00f0a oss. N\u00fa skulum v\u00e9r leika \u00feig enn verr en \u00fe\u00e1. Og \u00feeir gj\u00f6r\u00f0u \u00e1kaflega \u00fer\u00f6ng a\u00f0 honum, a\u00f0 Lot, og gengu n\u00e6r til a\u00f0 brj\u00f3ta upp dyrnar.<a name=\"10\"><span class=\"versanumer\">10<\/span><\/a>\u00de\u00e1 seildust mennirnir \u00fat og dr\u00f3gu Lot til s\u00edn inn \u00ed h\u00fasi\u00f0 og loku\u00f0u dyrunum.<a name=\"11\"><span class=\"versanumer\">11<\/span><\/a>En \u00fe\u00e1, sem voru \u00fati fyrir dyrum h\u00fassins, sl\u00f3gu \u00feeir me\u00f0 blindu, sm\u00e1a og st\u00f3ra, svo a\u00f0 \u00feeir ur\u00f0u a\u00f0 gefast upp vi\u00f0 a\u00f0 finna dyrnar.<a name=\"12\"><span class=\"versanumer\">12<\/span><\/a>Mennirnir s\u00f6g\u00f0u vi\u00f0 Lot: \u00c1tt \u00fe\u00fa h\u00e9r nokkra fleiri \u00fe\u00e9r n\u00e1komna? Tengdasyni, syni, d\u00e6tur? Alla \u00ed borginni, sem \u00fe\u00e9r eru \u00e1hangandi, skalt \u00fe\u00fa hafa \u00e1 burt h\u00e9\u00f0an,<a name=\"13\"><span class=\"versanumer\">13<\/span><\/a>\u00fev\u00ed a\u00f0 vi\u00f0 munum ey\u00f0a \u00feennan sta\u00f0, af \u00fev\u00ed a\u00f0 hr\u00f3pi\u00f0 yfir \u00feeim fyrir Drottni er miki\u00f0, og Drottinn hefir sent okkur til a\u00f0 ey\u00f0a borgina.<a name=\"14\"><span class=\"versanumer\">14<\/span><\/a>\u00de\u00e1 gekk Lot \u00fat og tala\u00f0i vi\u00f0 tengdasyni s\u00edna, sem \u00e6tlu\u00f0u a\u00f0 ganga a\u00f0 eiga d\u00e6tur hans, og m\u00e6lti: Standi\u00f0 upp skj\u00f3tt og fari\u00f0 \u00far \u00feessum sta\u00f0, \u00fev\u00ed a\u00f0 Drottinn mun ey\u00f0a borgina. En tengdasynir hans hug\u00f0u, a\u00f0 hann v\u00e6ri a\u00f0 gj\u00f6ra a\u00f0 gamni s\u00ednu.<a name=\"15\"><span class=\"versanumer\">15<\/span><\/a>En er dagur rann, r\u00e1ku englarnir eftir Lot og s\u00f6g\u00f0u: Statt \u00fe\u00fa upp skj\u00f3tt! Tak \u00fe\u00fa konu \u00fe\u00edna og b\u00e1\u00f0ar d\u00e6tur \u00fe\u00ednar, sem hj\u00e1 \u00fe\u00e9r eru, svo a\u00f0 \u00fe\u00fa fyrirfarist ekki vegna syndar borgarinnar.<a name=\"16\"><span class=\"versanumer\">16<\/span><\/a>En er hann hika\u00f0i vi\u00f0, t\u00f3ku mennirnir \u00ed h\u00f6nd honum og \u00ed h\u00f6nd konu hans og \u00ed h\u00f6nd b\u00e1\u00f0um d\u00e6trum hans, af \u00fev\u00ed a\u00f0 Drottinn vildi \u00feyrma honum, og leiddu hann \u00fat og l\u00e9tu hann \u00fat fyrir borgina.<a name=\"17\"><span class=\"versanumer\">17<\/span><\/a>Og er \u00feeir h\u00f6f\u00f0u leitt \u00feau \u00fat, s\u00f6g\u00f0u \u00feeir: For\u00f0a \u00fe\u00e9r, l\u00edf \u00feitt liggur vi\u00f0! L\u00edt ekki aftur fyrir \u00feig og nem hvergi sta\u00f0ar \u00e1 \u00f6llu sl\u00e9ttlendinu, for\u00f0a \u00fe\u00e9r \u00e1 fj\u00f6ll upp, a\u00f0 \u00fe\u00fa farist eigi.<a name=\"18\"><span class=\"versanumer\">18<\/span><\/a>\u00de\u00e1 sag\u00f0i Lot vi\u00f0 \u00fe\u00e1: \u00c6 nei, herra!<a name=\"19\"><span class=\"versanumer\">19<\/span><\/a>Sj\u00e1, \u00fej\u00f3nn \u00feinn hefir fundi\u00f0 n\u00e1\u00f0 \u00ed augum \u00fe\u00ednum, og \u00fe\u00fa hefir s\u00fdnt \u00e1 m\u00e9r mikla miskunn a\u00f0 l\u00e1ta mig halda l\u00edfi. En \u00e9g get ekki for\u00f0a\u00f0 m\u00e9r \u00e1 fj\u00f6ll upp, \u00f3g\u00e6fan getur komi\u00f0 yfir mig og \u00e9g d\u00e1i\u00f0.<a name=\"20\"><span class=\"versanumer\">20<\/span><\/a>Sj\u00e1, \u00fearna er borg \u00ed n\u00e1nd, \u00feanga\u00f0 g\u00e6ti \u00e9g fl\u00fai\u00f0, og h\u00fan er l\u00edtil. \u00c9g vil for\u00f0a m\u00e9r \u00feanga\u00f0 er h\u00fan ekki l\u00edtil? og \u00e9g mun halda l\u00edfi.<a name=\"21\"><span class=\"versanumer\">21<\/span><\/a>Drottinn sag\u00f0i vi\u00f0 hann: Sj\u00e1, \u00e9g hefi einnig veitt \u00fe\u00e9r \u00feessa b\u00e6n, a\u00f0 leggja ekki \u00ed ey\u00f0i borgina, sem \u00fe\u00fa tala\u00f0ir um.<a name=\"22\"><span class=\"versanumer\">22<\/span><\/a>Fl\u00fdt \u00fe\u00e9r! For\u00f0a \u00fe\u00e9r \u00feanga\u00f0, \u00fev\u00ed a\u00f0 \u00e9g get ekkert gj\u00f6rt, fyrr en \u00fe\u00fa kemst \u00feanga\u00f0. Vegna \u00feessa nefna menn borgina S\u00f3ar.<a name=\"23\"><span class=\"versanumer\">23<\/span><\/a>S\u00f3lin var runnin upp yfir j\u00f6r\u00f0ina, er Lot kom til S\u00f3ar.<a name=\"24\"><span class=\"versanumer\">24<\/span><\/a>Og Drottinn l\u00e9t rigna yfir S\u00f3d\u00f3mu og G\u00f3morru brennisteini og eldi fr\u00e1 Drottni, af himni.<a name=\"25\"><span class=\"versanumer\">25<\/span><\/a>Og hann gj\u00f6reyddi \u00feessar borgir og allt sl\u00e9ttlendi\u00f0 og alla \u00edb\u00faa borganna og gr\u00f3\u00f0ur jar\u00f0arinnar.<a name=\"26\"><span class=\"versanumer\">26<\/span><\/a>En kona hans leit vi\u00f0 a\u00f0 baki honum og var\u00f0 a\u00f0 saltst\u00f6pli.<a name=\"27\"><span class=\"versanumer\">27<\/span><\/a>Abraham gekk snemma morguns \u00feanga\u00f0, er hann haf\u00f0i sta\u00f0i\u00f0 frammi fyrir Drottni.<a name=\"28\"><span class=\"versanumer\">28<\/span><\/a>Og hann horf\u00f0i ni\u00f0ur \u00e1 S\u00f3d\u00f3mu og G\u00f3morru og yfir allt sl\u00e9ttlendi\u00f0 og s\u00e1, a\u00f0 reyk lag\u00f0i upp af j\u00f6r\u00f0inni, \u00fev\u00ed l\u00edkast sem reykur \u00far ofni.<a name=\"29\"><span class=\"versanumer\">29<\/span><\/a>En er Gu\u00f0 eyddi borgirnar \u00e1 sl\u00e9ttlendinu, minntist Gu\u00f0 Abrahams og leiddi Lot \u00fat \u00far ey\u00f0ingunni, \u00fe\u00e1 er hann lag\u00f0i \u00ed ey\u00f0i borgirnar, sem Lot haf\u00f0i b\u00fai\u00f0 \u00ed.<a name=\"30\"><span class=\"versanumer\">30<\/span><\/a>Lot f\u00f3r fr\u00e1 S\u00f3ar upp \u00e1 fj\u00f6llin og sta\u00f0n\u00e6mdist \u00fear og b\u00e1\u00f0ar d\u00e6tur hans me\u00f0 honum, \u00fev\u00ed a\u00f0 hann \u00f3tta\u00f0ist a\u00f0 vera kyrr \u00ed S\u00f3ar, og hann haf\u00f0ist vi\u00f0 \u00ed helli, hann og b\u00e1\u00f0ar d\u00e6tur hans.<a name=\"31\"><span class=\"versanumer\">31<\/span><\/a>\u00de\u00e1 sag\u00f0i hin eldri vi\u00f0 hina yngri: Fa\u00f0ir okkar er gamall, og enginn karlma\u00f0ur er eftir \u00e1 j\u00f6r\u00f0inni, sem samfarir megi vi\u00f0 okkur hafa, eins og si\u00f0venja er til alls sta\u00f0ar \u00e1 j\u00f6r\u00f0inni.<a name=\"32\"><span class=\"versanumer\">32<\/span><\/a>Kom \u00fe\u00fa, vi\u00f0 skulum gefa f\u00f6\u00f0ur okkar v\u00edn a\u00f0 drekka og leggjast hj\u00e1 honum, a\u00f0 vi\u00f0 megum kveikja kyn af f\u00f6\u00f0ur okkar.<a name=\"33\"><span class=\"versanumer\">33<\/span><\/a>S\u00ed\u00f0an g\u00e1fu \u00fe\u00e6r f\u00f6\u00f0ur s\u00ednum v\u00edn a\u00f0 drekka \u00fe\u00e1 n\u00f3tt, og hin eldri f\u00f3r og lag\u00f0ist hj\u00e1 f\u00f6\u00f0ur s\u00ednum. En hann var\u00f0 hvorki var vi\u00f0, a\u00f0 h\u00fan lag\u00f0ist ni\u00f0ur, n\u00e9 a\u00f0 h\u00fan reis \u00e1 f\u00e6tur.<a name=\"34\"><span class=\"versanumer\">34<\/span><\/a>Og morguninn eftir sag\u00f0i hin eldri vi\u00f0 hina yngri: Sj\u00e1, \u00ed n\u00f3tt l\u00e1 \u00e9g hj\u00e1 f\u00f6\u00f0ur m\u00ednum. Vi\u00f0 skulum n\u00fa einnig \u00ed n\u00f3tt gefa honum v\u00edn a\u00f0 drekka. Far \u00fe\u00fa s\u00ed\u00f0an inn og leggst hj\u00e1 honum, a\u00f0 vi\u00f0 megum kveikja kyn af f\u00f6\u00f0ur okkar.<a name=\"35\"><span class=\"versanumer\">35<\/span><\/a>S\u00ed\u00f0an g\u00e1fu \u00fe\u00e6r f\u00f6\u00f0ur s\u00ednum v\u00edn a\u00f0 drekka einnig \u00fe\u00e1 n\u00f3tt, og hin yngri t\u00f3k sig til og lag\u00f0ist hj\u00e1 honum. En hann var\u00f0 hvorki var vi\u00f0, a\u00f0 h\u00fan lag\u00f0ist ni\u00f0ur, n\u00e9 a\u00f0 h\u00fan reis \u00e1 f\u00e6tur.<a name=\"36\"><span class=\"versanumer\">36<\/span><\/a>\u00deannig ur\u00f0u b\u00e1\u00f0ar d\u00e6tur Lots \u00feunga\u00f0ar af v\u00f6ldum f\u00f6\u00f0ur s\u00edns.<a name=\"37\"><span class=\"versanumer\">37<\/span><\/a>Hin eldri \u00f3l son og nefndi hann M\u00f3ab. Hann er \u00e6ttfa\u00f0ir M\u00f3ab\u00edta allt til \u00feessa dags.<a name=\"38\"><span class=\"versanumer\">38<\/span><\/a>Og hin yngri \u00f3l einnig son og nefndi hann Ben-Amm\u00ed. Hann er \u00e6ttfa\u00f0ir Amm\u00f3n\u00edta allt til \u00feessa dags.<\/p>\n<div class=\"footnote1981\"><b>19.1<\/b> S\u00f3d\u00f3ma 1M\u00f3s 18.16+<br \/>\n<b>19.2-3<\/b> Gestisni 1M\u00f3s 18.4-5+<br \/>\n<b>19.4<\/b> Lei\u00f0 \u00fat D\u00f3m 19.22<br \/>\n<b>19.5<\/b> Kenna \u00feeirra 3M\u00f3s 18.22+<br \/>\n<b>19.8<\/b> Tv\u00e6r d\u00e6tur D\u00f3m 19.24-25<br \/>\n<b>19.11<\/b> Blinda 2Kon 6.18; SSal 19.17; Post 13.11<br \/>\n<b>19.13<\/b> Tort\u00edma \u00feessum sta\u00f0 2P\u00e9t 2.6-8; J\u00fad 7<br \/>\n<b>19.17<\/b> For\u00f0i\u00f0 ykkur Matt 24.16<br \/>\n<b>19.24<\/b> Brennisteinn og eldur 5M\u00f3s 29.23; Esk 38.22; Slm 11.6; L\u00fak 17.29; Opb 14.10; 19.20; 20.10; 21.8<br \/>\n<b>19.26<\/b> Kona Lots SSal 10.7; L\u00fak 17.32<br \/>\n<b>19.33<\/b> Lag\u00f0ist hj\u00e1 f\u00f6\u00f0ur s\u00ednum 3M\u00f3s 18.6-7<\/div>\n","protected":false},"excerpt":{"rendered":"<p>1Englarnir tveir komu um kveldi\u00f0 til S\u00f3d\u00f3mu. Sat Lot \u00ed borgarhli\u00f0i. Og er hann s\u00e1 \u00fe\u00e1, st\u00f3\u00f0 hann upp \u00ed m\u00f3ti \u00feeim og hneig\u00f0i \u00e1sj\u00f3nu s\u00edna til jar\u00f0ar.2\u00dev\u00ed n\u00e6st m\u00e6lti hann: Heyri\u00f0, herrar m\u00ednir, s\u00fdni\u00f0 l\u00edtill\u00e6ti og komi\u00f0 inn \u00ed h\u00fas \u00fej\u00f3ns ykkar, og veri\u00f0 h\u00e9r \u00ed n\u00f3tt og \u00fevoi\u00f0 f\u00e6tur ykkar. Geti\u00f0 \u00fei\u00f0 \u00fe\u00e1 risi\u00f0 \u00e1rla \u00e1 morgun og fari\u00f0 lei\u00f0ar ykkar. En \u00feeir s\u00f6g\u00f0u: Nei, vi\u00f0 \u00e6tlum a\u00f0 hafast vi\u00f0 \u00e1 str\u00e6tinu \u00ed n\u00f3tt.3\u00de\u00e1 lag\u00f0i hann miki\u00f0 a\u00f0 \u00feeim, uns \u00feeir f\u00f3ru inn til hans og gengu inn \u00ed h\u00fas hans. Og hann bj\u00f3 \u00feeim m\u00e1lt\u00ed\u00f0 og baka\u00f0i <a href=\"https:\/\/biblian.is\/1981\/fyrsta-mosebok-19-kafli\/\"> [&#8230;]<\/a><\/p>\n","protected":false},"author":1,"featured_media":0,"parent":0,"menu_order":0,"comment_status":"open","ping_status":"open","template":"bibliukaflar.php","meta":{"footnotes":""},"class_list":["post-1365","page","type-page","status-publish","hentry"],"_links":{"self":[{"href":"https:\/\/biblian.is\/1981\/wp-json\/wp\/v2\/pages\/1365","targetHints":{"allow":["GET"]}}],"collection":[{"href":"https:\/\/biblian.is\/1981\/wp-json\/wp\/v2\/pages"}],"about":[{"href":"https:\/\/biblian.is\/1981\/wp-json\/wp\/v2\/types\/page"}],"author":[{"embeddable":true,"href":"https:\/\/biblian.is\/1981\/wp-json\/wp\/v2\/users\/1"}],"replies":[{"embeddable":true,"href":"https:\/\/biblian.is\/1981\/wp-json\/wp\/v2\/comments?post=1365"}],"version-history":[{"count":0,"href":"https:\/\/biblian.is\/1981\/wp-json\/wp\/v2\/pages\/1365\/revisions"}],"wp:attachment":[{"href":"https:\/\/biblian.is\/1981\/wp-json\/wp\/v2\/media?parent=1365"}],"curies":[{"name":"wp","href":"https:\/\/api.w.org\/{rel}","templated":true}]}}