{"id":1362,"date":"2017-11-18T20:17:04","date_gmt":"2017-11-18T20:17:04","guid":{"rendered":"http:\/\/biblian.is\/1981\/fyrsta-mosebok-16-kafli\/"},"modified":"2021-06-06T10:57:30","modified_gmt":"2021-06-06T10:57:30","slug":"fyrsta-mosebok-16-kafli","status":"publish","type":"page","link":"https:\/\/biblian.is\/1981\/fyrsta-mosebok-16-kafli\/","title":{"rendered":"Fyrsta M\u00f3seb\u00f3k 16. kafli"},"content":{"rendered":"<p><a name=\"1\"><span class=\"versanumer\">1<\/span><\/a>Sara\u00ed kona Abrams \u00f3l honum ekki b\u00f6rn. En h\u00fan haf\u00f0i egypska amb\u00e1tt, sem h\u00e9t Hagar.<a name=\"2\"><span class=\"versanumer\">2<\/span><\/a>Og Sara\u00ed sag\u00f0i vi\u00f0 Abram: Heyr\u00f0u, Drottinn hefir varna\u00f0 m\u00e9r barngetna\u00f0ar. Gakk \u00fev\u00ed inn til amb\u00e1ttar minnar, vera m\u00e1 a\u00f0 h\u00fan afli m\u00e9r afkv\u00e6mis. Og Abram hl\u00fdddi or\u00f0um Sara\u00ed.<a name=\"3\"><span class=\"versanumer\">3<\/span><\/a>Sara\u00ed, kona Abrams, t\u00f3k Hagar hina egypsku, amb\u00e1tt s\u00edna, er Abram haf\u00f0i b\u00fai\u00f0 t\u00edu \u00e1r \u00ed Kanaanlandi, og gaf manni s\u00ednum Abram hana fyrir konu.<a name=\"4\"><span class=\"versanumer\">4<\/span><\/a>Og hann gekk inn til Hagar, og h\u00fan var\u00f0 \u00feungu\u00f0. En er h\u00fan vissi, a\u00f0 h\u00fan var me\u00f0 barni, fyrirleit h\u00fan h\u00fasm\u00f3\u00f0ur s\u00edna.<a name=\"5\"><span class=\"versanumer\">5<\/span><\/a>\u00de\u00e1 sag\u00f0i Sara\u00ed vi\u00f0 Abram: S\u00e1 \u00f3r\u00e9ttur, sem \u00e9g ver\u00f0 a\u00f0 \u00feola, bitni \u00e1 \u00fe\u00e9r! \u00c9g hefi gefi\u00f0 amb\u00e1tt m\u00edna \u00fe\u00e9r \u00ed fa\u00f0m, en er h\u00fan n\u00fa veit, a\u00f0 h\u00fan er me\u00f0 barni, fyrirl\u00edtur h\u00fan mig. Drottinn d\u00e6mi milli m\u00edn og \u00fe\u00edn!<a name=\"6\"><span class=\"versanumer\">6<\/span><\/a>En Abram sag\u00f0i vi\u00f0 Sara\u00ed: Sj\u00e1, amb\u00e1tt \u00fe\u00edn er \u00e1 \u00fe\u00ednu valdi. Gj\u00f6r \u00fe\u00fa vi\u00f0 hana sem \u00fe\u00e9r gott \u00feykir. \u00de\u00e1 \u00fej\u00e1\u00f0i Sara\u00ed hana, svo a\u00f0 h\u00fan fl\u00fd\u00f0i \u00ed burtu fr\u00e1 henni.<a name=\"7\"><span class=\"versanumer\">7<\/span><\/a>\u00de\u00e1 fann engill Drottins hana hj\u00e1 vatnslind \u00ed ey\u00f0im\u00f6rkinni, hj\u00e1 lindinni \u00e1 veginum til S\u00far.<a name=\"8\"><span class=\"versanumer\">8<\/span><\/a>Og hann m\u00e6lti: Hagar, amb\u00e1tt Sara\u00ed, hva\u00f0an kemur \u00fe\u00fa og hvert \u00e6tlar \u00fe\u00fa a\u00f0 fara? H\u00fan svara\u00f0i: \u00c9g er \u00e1 fl\u00f3tta fr\u00e1 Sara\u00ed, h\u00fasm\u00f3\u00f0ur minni.<a name=\"9\"><span class=\"versanumer\">9<\/span><\/a>Og engill Drottins sag\u00f0i vi\u00f0 hana: Hverf \u00fe\u00fa heim aftur til h\u00fasm\u00f3\u00f0ur \u00feinnar og gef \u00feig undir hennar vald.<a name=\"10\"><span class=\"versanumer\">10<\/span><\/a>Engill Drottins sag\u00f0i vi\u00f0 hana: \u00c9g mun margfalda afkv\u00e6mi \u00feitt, svo a\u00f0 \u00fea\u00f0 ver\u00f0i eigi tali\u00f0 fyrir fj\u00f6lda sakir.<a name=\"11\"><span class=\"versanumer\">11<\/span><\/a>Engill Drottins sag\u00f0i vi\u00f0 hana: Sj\u00e1, \u00fe\u00fa ert \u00feungu\u00f0 og munt son f\u00e6\u00f0a. Hans nafn skalt \u00fe\u00fa kalla \u00cdsmael, \u00fev\u00ed a\u00f0 Drottinn hefir heyrt kveinstafi \u00fe\u00edna.<a name=\"12\"><span class=\"versanumer\">12<\/span><\/a>Hann mun ver\u00f0a ma\u00f0ur \u00f3lmur sem villiasni, h\u00f6nd hans mun vera uppi \u00e1 m\u00f3ti hverjum manni og hvers manns h\u00f6nd uppi \u00e1 m\u00f3ti honum, og hann mun b\u00faa andsp\u00e6nis \u00f6llum br\u00e6\u00f0rum s\u00ednum.<a name=\"13\"><span class=\"versanumer\">13<\/span><\/a>Og h\u00fan nefndi Drottin, sem vi\u00f0 hana tala\u00f0i, \u00de\u00fa ert Gu\u00f0, sem s\u00e9r. \u00dev\u00ed a\u00f0 h\u00fan sag\u00f0i: \u00c6tli \u00e9g hafi einnig h\u00e9r horft \u00e1 eftir honum, sem hefir s\u00e9\u00f0 mig?<a name=\"14\"><span class=\"versanumer\">14<\/span><\/a>\u00deess vegna heitir brunnurinn Beer-Lahaj-r\u00f3\u00ed, en hann er \u00e1 milli Kades og Bered.<a name=\"15\"><span class=\"versanumer\">15<\/span><\/a>Hagar \u00f3l Abram son, og Abram nefndi son sinn, sem Hagar \u00f3l honum, \u00cdsmael.<a name=\"16\"><span class=\"versanumer\">16<\/span><\/a>En Abram var \u00e1ttat\u00edu og sex \u00e1ra gamall, \u00feegar Hagar \u00f3l honum \u00cdsmael.<\/p>\n<div class=\"footnote1981\"><b>16.1<\/b> \u00d3l ekki b\u00f6rn 1M\u00f3s 15.2+ &#8211; Sar\u00ed og Hagar 1M\u00f3s 21.9-21; Gal 4.21-31<br \/>\n<b>16.9<\/b> Sn\u00fa\u00f0u aftur Film 8-21; 1P\u00e9t 2.18-20<br \/>\n<b>16.10<\/b> Ni\u00f0jum \u00fe\u00ednum 1M\u00f3s 17.20; 21.13,18; 25.12-18; sbr 12.2+<br \/>\n<b>16.15<\/b> Sonur Gal 4.22<\/div>\n","protected":false},"excerpt":{"rendered":"<p>1Sara\u00ed kona Abrams \u00f3l honum ekki b\u00f6rn. En h\u00fan haf\u00f0i egypska amb\u00e1tt, sem h\u00e9t Hagar.2Og Sara\u00ed sag\u00f0i vi\u00f0 Abram: Heyr\u00f0u, Drottinn hefir varna\u00f0 m\u00e9r barngetna\u00f0ar. Gakk \u00fev\u00ed inn til amb\u00e1ttar minnar, vera m\u00e1 a\u00f0 h\u00fan afli m\u00e9r afkv\u00e6mis. Og Abram hl\u00fdddi or\u00f0um Sara\u00ed.3Sara\u00ed, kona Abrams, t\u00f3k Hagar hina egypsku, amb\u00e1tt s\u00edna, er Abram haf\u00f0i b\u00fai\u00f0 t\u00edu \u00e1r \u00ed Kanaanlandi, og gaf manni s\u00ednum Abram hana fyrir konu.4Og hann gekk inn til Hagar, og h\u00fan var\u00f0 \u00feungu\u00f0. En er h\u00fan vissi, a\u00f0 h\u00fan var me\u00f0 barni, fyrirleit h\u00fan h\u00fasm\u00f3\u00f0ur s\u00edna.5\u00de\u00e1 sag\u00f0i Sara\u00ed vi\u00f0 Abram: S\u00e1 \u00f3r\u00e9ttur, sem \u00e9g ver\u00f0 a\u00f0 \u00feola, <a href=\"https:\/\/biblian.is\/1981\/fyrsta-mosebok-16-kafli\/\"> [&#8230;]<\/a><\/p>\n","protected":false},"author":1,"featured_media":0,"parent":0,"menu_order":0,"comment_status":"open","ping_status":"open","template":"bibliukaflar.php","meta":{"footnotes":""},"class_list":["post-1362","page","type-page","status-publish","hentry"],"_links":{"self":[{"href":"https:\/\/biblian.is\/1981\/wp-json\/wp\/v2\/pages\/1362","targetHints":{"allow":["GET"]}}],"collection":[{"href":"https:\/\/biblian.is\/1981\/wp-json\/wp\/v2\/pages"}],"about":[{"href":"https:\/\/biblian.is\/1981\/wp-json\/wp\/v2\/types\/page"}],"author":[{"embeddable":true,"href":"https:\/\/biblian.is\/1981\/wp-json\/wp\/v2\/users\/1"}],"replies":[{"embeddable":true,"href":"https:\/\/biblian.is\/1981\/wp-json\/wp\/v2\/comments?post=1362"}],"version-history":[{"count":0,"href":"https:\/\/biblian.is\/1981\/wp-json\/wp\/v2\/pages\/1362\/revisions"}],"wp:attachment":[{"href":"https:\/\/biblian.is\/1981\/wp-json\/wp\/v2\/media?parent=1362"}],"curies":[{"name":"wp","href":"https:\/\/api.w.org\/{rel}","templated":true}]}}