{"id":1361,"date":"2017-11-18T20:17:04","date_gmt":"2017-11-18T20:17:04","guid":{"rendered":"http:\/\/biblian.is\/1981\/fyrsta-mosebok-15-kafli\/"},"modified":"2021-06-06T10:57:29","modified_gmt":"2021-06-06T10:57:29","slug":"fyrsta-mosebok-15-kafli","status":"publish","type":"page","link":"https:\/\/biblian.is\/1981\/fyrsta-mosebok-15-kafli\/","title":{"rendered":"Fyrsta M\u00f3seb\u00f3k 15. kafli"},"content":{"rendered":"<p><a name=\"1\"><span class=\"versanumer\">1<\/span><\/a>Eftir \u00feessa atbur\u00f0i kom or\u00f0 Drottins til Abrams \u00ed s\u00fdn: \u00d3ttast \u00fe\u00fa ekki, Abram, \u00e9g er \u00feinn skj\u00f6ldur, laun \u00fe\u00edn munu mj\u00f6g mikil ver\u00f0a.<a name=\"2\"><span class=\"versanumer\">2<\/span><\/a>Og Abram m\u00e6lti: Drottinn Gu\u00f0, hva\u00f0 \u00e6tlar \u00fe\u00fa a\u00f0 gefa m\u00e9r? \u00c9g fer h\u00e9\u00f0an barnlaus, og El\u00edeser fr\u00e1 Damaskus ver\u00f0ur erfingi h\u00fass m\u00edns.<a name=\"3\"><span class=\"versanumer\">3<\/span><\/a>Og Abram m\u00e6lti: Sj\u00e1, m\u00e9r hefir \u00fe\u00fa ekkert afkv\u00e6mi gefi\u00f0, og h\u00faskarl minn mun erfa mig.<a name=\"4\"><span class=\"versanumer\">4<\/span><\/a>Og sj\u00e1, or\u00f0 Drottins kom til hans: Ekki skal hann erfa \u00feig, heldur s\u00e1, sem af \u00fe\u00e9r mun getinn ver\u00f0a, hann mun erfa \u00feig.<a name=\"5\"><span class=\"versanumer\">5<\/span><\/a>Og hann leiddi hann \u00fat og m\u00e6lti: L\u00edt \u00fe\u00fa upp til himins og tel \u00fe\u00fa stj\u00f6rnurnar, ef \u00fe\u00fa getur tali\u00f0 \u00fe\u00e6r. Og hann sag\u00f0i vi\u00f0 hann: Svo margir skulu ni\u00f0jar \u00fe\u00ednir ver\u00f0a.<a name=\"6\"><span class=\"versanumer\">6<\/span><\/a>Og Abram tr\u00fa\u00f0i Drottni, og hann reikna\u00f0i honum \u00fea\u00f0 til r\u00e9ttl\u00e6tis.<a name=\"7\"><span class=\"versanumer\">7<\/span><\/a>\u00de\u00e1 sag\u00f0i hann vi\u00f0 hann: \u00c9g er Drottinn, sem leiddi \u00feig \u00fat fr\u00e1 \u00dar \u00ed Kaldeu til \u00feess a\u00f0 gefa \u00fe\u00e9r \u00feetta land til eignar.<a name=\"8\"><span class=\"versanumer\">8<\/span><\/a>Og Abram m\u00e6lti: Drottinn Gu\u00f0, hva\u00f0 skal \u00e9g hafa til marks um, a\u00f0 \u00e9g muni eignast \u00fea\u00f0?<a name=\"9\"><span class=\"versanumer\">9<\/span><\/a>Og hann m\u00e6lti vi\u00f0 hann: F\u00e6r m\u00e9r \u00ferevetra kv\u00edgu, \u00ferevetra geit, \u00ferevetran hr\u00fat, turtild\u00fafu og unga d\u00fafu.<a name=\"10\"><span class=\"versanumer\">10<\/span><\/a>Og hann f\u00e6r\u00f0i honum \u00f6ll \u00feessi d\u00fdr og hluta\u00f0i \u00feau sundur \u00ed mi\u00f0ju og lag\u00f0i hvern hlutinn gegnt \u00f6\u00f0rum. En fuglana hluta\u00f0i hann ekki sundur.<a name=\"11\"><span class=\"versanumer\">11<\/span><\/a>Og hr\u00e6fuglar flugu a\u00f0 \u00e6tinu, en Abram f\u00e6ldi \u00fe\u00e1 burt.<a name=\"12\"><span class=\"versanumer\">12<\/span><\/a>Er s\u00f3l var a\u00f0 renna, lei\u00f0 \u00feungur svefnh\u00f6fgi \u00e1 Abram, og sj\u00e1: felmti og miklu myrkri sl\u00f3 yfir hann.<a name=\"13\"><span class=\"versanumer\">13<\/span><\/a>\u00de\u00e1 sag\u00f0i hann vi\u00f0 Abram: Vit \u00fea\u00f0 fyrir v\u00edst, a\u00f0 ni\u00f0jar \u00fe\u00ednir munu lifa sem \u00fatlendingar \u00ed landi, sem \u00feeir eiga ekki, og \u00feeir munu \u00fej\u00f3na \u00feeim, og \u00feeir \u00fej\u00e1 \u00fe\u00e1 \u00ed fj\u00f6gur hundru\u00f0 \u00e1r.<a name=\"14\"><span class=\"versanumer\">14<\/span><\/a>En \u00fe\u00e1 \u00fej\u00f3\u00f0, sem \u00feeir munu \u00fej\u00f3na, mun \u00e9g d\u00e6ma, og s\u00ed\u00f0ar munu \u00feeir \u00fea\u00f0an fara me\u00f0 mikinn fj\u00e1rhlut.<a name=\"15\"><span class=\"versanumer\">15<\/span><\/a>En \u00fe\u00fa skalt fara \u00ed fri\u00f0i til fe\u00f0ra \u00feinna, \u00fe\u00fa skalt ver\u00f0a jar\u00f0a\u00f0ur \u00ed g\u00f3\u00f0ri elli.<a name=\"16\"><span class=\"versanumer\">16<\/span><\/a>Hinn fj\u00f3r\u00f0i \u00e6ttli\u00f0ur \u00feeirra mun koma hinga\u00f0 aftur, \u00fev\u00ed a\u00f0 enn hafa Amor\u00edtar eigi fyllt m\u00e6li synda sinna.<a name=\"17\"><span class=\"versanumer\">17<\/span><\/a>En er s\u00f3l var runnin og myrkt var or\u00f0i\u00f0, kom reykur sem \u00far ofni og eldslogi, er lei\u00f0 fram \u00e1 milli \u00feessara f\u00f3rnarstykkja.<a name=\"18\"><span class=\"versanumer\">18<\/span><\/a>\u00c1 \u00feeim degi gj\u00f6r\u00f0i Drottinn s\u00e1ttm\u00e1la vi\u00f0 Abram og m\u00e6lti: \u00de\u00ednu afkv\u00e6mi gef \u00e9g \u00feetta land, fr\u00e1 Egyptalands\u00e1nni til \u00e1rinnar miklu, \u00e1rinnar Efrat:<a name=\"19\"><span class=\"versanumer\">19<\/span><\/a>land Ken\u00edta, Keniss\u00edta, Kadm\u00f3n\u00edta,<a name=\"20\"><span class=\"versanumer\">20<\/span><\/a>Het\u00edta, Peres\u00edta, Refa\u00edta,<a name=\"21\"><span class=\"versanumer\">21<\/span><\/a>Amor\u00edta, Kanaan\u00edta, G\u00edrgas\u00edta og Jeb\u00fas\u00edta.<\/p>\n<div class=\"footnote1981\"><b>15.1<\/b> Skj\u00f6ldur Slm 3.4+<br \/>\n<b>15.2<\/b> Barnlaus 1M\u00f3s 16.1; Post 7.5<br \/>\n<b>15.5<\/b> Stj\u00f6rnurnar 1M\u00f3s 22.17; 26.4; 5M\u00f3s 1.10; Heb 11.12 \u2013 ni\u00f0jar \u00fe\u00ednir 1M\u00f3s 12.2; R\u00f3m 4.18<br \/>\n<b>15.6<\/b> Tr\u00fa Abrahams R\u00f3m 4.3+<br \/>\n<b>15.7<\/b> Fyrirheit um land 1M\u00f3s 12.7+<br \/>\n<b>15.12<\/b> Svefnh\u00f6fgi 1M\u00f3s 2.21+<br \/>\n<b>15.13<\/b> \u00deeir \u00fer\u00e6lka\u00f0ir ver\u00f0a 2M\u00f3s 1.11-14; J\u00fadt 5.10-11; Post 7.6-7<br \/>\n<b>15.14<\/b> \u00dea\u00f0an fara 2M\u00f3s 12.40-41; Post 7.7 \u2013 me\u00f0 mikinn fj\u00e1rhlut 2M\u00f3s 3.22+<br \/>\n<b>15.18<\/b> S\u00e1ttm\u00e1li 1M\u00f3s 6.18+ &#8211; fyrirheit um land 1M\u00f3s 12.7+<\/div>\n","protected":false},"excerpt":{"rendered":"<p>1Eftir \u00feessa atbur\u00f0i kom or\u00f0 Drottins til Abrams \u00ed s\u00fdn: \u00d3ttast \u00fe\u00fa ekki, Abram, \u00e9g er \u00feinn skj\u00f6ldur, laun \u00fe\u00edn munu mj\u00f6g mikil ver\u00f0a.2Og Abram m\u00e6lti: Drottinn Gu\u00f0, hva\u00f0 \u00e6tlar \u00fe\u00fa a\u00f0 gefa m\u00e9r? \u00c9g fer h\u00e9\u00f0an barnlaus, og El\u00edeser fr\u00e1 Damaskus ver\u00f0ur erfingi h\u00fass m\u00edns.3Og Abram m\u00e6lti: Sj\u00e1, m\u00e9r hefir \u00fe\u00fa ekkert afkv\u00e6mi gefi\u00f0, og h\u00faskarl minn mun erfa mig.4Og sj\u00e1, or\u00f0 Drottins kom til hans: Ekki skal hann erfa \u00feig, heldur s\u00e1, sem af \u00fe\u00e9r mun getinn ver\u00f0a, hann mun erfa \u00feig.5Og hann leiddi hann \u00fat og m\u00e6lti: L\u00edt \u00fe\u00fa upp til himins og tel \u00fe\u00fa stj\u00f6rnurnar, ef <a href=\"https:\/\/biblian.is\/1981\/fyrsta-mosebok-15-kafli\/\"> [&#8230;]<\/a><\/p>\n","protected":false},"author":1,"featured_media":0,"parent":0,"menu_order":0,"comment_status":"open","ping_status":"open","template":"bibliukaflar.php","meta":{"footnotes":""},"class_list":["post-1361","page","type-page","status-publish","hentry"],"_links":{"self":[{"href":"https:\/\/biblian.is\/1981\/wp-json\/wp\/v2\/pages\/1361","targetHints":{"allow":["GET"]}}],"collection":[{"href":"https:\/\/biblian.is\/1981\/wp-json\/wp\/v2\/pages"}],"about":[{"href":"https:\/\/biblian.is\/1981\/wp-json\/wp\/v2\/types\/page"}],"author":[{"embeddable":true,"href":"https:\/\/biblian.is\/1981\/wp-json\/wp\/v2\/users\/1"}],"replies":[{"embeddable":true,"href":"https:\/\/biblian.is\/1981\/wp-json\/wp\/v2\/comments?post=1361"}],"version-history":[{"count":0,"href":"https:\/\/biblian.is\/1981\/wp-json\/wp\/v2\/pages\/1361\/revisions"}],"wp:attachment":[{"href":"https:\/\/biblian.is\/1981\/wp-json\/wp\/v2\/media?parent=1361"}],"curies":[{"name":"wp","href":"https:\/\/api.w.org\/{rel}","templated":true}]}}