{"id":1360,"date":"2017-11-18T20:17:04","date_gmt":"2017-11-18T20:17:04","guid":{"rendered":"http:\/\/biblian.is\/1981\/fyrsta-mosebok-14-kafli\/"},"modified":"2021-06-06T10:57:29","modified_gmt":"2021-06-06T10:57:29","slug":"fyrsta-mosebok-14-kafli","status":"publish","type":"page","link":"https:\/\/biblian.is\/1981\/fyrsta-mosebok-14-kafli\/","title":{"rendered":"Fyrsta M\u00f3seb\u00f3k 14. kafli"},"content":{"rendered":"<p><a name=\"1\"><span class=\"versanumer\">1<\/span><\/a>\u00deegar Amrafel var konungur \u00ed S\u00ednear, Ar\u00edok konungur \u00ed Ellasar, Kedorla\u00f3mer konungur \u00ed Elam og T\u00eddeal konungur \u00ed Goj\u00edm, bar \u00fea\u00f0 til,<a name=\"2\"><span class=\"versanumer\">2<\/span><\/a>a\u00f0 \u00feeir herju\u00f0u \u00e1 Bera, konung \u00ed S\u00f3d\u00f3mu, \u00e1 Birsa, konung \u00ed G\u00f3morru, \u00e1 S\u00edneab, konung \u00ed Adma, \u00e1 Semeber, konung \u00ed Seb\u00f3\u00edm, og konunginn \u00ed Bela  \u00fea\u00f0 er S\u00f3ar .<a name=\"3\"><span class=\"versanumer\">3<\/span><\/a>Allir \u00feessir hittust \u00e1 Sidd\u00edmsv\u00f6llum.  \u00dear er n\u00fa Saltisj\u00f3r.<a name=\"4\"><span class=\"versanumer\">4<\/span><\/a>\u00cd t\u00f3lf \u00e1r h\u00f6f\u00f0u \u00feeir veri\u00f0 l\u00fd\u00f0skyldir Kedorla\u00f3mer, en \u00e1 hinu \u00ferett\u00e1nda \u00e1ri h\u00f6f\u00f0u \u00feeir gj\u00f6rt uppreisn.<a name=\"5\"><span class=\"versanumer\">5<\/span><\/a>Og \u00e1 fj\u00f3rt\u00e1nda \u00e1ri kom Kedorla\u00f3mer og \u00feeir konungar, sem me\u00f0 honum voru, og sigru\u00f0u Refa\u00edtana \u00ed Astarot Karna\u00edm, S\u00fas\u00edtana \u00ed Ham, Em\u00edtana \u00e1 K\u00edrjata\u00edmsv\u00f6llum<a name=\"6\"><span class=\"versanumer\">6<\/span><\/a>og H\u00f3r\u00edtana \u00e1 fjalli \u00feeirra Se\u00edr allt til El-Paran, sem er vi\u00f0 ey\u00f0im\u00f6rkina.<a name=\"7\"><span class=\"versanumer\">7<\/span><\/a>S\u00ed\u00f0an sneru \u00feeir vi\u00f0 og komu til En-Mispat  \u00fea\u00f0 er Kades , og f\u00f3ru herskildi yfir land Amalek\u00edta og s\u00f6mulei\u00f0is Amor\u00edta, sem bjuggu \u00ed Hasason Tamar.<a name=\"8\"><span class=\"versanumer\">8<\/span><\/a>\u00de\u00e1 l\u00f6g\u00f0u \u00feeir af sta\u00f0, konungurinn \u00ed S\u00f3d\u00f3mu, konungurinn \u00ed G\u00f3morru, konungurinn \u00ed Adma, konungurinn \u00ed Seb\u00f3\u00edm og konungurinn \u00ed Bela  \u00fea\u00f0 er S\u00f3ar , og \u00feeir fylktu li\u00f0i s\u00ednu m\u00f3ti \u00feeim \u00e1 S\u00eddd\u00edmsv\u00f6llum,<a name=\"9\"><span class=\"versanumer\">9<\/span><\/a>m\u00f3ti Kedorla\u00f3mer, konungi \u00ed Elam, T\u00eddeal, konungi \u00ed Goj\u00edm, Amrafel, konungi \u00ed S\u00ednear, og Ar\u00edok, konungi \u00ed Ellasar, fj\u00f3rir konungar m\u00f3ti fimm.<a name=\"10\"><span class=\"versanumer\">10<\/span><\/a>En \u00e1 Sidd\u00edmsv\u00f6llum var hver jar\u00f0biksgr\u00f6fin vi\u00f0 a\u00f0ra. Og konungarnir \u00ed S\u00f3d\u00f3mu og G\u00f3morru l\u00f6g\u00f0u \u00e1 fl\u00f3tta og f\u00e9llu ofan \u00ed \u00fe\u00e6r, en \u00feeir, sem af komust, fl\u00fd\u00f0u til fjalla.<a name=\"11\"><span class=\"versanumer\">11<\/span><\/a>\u00de\u00e1 t\u00f3ku hinir alla fj\u00e1rhluti, sem voru \u00ed S\u00f3d\u00f3mu og G\u00f3morru, og \u00f6ll matv\u00e6li og f\u00f3ru burt.<a name=\"12\"><span class=\"versanumer\">12<\/span><\/a>\u00deeir t\u00f3ku og Lot, br\u00f3\u00f0urson Abrams, og fj\u00e1rhluti hans og f\u00f3ru burt, en hann \u00e1tti heima \u00ed S\u00f3d\u00f3mu.<a name=\"13\"><span class=\"versanumer\">13<\/span><\/a>\u00de\u00e1 kom ma\u00f0ur af fl\u00f3ttanum og sag\u00f0i Hebreanum Abram t\u00ed\u00f0indin, en hann bj\u00f3 \u00fe\u00e1 \u00ed lundi Amor\u00edtans Mamre, br\u00f3\u00f0ur Eskols og Aners, og \u00feeir voru bandamenn Abrams.<a name=\"14\"><span class=\"versanumer\">14<\/span><\/a>En er Abram fr\u00e9tti, a\u00f0 fr\u00e6ndi hans var hertekinn, bj\u00f3 hann \u00ed skyndi \u00ferj\u00fa hundru\u00f0 og \u00e1tj\u00e1n reynda menn s\u00edna, f\u00e6dda \u00ed h\u00fasi hans, og elti \u00fe\u00e1 allt til Dan.<a name=\"15\"><span class=\"versanumer\">15<\/span><\/a>Skipti hann li\u00f0i s\u00ednu \u00ed flokka og r\u00e9\u00f0st \u00e1 \u00fe\u00e1 \u00e1 n\u00e1ttar\u00feeli, hann og menn hans, og sigra\u00f0i \u00fe\u00e1 og rak fl\u00f3ttann allt til H\u00f3ba, sem er fyrir nor\u00f0an Damaskus.<a name=\"16\"><span class=\"versanumer\">16<\/span><\/a>Sneri hann \u00fev\u00ed n\u00e6st heimlei\u00f0is me\u00f0 alla fj\u00e1rhlutina og br\u00f3\u00f0urson sinn Lot, og fj\u00e1rhluti hans haf\u00f0i hann einnig heim me\u00f0 s\u00e9r, s\u00f6mulei\u00f0is konurnar og f\u00f3lki\u00f0.<a name=\"17\"><span class=\"versanumer\">17<\/span><\/a>En er hann haf\u00f0i unni\u00f0 sigur \u00e1 Kedorla\u00f3mer konungi og \u00feeim konungum, sem me\u00f0 honum voru, og h\u00e9lt heimlei\u00f0is, f\u00f3r konungurinn \u00ed S\u00f3d\u00f3mu til fundar vi\u00f0 hann \u00ed Savedal.  \u00dear heitir n\u00fa K\u00f3ngsdalur.<a name=\"18\"><span class=\"versanumer\">18<\/span><\/a>Og Melk\u00edsedek konungur \u00ed Salem kom me\u00f0 brau\u00f0 og v\u00edn, en hann var prestur Hins H\u00e6sta Gu\u00f0s.<a name=\"19\"><span class=\"versanumer\">19<\/span><\/a>Og hann blessa\u00f0i Abram og sag\u00f0i: Blessa\u00f0ur s\u00e9 Abram af Hinum H\u00e6sta Gu\u00f0i, skapara himins og jar\u00f0ar!<a name=\"20\"><span class=\"versanumer\">20<\/span><\/a>Og lofa\u00f0ur s\u00e9 Hinn H\u00e6sti Gu\u00f0, sem gaf \u00f3vini \u00fe\u00edna \u00fe\u00e9r \u00ed hendur! Og Abram gaf honum t\u00edund af \u00f6llu.<a name=\"21\"><span class=\"versanumer\">21<\/span><\/a>Konungurinn \u00ed S\u00f3d\u00f3mu sag\u00f0i vi\u00f0 Abram: Gef m\u00e9r mennina, en tak \u00fe\u00fa fj\u00e1rhlutina.<a name=\"22\"><span class=\"versanumer\">22<\/span><\/a>\u00de\u00e1 m\u00e6lti Abram vi\u00f0 konunginn \u00ed S\u00f3d\u00f3mu: \u00c9g upplyfti h\u00f6ndum m\u00ednum til Drottins, Hins H\u00e6sta Gu\u00f0s, skapara himins og jar\u00f0ar:<a name=\"23\"><span class=\"versanumer\">23<\/span><\/a>\u00c9g tek hvorki \u00fer\u00e1\u00f0 n\u00e9 sk\u00f3\u00feveng, n\u00e9 nokku\u00f0 af \u00f6llu sem \u00fe\u00e9r tilheyrir, svo a\u00f0 \u00fe\u00fa skulir ekki segja: \u00c9g hefi gj\u00f6rt Abram r\u00edkan.<a name=\"24\"><span class=\"versanumer\">24<\/span><\/a>Ekkert handa m\u00e9r! A\u00f0eins \u00fea\u00f0, sem sveinarnir hafa neytt, og hlut \u00feeirra manna, sem me\u00f0 m\u00e9r f\u00f3ru, Aners, Eskols og Mamre. \u00deeir mega taka sinn hlut.<\/p>\n<div class=\"footnote1981\"><b>14.2<\/b> S\u00f3d\u00f3ma og G\u00f3morra 1M\u00f3s 18.16+<br \/>\n<b>14.7<\/b> Amalek\u00edtar 1M\u00f3s 36.12,16; 2M\u00f3s 17.8+<br \/>\n<b>14.18<\/b> Melk\u00edsedek Slm 110.4; Heb 5.5-10; 6.20; 7.1,17<br \/>\n<b>14.19<\/b> Skapari himins og jar\u00f0ar 1M\u00f3s 1.1+<br \/>\n<b>14.20<\/b> T\u00edund 1M\u00f3s 28.22; 3M\u00f3s 27.30-33; 4M\u00f3s 18.21-32; 5M\u00f3s 14.22-29; Neh 10.37-38; L\u00fak 18.12<\/div>\n","protected":false},"excerpt":{"rendered":"<p>1\u00deegar Amrafel var konungur \u00ed S\u00ednear, Ar\u00edok konungur \u00ed Ellasar, Kedorla\u00f3mer konungur \u00ed Elam og T\u00eddeal konungur \u00ed Goj\u00edm, bar \u00fea\u00f0 til,2a\u00f0 \u00feeir herju\u00f0u \u00e1 Bera, konung \u00ed S\u00f3d\u00f3mu, \u00e1 Birsa, konung \u00ed G\u00f3morru, \u00e1 S\u00edneab, konung \u00ed Adma, \u00e1 Semeber, konung \u00ed Seb\u00f3\u00edm, og konunginn \u00ed Bela \u00fea\u00f0 er S\u00f3ar .3Allir \u00feessir hittust \u00e1 Sidd\u00edmsv\u00f6llum. \u00dear er n\u00fa Saltisj\u00f3r.4\u00cd t\u00f3lf \u00e1r h\u00f6f\u00f0u \u00feeir veri\u00f0 l\u00fd\u00f0skyldir Kedorla\u00f3mer, en \u00e1 hinu \u00ferett\u00e1nda \u00e1ri h\u00f6f\u00f0u \u00feeir gj\u00f6rt uppreisn.5Og \u00e1 fj\u00f3rt\u00e1nda \u00e1ri kom Kedorla\u00f3mer og \u00feeir konungar, sem me\u00f0 honum voru, og sigru\u00f0u Refa\u00edtana \u00ed Astarot Karna\u00edm, S\u00fas\u00edtana \u00ed Ham, Em\u00edtana \u00e1 K\u00edrjata\u00edmsv\u00f6llum6og <a href=\"https:\/\/biblian.is\/1981\/fyrsta-mosebok-14-kafli\/\"> [&#8230;]<\/a><\/p>\n","protected":false},"author":1,"featured_media":0,"parent":0,"menu_order":0,"comment_status":"open","ping_status":"open","template":"bibliukaflar.php","meta":{"footnotes":""},"class_list":["post-1360","page","type-page","status-publish","hentry"],"_links":{"self":[{"href":"https:\/\/biblian.is\/1981\/wp-json\/wp\/v2\/pages\/1360","targetHints":{"allow":["GET"]}}],"collection":[{"href":"https:\/\/biblian.is\/1981\/wp-json\/wp\/v2\/pages"}],"about":[{"href":"https:\/\/biblian.is\/1981\/wp-json\/wp\/v2\/types\/page"}],"author":[{"embeddable":true,"href":"https:\/\/biblian.is\/1981\/wp-json\/wp\/v2\/users\/1"}],"replies":[{"embeddable":true,"href":"https:\/\/biblian.is\/1981\/wp-json\/wp\/v2\/comments?post=1360"}],"version-history":[{"count":0,"href":"https:\/\/biblian.is\/1981\/wp-json\/wp\/v2\/pages\/1360\/revisions"}],"wp:attachment":[{"href":"https:\/\/biblian.is\/1981\/wp-json\/wp\/v2\/media?parent=1360"}],"curies":[{"name":"wp","href":"https:\/\/api.w.org\/{rel}","templated":true}]}}