{"id":1359,"date":"2017-11-18T20:17:04","date_gmt":"2017-11-18T20:17:04","guid":{"rendered":"http:\/\/biblian.is\/1981\/fyrsta-mosebok-13-kafli\/"},"modified":"2021-06-06T10:57:28","modified_gmt":"2021-06-06T10:57:28","slug":"fyrsta-mosebok-13-kafli","status":"publish","type":"page","link":"https:\/\/biblian.is\/1981\/fyrsta-mosebok-13-kafli\/","title":{"rendered":"Fyrsta M\u00f3seb\u00f3k 13. kafli"},"content":{"rendered":"<p><a name=\"1\"><span class=\"versanumer\">1<\/span><\/a>Og Abram f\u00f3r fr\u00e1 Egyptalandi me\u00f0 konu s\u00edna og allt, sem hann \u00e1tti, og Lot f\u00f3r me\u00f0 honum, til Su\u00f0urlandsins.<a name=\"2\"><span class=\"versanumer\">2<\/span><\/a>Abram var st\u00f3rau\u00f0ugur a\u00f0 kvikf\u00e9, silfri og gulli.<a name=\"3\"><span class=\"versanumer\">3<\/span><\/a>Og hann flutti sig sm\u00e1tt og sm\u00e1tt sunnan a\u00f0 allt til Betel, til \u00feess sta\u00f0ar, er tjald hans haf\u00f0i \u00e1\u00f0ur veri\u00f0, milli Betel og A\u00ed,<a name=\"4\"><span class=\"versanumer\">4<\/span><\/a>til \u00feess sta\u00f0ar, \u00fear sem hann \u00e1\u00f0ur haf\u00f0i reist altari\u00f0. Og Abram \u00e1kalla\u00f0i \u00fear nafn Drottins.<a name=\"5\"><span class=\"versanumer\">5<\/span><\/a>Lot, sem f\u00f3r me\u00f0 Abram, \u00e1tti og sau\u00f0i, naut og tj\u00f6ld.<a name=\"6\"><span class=\"versanumer\">6<\/span><\/a>Og landi\u00f0 bar \u00fe\u00e1 ekki, svo a\u00f0 \u00feeir g\u00e6tu saman veri\u00f0, \u00fev\u00ed a\u00f0 eign \u00feeirra var mikil, og \u00feeir g\u00e1tu ekki saman veri\u00f0.<a name=\"7\"><span class=\"versanumer\">7<\/span><\/a>Og sundur\u00feykkja reis milli fj\u00e1rhir\u00f0a Abrams og fj\u00e1rhir\u00f0a Lots. En Kanaan\u00edtar og Peres\u00edtar bjuggu \u00fe\u00e1 \u00ed landinu.<a name=\"8\"><span class=\"versanumer\">8<\/span><\/a>\u00de\u00e1 m\u00e6lti Abram vi\u00f0 Lot: Engin miskl\u00ed\u00f0 s\u00e9 milli m\u00edn og \u00fe\u00edn og milli minna og \u00feinna fj\u00e1rhir\u00f0a, \u00fev\u00ed a\u00f0 vi\u00f0 erum fr\u00e6ndur.<a name=\"9\"><span class=\"versanumer\">9<\/span><\/a>&#8222;Liggur ekki allt landi\u00f0 opi\u00f0 fyrir \u00fe\u00e9r? Skil \u00feig heldur vi\u00f0 mig. Viljir \u00fe\u00fa fara til vinstri handar, \u00fe\u00e1 fer \u00e9g til h\u00e6gri; og viljir \u00fe\u00fa fara til h\u00e6gri handar, \u00fe\u00e1 fer \u00e9g til vinstri.&#8220;<a name=\"10\"><span class=\"versanumer\">10<\/span><\/a>\u00de\u00e1 h\u00f3f Lot upp augu s\u00edn og s\u00e1, a\u00f0 allt J\u00f3rdansl\u00e9ttlendi\u00f0, allt til S\u00f3ar, var vatnsr\u00edkt land, eins og aldingar\u00f0ur Drottins, eins og Egyptaland.  \u00deetta var \u00e1\u00f0ur en Drottinn eyddi S\u00f3d\u00f3mu og G\u00f3morru.<a name=\"11\"><span class=\"versanumer\">11<\/span><\/a>Og Lot kaus s\u00e9r allt J\u00f3rdansl\u00e9ttlendi\u00f0, og Lot flutti sig austur \u00e1 vi\u00f0, og \u00feannig skildu \u00feeir.<a name=\"12\"><span class=\"versanumer\">12<\/span><\/a>Abram bj\u00f3 \u00ed Kanaanlandi, en Lot bj\u00f3 \u00ed borgunum \u00e1 sl\u00e9ttlendinu og f\u00e6r\u00f0i tj\u00f6ld s\u00edn allt til S\u00f3d\u00f3mu.<a name=\"13\"><span class=\"versanumer\">13<\/span><\/a>En mennirnir \u00ed S\u00f3d\u00f3mu voru vondir og st\u00f3rsyndarar fyrir Drottni.<a name=\"14\"><span class=\"versanumer\">14<\/span><\/a>Drottinn sag\u00f0i vi\u00f0 Abram, eftir a\u00f0 Lot haf\u00f0i skili\u00f0 vi\u00f0 hann: Hef \u00fe\u00fa upp augu \u00fe\u00edn, og litast um fr\u00e1 \u00feeim sta\u00f0, sem \u00fe\u00fa ert \u00e1, til nor\u00f0urs, su\u00f0urs, austurs og vesturs.<a name=\"15\"><span class=\"versanumer\">15<\/span><\/a>\u00dev\u00ed a\u00f0 allt landi\u00f0, sem \u00fe\u00fa s\u00e9r, mun \u00e9g gefa \u00fe\u00e9r og ni\u00f0jum \u00fe\u00ednum \u00e6vinlega.<a name=\"16\"><span class=\"versanumer\">16<\/span><\/a>Og \u00e9g mun gj\u00f6ra ni\u00f0ja \u00fe\u00edna sem duft jar\u00f0ar, svo a\u00f0 geti nokkur tali\u00f0 duft jar\u00f0arinnar, \u00fe\u00e1 skulu einnig ni\u00f0jar \u00fe\u00ednir ver\u00f0a taldir.<a name=\"17\"><span class=\"versanumer\">17<\/span><\/a>Tak \u00feig n\u00fa upp og far \u00fe\u00fa um landi\u00f0 \u00fevert og endilangt, \u00fev\u00ed a\u00f0 \u00fe\u00e9r mun \u00e9g gefa \u00fea\u00f0.<a name=\"18\"><span class=\"versanumer\">18<\/span><\/a>Og Abram f\u00e6r\u00f0i sig me\u00f0 tj\u00f6ld s\u00edn og kom og settist a\u00f0 \u00ed Mamrelundi, sem er \u00ed Hebron, og reisti Drottni \u00fear altari.<\/p>\n<div class=\"footnote1981\"><b>13.2<\/b> St\u00f3rau\u00f0ugur 1M\u00f3s 24.35; 30.43; 32.5; Slm 112.1-3; Job 1.3,10; Okv 3.9-10<br \/>\n<b>13.7<\/b> Hjar\u00f0menn 1M\u00f3s 26.20<br \/>\n<b>13.10<\/b> S\u00f3d\u00f3ma og G\u00f3morra 1M\u00f3s 18.16+<br \/>\n<b>13.13<\/b> Illir 1M\u00f3s 18.20; 19.4-11<br \/>\n<b>13.15<\/b> Fyrirheit um land 1M\u00f3s 12.7+<br \/>\n<b>13.18<\/b> Mamre 1M\u00f3s 18.1; 23.17-19; 25.9; 49.30; 50.13 \u2013 Hebron 4M\u00f3s 13.22; 2Sam 2.1; 3.2-5; 5.1-5; 15.7-10; 1Makk 5.65<\/div>\n","protected":false},"excerpt":{"rendered":"<p>1Og Abram f\u00f3r fr\u00e1 Egyptalandi me\u00f0 konu s\u00edna og allt, sem hann \u00e1tti, og Lot f\u00f3r me\u00f0 honum, til Su\u00f0urlandsins.2Abram var st\u00f3rau\u00f0ugur a\u00f0 kvikf\u00e9, silfri og gulli.3Og hann flutti sig sm\u00e1tt og sm\u00e1tt sunnan a\u00f0 allt til Betel, til \u00feess sta\u00f0ar, er tjald hans haf\u00f0i \u00e1\u00f0ur veri\u00f0, milli Betel og A\u00ed,4til \u00feess sta\u00f0ar, \u00fear sem hann \u00e1\u00f0ur haf\u00f0i reist altari\u00f0. Og Abram \u00e1kalla\u00f0i \u00fear nafn Drottins.5Lot, sem f\u00f3r me\u00f0 Abram, \u00e1tti og sau\u00f0i, naut og tj\u00f6ld.6Og landi\u00f0 bar \u00fe\u00e1 ekki, svo a\u00f0 \u00feeir g\u00e6tu saman veri\u00f0, \u00fev\u00ed a\u00f0 eign \u00feeirra var mikil, og \u00feeir g\u00e1tu ekki saman veri\u00f0.7Og sundur\u00feykkja reis <a href=\"https:\/\/biblian.is\/1981\/fyrsta-mosebok-13-kafli\/\"> [&#8230;]<\/a><\/p>\n","protected":false},"author":1,"featured_media":0,"parent":0,"menu_order":0,"comment_status":"open","ping_status":"open","template":"bibliukaflar.php","meta":{"footnotes":""},"class_list":["post-1359","page","type-page","status-publish","hentry"],"_links":{"self":[{"href":"https:\/\/biblian.is\/1981\/wp-json\/wp\/v2\/pages\/1359","targetHints":{"allow":["GET"]}}],"collection":[{"href":"https:\/\/biblian.is\/1981\/wp-json\/wp\/v2\/pages"}],"about":[{"href":"https:\/\/biblian.is\/1981\/wp-json\/wp\/v2\/types\/page"}],"author":[{"embeddable":true,"href":"https:\/\/biblian.is\/1981\/wp-json\/wp\/v2\/users\/1"}],"replies":[{"embeddable":true,"href":"https:\/\/biblian.is\/1981\/wp-json\/wp\/v2\/comments?post=1359"}],"version-history":[{"count":0,"href":"https:\/\/biblian.is\/1981\/wp-json\/wp\/v2\/pages\/1359\/revisions"}],"wp:attachment":[{"href":"https:\/\/biblian.is\/1981\/wp-json\/wp\/v2\/media?parent=1359"}],"curies":[{"name":"wp","href":"https:\/\/api.w.org\/{rel}","templated":true}]}}