{"id":1358,"date":"2017-11-18T20:17:04","date_gmt":"2017-11-18T20:17:04","guid":{"rendered":"http:\/\/biblian.is\/1981\/fyrsta-mosebok-12-kafli\/"},"modified":"2021-06-06T10:57:28","modified_gmt":"2021-06-06T10:57:28","slug":"fyrsta-mosebok-12-kafli","status":"publish","type":"page","link":"https:\/\/biblian.is\/1981\/fyrsta-mosebok-12-kafli\/","title":{"rendered":"Fyrsta M\u00f3seb\u00f3k 12. kafli"},"content":{"rendered":"<p><a name=\"1\"><span class=\"versanumer\">1<\/span><\/a>Drottinn sag\u00f0i vi\u00f0 Abram: Far \u00fe\u00fa burt \u00far landi \u00fe\u00ednu og fr\u00e1 \u00e6ttf\u00f3lki \u00fe\u00ednu og \u00far h\u00fasi f\u00f6\u00f0ur \u00fe\u00edns, til landsins, sem \u00e9g mun v\u00edsa \u00fe\u00e9r \u00e1.<a name=\"2\"><span class=\"versanumer\">2<\/span><\/a>\u00c9g mun gj\u00f6ra \u00feig a\u00f0 mikilli \u00fej\u00f3\u00f0 og blessa \u00feig og gj\u00f6ra nafn \u00feitt miki\u00f0, og blessun skalt \u00fe\u00fa vera.<a name=\"3\"><span class=\"versanumer\">3<\/span><\/a>\u00c9g mun blessa \u00fe\u00e1, sem \u00feig blessa, en b\u00f6lva \u00feeim, sem \u00fe\u00e9r form\u00e6lir, og af \u00fe\u00e9r skulu allar \u00e6ttkv\u00edslir jar\u00f0arinnar blessun hlj\u00f3ta.<a name=\"4\"><span class=\"versanumer\">4<\/span><\/a>\u00de\u00e1 lag\u00f0i Abram af sta\u00f0, eins og Drottinn haf\u00f0i sagt honum, og Lot f\u00f3r me\u00f0 honum. En Abram var sj\u00f6t\u00edu og fimm \u00e1ra a\u00f0 aldri, er hann f\u00f3r \u00far Harran.<a name=\"5\"><span class=\"versanumer\">5<\/span><\/a>Abram t\u00f3k Sara\u00ed konu s\u00edna og Lot br\u00f3\u00f0urson sinn og alla fj\u00e1rhluti, sem \u00feeir h\u00f6f\u00f0u eignast, og \u00fe\u00e6r s\u00e1lir, er \u00feeir h\u00f6f\u00f0u fengi\u00f0 \u00ed Harran. Og \u00feeir l\u00f6g\u00f0u af sta\u00f0 og h\u00e9ldu til Kanaanlands. \u00deeir komu til Kanaanlands.<a name=\"6\"><span class=\"versanumer\">6<\/span><\/a>Og Abram f\u00f3r um landi\u00f0, allt \u00feanga\u00f0 er S\u00edkem heitir, allt til M\u00f3relundar. En \u00fe\u00e1 voru Kanaan\u00edtar \u00ed landinu.<a name=\"7\"><span class=\"versanumer\">7<\/span><\/a>\u00de\u00e1 birtist Drottinn Abram og sag\u00f0i vi\u00f0 hann: Ni\u00f0jum \u00fe\u00ednum vil \u00e9g gefa \u00feetta land. Og hann reisti \u00fear altari Drottni, sem haf\u00f0i birst honum.<a name=\"8\"><span class=\"versanumer\">8<\/span><\/a>\u00dea\u00f0an h\u00e9lt hann til fjallanna fyrir austan Betel og setti \u00fear tj\u00f6ld s\u00edn, svo a\u00f0 Betel var \u00ed vestur, en A\u00ed \u00ed austur. Og hann reisti \u00fear Drottni altari og \u00e1kalla\u00f0i nafn Drottins.<a name=\"9\"><span class=\"versanumer\">9<\/span><\/a>Og Abram f\u00e6r\u00f0i sig sm\u00e1tt og sm\u00e1tt til Su\u00f0urlandsins.<a name=\"10\"><span class=\"versanumer\">10<\/span><\/a>En hall\u00e6ri var\u00f0 \u00ed landinu. \u00de\u00e1 f\u00f3r Abram til Egyptalands til a\u00f0 dveljast \u00fear um hr\u00ed\u00f0, \u00fev\u00ed a\u00f0 hall\u00e6ri\u00f0 var miki\u00f0 \u00ed landinu.<a name=\"11\"><span class=\"versanumer\">11<\/span><\/a>Og er hann var kominn langt \u00e1 lei\u00f0 til Egyptalands, sag\u00f0i hann vi\u00f0 Sara\u00ed konu s\u00edna: Sj\u00e1, \u00e9g veit a\u00f0 \u00fe\u00fa ert kona fr\u00ed\u00f0 s\u00fdnum.<a name=\"12\"><span class=\"versanumer\">12<\/span><\/a>\u00dea\u00f0 mun \u00fev\u00ed fara svo, a\u00f0 \u00feegar Egyptar sj\u00e1 \u00feig, \u00fe\u00e1 munu \u00feeir segja: \u00deetta er kona hans, og drepa mig, en \u00feig munu \u00feeir l\u00e1ta l\u00edfi halda.<a name=\"13\"><span class=\"versanumer\">13<\/span><\/a>Seg\u00f0u fyrir hvern mun, a\u00f0 \u00fe\u00fa s\u00e9rt systir m\u00edn, svo a\u00f0 m\u00e9r megi l\u00ed\u00f0a vel fyrir \u00fe\u00ednar sakir og \u00e9g megi l\u00edfi halda \u00fe\u00edn vegna.<a name=\"14\"><span class=\"versanumer\">14<\/span><\/a>Er Abram kom til Egyptalands, s\u00e1u Egyptar, a\u00f0 konan var mj\u00f6g fr\u00ed\u00f0.<a name=\"15\"><span class=\"versanumer\">15<\/span><\/a>Og h\u00f6f\u00f0ingjar Fara\u00f3s s\u00e1u hana og l\u00e9tu miki\u00f0 af henni vi\u00f0 Fara\u00f3, og konan var tekin \u00ed h\u00fas Fara\u00f3s.<a name=\"16\"><span class=\"versanumer\">16<\/span><\/a>Og hann gj\u00f6r\u00f0i vel vi\u00f0 Abram hennar vegna, og hann eigna\u00f0ist sau\u00f0i, naut og asna, \u00fer\u00e6la og amb\u00e1ttir, \u00f6snur og \u00falfalda.<a name=\"17\"><span class=\"versanumer\">17<\/span><\/a>En Drottinn \u00fej\u00e1\u00f0i Fara\u00f3 og h\u00fas hans me\u00f0 miklum pl\u00e1gum vegna Sara\u00ed, konu Abrams.<a name=\"18\"><span class=\"versanumer\">18<\/span><\/a>\u00de\u00e1 kalla\u00f0i Fara\u00f3 Abram til s\u00edn og m\u00e6lti: Hv\u00ed hefir \u00fe\u00fa gj\u00f6rt m\u00e9r \u00feetta? Hv\u00ed sag\u00f0ir \u00fe\u00fa m\u00e9r ekki, a\u00f0 h\u00fan v\u00e6ri kona \u00fe\u00edn?<a name=\"19\"><span class=\"versanumer\">19<\/span><\/a>Hv\u00ed sag\u00f0ir \u00fe\u00fa: H\u00fan er systir m\u00edn, svo a\u00f0 \u00e9g t\u00f3k hana m\u00e9r fyrir konu? En \u00fearna er n\u00fa konan \u00fe\u00edn, tak \u00fe\u00fa hana og far burt.<a name=\"20\"><span class=\"versanumer\">20<\/span><\/a>Og Fara\u00f3 skipa\u00f0i svo fyrir um Abram, a\u00f0 menn s\u00ednir skyldu fylgja honum \u00e1 braut og konu hans me\u00f0 \u00f6llu, sem hann \u00e1tti.<\/p>\n<div class=\"footnote1981\"><b>12.1<\/b> Abram (Abraham) Js 24.3; Jes 51.2; SSal 10.5; S\u00edr 44.19-21; Post 7.2-4; Heb 11.8-10<br \/>\n<b>12.2<\/b> Mikil \u00fej\u00f3\u00f0 1M\u00f3s 13.16; 15.5; 17.4-5; 22.17; 26.4,24; 35.11; 47.27; 48.4; Gal 3.16; Heb 11.12<br \/>\n<b>12.3<\/b> \u00c9g blessa 1M\u00f3s 27.29; 4M\u00f3s 24.9 \u2013 allar \u00e6ttkv\u00edslir jar\u00f0ar hlj\u00f3ta blessun 1M\u00f3s 18.18; 22.18; 26.4; 28.14; Post 3.25; Gal 3.8-9<br \/>\n<b>12.6<\/b> S\u00edkem (S\u00edkar) 1M\u00f3s 33.18-20; Js 24; 1Kon 12.1-16; J\u00f3h 4.5<br \/>\n<b>12.7<\/b> Fyrirheit um land 1M\u00f3s 13.15; 15.18; 17.8; 26.3; 28.13; 35.12; 48.4; 5M\u00f3s 1.8; 34.4; Slm 105.11; Post 7.5<br \/>\n<b>12.8<\/b> Betel 1M\u00f3s 28.10-22; D\u00f3m 1.22-26; 20.26-27; 1Kon 12.29-13.34; Am 4.4; 5.5-6; 7.10-13<br \/>\n<b>12.10-20<\/b> Dv\u00f6l \u00ed Egyptalandi 1M\u00f3s 20; 26.1-11; Slm 105.12-14<\/div>\n","protected":false},"excerpt":{"rendered":"<p>1Drottinn sag\u00f0i vi\u00f0 Abram: Far \u00fe\u00fa burt \u00far landi \u00fe\u00ednu og fr\u00e1 \u00e6ttf\u00f3lki \u00fe\u00ednu og \u00far h\u00fasi f\u00f6\u00f0ur \u00fe\u00edns, til landsins, sem \u00e9g mun v\u00edsa \u00fe\u00e9r \u00e1.2\u00c9g mun gj\u00f6ra \u00feig a\u00f0 mikilli \u00fej\u00f3\u00f0 og blessa \u00feig og gj\u00f6ra nafn \u00feitt miki\u00f0, og blessun skalt \u00fe\u00fa vera.3\u00c9g mun blessa \u00fe\u00e1, sem \u00feig blessa, en b\u00f6lva \u00feeim, sem \u00fe\u00e9r form\u00e6lir, og af \u00fe\u00e9r skulu allar \u00e6ttkv\u00edslir jar\u00f0arinnar blessun hlj\u00f3ta.4\u00de\u00e1 lag\u00f0i Abram af sta\u00f0, eins og Drottinn haf\u00f0i sagt honum, og Lot f\u00f3r me\u00f0 honum. En Abram var sj\u00f6t\u00edu og fimm \u00e1ra a\u00f0 aldri, er hann f\u00f3r \u00far Harran.5Abram t\u00f3k Sara\u00ed konu s\u00edna <a href=\"https:\/\/biblian.is\/1981\/fyrsta-mosebok-12-kafli\/\"> [&#8230;]<\/a><\/p>\n","protected":false},"author":1,"featured_media":0,"parent":0,"menu_order":0,"comment_status":"open","ping_status":"open","template":"bibliukaflar.php","meta":{"footnotes":""},"class_list":["post-1358","page","type-page","status-publish","hentry"],"_links":{"self":[{"href":"https:\/\/biblian.is\/1981\/wp-json\/wp\/v2\/pages\/1358","targetHints":{"allow":["GET"]}}],"collection":[{"href":"https:\/\/biblian.is\/1981\/wp-json\/wp\/v2\/pages"}],"about":[{"href":"https:\/\/biblian.is\/1981\/wp-json\/wp\/v2\/types\/page"}],"author":[{"embeddable":true,"href":"https:\/\/biblian.is\/1981\/wp-json\/wp\/v2\/users\/1"}],"replies":[{"embeddable":true,"href":"https:\/\/biblian.is\/1981\/wp-json\/wp\/v2\/comments?post=1358"}],"version-history":[{"count":0,"href":"https:\/\/biblian.is\/1981\/wp-json\/wp\/v2\/pages\/1358\/revisions"}],"wp:attachment":[{"href":"https:\/\/biblian.is\/1981\/wp-json\/wp\/v2\/media?parent=1358"}],"curies":[{"name":"wp","href":"https:\/\/api.w.org\/{rel}","templated":true}]}}