{"id":1357,"date":"2017-11-18T20:17:04","date_gmt":"2017-11-18T20:17:04","guid":{"rendered":"http:\/\/biblian.is\/1981\/fyrsta-mosebok-11-kafli\/"},"modified":"2021-06-06T10:57:28","modified_gmt":"2021-06-06T10:57:28","slug":"fyrsta-mosebok-11-kafli","status":"publish","type":"page","link":"https:\/\/biblian.is\/1981\/fyrsta-mosebok-11-kafli\/","title":{"rendered":"Fyrsta M\u00f3seb\u00f3k 11. kafli"},"content":{"rendered":"<p><a name=\"1\"><span class=\"versanumer\">1<\/span><\/a>\u00d6ll j\u00f6r\u00f0in haf\u00f0i eitt tungum\u00e1l og ein og s\u00f6mu or\u00f0.<a name=\"2\"><span class=\"versanumer\">2<\/span><\/a>Og svo bar vi\u00f0, er \u00feeir f\u00f3ru sta\u00f0 \u00far sta\u00f0 \u00ed austurl\u00f6ndum, a\u00f0 \u00feeir fundu l\u00e1glendi \u00ed S\u00ednearlandi og settust \u00fear a\u00f0.<a name=\"3\"><span class=\"versanumer\">3<\/span><\/a>Og \u00feeir s\u00f6g\u00f0u hver vi\u00f0 annan: Gott og vel, v\u00e9r skulum hno\u00f0a tigulsteina og her\u00f0a \u00ed eldi. Og \u00feeir notu\u00f0u tigulsteina \u00ed sta\u00f0 grj\u00f3ts og jar\u00f0bik \u00ed sta\u00f0 kalks.<a name=\"4\"><span class=\"versanumer\">4<\/span><\/a>Og \u00feeir s\u00f6g\u00f0u: Gott og vel, v\u00e9r skulum byggja oss borg og turn, sem n\u00e1i til himins, og gj\u00f6rum oss minnismerki, svo a\u00f0 v\u00e9r tv\u00edstrumst ekki um alla j\u00f6r\u00f0ina.<a name=\"5\"><span class=\"versanumer\">5<\/span><\/a>\u00de\u00e1 steig Drottinn ni\u00f0ur til \u00feess a\u00f0 sj\u00e1 borgina og turninn, sem mannanna synir voru a\u00f0 byggja.<a name=\"6\"><span class=\"versanumer\">6<\/span><\/a>Og Drottinn m\u00e6lti: Sj\u00e1, \u00feeir eru ein \u00fej\u00f3\u00f0 og hafa allir sama tungum\u00e1l, og \u00feetta er hi\u00f0 fyrsta fyrirt\u00e6ki \u00feeirra. Og n\u00fa mun \u00feeim ekkert \u00f3f\u00e6rt ver\u00f0a, sem \u00feeir taka s\u00e9r fyrir hendur a\u00f0 gj\u00f6ra.<a name=\"7\"><span class=\"versanumer\">7<\/span><\/a>Gott og vel, st\u00edgum ni\u00f0ur og ruglum \u00fear tungum\u00e1l \u00feeirra, svo a\u00f0 enginn skilji framar annars m\u00e1l.<a name=\"8\"><span class=\"versanumer\">8<\/span><\/a>Og Drottinn tv\u00edstra\u00f0i \u00feeim \u00fea\u00f0an \u00fat um alla j\u00f6r\u00f0ina, svo a\u00f0 \u00feeir ur\u00f0u af a\u00f0 l\u00e1ta a\u00f0 byggja borgina.<a name=\"9\"><span class=\"versanumer\">9<\/span><\/a>\u00deess vegna heitir h\u00fan Babel, \u00fev\u00ed a\u00f0 \u00fear rugla\u00f0i Drottinn tungum\u00e1l allrar jar\u00f0arinnar, og \u00fea\u00f0an tv\u00edstra\u00f0i hann \u00feeim um alla j\u00f6r\u00f0ina.<a name=\"10\"><span class=\"versanumer\">10<\/span><\/a>\u00deetta er \u00e6ttartala Sems: Sem var hundra\u00f0 \u00e1ra gamall, er hann gat Arpaksad, tveim \u00e1rum eftir fl\u00f3\u00f0i\u00f0.<a name=\"11\"><span class=\"versanumer\">11<\/span><\/a>Og Sem lif\u00f0i, eftir a\u00f0 hann gat Arpaksad, fimm hundru\u00f0 \u00e1r og gat sonu og d\u00e6tur.<a name=\"12\"><span class=\"versanumer\">12<\/span><\/a>Er Arpaksad var \u00ferj\u00e1t\u00edu og fimm \u00e1ra, gat hann Sela.<a name=\"13\"><span class=\"versanumer\">13<\/span><\/a>Og Arpaksad lif\u00f0i, eftir a\u00f0 hann gat Sela, fj\u00f6gur hundru\u00f0 og \u00ferj\u00fa \u00e1r og gat sonu og d\u00e6tur.<a name=\"14\"><span class=\"versanumer\">14<\/span><\/a>Er Sela var \u00ferj\u00e1t\u00edu \u00e1ra, gat hann Eber.<a name=\"15\"><span class=\"versanumer\">15<\/span><\/a>Og Sela lif\u00f0i, eftir a\u00f0 hann gat Eber, fj\u00f6gur hundru\u00f0 og \u00ferj\u00fa \u00e1r og gat sonu og d\u00e6tur.<a name=\"16\"><span class=\"versanumer\">16<\/span><\/a>Er Eber var \u00ferj\u00e1t\u00edu og fj\u00f6gurra \u00e1ra, gat hann Peleg.<a name=\"17\"><span class=\"versanumer\">17<\/span><\/a>Og Eber lif\u00f0i, eftir a\u00f0 hann gat Peleg, fj\u00f6gur hundru\u00f0 og \u00ferj\u00e1t\u00edu \u00e1r og gat sonu og d\u00e6tur.<a name=\"18\"><span class=\"versanumer\">18<\/span><\/a>Er Peleg var \u00ferj\u00e1t\u00edu \u00e1ra, gat hann Re\u00fa.<a name=\"19\"><span class=\"versanumer\">19<\/span><\/a>Og Peleg lif\u00f0i, eftir a\u00f0 hann gat Re\u00fa, tv\u00f6 hundru\u00f0 og n\u00edu \u00e1r og gat sonu og d\u00e6tur.<a name=\"20\"><span class=\"versanumer\">20<\/span><\/a>Er Re\u00fa var \u00ferj\u00e1t\u00edu og tveggja \u00e1ra, gat hann Ser\u00fag.<a name=\"21\"><span class=\"versanumer\">21<\/span><\/a>Og Re\u00fa lif\u00f0i, eftir a\u00f0 hann gat Ser\u00fag, tv\u00f6 hundru\u00f0 og sj\u00f6 \u00e1r og gat sonu og d\u00e6tur.<a name=\"22\"><span class=\"versanumer\">22<\/span><\/a>Er Ser\u00fag var \u00ferj\u00e1t\u00edu \u00e1ra, gat hann Nahor.<a name=\"23\"><span class=\"versanumer\">23<\/span><\/a>Og Ser\u00fag lif\u00f0i, eftir a\u00f0 hann gat Nahor, tv\u00f6 hundru\u00f0 \u00e1r og gat sonu og d\u00e6tur.<a name=\"24\"><span class=\"versanumer\">24<\/span><\/a>Er Nahor var tuttugu og n\u00edu \u00e1ra, gat hann Tara.<a name=\"25\"><span class=\"versanumer\">25<\/span><\/a>Og Nahor lif\u00f0i, eftir a\u00f0 hann gat Tara, hundra\u00f0 og n\u00edtj\u00e1n \u00e1r og gat sonu og d\u00e6tur.<a name=\"26\"><span class=\"versanumer\">26<\/span><\/a>Er Tara var sj\u00f6t\u00edu \u00e1ra, gat hann Abram, Nahor og Haran.<a name=\"27\"><span class=\"versanumer\">27<\/span><\/a>\u00deetta er saga Tara: Tara gat Abram, Nahor og Haran, en Haran gat Lot.<a name=\"28\"><span class=\"versanumer\">28<\/span><\/a>Og Haran d\u00f3 \u00e1 undan Tara f\u00f6\u00f0ur s\u00ednum \u00ed \u00e6ttlandi s\u00ednu, \u00ed \u00dar \u00ed Kaldeu.<a name=\"29\"><span class=\"versanumer\">29<\/span><\/a>Og Abram og Nahor t\u00f3ku s\u00e9r konur. Kona Abrams h\u00e9t Sara\u00ed, en kona Nahors Milka, d\u00f3ttir Harans, f\u00f6\u00f0ur Milku og f\u00f6\u00f0ur \u00cdsku.<a name=\"30\"><span class=\"versanumer\">30<\/span><\/a>En Sara\u00ed var \u00f3byrja, h\u00fan \u00e1tti eigi b\u00f6rn.<a name=\"31\"><span class=\"versanumer\">31<\/span><\/a>\u00de\u00e1 t\u00f3k Tara Abram son sinn og Lot Haransson, sonarson sinn, og Sara\u00ed tengdad\u00f3ttur s\u00edna, konu Abrams sonar s\u00edns, og lag\u00f0i af sta\u00f0 me\u00f0 \u00feau fr\u00e1 \u00dar \u00ed Kaldeu \u00e1lei\u00f0is til Kanaanlands, og \u00feau komu til Harran og settust \u00fear a\u00f0.<a name=\"32\"><span class=\"versanumer\">32<\/span><\/a>Og dagar Tara voru tv\u00f6 hundru\u00f0 og fimm \u00e1r. \u00de\u00e1 anda\u00f0ist Tara \u00ed Harran.<\/p>\n<div class=\"footnote1981\"><b>11.1-9<\/b> Babels turninn Post 2.1-11<br \/>\n<b>11.3<\/b> T\u00edgulsteinar 2M\u00f3s 1.14<br \/>\n<b>11.4<\/b> Til himins Jes 14.12-14; Jer 51.53<br \/>\n<b>11.9<\/b> Tungum\u00e1l jar\u00f0ar SSal 10.5 \u2013 tv\u00edstrar um alla j\u00f6r\u00f0ina sbr J\u00f3h 11.52<br \/>\n<b>11.10-32<\/b> \u00c6ttartala 1Kro 1.24-27; L\u00fak 3.34-36<br \/>\n<b>11.30<\/b> \u00d3byrja 1M\u00f3s 16.1; 17.17<\/div>\n","protected":false},"excerpt":{"rendered":"<p>1\u00d6ll j\u00f6r\u00f0in haf\u00f0i eitt tungum\u00e1l og ein og s\u00f6mu or\u00f0.2Og svo bar vi\u00f0, er \u00feeir f\u00f3ru sta\u00f0 \u00far sta\u00f0 \u00ed austurl\u00f6ndum, a\u00f0 \u00feeir fundu l\u00e1glendi \u00ed S\u00ednearlandi og settust \u00fear a\u00f0.3Og \u00feeir s\u00f6g\u00f0u hver vi\u00f0 annan: Gott og vel, v\u00e9r skulum hno\u00f0a tigulsteina og her\u00f0a \u00ed eldi. Og \u00feeir notu\u00f0u tigulsteina \u00ed sta\u00f0 grj\u00f3ts og jar\u00f0bik \u00ed sta\u00f0 kalks.4Og \u00feeir s\u00f6g\u00f0u: Gott og vel, v\u00e9r skulum byggja oss borg og turn, sem n\u00e1i til himins, og gj\u00f6rum oss minnismerki, svo a\u00f0 v\u00e9r tv\u00edstrumst ekki um alla j\u00f6r\u00f0ina.5\u00de\u00e1 steig Drottinn ni\u00f0ur til \u00feess a\u00f0 sj\u00e1 borgina og turninn, sem mannanna synir <a href=\"https:\/\/biblian.is\/1981\/fyrsta-mosebok-11-kafli\/\"> [&#8230;]<\/a><\/p>\n","protected":false},"author":1,"featured_media":0,"parent":0,"menu_order":0,"comment_status":"open","ping_status":"open","template":"bibliukaflar.php","meta":{"footnotes":""},"class_list":["post-1357","page","type-page","status-publish","hentry"],"_links":{"self":[{"href":"https:\/\/biblian.is\/1981\/wp-json\/wp\/v2\/pages\/1357","targetHints":{"allow":["GET"]}}],"collection":[{"href":"https:\/\/biblian.is\/1981\/wp-json\/wp\/v2\/pages"}],"about":[{"href":"https:\/\/biblian.is\/1981\/wp-json\/wp\/v2\/types\/page"}],"author":[{"embeddable":true,"href":"https:\/\/biblian.is\/1981\/wp-json\/wp\/v2\/users\/1"}],"replies":[{"embeddable":true,"href":"https:\/\/biblian.is\/1981\/wp-json\/wp\/v2\/comments?post=1357"}],"version-history":[{"count":0,"href":"https:\/\/biblian.is\/1981\/wp-json\/wp\/v2\/pages\/1357\/revisions"}],"wp:attachment":[{"href":"https:\/\/biblian.is\/1981\/wp-json\/wp\/v2\/media?parent=1357"}],"curies":[{"name":"wp","href":"https:\/\/api.w.org\/{rel}","templated":true}]}}