{"id":1356,"date":"2017-11-18T20:17:04","date_gmt":"2017-11-18T20:17:04","guid":{"rendered":"http:\/\/biblian.is\/1981\/fyrsta-mosebok-10-kafli\/"},"modified":"2021-06-06T10:57:27","modified_gmt":"2021-06-06T10:57:27","slug":"fyrsta-mosebok-10-kafli","status":"publish","type":"page","link":"https:\/\/biblian.is\/1981\/fyrsta-mosebok-10-kafli\/","title":{"rendered":"Fyrsta M\u00f3seb\u00f3k 10. kafli"},"content":{"rendered":"<p><a name=\"1\"><span class=\"versanumer\">1<\/span><\/a>\u00deetta er \u00e6ttartala N\u00f3a sona, Sems, Kams og Jafets. \u00deeim f\u00e6ddust synir eftir fl\u00f3\u00f0i\u00f0.<a name=\"2\"><span class=\"versanumer\">2<\/span><\/a>Synir Jafets: G\u00f3mer, Magog, Mada\u00ed, Javan, T\u00fabal, Mesek og T\u00edras.<a name=\"3\"><span class=\"versanumer\">3<\/span><\/a>Og synir G\u00f3mers: Askenas, R\u00edfat og T\u00f3garma.<a name=\"4\"><span class=\"versanumer\">4<\/span><\/a>Og synir Javans: El\u00edsa, Tarsis, Kittar og R\u00f3dan\u00edtar.<a name=\"5\"><span class=\"versanumer\">5<\/span><\/a>\u00dat fr\u00e1 \u00feeim kv\u00edslu\u00f0ust \u00feeir, sem byggja eyl\u00f6nd hei\u00f0ingjanna. \u00deetta eru synir Jafets eftir l\u00f6ndum \u00feeirra, hver eftir sinni tungu, eftir kyn\u00fe\u00e1ttum \u00feeirra og samkv\u00e6mt \u00fej\u00f3\u00f0erni \u00feeirra.<a name=\"6\"><span class=\"versanumer\">6<\/span><\/a>Synir Kams: K\u00fas, M\u00edsra\u00edm, P\u00fat og Kanaan.<a name=\"7\"><span class=\"versanumer\">7<\/span><\/a>Og synir K\u00fass: Seba, Hav\u00edla, Sabta, Raema og Sabteka. Og synir Raema: S\u00e9ba og Dedan.<a name=\"8\"><span class=\"versanumer\">8<\/span><\/a>K\u00fas gat Nimrod. Hann t\u00f3k a\u00f0 gj\u00f6rast voldugur \u00e1 j\u00f6r\u00f0inni.<a name=\"9\"><span class=\"versanumer\">9<\/span><\/a>Hann var mikill vei\u00f0ima\u00f0ur fyrir Drottni. \u00dev\u00ed er m\u00e1lt\u00e6ki\u00f0: Mikill vei\u00f0ima\u00f0ur fyrir Drottni eins og Nimrod.<a name=\"10\"><span class=\"versanumer\">10<\/span><\/a>Og upphaf r\u00edkis hans var Babel, Erek, Akkad og Kalne \u00ed S\u00ednearlandi.<a name=\"11\"><span class=\"versanumer\">11<\/span><\/a>Fr\u00e1 \u00feessu landi h\u00e9lt hann til Ass\u00fdr\u00edu og bygg\u00f0i N\u00edn\u00edve, Reh\u00f3b\u00f3t-\u00cdr og Kala,<a name=\"12\"><span class=\"versanumer\">12<\/span><\/a>og Resen milli N\u00edn\u00edve og Kala, \u00fea\u00f0 er borgin mikla.<a name=\"13\"><span class=\"versanumer\">13<\/span><\/a>M\u00edsra\u00edm gat L\u00fad\u00edta, Anam\u00edta, Lekab\u00edta, Naft\u00fak\u00edta,<a name=\"14\"><span class=\"versanumer\">14<\/span><\/a>Patr\u00fas\u00edta, Kasl\u00fak\u00edta  \u00fea\u00f0an eru komnir Filistar  og Kaft\u00f3r\u00edta.<a name=\"15\"><span class=\"versanumer\">15<\/span><\/a>Kanaan gat S\u00eddon, frumgetning sinn, og Het<a name=\"16\"><span class=\"versanumer\">16<\/span><\/a>og Jeb\u00fas\u00edta, Amor\u00edta, G\u00edrgas\u00edta,<a name=\"17\"><span class=\"versanumer\">17<\/span><\/a>Hev\u00edta, Ark\u00edta, S\u00edn\u00edta,<a name=\"18\"><span class=\"versanumer\">18<\/span><\/a>Arvad\u00edta, Semar\u00edta og Hamat\u00edta. Og s\u00ed\u00f0an breiddust \u00fat kynkv\u00edslir Kanaan\u00edtanna.<a name=\"19\"><span class=\"versanumer\">19<\/span><\/a>Landamerki Kanaan\u00edtanna eru fr\u00e1 S\u00eddon um Gerar allt til Gasa, \u00fe\u00e1 er stefnan til S\u00f3d\u00f3mu og G\u00f3morru og Adma og Seb\u00f3\u00edm, allt til Lasa.<a name=\"20\"><span class=\"versanumer\">20<\/span><\/a>\u00deetta eru synir Kams eftir kyn\u00fe\u00e1ttum \u00feeirra, eftir tungum \u00feeirra, samkv\u00e6mt l\u00f6ndum \u00feeirra og \u00fej\u00f3\u00f0erni.<a name=\"21\"><span class=\"versanumer\">21<\/span><\/a>En Sem, \u00e6ttfa\u00f0ir allra Ebers sona, eldri br\u00f3\u00f0ir Jafets, eigna\u00f0ist og sonu.<a name=\"22\"><span class=\"versanumer\">22<\/span><\/a>Synir Sems: Elam, Ass\u00far, Arpaksad, L\u00fad og Aram.<a name=\"23\"><span class=\"versanumer\">23<\/span><\/a>Og synir Arams: \u00das, H\u00fal, Geter og Mas.<a name=\"24\"><span class=\"versanumer\">24<\/span><\/a>Arpaksad gat Sela, og Sela gat Eber.<a name=\"25\"><span class=\"versanumer\">25<\/span><\/a>Og Eber f\u00e6ddust tveir synir. H\u00e9t annar Peleg, \u00fev\u00ed a\u00f0 \u00e1 hans d\u00f6gum greindist f\u00f3lki\u00f0 \u00e1 j\u00f6r\u00f0inni, en br\u00f3\u00f0ir hans h\u00e9t Joktan.<a name=\"26\"><span class=\"versanumer\">26<\/span><\/a>Og Joktan gat Alm\u00f3dad, Salef, Hasarmavet, Jara,<a name=\"27\"><span class=\"versanumer\">27<\/span><\/a>Had\u00f3ram, \u00dasal, Dikla,<a name=\"28\"><span class=\"versanumer\">28<\/span><\/a>\u00d3bal, Ab\u00edmael, Seba,<a name=\"29\"><span class=\"versanumer\">29<\/span><\/a>\u00d3f\u00edr, Hav\u00edla og J\u00f3bab. \u00deessir allir eru synir Joktans.<a name=\"30\"><span class=\"versanumer\">30<\/span><\/a>Og b\u00fasta\u00f0ur \u00feeirra var fr\u00e1 Mesa til Sefar, til austurfjallanna.<a name=\"31\"><span class=\"versanumer\">31<\/span><\/a>\u00deetta eru synir Sems, eftir \u00e6ttkv\u00edslum \u00feeirra, eftir tungum \u00feeirra, samkv\u00e6mt l\u00f6ndum \u00feeirra, eftir \u00fej\u00f3\u00f0erni \u00feeirra.<a name=\"32\"><span class=\"versanumer\">32<\/span><\/a>\u00deetta eru \u00e6ttkv\u00edslir N\u00f3a sona eftir \u00e6ttart\u00f6lum \u00feeirra, samkv\u00e6mt \u00fej\u00f3\u00f0erni \u00feeirra, og fr\u00e1 \u00feeim kv\u00edslu\u00f0ust \u00fej\u00f3\u00f0irnar \u00fat um j\u00f6r\u00f0ina eftir fl\u00f3\u00f0i\u00f0.<\/p>\n<div class=\"footnote1981\"><b>10.2<\/b> G\u00f3mer Esk 38.6 \u2013 Javan, T\u00fabal (Mesek) Jes 66.19; Esk 27.13<br \/>\n<b>10.8<\/b> Nimrod M\u00edk 5.5<br \/>\n<b>10.11<\/b> N\u00edn\u00edve J\u00f3n 1-4; Nah 1-3<br \/>\n<b>10.19<\/b> S\u00f3d\u00f3ma og G\u00f3morra 1M\u00f3s 18.16+<br \/>\n<b>10.32<\/b> \u00dej\u00f3\u00f0irnar kv\u00edslast 5M\u00f3s 32.8; Post 17.26<\/div>\n","protected":false},"excerpt":{"rendered":"<p>1\u00deetta er \u00e6ttartala N\u00f3a sona, Sems, Kams og Jafets. \u00deeim f\u00e6ddust synir eftir fl\u00f3\u00f0i\u00f0.2Synir Jafets: G\u00f3mer, Magog, Mada\u00ed, Javan, T\u00fabal, Mesek og T\u00edras.3Og synir G\u00f3mers: Askenas, R\u00edfat og T\u00f3garma.4Og synir Javans: El\u00edsa, Tarsis, Kittar og R\u00f3dan\u00edtar.5\u00dat fr\u00e1 \u00feeim kv\u00edslu\u00f0ust \u00feeir, sem byggja eyl\u00f6nd hei\u00f0ingjanna. \u00deetta eru synir Jafets eftir l\u00f6ndum \u00feeirra, hver eftir sinni tungu, eftir kyn\u00fe\u00e1ttum \u00feeirra og samkv\u00e6mt \u00fej\u00f3\u00f0erni \u00feeirra.6Synir Kams: K\u00fas, M\u00edsra\u00edm, P\u00fat og Kanaan.7Og synir K\u00fass: Seba, Hav\u00edla, Sabta, Raema og Sabteka. Og synir Raema: S\u00e9ba og Dedan.8K\u00fas gat Nimrod. Hann t\u00f3k a\u00f0 gj\u00f6rast voldugur \u00e1 j\u00f6r\u00f0inni.9Hann var mikill vei\u00f0ima\u00f0ur fyrir Drottni. \u00dev\u00ed er m\u00e1lt\u00e6ki\u00f0: Mikill <a href=\"https:\/\/biblian.is\/1981\/fyrsta-mosebok-10-kafli\/\"> [&#8230;]<\/a><\/p>\n","protected":false},"author":1,"featured_media":0,"parent":0,"menu_order":0,"comment_status":"open","ping_status":"open","template":"bibliukaflar.php","meta":{"footnotes":""},"class_list":["post-1356","page","type-page","status-publish","hentry"],"_links":{"self":[{"href":"https:\/\/biblian.is\/1981\/wp-json\/wp\/v2\/pages\/1356","targetHints":{"allow":["GET"]}}],"collection":[{"href":"https:\/\/biblian.is\/1981\/wp-json\/wp\/v2\/pages"}],"about":[{"href":"https:\/\/biblian.is\/1981\/wp-json\/wp\/v2\/types\/page"}],"author":[{"embeddable":true,"href":"https:\/\/biblian.is\/1981\/wp-json\/wp\/v2\/users\/1"}],"replies":[{"embeddable":true,"href":"https:\/\/biblian.is\/1981\/wp-json\/wp\/v2\/comments?post=1356"}],"version-history":[{"count":0,"href":"https:\/\/biblian.is\/1981\/wp-json\/wp\/v2\/pages\/1356\/revisions"}],"wp:attachment":[{"href":"https:\/\/biblian.is\/1981\/wp-json\/wp\/v2\/media?parent=1356"}],"curies":[{"name":"wp","href":"https:\/\/api.w.org\/{rel}","templated":true}]}}