{"id":1355,"date":"2017-11-18T20:17:04","date_gmt":"2017-11-18T20:17:04","guid":{"rendered":"http:\/\/biblian.is\/1981\/fyrsta-mosebok-9-kafli\/"},"modified":"2017-11-18T20:17:04","modified_gmt":"2017-11-18T20:17:04","slug":"fyrsta-mosebok-9-kafli","status":"publish","type":"page","link":"https:\/\/biblian.is\/1981\/fyrsta-mosebok-9-kafli\/","title":{"rendered":"Fyrsta M\u00f3seb\u00f3k 9. kafli"},"content":{"rendered":"<p><a name=\"1\"><span class=\"versanumer\">1<\/span><\/a>Gu\u00f0 blessa\u00f0i N\u00f3a og sonu hans og sag\u00f0i vi\u00f0 \u00fe\u00e1: Veri\u00f0 frj\u00f3samir, margfaldist og uppfylli\u00f0 j\u00f6r\u00f0ina.<a name=\"2\"><span class=\"versanumer\">2<\/span><\/a>\u00d3tti vi\u00f0 y\u00f0ur og skelfing skal vera yfir \u00f6llum d\u00fdrum jar\u00f0arinnar, yfir \u00f6llum fuglum loftsins, yfir \u00f6llu, sem hr\u00e6rist \u00e1 j\u00f6r\u00f0inni, og yfir \u00f6llum fiskum sj\u00e1varins. \u00c1 y\u00f0ar vald er \u00feetta gefi\u00f0.<a name=\"3\"><span class=\"versanumer\">3<\/span><\/a>Allt sem hr\u00e6rist og lifir, skal vera y\u00f0ur til f\u00e6\u00f0u, \u00e9g gef y\u00f0ur \u00fea\u00f0 allt, eins og gr\u00e6nu jurtirnar.<a name=\"4\"><span class=\"versanumer\">4<\/span><\/a>A\u00f0eins hold, sem s\u00e1lin, \u00fea\u00f0 er bl\u00f3\u00f0i\u00f0, er \u00ed, skulu\u00f0 \u00fe\u00e9r ekki eta.<a name=\"5\"><span class=\"versanumer\">5<\/span><\/a>En y\u00f0ar eigin bl\u00f3\u00f0s mun \u00e9g hins vegar krefjast. Af hverri skepnu mun \u00e9g \u00feess krefjast, og af manninum, af br\u00f3\u00f0ur hans, mun \u00e9g krefjast l\u00edfs mannsins.<a name=\"6\"><span class=\"versanumer\">6<\/span><\/a>Hver sem \u00fathellir mannsbl\u00f3\u00f0i, hans bl\u00f3\u00f0i skal af manni \u00fathellt ver\u00f0a. \u00dev\u00ed a\u00f0 eftir Gu\u00f0s mynd gj\u00f6r\u00f0i hann manninn.<a name=\"7\"><span class=\"versanumer\">7<\/span><\/a>En \u00e1vaxtist \u00fe\u00e9r og margfaldist og vaxi\u00f0 st\u00f3rum \u00e1 j\u00f6r\u00f0inni og margfaldist \u00e1 henni.<a name=\"8\"><span class=\"versanumer\">8<\/span><\/a>Og Gu\u00f0 m\u00e6lti \u00feannig vi\u00f0 N\u00f3a og sonu hans, sem voru me\u00f0 honum:<a name=\"9\"><span class=\"versanumer\">9<\/span><\/a>Sj\u00e1, \u00e9g gj\u00f6ri minn s\u00e1ttm\u00e1la vi\u00f0 y\u00f0ur og vi\u00f0 ni\u00f0ja y\u00f0ar eftir y\u00f0ur<a name=\"10\"><span class=\"versanumer\">10<\/span><\/a>og vi\u00f0 allar lifandi skepnur, sem me\u00f0 y\u00f0ur eru, b\u00e6\u00f0i vi\u00f0 fuglana og f\u00e9na\u00f0inn og \u00f6ll villid\u00fdrin, sem hj\u00e1 y\u00f0ur eru, allt, sem \u00fat gekk \u00far \u00f6rkinni, \u00fea\u00f0 er \u00f6ll d\u00fdr jar\u00f0arinnar.<a name=\"11\"><span class=\"versanumer\">11<\/span><\/a>Minn s\u00e1ttm\u00e1la vil \u00e9g gj\u00f6ra vi\u00f0 y\u00f0ur: Aldrei framar skal allt hold tort\u00edmast af vatnsfl\u00f3\u00f0i, og aldrei framar mun fl\u00f3\u00f0 koma til a\u00f0 ey\u00f0a j\u00f6r\u00f0ina.<a name=\"12\"><span class=\"versanumer\">12<\/span><\/a>Og Gu\u00f0 sag\u00f0i: \u00deetta er merki s\u00e1ttm\u00e1lans, sem \u00e9g gj\u00f6ri milli m\u00edn og y\u00f0ar og allra lifandi skepna, sem hj\u00e1 y\u00f0ur eru, um allar \u00f3komnar aldir:<a name=\"13\"><span class=\"versanumer\">13<\/span><\/a>Boga minn set \u00e9g \u00ed sk\u00fdin, a\u00f0 hann s\u00e9 merki s\u00e1ttm\u00e1lans milli m\u00edn og jar\u00f0arinnar.<a name=\"14\"><span class=\"versanumer\">14<\/span><\/a>Og \u00feegar \u00e9g dreg sk\u00fd saman yfir j\u00f6r\u00f0inni og boginn s\u00e9st \u00ed sk\u00fdjunum,<a name=\"15\"><span class=\"versanumer\">15<\/span><\/a>\u00fe\u00e1 mun \u00e9g minnast s\u00e1ttm\u00e1la m\u00edns, sem er milli m\u00edn og y\u00f0ar og allra lifandi s\u00e1lna \u00ed \u00f6llu holdi, og aldrei framar skal vatni\u00f0 ver\u00f0a a\u00f0 fl\u00f3\u00f0i til a\u00f0 tort\u00edma \u00f6llu holdi.<a name=\"16\"><span class=\"versanumer\">16<\/span><\/a>Og boginn skal standa \u00ed sk\u00fdjunum, og \u00e9g mun horfa \u00e1 hann til \u00feess a\u00f0 minnast hins eil\u00edfa s\u00e1ttm\u00e1la milli Gu\u00f0s og allra lifandi s\u00e1lna \u00ed \u00f6llu holdi, sem er \u00e1 j\u00f6r\u00f0inni.<a name=\"17\"><span class=\"versanumer\">17<\/span><\/a>Og Gu\u00f0 sag\u00f0i vi\u00f0 N\u00f3a: \u00deetta er teikn s\u00e1ttm\u00e1lans, sem \u00e9g hefi gj\u00f6rt milli m\u00edn og alls holds, sem er \u00e1 j\u00f6r\u00f0inni.<a name=\"18\"><span class=\"versanumer\">18<\/span><\/a>Synir N\u00f3a, sem gengu \u00far \u00f6rkinni, voru \u00feeir Sem, Kam og Jafet, en Kam var fa\u00f0ir Kanaans.<a name=\"19\"><span class=\"versanumer\">19<\/span><\/a>\u00deessir eru synir N\u00f3a \u00fer\u00edr, og fr\u00e1 \u00feeim bygg\u00f0ist \u00f6ll j\u00f6r\u00f0in.<a name=\"20\"><span class=\"versanumer\">20<\/span><\/a>N\u00f3i gj\u00f6r\u00f0ist akuryrkjuma\u00f0ur og planta\u00f0i v\u00edngar\u00f0.<a name=\"21\"><span class=\"versanumer\">21<\/span><\/a>Og hann drakk af v\u00edninu og var\u00f0 drukkinn og l\u00e1 nakinn \u00ed tjaldi s\u00ednu.<a name=\"22\"><span class=\"versanumer\">22<\/span><\/a>Og Kam, fa\u00f0ir Kanaans, s\u00e1 nekt f\u00f6\u00f0ur s\u00edns og sag\u00f0i b\u00e1\u00f0um br\u00e6\u00f0rum s\u00ednum fr\u00e1, sem \u00fati voru.<a name=\"23\"><span class=\"versanumer\">23<\/span><\/a>\u00de\u00e1 t\u00f3ku \u00feeir Sem og Jafet skikkjuna og l\u00f6g\u00f0u \u00e1 her\u00f0ar s\u00e9r og gengu aftur \u00e1 bak og huldu nekt f\u00f6\u00f0ur s\u00edns, en andlit \u00feeirra sneru undan, svo a\u00f0 \u00feeir s\u00e1u ekki nekt f\u00f6\u00f0ur s\u00edns.<a name=\"24\"><span class=\"versanumer\">24<\/span><\/a>Er N\u00f3i vakna\u00f0i af v\u00edmunni, var\u00f0 hann \u00feess \u00e1skynja, hva\u00f0 sonur hans hinn yngri haf\u00f0i gj\u00f6rt honum.<a name=\"25\"><span class=\"versanumer\">25<\/span><\/a>\u00de\u00e1 m\u00e6lti hann: B\u00f6lva\u00f0ur s\u00e9 Kanaan, auvir\u00f0ilegur \u00fer\u00e6ll s\u00e9 hann br\u00e6\u00f0ra sinna.<a name=\"26\"><span class=\"versanumer\">26<\/span><\/a>Og hann sag\u00f0i: Lofa\u00f0ur s\u00e9 Drottinn, Sems Gu\u00f0, en Kanaan s\u00e9 \u00fer\u00e6ll \u00feeirra.<a name=\"27\"><span class=\"versanumer\">27<\/span><\/a>Gu\u00f0 gefi Jafet miki\u00f0 landr\u00fdmi, og hann b\u00fai \u00ed tjaldb\u00fa\u00f0um Sems, en Kanaan s\u00e9 \u00fer\u00e6ll \u00feeirra.<a name=\"28\"><span class=\"versanumer\">28<\/span><\/a>N\u00f3i lif\u00f0i eftir fl\u00f3\u00f0i\u00f0 \u00ferj\u00fa hundru\u00f0 og fimmt\u00edu \u00e1r.<a name=\"29\"><span class=\"versanumer\">29<\/span><\/a>Og allir dagar N\u00f3a voru n\u00edu hundru\u00f0 og fimmt\u00edu \u00e1r. \u00de\u00e1 anda\u00f0ist hann.<\/p>\n<div class=\"footnote1981\"><b>9.1<\/b> Veri\u00f0 frj\u00f3samir 1M\u00f3s 1.28+<br \/>\n<b>9.2<\/b> \u00c1 y\u00f0ar vald 1M\u00f3s 1.28+<br \/>\n<b>9.4<\/b> Ekki neyta bl\u00f3\u00f0s 3M\u00f3s 3.17; 7.26; 17.10-14; 5M\u00f3s 12.16,23; 15.23; Post 15.20,29<br \/>\n<b>9.6<\/b> Hver sem \u00fathellir 3M\u00f3s 24.19+ &#8211; eftir Gu\u00f0s mynd 1M\u00f3s 1.26<br \/>\n<b>9.9-10<\/b> S\u00e1ttm\u00e1la vi\u00f0 ykkur 1M\u00f3s 6.18+ ; S\u00edr 44.18 \u2013 \u00f6ll d\u00fdr merkurinnar Esk 34.25; H\u00f3s 2.20; Job 5.23<br \/>\n<b>9.12<\/b> T\u00e1kn s\u00e1ttm\u00e1lans 1M\u00f3s 17.11; 4M\u00f3s 17.25<br \/>\n<b>9.13<\/b> Boga minn Esk 1.28; S\u00edr 43.11-12; 50.7; Opb 4.3<br \/>\n<b>9.15<\/b> Fl\u00f3\u00f0 Jes 54.9<br \/>\n<b>9.18<\/b> Sem, Kam og Jafet 1M\u00f3s 5.32+<br \/>\n<b>9.21<\/b> \u00d6lvun Okv 23.29-35; J\u00fadt 13.2; S\u00edr 31.25-31; Ef 5.18<br \/>\n<b>9.25<\/b> B\u00f6lva\u00f0ur \u00e1 Kanaan 2M\u00f3s 21.17; 3M\u00f3s 20.9; 5M\u00f3s 27.16<br \/>\n<b>9.26<\/b> Kanaan \u00fer\u00e6ll Js 16.10; D\u00f3m 1.28<\/div>\n","protected":false},"excerpt":{"rendered":"<p>1Gu\u00f0 blessa\u00f0i N\u00f3a og sonu hans og sag\u00f0i vi\u00f0 \u00fe\u00e1: Veri\u00f0 frj\u00f3samir, margfaldist og uppfylli\u00f0 j\u00f6r\u00f0ina.2\u00d3tti vi\u00f0 y\u00f0ur og skelfing skal vera yfir \u00f6llum d\u00fdrum jar\u00f0arinnar, yfir \u00f6llum fuglum loftsins, yfir \u00f6llu, sem hr\u00e6rist \u00e1 j\u00f6r\u00f0inni, og yfir \u00f6llum fiskum sj\u00e1varins. \u00c1 y\u00f0ar vald er \u00feetta gefi\u00f0.3Allt sem hr\u00e6rist og lifir, skal vera y\u00f0ur til f\u00e6\u00f0u, \u00e9g gef y\u00f0ur \u00fea\u00f0 allt, eins og gr\u00e6nu jurtirnar.4A\u00f0eins hold, sem s\u00e1lin, \u00fea\u00f0 er bl\u00f3\u00f0i\u00f0, er \u00ed, skulu\u00f0 \u00fe\u00e9r ekki eta.5En y\u00f0ar eigin bl\u00f3\u00f0s mun \u00e9g hins vegar krefjast. Af hverri skepnu mun \u00e9g \u00feess krefjast, og af manninum, af br\u00f3\u00f0ur hans, mun \u00e9g <a href=\"https:\/\/biblian.is\/1981\/fyrsta-mosebok-9-kafli\/\"> [&#8230;]<\/a><\/p>\n","protected":false},"author":1,"featured_media":0,"parent":0,"menu_order":0,"comment_status":"open","ping_status":"open","template":"bibliukaflar.php","meta":{"footnotes":""},"class_list":["post-1355","page","type-page","status-publish","hentry"],"_links":{"self":[{"href":"https:\/\/biblian.is\/1981\/wp-json\/wp\/v2\/pages\/1355","targetHints":{"allow":["GET"]}}],"collection":[{"href":"https:\/\/biblian.is\/1981\/wp-json\/wp\/v2\/pages"}],"about":[{"href":"https:\/\/biblian.is\/1981\/wp-json\/wp\/v2\/types\/page"}],"author":[{"embeddable":true,"href":"https:\/\/biblian.is\/1981\/wp-json\/wp\/v2\/users\/1"}],"replies":[{"embeddable":true,"href":"https:\/\/biblian.is\/1981\/wp-json\/wp\/v2\/comments?post=1355"}],"version-history":[{"count":0,"href":"https:\/\/biblian.is\/1981\/wp-json\/wp\/v2\/pages\/1355\/revisions"}],"wp:attachment":[{"href":"https:\/\/biblian.is\/1981\/wp-json\/wp\/v2\/media?parent=1355"}],"curies":[{"name":"wp","href":"https:\/\/api.w.org\/{rel}","templated":true}]}}