{"id":1353,"date":"2017-11-18T20:17:04","date_gmt":"2017-11-18T20:17:04","guid":{"rendered":"http:\/\/biblian.is\/1981\/fyrsta-mosebok-7-kafli\/"},"modified":"2017-11-18T20:17:04","modified_gmt":"2017-11-18T20:17:04","slug":"fyrsta-mosebok-7-kafli","status":"publish","type":"page","link":"https:\/\/biblian.is\/1981\/fyrsta-mosebok-7-kafli\/","title":{"rendered":"Fyrsta M\u00f3seb\u00f3k 7. kafli"},"content":{"rendered":"<p><a name=\"1\"><span class=\"versanumer\">1<\/span><\/a>Drottinn sag\u00f0i vi\u00f0 N\u00f3a: Gakk \u00fe\u00fa og allt f\u00f3lk \u00feitt \u00ed \u00f6rkina, \u00fev\u00ed a\u00f0 \u00feig hefi \u00e9g s\u00e9\u00f0 r\u00e9ttl\u00e1tan fyrir augliti m\u00ednu \u00ed \u00feessari kynsl\u00f3\u00f0.<a name=\"2\"><span class=\"versanumer\">2<\/span><\/a>Tak \u00fe\u00fa til \u00fe\u00edn af \u00f6llum hreinum d\u00fdrum sj\u00f6 og sj\u00f6, karld\u00fdr og kvend\u00fdr, en af \u00feeim d\u00fdrum, sem ekki eru hrein, tv\u00f6 og tv\u00f6, karld\u00fdr og kvend\u00fdr.<a name=\"3\"><span class=\"versanumer\">3<\/span><\/a>Einnig af fuglum loftsins sj\u00f6 og sj\u00f6, karlkyns og kvenkyns, til a\u00f0 vi\u00f0halda l\u00edfsstofni \u00e1 allri j\u00f6r\u00f0inni.<a name=\"4\"><span class=\"versanumer\">4<\/span><\/a>\u00dev\u00ed a\u00f0 sj\u00f6 d\u00f6gum li\u00f0num mun \u00e9g l\u00e1ta rigna \u00e1 j\u00f6r\u00f0ina fj\u00f6rut\u00edu daga og fj\u00f6rut\u00edu n\u00e6tur, og \u00e9g mun afm\u00e1 af j\u00f6r\u00f0inni s\u00e9rhverja skepnu, sem \u00e9g hefi gj\u00f6rt.<a name=\"5\"><span class=\"versanumer\">5<\/span><\/a>Og N\u00f3i gj\u00f6r\u00f0i allt eins og Drottinn bau\u00f0 honum.<a name=\"6\"><span class=\"versanumer\">6<\/span><\/a>En N\u00f3i var sex hundru\u00f0 \u00e1ra gamall, \u00feegar vatnsfl\u00f3\u00f0i\u00f0 kom yfir j\u00f6r\u00f0ina.<a name=\"7\"><span class=\"versanumer\">7<\/span><\/a>Og N\u00f3i gekk \u00ed \u00f6rkina, og synir hans og kona hans og sonakonur hans me\u00f0 honum, undan vatnsfl\u00f3\u00f0inu.<a name=\"8\"><span class=\"versanumer\">8<\/span><\/a>Af hreinum d\u00fdrum og af \u00feeim d\u00fdrum, sem ekki voru hrein, og af fuglum og af \u00f6llu, sem skr\u00ed\u00f0ur \u00e1 j\u00f6r\u00f0inni,<a name=\"9\"><span class=\"versanumer\">9<\/span><\/a>kom tvennt og tvennt til N\u00f3a \u00ed \u00f6rkina, karlkyns og kvenkyns, eins og Gu\u00f0 haf\u00f0i bo\u00f0i\u00f0 N\u00f3a.<a name=\"10\"><span class=\"versanumer\">10<\/span><\/a>Eftir sj\u00f6 daga kom vatnsfl\u00f3\u00f0i\u00f0 yfir j\u00f6r\u00f0ina.<a name=\"11\"><span class=\"versanumer\">11<\/span><\/a>\u00c1 sexhundra\u00f0asta aldurs\u00e1ri N\u00f3a, \u00ed \u00f6\u00f0rum m\u00e1nu\u00f0inum, \u00e1 seytj\u00e1nda degi m\u00e1na\u00f0arins, \u00e1 \u00feeim degi opnu\u00f0ust allar uppsprettur hins mikla undirdj\u00faps og fl\u00f3\u00f0g\u00e1ttir himinsins lukust upp.<a name=\"12\"><span class=\"versanumer\">12<\/span><\/a>Og steypiregn dundi yfir j\u00f6r\u00f0ina fj\u00f6rut\u00edu daga og fj\u00f6rut\u00edu n\u00e6tur.<a name=\"13\"><span class=\"versanumer\">13<\/span><\/a>Einmitt \u00e1 \u00feeim degi gekk N\u00f3i og Sem, Kam og Jafet, synir N\u00f3a, og kona N\u00f3a og \u00ferj\u00e1r sonakonur hans me\u00f0 \u00feeim \u00ed \u00f6rkina,<a name=\"14\"><span class=\"versanumer\">14<\/span><\/a>\u00feau og \u00f6ll villid\u00fdrin eftir sinni tegund og allur f\u00e9na\u00f0urinn eftir sinni tegund og \u00f6ll skri\u00f0kvikindin, sem skr\u00ed\u00f0a \u00e1 j\u00f6r\u00f0inni, eftir sinni tegund, og allir fuglarnir eftir sinni tegund, allir sm\u00e1fuglar, allt fleygt.<a name=\"15\"><span class=\"versanumer\">15<\/span><\/a>Og \u00feau komu til N\u00f3a \u00ed \u00f6rkina tv\u00f6 og tv\u00f6 af \u00f6llu holdi, sem l\u00edfsandi var \u00ed.<a name=\"16\"><span class=\"versanumer\">16<\/span><\/a>Og \u00feau, sem komu, gengu inn, karlkyns og kvenkyns af \u00f6llu holdi, eins og Gu\u00f0 haf\u00f0i bo\u00f0i\u00f0 honum. Og Drottinn l\u00e6sti eftir honum.<a name=\"17\"><span class=\"versanumer\">17<\/span><\/a>Og fl\u00f3\u00f0i\u00f0 var \u00e1 j\u00f6r\u00f0inni fj\u00f6rut\u00edu daga. Vatni\u00f0 \u00f3x og lyfti \u00f6rkinni, og h\u00fan h\u00f3fst yfir j\u00f6r\u00f0ina.<a name=\"18\"><span class=\"versanumer\">18<\/span><\/a>Og v\u00f6tnin m\u00f6gnu\u00f0ust og uxu st\u00f3rum \u00e1 j\u00f6r\u00f0inni, en \u00f6rkin flaut ofan \u00e1 vatninu.<a name=\"19\"><span class=\"versanumer\">19<\/span><\/a>Og v\u00f6tnin m\u00f6gnu\u00f0ust \u00e1kaflega \u00e1 j\u00f6r\u00f0inni, svo a\u00f0 \u00f6ll hin h\u00e1u fj\u00f6ll, sem eru undir \u00f6llum himninum, f\u00f3ru \u00ed kaf.<a name=\"20\"><span class=\"versanumer\">20<\/span><\/a>Fimmt\u00e1n \u00e1lna h\u00e1tt \u00f3x vatni\u00f0, svo a\u00f0 fj\u00f6llin f\u00f3ru \u00ed kaf.<a name=\"21\"><span class=\"versanumer\">21<\/span><\/a>\u00de\u00e1 d\u00f3 allt hold, sem hreyf\u00f0ist \u00e1 j\u00f6r\u00f0inni, b\u00e6\u00f0i fuglar, f\u00e9na\u00f0ur, villid\u00fdr og allir ormar, sem skri\u00f0u \u00e1 j\u00f6r\u00f0inni, og allir menn.<a name=\"22\"><span class=\"versanumer\">22<\/span><\/a>Allt sem haf\u00f0i l\u00edfsanda \u00ed n\u00f6sum s\u00ednum, allt sem var \u00e1 \u00feurrlendinu, \u00fea\u00f0 d\u00f3.<a name=\"23\"><span class=\"versanumer\">23<\/span><\/a>Og \u00feannig afm\u00e1\u00f0i hann s\u00e9rhverja skepnu, sem var \u00e1 j\u00f6r\u00f0inni, b\u00e6\u00f0i menn og f\u00e9na\u00f0, skri\u00f0kvikindi og fugla loftsins. \u00dea\u00f0 var afm\u00e1\u00f0 af j\u00f6r\u00f0inni. En N\u00f3i einn var\u00f0 eftir, og \u00fea\u00f0 sem me\u00f0 honum var \u00ed \u00f6rkinni.<a name=\"24\"><span class=\"versanumer\">24<\/span><\/a>Og v\u00f6tnin m\u00f6gnu\u00f0ust \u00e1 j\u00f6r\u00f0inni hundra\u00f0 og fimmt\u00edu daga.<\/p>\n<div class=\"footnote1981\"><b>7.1<\/b> R\u00e9ttl\u00e1tur 1M\u00f3s 6.9+<br \/>\n<b>7.2-3<\/b> \u00d3hrein d\u00fdr og hrein 3M\u00f3s 11; 5M\u00f3s 14<br \/>\n<b>7.4<\/b> Fj\u00f6rut\u00edu dagar 2M\u00f3s 24.18+<br \/>\n<b>7.7<\/b> N\u00f3i gekk \u00ed \u00f6rkina Matt 24.38 og hlst.<br \/>\n<b>7.11<\/b> Fl\u00f3\u00f0g\u00e1ttir himins 1M\u00f3s 8.2; 2Kon 7.2,19; Jes 24.18; Matt 3.10<br \/>\n<b>7.13<\/b> Sem, Kam og Jafet 1M\u00f3s 5.32<\/div>\n","protected":false},"excerpt":{"rendered":"<p>1Drottinn sag\u00f0i vi\u00f0 N\u00f3a: Gakk \u00fe\u00fa og allt f\u00f3lk \u00feitt \u00ed \u00f6rkina, \u00fev\u00ed a\u00f0 \u00feig hefi \u00e9g s\u00e9\u00f0 r\u00e9ttl\u00e1tan fyrir augliti m\u00ednu \u00ed \u00feessari kynsl\u00f3\u00f0.2Tak \u00fe\u00fa til \u00fe\u00edn af \u00f6llum hreinum d\u00fdrum sj\u00f6 og sj\u00f6, karld\u00fdr og kvend\u00fdr, en af \u00feeim d\u00fdrum, sem ekki eru hrein, tv\u00f6 og tv\u00f6, karld\u00fdr og kvend\u00fdr.3Einnig af fuglum loftsins sj\u00f6 og sj\u00f6, karlkyns og kvenkyns, til a\u00f0 vi\u00f0halda l\u00edfsstofni \u00e1 allri j\u00f6r\u00f0inni.4\u00dev\u00ed a\u00f0 sj\u00f6 d\u00f6gum li\u00f0num mun \u00e9g l\u00e1ta rigna \u00e1 j\u00f6r\u00f0ina fj\u00f6rut\u00edu daga og fj\u00f6rut\u00edu n\u00e6tur, og \u00e9g mun afm\u00e1 af j\u00f6r\u00f0inni s\u00e9rhverja skepnu, sem \u00e9g hefi gj\u00f6rt.5Og N\u00f3i gj\u00f6r\u00f0i allt eins og <a href=\"https:\/\/biblian.is\/1981\/fyrsta-mosebok-7-kafli\/\"> [&#8230;]<\/a><\/p>\n","protected":false},"author":1,"featured_media":0,"parent":0,"menu_order":0,"comment_status":"open","ping_status":"open","template":"bibliukaflar.php","meta":{"footnotes":""},"class_list":["post-1353","page","type-page","status-publish","hentry"],"_links":{"self":[{"href":"https:\/\/biblian.is\/1981\/wp-json\/wp\/v2\/pages\/1353","targetHints":{"allow":["GET"]}}],"collection":[{"href":"https:\/\/biblian.is\/1981\/wp-json\/wp\/v2\/pages"}],"about":[{"href":"https:\/\/biblian.is\/1981\/wp-json\/wp\/v2\/types\/page"}],"author":[{"embeddable":true,"href":"https:\/\/biblian.is\/1981\/wp-json\/wp\/v2\/users\/1"}],"replies":[{"embeddable":true,"href":"https:\/\/biblian.is\/1981\/wp-json\/wp\/v2\/comments?post=1353"}],"version-history":[{"count":0,"href":"https:\/\/biblian.is\/1981\/wp-json\/wp\/v2\/pages\/1353\/revisions"}],"wp:attachment":[{"href":"https:\/\/biblian.is\/1981\/wp-json\/wp\/v2\/media?parent=1353"}],"curies":[{"name":"wp","href":"https:\/\/api.w.org\/{rel}","templated":true}]}}