{"id":1352,"date":"2017-11-18T20:17:04","date_gmt":"2017-11-18T20:17:04","guid":{"rendered":"http:\/\/biblian.is\/1981\/fyrsta-mosebok-6-kafli\/"},"modified":"2021-06-06T10:55:47","modified_gmt":"2021-06-06T10:55:47","slug":"fyrsta-mosebok-6-kafli","status":"publish","type":"page","link":"https:\/\/biblian.is\/1981\/fyrsta-mosebok-6-kafli\/","title":{"rendered":"Fyrsta M\u00f3seb\u00f3k 6. kafli"},"content":{"rendered":"<p><a name=\"1\"><span class=\"versanumer\">1<\/span><\/a>Er m\u00f6nnunum t\u00f3k a\u00f0 fj\u00f6lga \u00e1 j\u00f6r\u00f0inni og \u00feeim f\u00e6ddust d\u00e6tur,<a name=\"2\"><span class=\"versanumer\">2<\/span><\/a>s\u00e1u synir Gu\u00f0s, a\u00f0 d\u00e6tur mannanna voru fr\u00ed\u00f0ar, og t\u00f3ku s\u00e9r konur me\u00f0al \u00feeirra, allar sem \u00feeim ge\u00f0ju\u00f0ust.<a name=\"3\"><span class=\"versanumer\">3<\/span><\/a>\u00de\u00e1 sag\u00f0i Drottinn: Andi minn skal ekki \u00e6vinlega b\u00faa \u00ed manninum, me\u00f0 \u00fev\u00ed a\u00f0 hann einnig er hold. Veri dagar hans n\u00fa hundra\u00f0 og tuttugu \u00e1r.<a name=\"4\"><span class=\"versanumer\">4<\/span><\/a>\u00c1 \u00feeim t\u00edmum voru risarnir \u00e1 j\u00f6r\u00f0inni, og einnig s\u00ed\u00f0ar, er synir Gu\u00f0s h\u00f6f\u00f0u samfarir vi\u00f0 d\u00e6tur mannanna og \u00fe\u00e6r f\u00e6ddu \u00feeim sonu. \u00dea\u00f0 eru kapparnir, sem \u00ed fyrndinni voru v\u00ed\u00f0fr\u00e6gir.<a name=\"5\"><span class=\"versanumer\">5<\/span><\/a>Er Drottinn s\u00e1, a\u00f0 illska mannsins var mikil \u00e1 j\u00f6r\u00f0inni og a\u00f0 allar hugrenningar hjarta hans voru ekki anna\u00f0 en illska alla daga,<a name=\"6\"><span class=\"versanumer\">6<\/span><\/a>\u00fe\u00e1 i\u00f0ra\u00f0ist Drottinn \u00feess, a\u00f0 hann haf\u00f0i skapa\u00f0 mennina \u00e1 j\u00f6r\u00f0inni, og honum s\u00e1rna\u00f0i \u00fea\u00f0 \u00ed hjarta s\u00ednu.<a name=\"7\"><span class=\"versanumer\">7<\/span><\/a>Og Drottinn sag\u00f0i: \u00c9g vil afm\u00e1 af j\u00f6r\u00f0inni mennina, sem \u00e9g skapa\u00f0i, b\u00e6\u00f0i mennina, f\u00e9na\u00f0inn, skri\u00f0kvikindin og fugla loftsins, \u00fev\u00ed a\u00f0 mig i\u00f0rar, a\u00f0 \u00e9g hefi skapa\u00f0 \u00feau.<a name=\"8\"><span class=\"versanumer\">8<\/span><\/a>En N\u00f3i fann n\u00e1\u00f0 \u00ed augum Drottins.<a name=\"9\"><span class=\"versanumer\">9<\/span><\/a>\u00deetta er saga N\u00f3a: N\u00f3i var ma\u00f0ur r\u00e9ttl\u00e1tur og vanda\u00f0ur \u00e1 sinni \u00f6ld. N\u00f3i gekk me\u00f0 Gu\u00f0i.<a name=\"10\"><span class=\"versanumer\">10<\/span><\/a>Og N\u00f3i gat \u00ferj\u00e1 sonu: Sem, Kam og Jafet.<a name=\"11\"><span class=\"versanumer\">11<\/span><\/a>J\u00f6r\u00f0in var spillt \u00ed augs\u00fdn Gu\u00f0s, og j\u00f6r\u00f0in fylltist gl\u00e6paverkum.<a name=\"12\"><span class=\"versanumer\">12<\/span><\/a>Og Gu\u00f0 leit \u00e1 j\u00f6r\u00f0ina, og sj\u00e1, h\u00fan var spillt or\u00f0in, \u00fev\u00ed a\u00f0 allt hold haf\u00f0i spillt vegum s\u00ednum \u00e1 j\u00f6r\u00f0inni.<a name=\"13\"><span class=\"versanumer\">13<\/span><\/a>\u00de\u00e1 m\u00e6lti Gu\u00f0 vi\u00f0 N\u00f3a: Endir alls holds er kominn fyrir minni augs\u00fdn, \u00fev\u00ed a\u00f0 j\u00f6r\u00f0in er full af gl\u00e6paverkum \u00feeirra. Sj\u00e1, \u00e9g vil afm\u00e1 \u00fe\u00e1 af j\u00f6r\u00f0inni.<a name=\"14\"><span class=\"versanumer\">14<\/span><\/a>Gj\u00f6r \u00fe\u00fa \u00fe\u00e9r \u00f6rk af g\u00f3fervi\u00f0i. Sm\u00e1h\u00fdsi skalt \u00fe\u00fa gj\u00f6ra \u00ed \u00f6rkinni og br\u00e6\u00f0a hana biki utan og innan.<a name=\"15\"><span class=\"versanumer\">15<\/span><\/a>Og gj\u00f6r hana svo: Lengd arkarinnar s\u00e9 \u00ferj\u00fa hundru\u00f0 \u00e1lnir, breidd hennar fimmt\u00edu \u00e1lnir og h\u00e6\u00f0 hennar \u00ferj\u00e1t\u00edu \u00e1lnir.<a name=\"16\"><span class=\"versanumer\">16<\/span><\/a>Glugga skalt \u00fe\u00fa gj\u00f6ra \u00e1 \u00f6rkinni og b\u00faa hann til \u00e1 henni ofanver\u00f0ri, allt a\u00f0 alin \u00e1 h\u00e6\u00f0, og dyr arkarinnar skalt \u00fe\u00fa setja \u00e1 hli\u00f0 hennar og b\u00faa til \u00ferj\u00fa loft \u00ed henni: ne\u00f0st, \u00ed mi\u00f0ju og efst.<a name=\"17\"><span class=\"versanumer\">17<\/span><\/a>\u00dev\u00ed sj\u00e1, \u00e9g l\u00e6t vatnsfl\u00f3\u00f0 koma yfir j\u00f6r\u00f0ina til a\u00f0 tort\u00edma \u00f6llu holdi undir himninum, sem l\u00edfsandi er \u00ed. Allt, sem \u00e1 j\u00f6r\u00f0inni er, skal deyja.<a name=\"18\"><span class=\"versanumer\">18<\/span><\/a>En vi\u00f0 \u00feig mun \u00e9g gj\u00f6ra s\u00e1ttm\u00e1la minn, og \u00fe\u00fa skalt ganga \u00ed \u00f6rkina, \u00fe\u00fa og synir \u00fe\u00ednir, og kona \u00fe\u00edn og sonakonur \u00fe\u00ednar me\u00f0 \u00fe\u00e9r.<a name=\"19\"><span class=\"versanumer\">19<\/span><\/a>Af \u00f6llum lifandi skepnum, af \u00f6llu holdi, skalt \u00fe\u00fa l\u00e1ta inn \u00ed \u00f6rkina tvennt af hverju, svo a\u00f0 \u00fea\u00f0 haldi l\u00edfi me\u00f0 \u00fe\u00e9r. Karld\u00fdr og kvend\u00fdr skulu \u00feau vera:<a name=\"20\"><span class=\"versanumer\">20<\/span><\/a>Af fuglunum eftir \u00feeirra tegund, af f\u00e9na\u00f0inum eftir hans tegund og af \u00f6llum skri\u00f0kvikindum jar\u00f0arinnar eftir \u00feeirra tegund. Tvennt af \u00f6llu skal til \u00fe\u00edn inn ganga, til \u00feess a\u00f0 \u00fea\u00f0 haldi l\u00edfi.<a name=\"21\"><span class=\"versanumer\">21<\/span><\/a>En tak \u00fe\u00fa \u00fe\u00e9r af allri f\u00e6\u00f0u, sem etin er, og safna a\u00f0 \u00fe\u00e9r, a\u00f0 \u00fea\u00f0 s\u00e9 \u00fe\u00e9r og \u00feeim til vi\u00f0urv\u00e6ris.<a name=\"22\"><span class=\"versanumer\">22<\/span><\/a>Og N\u00f3i gj\u00f6r\u00f0i svo. Allt gj\u00f6r\u00f0i hann eins og Gu\u00f0 bau\u00f0 honum.<\/p>\n<div class=\"footnote1981\"><b>6.2<\/b> Gu\u00f0asynir Slm 82.1,6; Job 1.6; 2.1; 38.7; Dan 3.25<br \/>\n<b>6.3<\/b> Dau\u00f0legur (hold) J\u00f3h 3.5-6<br \/>\n<b>6.4<\/b> Risar 4M\u00f3s 13.32-33; 5M\u00f3s 2.10; S\u00edr 16.7; Bar 3.26-28<br \/>\n<b>6.5<\/b> Illska mannsins 1M\u00f3s 6.11-13; 18.20; Jer 5.1-5; 6.28; J\u00f3n 1.2; Slm 14.2-3 \u2013 illar hneig\u00f0ir 1M\u00f3s 8.21<br \/>\n<b>6.6<\/b> Drottinn i\u00f0rast 2M\u00f3s 32.12-14; 1Sam 15.11,35; Jer 18.8-10<br \/>\n<b>6.8<\/b> Finna n\u00e1\u00f0 1M\u00f3s 19.19; 2M\u00f3s 33.12-17; 4M\u00f3s 11.15; L\u00fak 1.30<br \/>\n<b>6.9<\/b> N\u00f3i S\u00edr 44.17-18; Heb 11.7; 2P\u00e9t 2.5 \u2013 r\u00e9ttl\u00e1tur 1M\u00f3s 7.1; Esk 14.14,20; SSal 10.4<br \/>\n<b>6.10<\/b> Sem, Kam og Jafet 1M\u00f3s 5.32+<br \/>\n<b>6.11<\/b> J\u00f6r\u00f0in full rangl\u00e6ti 1M\u00f3s 6.5+<br \/>\n<b>6.14<\/b> \u00d6rk Matt 24.38; 1P\u00e9t 3.20<br \/>\n<b>6.17<\/b> Fl\u00f3\u00f0 Slm 29.10; 93.2-4; SSal 10.4<br \/>\n<b>6.18<\/b> S\u00e1ttm\u00e1li Gu\u00f0s 1M\u00f3s 9.9; 15.18; 17.2<\/div>\n","protected":false},"excerpt":{"rendered":"<p>1Er m\u00f6nnunum t\u00f3k a\u00f0 fj\u00f6lga \u00e1 j\u00f6r\u00f0inni og \u00feeim f\u00e6ddust d\u00e6tur,2s\u00e1u synir Gu\u00f0s, a\u00f0 d\u00e6tur mannanna voru fr\u00ed\u00f0ar, og t\u00f3ku s\u00e9r konur me\u00f0al \u00feeirra, allar sem \u00feeim ge\u00f0ju\u00f0ust.3\u00de\u00e1 sag\u00f0i Drottinn: Andi minn skal ekki \u00e6vinlega b\u00faa \u00ed manninum, me\u00f0 \u00fev\u00ed a\u00f0 hann einnig er hold. Veri dagar hans n\u00fa hundra\u00f0 og tuttugu \u00e1r.4\u00c1 \u00feeim t\u00edmum voru risarnir \u00e1 j\u00f6r\u00f0inni, og einnig s\u00ed\u00f0ar, er synir Gu\u00f0s h\u00f6f\u00f0u samfarir vi\u00f0 d\u00e6tur mannanna og \u00fe\u00e6r f\u00e6ddu \u00feeim sonu. \u00dea\u00f0 eru kapparnir, sem \u00ed fyrndinni voru v\u00ed\u00f0fr\u00e6gir.5Er Drottinn s\u00e1, a\u00f0 illska mannsins var mikil \u00e1 j\u00f6r\u00f0inni og a\u00f0 allar hugrenningar hjarta hans voru ekki <a href=\"https:\/\/biblian.is\/1981\/fyrsta-mosebok-6-kafli\/\"> [&#8230;]<\/a><\/p>\n","protected":false},"author":1,"featured_media":0,"parent":0,"menu_order":0,"comment_status":"open","ping_status":"open","template":"bibliukaflar.php","meta":{"footnotes":""},"class_list":["post-1352","page","type-page","status-publish","hentry"],"_links":{"self":[{"href":"https:\/\/biblian.is\/1981\/wp-json\/wp\/v2\/pages\/1352","targetHints":{"allow":["GET"]}}],"collection":[{"href":"https:\/\/biblian.is\/1981\/wp-json\/wp\/v2\/pages"}],"about":[{"href":"https:\/\/biblian.is\/1981\/wp-json\/wp\/v2\/types\/page"}],"author":[{"embeddable":true,"href":"https:\/\/biblian.is\/1981\/wp-json\/wp\/v2\/users\/1"}],"replies":[{"embeddable":true,"href":"https:\/\/biblian.is\/1981\/wp-json\/wp\/v2\/comments?post=1352"}],"version-history":[{"count":0,"href":"https:\/\/biblian.is\/1981\/wp-json\/wp\/v2\/pages\/1352\/revisions"}],"wp:attachment":[{"href":"https:\/\/biblian.is\/1981\/wp-json\/wp\/v2\/media?parent=1352"}],"curies":[{"name":"wp","href":"https:\/\/api.w.org\/{rel}","templated":true}]}}