{"id":1351,"date":"2017-11-18T20:17:04","date_gmt":"2017-11-18T20:17:04","guid":{"rendered":"http:\/\/biblian.is\/1981\/fyrsta-mosebok-5-kafli\/"},"modified":"2021-06-06T10:55:28","modified_gmt":"2021-06-06T10:55:28","slug":"fyrsta-mosebok-5-kafli","status":"publish","type":"page","link":"https:\/\/biblian.is\/1981\/fyrsta-mosebok-5-kafli\/","title":{"rendered":"Fyrsta M\u00f3seb\u00f3k 5. kafli"},"content":{"rendered":"<p><a name=\"1\"><span class=\"versanumer\">1<\/span><\/a>\u00deetta er \u00e6ttarskr\u00e1 Adams: \u00deegar Gu\u00f0 skapa\u00f0i Adam, gj\u00f6r\u00f0i Gu\u00f0 hann s\u00e9r l\u00edkan.<a name=\"2\"><span class=\"versanumer\">2<\/span><\/a>Hann sk\u00f3p \u00feau mann og konu og blessa\u00f0i \u00feau og nefndi \u00feau menn, er \u00feau voru sk\u00f6pu\u00f0.<a name=\"3\"><span class=\"versanumer\">3<\/span><\/a>Adam lif\u00f0i hundra\u00f0 og \u00ferj\u00e1t\u00edu \u00e1r. \u00de\u00e1 gat hann son \u00ed l\u00edking sinni, eftir sinni mynd, og nefndi hann Set.<a name=\"4\"><span class=\"versanumer\">4<\/span><\/a>Og dagar Adams, eftir a\u00f0 hann gat Set, voru \u00e1tta hundru\u00f0 \u00e1r, og hann gat sonu og d\u00e6tur.<a name=\"5\"><span class=\"versanumer\">5<\/span><\/a>Og allir dagar Adams, sem hann lif\u00f0i, voru n\u00edu hundru\u00f0 og \u00ferj\u00e1t\u00edu \u00e1r. \u00de\u00e1 d\u00f3 hann.<a name=\"6\"><span class=\"versanumer\">6<\/span><\/a>\u00deegar Set var or\u00f0inn hundra\u00f0 og fimm \u00e1ra gamall gat hann Enos.<a name=\"7\"><span class=\"versanumer\">7<\/span><\/a>Eftir a\u00f0 Set gat Enos lif\u00f0i hann \u00e1tta hundru\u00f0 og sj\u00f6 \u00e1r og gat sonu og d\u00e6tur.<a name=\"8\"><span class=\"versanumer\">8<\/span><\/a>Og allir dagar Sets voru n\u00edu hundru\u00f0 og t\u00f3lf \u00e1r, \u00fe\u00e1 anda\u00f0ist hann.<a name=\"9\"><span class=\"versanumer\">9<\/span><\/a>Enos var n\u00edut\u00edu \u00e1ra, er hann gat Kenan.<a name=\"10\"><span class=\"versanumer\">10<\/span><\/a>Og eftir a\u00f0 Enos gat Kenan lif\u00f0i hann \u00e1tta hundru\u00f0 og fimmt\u00e1n \u00e1r og gat sonu og d\u00e6tur.<a name=\"11\"><span class=\"versanumer\">11<\/span><\/a>Og allir dagar Enoss voru n\u00edu hundru\u00f0 og fimm \u00e1r, \u00fe\u00e1 anda\u00f0ist hann.<a name=\"12\"><span class=\"versanumer\">12<\/span><\/a>\u00de\u00e1 er Kenan var sj\u00f6t\u00edu \u00e1ra, gat hann Mahalalel.<a name=\"13\"><span class=\"versanumer\">13<\/span><\/a>Og Kenan lif\u00f0i, eftir a\u00f0 hann gat Mahalalel, \u00e1tta hundru\u00f0 og fj\u00f6rut\u00edu \u00e1r og gat sonu og d\u00e6tur.<a name=\"14\"><span class=\"versanumer\">14<\/span><\/a>Og allir dagar Kenans ur\u00f0u n\u00edu hundru\u00f0 og t\u00edu \u00e1r, \u00fe\u00e1 anda\u00f0ist hann.<a name=\"15\"><span class=\"versanumer\">15<\/span><\/a>Er Mahalalel var sext\u00edu og fimm \u00e1ra, gat hann Jared.<a name=\"16\"><span class=\"versanumer\">16<\/span><\/a>Og Mahalalel lif\u00f0i, eftir a\u00f0 hann gat Jared, \u00e1tta hundru\u00f0 og \u00ferj\u00e1t\u00edu \u00e1r og gat sonu og d\u00e6tur.<a name=\"17\"><span class=\"versanumer\">17<\/span><\/a>Og allir dagar Mahalalels voru \u00e1tta hundru\u00f0 n\u00edut\u00edu og fimm \u00e1r, \u00fe\u00e1 anda\u00f0ist hann.<a name=\"18\"><span class=\"versanumer\">18<\/span><\/a>Er Jared var hundra\u00f0 sext\u00edu og tveggja \u00e1ra, gat hann Enok.<a name=\"19\"><span class=\"versanumer\">19<\/span><\/a>Og Jared lif\u00f0i, eftir a\u00f0 hann gat Enok, \u00e1tta hundru\u00f0 \u00e1r og gat sonu og d\u00e6tur.<a name=\"20\"><span class=\"versanumer\">20<\/span><\/a>Og allir dagar Jareds voru n\u00edu hundru\u00f0 sext\u00edu og tv\u00f6 \u00e1r, \u00fe\u00e1 anda\u00f0ist hann.<a name=\"21\"><span class=\"versanumer\">21<\/span><\/a>Er Enok var sext\u00edu og fimm \u00e1ra, gat hann Met\u00fasala.<a name=\"22\"><span class=\"versanumer\">22<\/span><\/a>Og eftir a\u00f0 Enok gat Met\u00fasala gekk hann me\u00f0 Gu\u00f0i \u00ferj\u00fa hundru\u00f0 \u00e1r og gat sonu og d\u00e6tur.<a name=\"23\"><span class=\"versanumer\">23<\/span><\/a>Og allir dagar Enoks voru \u00ferj\u00fa hundru\u00f0 sext\u00edu og fimm \u00e1r.<a name=\"24\"><span class=\"versanumer\">24<\/span><\/a>Og Enok gekk me\u00f0 Gu\u00f0i og hvarf, af \u00fev\u00ed a\u00f0 Gu\u00f0 nam hann burt.<a name=\"25\"><span class=\"versanumer\">25<\/span><\/a>Er Met\u00fasala var hundra\u00f0 \u00e1ttat\u00edu og sj\u00f6 \u00e1ra, gat hann Lamek.<a name=\"26\"><span class=\"versanumer\">26<\/span><\/a>Og Met\u00fasala lif\u00f0i, eftir a\u00f0 hann gat Lamek, sj\u00f6 hundru\u00f0 \u00e1ttat\u00edu og tv\u00f6 \u00e1r og gat sonu og d\u00e6tur.<a name=\"27\"><span class=\"versanumer\">27<\/span><\/a>Og allir dagar Met\u00fasala voru n\u00edu hundru\u00f0 sext\u00edu og n\u00edu \u00e1r, \u00fe\u00e1 anda\u00f0ist hann.<a name=\"28\"><span class=\"versanumer\">28<\/span><\/a>Er Lamek var hundra\u00f0 \u00e1ttat\u00edu og tveggja \u00e1ra, gat hann son.<a name=\"29\"><span class=\"versanumer\">29<\/span><\/a>Og hann nefndi hann N\u00f3a og m\u00e6lti: \u00deessi mun hugga oss \u00ed erfi\u00f0i voru og striti handa vorra, er j\u00f6r\u00f0in, sem Drottinn b\u00f6lva\u00f0i, bakar oss.<a name=\"30\"><span class=\"versanumer\">30<\/span><\/a>Og Lamek lif\u00f0i, eftir a\u00f0 hann gat N\u00f3a, fimm hundru\u00f0 n\u00edut\u00edu og fimm \u00e1r og gat sonu og d\u00e6tur.<a name=\"31\"><span class=\"versanumer\">31<\/span><\/a>Og allir dagar Lameks voru sj\u00f6 hundru\u00f0 sj\u00f6t\u00edu og sj\u00f6 \u00e1r, \u00fe\u00e1 anda\u00f0ist hann.<a name=\"32\"><span class=\"versanumer\">32<\/span><\/a>Og er N\u00f3i var fimm hundru\u00f0 \u00e1ra, gat hann Sem, Kam og Jafet.<\/p>\n<div class=\"footnote1981\"><b>5.1-32<\/b> \u00c6ttartala 1Kro 1.1-4; L\u00fak 3.36-38<br \/>\n<b>5.1<\/b> Ma\u00f0urinn, Adam 1M\u00f3s 1.26,27+<br \/>\n<b>5.21-24<\/b> Enok Heb 11.5+; J\u00fad 14<br \/>\n<b>5.32<\/b> Sem, Kam og Jafet 1M\u00f3s 6.10; 7.13; 9.18; 10.1<\/div>\n","protected":false},"excerpt":{"rendered":"<p>1\u00deetta er \u00e6ttarskr\u00e1 Adams: \u00deegar Gu\u00f0 skapa\u00f0i Adam, gj\u00f6r\u00f0i Gu\u00f0 hann s\u00e9r l\u00edkan.2Hann sk\u00f3p \u00feau mann og konu og blessa\u00f0i \u00feau og nefndi \u00feau menn, er \u00feau voru sk\u00f6pu\u00f0.3Adam lif\u00f0i hundra\u00f0 og \u00ferj\u00e1t\u00edu \u00e1r. \u00de\u00e1 gat hann son \u00ed l\u00edking sinni, eftir sinni mynd, og nefndi hann Set.4Og dagar Adams, eftir a\u00f0 hann gat Set, voru \u00e1tta hundru\u00f0 \u00e1r, og hann gat sonu og d\u00e6tur.5Og allir dagar Adams, sem hann lif\u00f0i, voru n\u00edu hundru\u00f0 og \u00ferj\u00e1t\u00edu \u00e1r. \u00de\u00e1 d\u00f3 hann.6\u00deegar Set var or\u00f0inn hundra\u00f0 og fimm \u00e1ra gamall gat hann Enos.7Eftir a\u00f0 Set gat Enos lif\u00f0i hann \u00e1tta hundru\u00f0 og <a href=\"https:\/\/biblian.is\/1981\/fyrsta-mosebok-5-kafli\/\"> [&#8230;]<\/a><\/p>\n","protected":false},"author":1,"featured_media":0,"parent":0,"menu_order":0,"comment_status":"open","ping_status":"open","template":"bibliukaflar.php","meta":{"footnotes":""},"class_list":["post-1351","page","type-page","status-publish","hentry"],"_links":{"self":[{"href":"https:\/\/biblian.is\/1981\/wp-json\/wp\/v2\/pages\/1351","targetHints":{"allow":["GET"]}}],"collection":[{"href":"https:\/\/biblian.is\/1981\/wp-json\/wp\/v2\/pages"}],"about":[{"href":"https:\/\/biblian.is\/1981\/wp-json\/wp\/v2\/types\/page"}],"author":[{"embeddable":true,"href":"https:\/\/biblian.is\/1981\/wp-json\/wp\/v2\/users\/1"}],"replies":[{"embeddable":true,"href":"https:\/\/biblian.is\/1981\/wp-json\/wp\/v2\/comments?post=1351"}],"version-history":[{"count":0,"href":"https:\/\/biblian.is\/1981\/wp-json\/wp\/v2\/pages\/1351\/revisions"}],"wp:attachment":[{"href":"https:\/\/biblian.is\/1981\/wp-json\/wp\/v2\/media?parent=1351"}],"curies":[{"name":"wp","href":"https:\/\/api.w.org\/{rel}","templated":true}]}}