{"id":1350,"date":"2017-11-18T20:17:04","date_gmt":"2017-11-18T20:17:04","guid":{"rendered":"http:\/\/biblian.is\/1981\/fyrsta-mosebok-4-kafli\/"},"modified":"2017-11-18T20:17:04","modified_gmt":"2017-11-18T20:17:04","slug":"fyrsta-mosebok-4-kafli","status":"publish","type":"page","link":"https:\/\/biblian.is\/1981\/fyrsta-mosebok-4-kafli\/","title":{"rendered":"Fyrsta M\u00f3seb\u00f3k 4. kafli"},"content":{"rendered":"<p><a name=\"1\"><span class=\"versanumer\">1<\/span><\/a>Ma\u00f0urinn kenndi konu sinnar Evu, og h\u00fan var\u00f0 \u00feungu\u00f0 og f\u00e6ddi Kain og m\u00e6lti: Sveinbarn hefi \u00e9g eignast me\u00f0 hj\u00e1lp Drottins.<a name=\"2\"><span class=\"versanumer\">2<\/span><\/a>Og h\u00fan f\u00e6ddi anna\u00f0 sinn, br\u00f3\u00f0ur hans, Abel. Abel var\u00f0 hjar\u00f0ma\u00f0ur, en Kain jar\u00f0yrkjuma\u00f0ur.<a name=\"3\"><span class=\"versanumer\">3<\/span><\/a>Og er fram li\u00f0u stundir, f\u00e6r\u00f0i Kain Drottni f\u00f3rn af \u00e1vexti jar\u00f0arinnar.<a name=\"4\"><span class=\"versanumer\">4<\/span><\/a>En Abel f\u00e6r\u00f0i einnig f\u00f3rn af frumbur\u00f0um hjar\u00f0ar sinnar og af feiti \u00feeirra.<a name=\"5\"><span class=\"versanumer\">5<\/span><\/a>Og Drottinn leit me\u00f0 vel\u00fe\u00f3knun til Abels og f\u00f3rnar hans, en til Kains og f\u00f3rnar hans leit hann ekki me\u00f0 vel\u00fe\u00f3knun. \u00de\u00e1 reiddist Kain \u00e1kaflega og var\u00f0 ni\u00f0url\u00fatur.<a name=\"6\"><span class=\"versanumer\">6<\/span><\/a>\u00de\u00e1 m\u00e6lti Drottinn til Kains: Hv\u00ed rei\u00f0ist \u00fe\u00fa, og hv\u00ed ert \u00fe\u00fa ni\u00f0url\u00fatur?<a name=\"7\"><span class=\"versanumer\">7<\/span><\/a>Er \u00fev\u00ed ekki \u00feannig fari\u00f0: Ef \u00fe\u00fa gj\u00f6rir r\u00e9tt, \u00fe\u00e1 getur \u00fe\u00fa veri\u00f0 upplitsdjarfur, en ef \u00fe\u00fa gj\u00f6rir ekki r\u00e9tt, \u00fe\u00e1 liggur syndin vi\u00f0 dyrnar og hefir hug \u00e1 \u00fe\u00e9r, en \u00fe\u00fa \u00e1tt a\u00f0 drottna yfir henni?<a name=\"8\"><span class=\"versanumer\">8<\/span><\/a>\u00de\u00e1 sag\u00f0i Kain vi\u00f0 Abel br\u00f3\u00f0ur sinn: G\u00f6ngum \u00fat \u00e1 akurinn! Og er \u00feeir voru \u00e1 akrinum, r\u00e9\u00f0st Kain \u00e1 Abel br\u00f3\u00f0ur sinn og drap hann.<a name=\"9\"><span class=\"versanumer\">9<\/span><\/a>\u00de\u00e1 sag\u00f0i Drottinn vi\u00f0 Kain: Hvar er Abel br\u00f3\u00f0ir \u00feinn? En hann m\u00e6lti: \u00dea\u00f0 veit \u00e9g ekki. \u00c1 \u00e9g a\u00f0 g\u00e6ta br\u00f3\u00f0ur m\u00edns?<a name=\"10\"><span class=\"versanumer\">10<\/span><\/a>Og Drottinn sag\u00f0i: Hva\u00f0 hefir \u00fe\u00fa gj\u00f6rt? Heyr, bl\u00f3\u00f0 br\u00f3\u00f0ur \u00fe\u00edns hr\u00f3par til m\u00edn af j\u00f6r\u00f0inni!<a name=\"11\"><span class=\"versanumer\">11<\/span><\/a>Og skalt \u00fe\u00fa n\u00fa vera b\u00f6lva\u00f0ur og burt rekinn af akurlendinu, sem opna\u00f0i munn sinn til a\u00f0 taka \u00e1 m\u00f3ti bl\u00f3\u00f0i br\u00f3\u00f0ur \u00fe\u00edns af \u00feinni hendi.<a name=\"12\"><span class=\"versanumer\">12<\/span><\/a>\u00deegar \u00fe\u00fa yrkir akurlendi\u00f0, skal \u00fea\u00f0 eigi framar gefa \u00fe\u00e9r gr\u00f3\u00f0ur sinn. Landfl\u00f3tta og flakkandi skalt \u00fe\u00fa vera \u00e1 j\u00f6r\u00f0inni.<a name=\"13\"><span class=\"versanumer\">13<\/span><\/a>Og Kain sag\u00f0i vi\u00f0 Drottin: Sekt m\u00edn er meiri en svo, a\u00f0 \u00e9g f\u00e1i bori\u00f0 hana!<a name=\"14\"><span class=\"versanumer\">14<\/span><\/a>Sj\u00e1, n\u00fa rekur \u00fe\u00fa mig burt af akurlendinu, og \u00e9g ver\u00f0 a\u00f0 felast fyrir augliti \u00fe\u00ednu og vera landfl\u00f3tta og flakkandi \u00e1 j\u00f6r\u00f0inni, og hver, sem hittir mig, mun drepa mig.<a name=\"15\"><span class=\"versanumer\">15<\/span><\/a>\u00de\u00e1 sag\u00f0i Drottinn vi\u00f0 hann: Fyrir \u00fev\u00ed skal hver, sem drepur Kain, s\u00e6ta sj\u00f6faldri hegningu. Og Drottinn setti Kain merki \u00feess, a\u00f0 enginn, sem hitti hann, skyldi drepa hann.<a name=\"16\"><span class=\"versanumer\">16<\/span><\/a>\u00de\u00e1 gekk Kain burt fr\u00e1 augliti Drottins og settist a\u00f0 \u00ed landinu N\u00f3d fyrir austan Eden.<a name=\"17\"><span class=\"versanumer\">17<\/span><\/a>Kain kenndi konu sinnar, og h\u00fan var\u00f0 \u00feungu\u00f0 og f\u00e6ddi Henok. En hann var a\u00f0 byggja borg og nefndi borgina eftir nafni sonar s\u00edns Henok.<a name=\"18\"><span class=\"versanumer\">18<\/span><\/a>Og Henoki f\u00e6ddist \u00cdrad, og \u00cdrad gat Meh\u00fajael, og Meh\u00fajael gat Met\u00fasael, og Met\u00fasael gat Lamek.<a name=\"19\"><span class=\"versanumer\">19<\/span><\/a>Lamek t\u00f3k s\u00e9r tv\u00e6r konur. H\u00e9t \u00f6nnur Ada, en hin Silla.<a name=\"20\"><span class=\"versanumer\">20<\/span><\/a>Og Ada \u00f3l Jabal. Hann var\u00f0 \u00e6ttfa\u00f0ir \u00feeirra, sem \u00ed tj\u00f6ldum b\u00faa og f\u00e9na\u00f0 eiga.<a name=\"21\"><span class=\"versanumer\">21<\/span><\/a>En br\u00f3\u00f0ir hans h\u00e9t J\u00fabal. Hann var\u00f0 \u00e6ttfa\u00f0ir allra \u00feeirra, sem leika \u00e1 g\u00edgjur og hjar\u00f0p\u00edpur.<a name=\"22\"><span class=\"versanumer\">22<\/span><\/a>Og Silla \u00f3l einnig son, T\u00fabal-Kain, sem sm\u00ed\u00f0a\u00f0i \u00far kopar og j\u00e1rni alls konar t\u00f3l. Og systir T\u00fabal-Kains var Naama.<a name=\"23\"><span class=\"versanumer\">23<\/span><\/a>Lamek sag\u00f0i vi\u00f0 konur s\u00ednar: Ada og Silla, heyri\u00f0 or\u00f0 m\u00edn, konur Lameks, gefi\u00f0 gaum r\u00e6\u00f0u minni! Mann drep \u00e9g fyrir hvert mitt s\u00e1r og ungmenni fyrir hverja \u00fe\u00e1 skeinu, sem \u00e9g f\u00e6.<a name=\"24\"><span class=\"versanumer\">24<\/span><\/a>Ver\u00f0i Kains hefnt sj\u00f6 sinnum, \u00fe\u00e1 skal Lameks hefnt ver\u00f0a sj\u00f6 og sj\u00f6t\u00edu sinnum!<a name=\"25\"><span class=\"versanumer\">25<\/span><\/a>Og Adam kenndi enn a\u00f0 n\u00fdju konu sinnar, og h\u00fan \u00f3l son og kalla\u00f0i hann Set. \u00dev\u00ed a\u00f0 n\u00fa hefir Gu\u00f0, kva\u00f0 h\u00fan, gefi\u00f0 m\u00e9r anna\u00f0 afkv\u00e6mi \u00ed sta\u00f0 Abels, \u00fear e\u00f0 Kain drap hann.<a name=\"26\"><span class=\"versanumer\">26<\/span><\/a>En Set f\u00e6ddist og sonur, og nefndi hann nafn hans Enos. \u00de\u00e1 h\u00f3fu menn a\u00f0 \u00e1kalla nafn Drottins.<\/p>\n<div class=\"footnote1981\"><b>4.4-5<\/b> F\u00f3rn Heb 11.4<br \/>\n<b>4.8<\/b> Kain drepur Abel 1J\u00f3h 3.12; J\u00fad 11<br \/>\n<b>4.10<\/b> Bl\u00f3\u00f0 Abels hr\u00f3par Matt 23.35 og hlst.; Heb 12.24<br \/>\n<b>4.14<\/b> Kv\u00ed\u00f0i Kains Job 15.20-24<br \/>\n<b>4.15<\/b> Merki 2M\u00f3s 12.7,13; Esk 9.4-6; Opb 7.3; 9.4<br \/>\n<b>4.24<\/b> Sj\u00f6 og sj\u00f6t\u00edu sinnum 1M\u00f3s 4.15<br \/>\n<b>4.26<\/b> Enos sonur Sets 1M\u00f3s 5.6; L\u00fak 3.38<\/div>\n","protected":false},"excerpt":{"rendered":"<p>1Ma\u00f0urinn kenndi konu sinnar Evu, og h\u00fan var\u00f0 \u00feungu\u00f0 og f\u00e6ddi Kain og m\u00e6lti: Sveinbarn hefi \u00e9g eignast me\u00f0 hj\u00e1lp Drottins.2Og h\u00fan f\u00e6ddi anna\u00f0 sinn, br\u00f3\u00f0ur hans, Abel. Abel var\u00f0 hjar\u00f0ma\u00f0ur, en Kain jar\u00f0yrkjuma\u00f0ur.3Og er fram li\u00f0u stundir, f\u00e6r\u00f0i Kain Drottni f\u00f3rn af \u00e1vexti jar\u00f0arinnar.4En Abel f\u00e6r\u00f0i einnig f\u00f3rn af frumbur\u00f0um hjar\u00f0ar sinnar og af feiti \u00feeirra.5Og Drottinn leit me\u00f0 vel\u00fe\u00f3knun til Abels og f\u00f3rnar hans, en til Kains og f\u00f3rnar hans leit hann ekki me\u00f0 vel\u00fe\u00f3knun. \u00de\u00e1 reiddist Kain \u00e1kaflega og var\u00f0 ni\u00f0url\u00fatur.6\u00de\u00e1 m\u00e6lti Drottinn til Kains: Hv\u00ed rei\u00f0ist \u00fe\u00fa, og hv\u00ed ert \u00fe\u00fa ni\u00f0url\u00fatur?7Er \u00fev\u00ed ekki \u00feannig fari\u00f0: <a href=\"https:\/\/biblian.is\/1981\/fyrsta-mosebok-4-kafli\/\"> [&#8230;]<\/a><\/p>\n","protected":false},"author":1,"featured_media":0,"parent":0,"menu_order":0,"comment_status":"open","ping_status":"open","template":"bibliukaflar.php","meta":{"footnotes":""},"class_list":["post-1350","page","type-page","status-publish","hentry"],"_links":{"self":[{"href":"https:\/\/biblian.is\/1981\/wp-json\/wp\/v2\/pages\/1350","targetHints":{"allow":["GET"]}}],"collection":[{"href":"https:\/\/biblian.is\/1981\/wp-json\/wp\/v2\/pages"}],"about":[{"href":"https:\/\/biblian.is\/1981\/wp-json\/wp\/v2\/types\/page"}],"author":[{"embeddable":true,"href":"https:\/\/biblian.is\/1981\/wp-json\/wp\/v2\/users\/1"}],"replies":[{"embeddable":true,"href":"https:\/\/biblian.is\/1981\/wp-json\/wp\/v2\/comments?post=1350"}],"version-history":[{"count":0,"href":"https:\/\/biblian.is\/1981\/wp-json\/wp\/v2\/pages\/1350\/revisions"}],"wp:attachment":[{"href":"https:\/\/biblian.is\/1981\/wp-json\/wp\/v2\/media?parent=1350"}],"curies":[{"name":"wp","href":"https:\/\/api.w.org\/{rel}","templated":true}]}}