{"id":1349,"date":"2017-11-18T20:17:04","date_gmt":"2017-11-18T20:17:04","guid":{"rendered":"http:\/\/biblian.is\/1981\/fyrsta-mosebok-3-kafli\/"},"modified":"2021-06-06T10:47:04","modified_gmt":"2021-06-06T10:47:04","slug":"fyrsta-mosebok-3-kafli","status":"publish","type":"page","link":"https:\/\/biblian.is\/1981\/fyrsta-mosebok-3-kafli\/","title":{"rendered":"Fyrsta M\u00f3seb\u00f3k 3. kafli"},"content":{"rendered":"<p><a name=\"1\"><span class=\"versanumer\">1<\/span><\/a>H\u00f6ggormurinn var sl\u00e6gari en \u00f6ll \u00f6nnur d\u00fdr merkurinnar, sem Drottinn Gu\u00f0 haf\u00f0i gj\u00f6rt. Og hann m\u00e6lti vi\u00f0 konuna: Er \u00fea\u00f0 satt, a\u00f0 Gu\u00f0 hafi sagt: \u00dei\u00f0 megi\u00f0 ekki eta af neinu tr\u00e9 \u00ed aldingar\u00f0inum?<a name=\"2\"><span class=\"versanumer\">2<\/span><\/a>\u00de\u00e1 sag\u00f0i konan vi\u00f0 h\u00f6ggorminn: Af \u00e1v\u00f6xtum trj\u00e1nna \u00ed aldingar\u00f0inum megum vi\u00f0 eta,<a name=\"3\"><span class=\"versanumer\">3<\/span><\/a>en af \u00e1vexti tr\u00e9sins, sem stendur \u00ed mi\u00f0jum aldingar\u00f0inum, af honum, sag\u00f0i Gu\u00f0, megi\u00f0 \u00fei\u00f0 ekki eta og ekki snerta hann, ella munu\u00f0 \u00fei\u00f0 deyja.<a name=\"4\"><span class=\"versanumer\">4<\/span><\/a>\u00de\u00e1 sag\u00f0i h\u00f6ggormurinn vi\u00f0 konuna: Vissulega munu\u00f0 \u00fei\u00f0 ekki deyja!<a name=\"5\"><span class=\"versanumer\">5<\/span><\/a>En Gu\u00f0 veit, a\u00f0 jafnskj\u00f3tt sem \u00fei\u00f0 eti\u00f0 af honum, munu augu ykkar upp lj\u00fakast, og \u00fei\u00f0 munu\u00f0 ver\u00f0a eins og Gu\u00f0 og vita skyn g\u00f3\u00f0s og ills.<a name=\"6\"><span class=\"versanumer\">6<\/span><\/a>En er konan s\u00e1, a\u00f0 tr\u00e9\u00f0 var gott a\u00f0 eta af, fagurt \u00e1 a\u00f0 l\u00edta og girnilegt til fr\u00f3\u00f0leiks, \u00fe\u00e1 t\u00f3k h\u00fan af \u00e1vexti \u00feess og \u00e1t, og h\u00fan gaf einnig manni s\u00ednum, sem me\u00f0 henni var, og hann \u00e1t.<a name=\"7\"><span class=\"versanumer\">7<\/span><\/a>\u00de\u00e1 lukust upp augu \u00feeirra beggja, og \u00feau ur\u00f0u \u00feess v\u00f6r, a\u00f0 \u00feau voru nakin, og \u00feau festu saman f\u00edkjuvi\u00f0arbl\u00f6\u00f0 og gj\u00f6r\u00f0u s\u00e9r mittissk\u00fdlur.<a name=\"8\"><span class=\"versanumer\">8<\/span><\/a>En er \u00feau heyr\u00f0u til Drottins Gu\u00f0s, sem var \u00e1 gangi \u00ed aldingar\u00f0inum \u00ed kveldsvalanum, \u00fe\u00e1 reyndi ma\u00f0urinn og kona hans a\u00f0 fela sig fyrir Drottni Gu\u00f0i millum trj\u00e1nna \u00ed aldingar\u00f0inum.<a name=\"9\"><span class=\"versanumer\">9<\/span><\/a>Drottinn Gu\u00f0 kalla\u00f0i \u00e1 manninn og sag\u00f0i vi\u00f0 hann: Hvar ertu?<a name=\"10\"><span class=\"versanumer\">10<\/span><\/a>Hann svara\u00f0i: \u00c9g heyr\u00f0i til \u00fe\u00edn \u00ed aldingar\u00f0inum og var\u00f0 hr\u00e6ddur, af \u00fev\u00ed a\u00f0 \u00e9g er nakinn, og \u00e9g faldi mig.<a name=\"11\"><span class=\"versanumer\">11<\/span><\/a>En hann m\u00e6lti: Hver hefir sagt \u00fe\u00e9r, a\u00f0 \u00fe\u00fa v\u00e6rir nakinn? Hefir \u00fe\u00fa eti\u00f0 af tr\u00e9nu, sem \u00e9g banna\u00f0i \u00fe\u00e9r a\u00f0 eta af?<a name=\"12\"><span class=\"versanumer\">12<\/span><\/a>\u00de\u00e1 svara\u00f0i ma\u00f0urinn: Konan, sem \u00fe\u00fa gafst m\u00e9r til samb\u00fa\u00f0ar, h\u00fan gaf m\u00e9r af tr\u00e9nu, og \u00e9g \u00e1t.<a name=\"13\"><span class=\"versanumer\">13<\/span><\/a>\u00de\u00e1 sag\u00f0i Drottinn Gu\u00f0 vi\u00f0 konuna: Hva\u00f0 hefir \u00fe\u00fa gj\u00f6rt? Og konan svara\u00f0i: H\u00f6ggormurinn t\u00e6ldi mig, svo a\u00f0 \u00e9g \u00e1t.<a name=\"14\"><span class=\"versanumer\">14<\/span><\/a>\u00de\u00e1 sag\u00f0i Drottinn Gu\u00f0 vi\u00f0 h\u00f6ggorminn: Af \u00fev\u00ed a\u00f0 \u00fe\u00fa gj\u00f6r\u00f0ir \u00feetta, skalt \u00fe\u00fa vera b\u00f6lva\u00f0ur me\u00f0al alls f\u00e9na\u00f0arins og allra d\u00fdra merkurinnar. \u00c1 kvi\u00f0i \u00fe\u00ednum skalt \u00fe\u00fa skr\u00ed\u00f0a og mold eta alla \u00fe\u00edna l\u00edfdaga.<a name=\"15\"><span class=\"versanumer\">15<\/span><\/a>Og fjandskap vil \u00e9g setja milli \u00fe\u00edn og konunnar, milli \u00fe\u00edns s\u00e6\u00f0is og hennar s\u00e6\u00f0is. \u00dea\u00f0 skal merja h\u00f6fu\u00f0 \u00feitt, og \u00fe\u00fa skalt merja h\u00e6l \u00feess.<a name=\"16\"><span class=\"versanumer\">16<\/span><\/a>En vi\u00f0 konuna sag\u00f0i hann: Mikla mun \u00e9g gj\u00f6ra \u00fej\u00e1ningu \u00fe\u00edna, er \u00fe\u00fa ver\u00f0ur barnshafandi. Me\u00f0 \u00feraut skalt \u00fe\u00fa b\u00f6rn f\u00e6\u00f0a, og \u00fe\u00f3 hafa l\u00f6ngun til manns \u00fe\u00edns, en hann skal drottna yfir \u00fe\u00e9r.<a name=\"17\"><span class=\"versanumer\">17<\/span><\/a>Og vi\u00f0 manninn sag\u00f0i hann: Af \u00fev\u00ed a\u00f0 \u00fe\u00fa hl\u00fdddir r\u00f6ddu konu \u00feinnar og \u00e1st af \u00fev\u00ed tr\u00e9, sem \u00e9g banna\u00f0i \u00fe\u00e9r, er \u00e9g sag\u00f0i: \u00de\u00fa m\u00e1tt ekki eta af \u00fev\u00ed, \u00fe\u00e1 s\u00e9 j\u00f6r\u00f0in b\u00f6lvu\u00f0 \u00fe\u00edn vegna. Me\u00f0 erfi\u00f0i skalt \u00fe\u00fa \u00feig af henni n\u00e6ra alla \u00fe\u00edna l\u00edfdaga.<a name=\"18\"><span class=\"versanumer\">18<\/span><\/a>\u00deyrna og \u00feistla skal h\u00fan bera \u00fe\u00e9r, og \u00fe\u00fa skalt eta jurtir merkurinnar.<a name=\"19\"><span class=\"versanumer\">19<\/span><\/a>\u00cd sveita andlitis \u00fe\u00edns skalt \u00fe\u00fa neyta brau\u00f0s \u00fe\u00edns, \u00feanga\u00f0 til \u00fe\u00fa hverfur aftur til jar\u00f0arinnar, \u00fev\u00ed a\u00f0 af henni ert \u00fe\u00fa tekinn. \u00dev\u00ed a\u00f0 mold ert \u00fe\u00fa og til moldar skalt \u00fe\u00fa aftur hverfa!<a name=\"20\"><span class=\"versanumer\">20<\/span><\/a>Og ma\u00f0urinn nefndi konu s\u00edna Evu, \u00fev\u00ed a\u00f0 h\u00fan var\u00f0 m\u00f3\u00f0ir allra, sem lifa.<a name=\"21\"><span class=\"versanumer\">21<\/span><\/a>Og Drottinn Gu\u00f0 gj\u00f6r\u00f0i manninum og konu hans skinnkyrtla og l\u00e9t \u00feau kl\u00e6\u00f0ast \u00feeim.<a name=\"22\"><span class=\"versanumer\">22<\/span><\/a>Drottinn Gu\u00f0 sag\u00f0i: Sj\u00e1, ma\u00f0urinn er or\u00f0inn sem einn af oss, \u00fear sem hann veit skyn g\u00f3\u00f0s og ills. A\u00f0eins a\u00f0 hann r\u00e9tti n\u00fa ekki \u00fat h\u00f6nd s\u00edna og taki einnig af l\u00edfsins tr\u00e9 og eti, og lifi eil\u00edflega!<a name=\"23\"><span class=\"versanumer\">23<\/span><\/a>\u00de\u00e1 l\u00e9t Drottinn Gu\u00f0 hann \u00ed burt fara \u00far aldingar\u00f0inum Eden til a\u00f0 yrkja j\u00f6r\u00f0ina, sem hann var tekinn af.<a name=\"24\"><span class=\"versanumer\">24<\/span><\/a>Og hann rak manninn burt og setti ker\u00fabana fyrir austan Edengar\u00f0 og loga hins sveipanda sver\u00f0s til a\u00f0 geyma vegarins a\u00f0 l\u00edfsins tr\u00e9.<\/p>\n<div class=\"footnote1981\"><b>3.1<\/b> H\u00f6ggormurinn SSal 2.24; J\u00f3h 8.44+ ; Opb 20.2<br \/>\n<b>3.5<\/b> Eins og Gu\u00f0 1M\u00f3s 3.22; sbr Jes 14.14; Esk 28.2; 2\u00deess 2.4<br \/>\n<b>3.6<\/b> Freisting Jak 1.13-15<br \/>\n<b>3.8<\/b> Blyg\u00f0un 2Sam 10.4-5; Opb 3.18; 16.15<br \/>\n<b>3.13<\/b> H\u00f6ggormurinn t\u00e6ldi mig 2Kor 11.13; 1T\u00edm 2.14<br \/>\n<b>3.14<\/b> Eta mold Jes 49.23; M\u00edk 7.17<br \/>\n<b>3.15<\/b> Fjandskapur Opb 12.17<br \/>\n<b>3.16<\/b> Me\u00f0 \u00feraut f\u00e6\u00f0a 1M\u00f3s 35.16-18; J\u00f3h 16.21+<br \/>\n<b>3.17<\/b> Akurlendi\u00f0 b\u00f6lva\u00f0 1M\u00f3s 4.11; 5.29; H\u00f3s 4.3; R\u00f3m 8.20; sbr 1M\u00f3s 8.21 \u2013 me\u00f0 erfi\u00f0i hafa vi\u00f0urv\u00e6ri 1M\u00f3s 4.12; Pr\u00e9d 2.22-23<br \/>\n<b>3.18<\/b> \u00deyrnar og \u00feistlar Heb 6.8<br \/>\n<b>3.19<\/b> \u00de\u00fa ert mold sbr 1M\u00f3s 2.7+ &#8211; til moldar hverfa Slm 90.3; Job 3<br \/>\n<b>3.22<\/b> Einn af oss 1M\u00f3s 3.5+ &#8211; gott og illt, l\u00edfsins tr\u00e9 1M\u00f3s 2.9+<br \/>\n<b>3.23<\/b> Eden 1M\u00f3s 2.8+<\/div>\n","protected":false},"excerpt":{"rendered":"<p>1H\u00f6ggormurinn var sl\u00e6gari en \u00f6ll \u00f6nnur d\u00fdr merkurinnar, sem Drottinn Gu\u00f0 haf\u00f0i gj\u00f6rt. Og hann m\u00e6lti vi\u00f0 konuna: Er \u00fea\u00f0 satt, a\u00f0 Gu\u00f0 hafi sagt: \u00dei\u00f0 megi\u00f0 ekki eta af neinu tr\u00e9 \u00ed aldingar\u00f0inum?2\u00de\u00e1 sag\u00f0i konan vi\u00f0 h\u00f6ggorminn: Af \u00e1v\u00f6xtum trj\u00e1nna \u00ed aldingar\u00f0inum megum vi\u00f0 eta,3en af \u00e1vexti tr\u00e9sins, sem stendur \u00ed mi\u00f0jum aldingar\u00f0inum, af honum, sag\u00f0i Gu\u00f0, megi\u00f0 \u00fei\u00f0 ekki eta og ekki snerta hann, ella munu\u00f0 \u00fei\u00f0 deyja.4\u00de\u00e1 sag\u00f0i h\u00f6ggormurinn vi\u00f0 konuna: Vissulega munu\u00f0 \u00fei\u00f0 ekki deyja!5En Gu\u00f0 veit, a\u00f0 jafnskj\u00f3tt sem \u00fei\u00f0 eti\u00f0 af honum, munu augu ykkar upp lj\u00fakast, og \u00fei\u00f0 munu\u00f0 ver\u00f0a eins og Gu\u00f0 <a href=\"https:\/\/biblian.is\/1981\/fyrsta-mosebok-3-kafli\/\"> [&#8230;]<\/a><\/p>\n","protected":false},"author":1,"featured_media":0,"parent":0,"menu_order":0,"comment_status":"closed","ping_status":"closed","template":"bibliukaflar.php","meta":{"footnotes":""},"class_list":["post-1349","page","type-page","status-publish","hentry"],"_links":{"self":[{"href":"https:\/\/biblian.is\/1981\/wp-json\/wp\/v2\/pages\/1349","targetHints":{"allow":["GET"]}}],"collection":[{"href":"https:\/\/biblian.is\/1981\/wp-json\/wp\/v2\/pages"}],"about":[{"href":"https:\/\/biblian.is\/1981\/wp-json\/wp\/v2\/types\/page"}],"author":[{"embeddable":true,"href":"https:\/\/biblian.is\/1981\/wp-json\/wp\/v2\/users\/1"}],"replies":[{"embeddable":true,"href":"https:\/\/biblian.is\/1981\/wp-json\/wp\/v2\/comments?post=1349"}],"version-history":[{"count":0,"href":"https:\/\/biblian.is\/1981\/wp-json\/wp\/v2\/pages\/1349\/revisions"}],"wp:attachment":[{"href":"https:\/\/biblian.is\/1981\/wp-json\/wp\/v2\/media?parent=1349"}],"curies":[{"name":"wp","href":"https:\/\/api.w.org\/{rel}","templated":true}]}}