{"id":1348,"date":"2017-11-18T20:17:04","date_gmt":"2017-11-18T20:17:04","guid":{"rendered":"http:\/\/biblian.is\/1981\/fyrsta-mosebok-2-kafli\/"},"modified":"2021-06-06T10:46:41","modified_gmt":"2021-06-06T10:46:41","slug":"fyrsta-mosebok-2-kafli","status":"publish","type":"page","link":"https:\/\/biblian.is\/1981\/fyrsta-mosebok-2-kafli\/","title":{"rendered":"Fyrsta M\u00f3seb\u00f3k 2. kafli"},"content":{"rendered":"<p><a name=\"1\"><span class=\"versanumer\">1<\/span><\/a>\u00deannig algj\u00f6r\u00f0ist himinn og j\u00f6r\u00f0 og \u00f6ll \u00feeirra pr\u00fd\u00f0i.<a name=\"2\"><span class=\"versanumer\">2<\/span><\/a>Gu\u00f0 lauk \u00e1 hinum sj\u00f6unda degi verki s\u00ednu, er hann haf\u00f0i gj\u00f6rt, og hv\u00edldist hinn sj\u00f6unda dag af \u00f6llu verki s\u00ednu, er hann haf\u00f0i gj\u00f6rt.<a name=\"3\"><span class=\"versanumer\">3<\/span><\/a>Og Gu\u00f0 blessa\u00f0i hinn sj\u00f6unda dag og helga\u00f0i hann, \u00fev\u00ed a\u00f0 \u00e1 honum hv\u00edldist Gu\u00f0 af verki s\u00ednu, sem hann haf\u00f0i skapa\u00f0 og gj\u00f6rt.<a name=\"4\"><span class=\"versanumer\">4<\/span><\/a>\u00deetta er sagan um uppruna himins og jar\u00f0ar, er \u00feau voru sk\u00f6pu\u00f0.<a name=\"5\"><span class=\"versanumer\">5<\/span><\/a>\u00deegar Drottinn Gu\u00f0 gj\u00f6r\u00f0i j\u00f6r\u00f0ina og himininn, var enn alls enginn runnur merkurinnar til \u00e1 j\u00f6r\u00f0inni, og engar jurtir spruttu enn \u00e1 m\u00f6rkinni, \u00fev\u00ed a\u00f0 Drottinn Gu\u00f0 haf\u00f0i ekki enn l\u00e1ti\u00f0 rigna \u00e1 j\u00f6r\u00f0ina og engir menn voru til \u00feess a\u00f0 yrkja hana,<a name=\"6\"><span class=\"versanumer\">6<\/span><\/a>en \u00feoku lag\u00f0i upp af j\u00f6r\u00f0inni, og v\u00f6kva\u00f0i h\u00fan allt yfirbor\u00f0 jar\u00f0arinnar.<a name=\"7\"><span class=\"versanumer\">7<\/span><\/a>\u00de\u00e1 mynda\u00f0i Drottinn Gu\u00f0 manninn af leiri jar\u00f0ar og bl\u00e9s l\u00edfsanda \u00ed nasir hans, og \u00feannig var\u00f0 ma\u00f0urinn lifandi s\u00e1l.<a name=\"8\"><span class=\"versanumer\">8<\/span><\/a>Drottinn Gu\u00f0 planta\u00f0i aldingar\u00f0 \u00ed Eden langt austur fr\u00e1 og setti \u00fear manninn, sem hann haf\u00f0i mynda\u00f0.<a name=\"9\"><span class=\"versanumer\">9<\/span><\/a>Og Drottinn Gu\u00f0 l\u00e9t upp vaxa af j\u00f6r\u00f0inni alls konar tr\u00e9, sem voru girnileg \u00e1 a\u00f0 l\u00edta og g\u00f3\u00f0 a\u00f0 eta af, og l\u00edfsins tr\u00e9 \u00ed mi\u00f0jum aldingar\u00f0inum og skilningstr\u00e9\u00f0 g\u00f3\u00f0s og ills.<a name=\"10\"><span class=\"versanumer\">10<\/span><\/a>Flj\u00f3t rann fr\u00e1 Eden til a\u00f0 v\u00f6kva aldingar\u00f0inn, og \u00fea\u00f0an kv\u00edsla\u00f0ist \u00fea\u00f0 og var\u00f0 a\u00f0 fj\u00f3rum st\u00f3r\u00e1m.<a name=\"11\"><span class=\"versanumer\">11<\/span><\/a>&#8222;Hin fyrsta heitir P\u00edson; h\u00fan fellur um allt landi\u00f0 Hav\u00edla, \u00fear sem gulli\u00f0 f\u00e6st.&#8220;<a name=\"12\"><span class=\"versanumer\">12<\/span><\/a>Og gull lands \u00feess er gott. \u00dear f\u00e6st bedolakharpeis og sj\u00f3amsteinar.<a name=\"13\"><span class=\"versanumer\">13<\/span><\/a>\u00d6nnur st\u00f3r\u00e1in heitir G\u00edhon. H\u00fan fellur um allt K\u00fasland.<a name=\"14\"><span class=\"versanumer\">14<\/span><\/a>\u00deri\u00f0ja st\u00f3r\u00e1in heitir K\u00edddekel. H\u00fan fellur fyrir vestan Ass\u00fdr\u00edu. Fj\u00f3r\u00f0a st\u00f3r\u00e1in er Efrat.<a name=\"15\"><span class=\"versanumer\">15<\/span><\/a>\u00de\u00e1 t\u00f3k Drottinn Gu\u00f0 manninn og setti hann \u00ed aldingar\u00f0inn Eden til a\u00f0 yrkja hann og g\u00e6ta hans.<a name=\"16\"><span class=\"versanumer\">16<\/span><\/a>Og Drottinn Gu\u00f0 bau\u00f0 manninum og sag\u00f0i: Af \u00f6llum trj\u00e1m \u00ed aldingar\u00f0inum m\u00e1ttu eta eftir vild,<a name=\"17\"><span class=\"versanumer\">17<\/span><\/a>en af skilningstr\u00e9nu g\u00f3\u00f0s og ills m\u00e1tt \u00fe\u00fa ekki eta, \u00fev\u00ed a\u00f0 jafnskj\u00f3tt og \u00fe\u00fa etur af \u00fev\u00ed, skalt \u00fe\u00fa vissulega deyja.<a name=\"18\"><span class=\"versanumer\">18<\/span><\/a>Drottinn Gu\u00f0 sag\u00f0i: Eigi er \u00fea\u00f0 gott, a\u00f0 ma\u00f0urinn s\u00e9 einsamall. \u00c9g vil gj\u00f6ra honum me\u00f0hj\u00e1lp vi\u00f0 hans h\u00e6fi.<a name=\"19\"><span class=\"versanumer\">19<\/span><\/a>\u00de\u00e1 mynda\u00f0i Drottinn Gu\u00f0 af j\u00f6r\u00f0inni \u00f6ll d\u00fdr merkurinnar og alla fugla loftsins og l\u00e9t \u00feau koma fyrir manninn til \u00feess a\u00f0 sj\u00e1, hva\u00f0 hann nefndi \u00feau. Og hvert \u00fea\u00f0 heiti, sem ma\u00f0urinn g\u00e6fi hinum lifandi skepnum, skyldi vera nafn \u00feeirra.<a name=\"20\"><span class=\"versanumer\">20<\/span><\/a>Og ma\u00f0urinn gaf nafn \u00f6llum f\u00e9na\u00f0inum og fuglum loftsins og \u00f6llum d\u00fdrum merkurinnar. En me\u00f0hj\u00e1lp fyrir mann fann hann enga vi\u00f0 sitt h\u00e6fi.<a name=\"21\"><span class=\"versanumer\">21<\/span><\/a>\u00de\u00e1 l\u00e9t Drottinn Gu\u00f0 fastan svefn falla \u00e1 manninn. Og er hann var sofna\u00f0ur, t\u00f3k hann eitt af rifjum hans og fyllti aftur me\u00f0 holdi.<a name=\"22\"><span class=\"versanumer\">22<\/span><\/a>Og Drottinn Gu\u00f0 mynda\u00f0i konu af rifinu, er hann haf\u00f0i teki\u00f0 \u00far manninum, og leiddi hana til mannsins.<a name=\"23\"><span class=\"versanumer\">23<\/span><\/a>\u00de\u00e1 sag\u00f0i ma\u00f0urinn: \u00deetta er loks bein af m\u00ednum beinum og hold af m\u00ednu holdi. H\u00fan skal karlynja kallast, af \u00fev\u00ed a\u00f0 h\u00fan er af karlmanni tekin.<a name=\"24\"><span class=\"versanumer\">24<\/span><\/a>\u00deess vegna yfirgefur ma\u00f0ur f\u00f6\u00f0ur sinn og m\u00f3\u00f0ur s\u00edna og b\u00fdr vi\u00f0 eiginkonu s\u00edna, svo a\u00f0 \u00feau ver\u00f0i eitt hold.<a name=\"25\"><span class=\"versanumer\">25<\/span><\/a>Og \u00feau voru b\u00e6\u00f0i nakin, ma\u00f0urinn og kona hans, og blyg\u00f0u\u00f0ust s\u00edn ekki.<\/p>\n<div class=\"footnote1981\"><b>2.2<\/b> Sj\u00f6undi dagur 2M\u00f3s 20.8-11; 31.13; Heb 4.4,10<br \/>\n<b>2.4<\/b> Sk\u00f6pun himins og jar\u00f0ar 1M\u00f3s 1.1+<br \/>\n<b>2.7<\/b> Moldu jar\u00f0ar, l\u00edfsandi Slm 104.29-30; Job 33.4; 34.14-15; Pr\u00e9d 3.20; 12.7, 1Kor 15.45-49<br \/>\n<b>2.8<\/b> Eden 1M\u00f3s 3.23-24; 4.16; Jes 51.3; Esk 28.13; 31.9,16,18; 36.35; Jl 2.3<br \/>\n<b>2.9<\/b> L\u00edfsins tr\u00e9 Okv 3.18; Opb 2.7; 22.2,14 \u2013 gott og illt 1M\u00f3s 3.5,22; 5M\u00f3s 1.39; 2Sam 14.17; 1Kon 3.9; Jes 7.15-16<br \/>\n<b>2.11<\/b> P\u00edson S\u00edr 2.25<br \/>\n<b>2.13<\/b> G\u00edhon S\u00edr 24.27<br \/>\n<b>2.17<\/b> Deyja R\u00f3m 6.23; sbr SSal 1.12-15<br \/>\n<b>2.18<\/b> Me\u00f0hj\u00e1lp Okv 18.22; S\u00edr 36.24<br \/>\n<b>2.21<\/b> Dj\u00fapan svefn 1M\u00f3s 15.12; 1Sam 26.12; Jes 29.10; Job 4.13; 33.15<br \/>\n<b>2.22<\/b> Kona myndu\u00f0 1Kor 11.8-9<br \/>\n<b>2.23<\/b> Mitt bein, mitt hold 1M\u00f3s 29.14; D\u00f3m 9.2; 2Sam 5.1; 19.13-14; sbr 1M\u00f3s 37.27<br \/>\n<b>2.24<\/b> Eitt hold Mal 2.14-15; Mt 19.5+ &#8211; ma\u00f0urinn og konan Okv 5.15-20; 31.10-31; Pr\u00e9d 9.9<\/div>\n","protected":false},"excerpt":{"rendered":"<p>1\u00deannig algj\u00f6r\u00f0ist himinn og j\u00f6r\u00f0 og \u00f6ll \u00feeirra pr\u00fd\u00f0i.2Gu\u00f0 lauk \u00e1 hinum sj\u00f6unda degi verki s\u00ednu, er hann haf\u00f0i gj\u00f6rt, og hv\u00edldist hinn sj\u00f6unda dag af \u00f6llu verki s\u00ednu, er hann haf\u00f0i gj\u00f6rt.3Og Gu\u00f0 blessa\u00f0i hinn sj\u00f6unda dag og helga\u00f0i hann, \u00fev\u00ed a\u00f0 \u00e1 honum hv\u00edldist Gu\u00f0 af verki s\u00ednu, sem hann haf\u00f0i skapa\u00f0 og gj\u00f6rt.4\u00deetta er sagan um uppruna himins og jar\u00f0ar, er \u00feau voru sk\u00f6pu\u00f0.5\u00deegar Drottinn Gu\u00f0 gj\u00f6r\u00f0i j\u00f6r\u00f0ina og himininn, var enn alls enginn runnur merkurinnar til \u00e1 j\u00f6r\u00f0inni, og engar jurtir spruttu enn \u00e1 m\u00f6rkinni, \u00fev\u00ed a\u00f0 Drottinn Gu\u00f0 haf\u00f0i ekki enn l\u00e1ti\u00f0 rigna \u00e1 j\u00f6r\u00f0ina <a href=\"https:\/\/biblian.is\/1981\/fyrsta-mosebok-2-kafli\/\"> [&#8230;]<\/a><\/p>\n","protected":false},"author":1,"featured_media":0,"parent":0,"menu_order":0,"comment_status":"open","ping_status":"open","template":"bibliukaflar.php","meta":{"footnotes":""},"class_list":["post-1348","page","type-page","status-publish","hentry"],"_links":{"self":[{"href":"https:\/\/biblian.is\/1981\/wp-json\/wp\/v2\/pages\/1348","targetHints":{"allow":["GET"]}}],"collection":[{"href":"https:\/\/biblian.is\/1981\/wp-json\/wp\/v2\/pages"}],"about":[{"href":"https:\/\/biblian.is\/1981\/wp-json\/wp\/v2\/types\/page"}],"author":[{"embeddable":true,"href":"https:\/\/biblian.is\/1981\/wp-json\/wp\/v2\/users\/1"}],"replies":[{"embeddable":true,"href":"https:\/\/biblian.is\/1981\/wp-json\/wp\/v2\/comments?post=1348"}],"version-history":[{"count":0,"href":"https:\/\/biblian.is\/1981\/wp-json\/wp\/v2\/pages\/1348\/revisions"}],"wp:attachment":[{"href":"https:\/\/biblian.is\/1981\/wp-json\/wp\/v2\/media?parent=1348"}],"curies":[{"name":"wp","href":"https:\/\/api.w.org\/{rel}","templated":true}]}}