{"id":1347,"date":"2017-11-18T20:17:04","date_gmt":"2017-11-18T20:17:04","guid":{"rendered":"http:\/\/biblian.is\/1981\/fyrsta-mosebok-1-kafli\/"},"modified":"2021-06-06T10:57:27","modified_gmt":"2021-06-06T10:57:27","slug":"fyrsta-mosebok-1-kafli","status":"publish","type":"page","link":"https:\/\/biblian.is\/1981\/fyrsta-mosebok-1-kafli\/","title":{"rendered":"Fyrsta M\u00f3seb\u00f3k 1. kafli"},"content":{"rendered":"<p><a name=\"1\"><\/a><span class=\"versanumer\">1<\/span>\u00cd upphafi skapa\u00f0i Gu\u00f0 himin og j\u00f6r\u00f0.<a name=\"2\"><\/a><span class=\"versanumer\">2<\/span>J\u00f6r\u00f0in var \u00fe\u00e1 au\u00f0 og t\u00f3m, og myrkur gr\u00faf\u00f0i yfir dj\u00fapinu, og andi Gu\u00f0s sveif yfir v\u00f6tnunum.<a name=\"3\"><\/a><span class=\"versanumer\">3<\/span>Gu\u00f0 sag\u00f0i: Ver\u00f0i lj\u00f3s! Og \u00fea\u00f0 var\u00f0 lj\u00f3s.<a name=\"4\"><\/a><span class=\"versanumer\">4<\/span>Gu\u00f0 s\u00e1, a\u00f0 lj\u00f3si\u00f0 var gott, og Gu\u00f0 greindi lj\u00f3si\u00f0 fr\u00e1 myrkrinu.<a name=\"5\"><\/a><span class=\"versanumer\">5<\/span>Og Gu\u00f0 kalla\u00f0i lj\u00f3si\u00f0 dag, en myrkri\u00f0 kalla\u00f0i hann n\u00f3tt. \u00dea\u00f0 var\u00f0 kveld og \u00fea\u00f0 var\u00f0 morgunn, hinn fyrsti dagur.<a name=\"6\"><\/a><span class=\"versanumer\">6<\/span>Gu\u00f0 sag\u00f0i: Ver\u00f0i festing milli vatnanna, og h\u00fan greini v\u00f6tn fr\u00e1 v\u00f6tnum.<a name=\"7\"><\/a><span class=\"versanumer\">7<\/span>\u00de\u00e1 gj\u00f6r\u00f0i Gu\u00f0 festinguna og greindi v\u00f6tnin, sem voru undir festingunni, fr\u00e1 \u00feeim v\u00f6tnum, sem voru yfir henni. Og \u00fea\u00f0 var\u00f0 svo.<a name=\"8\"><\/a><span class=\"versanumer\">8<\/span>Og Gu\u00f0 kalla\u00f0i festinguna himin. \u00dea\u00f0 var\u00f0 kveld og \u00fea\u00f0 var\u00f0 morgunn, hinn annar dagur.<a name=\"9\"><\/a><span class=\"versanumer\">9<\/span>Gu\u00f0 sag\u00f0i: Safnist v\u00f6tnin undir himninum \u00ed einn sta\u00f0, svo a\u00f0 \u00feurrlendi\u00f0 sj\u00e1ist. Og \u00fea\u00f0 var\u00f0 svo.<a name=\"10\"><\/a><span class=\"versanumer\">10<\/span>Gu\u00f0 kalla\u00f0i \u00feurrlendi\u00f0 j\u00f6r\u00f0, en safn vatnanna kalla\u00f0i hann sj\u00f3. Og Gu\u00f0 s\u00e1, a\u00f0 \u00fea\u00f0 var gott.<a name=\"11\"><\/a><span class=\"versanumer\">11<\/span>Gu\u00f0 sag\u00f0i: L\u00e1ti j\u00f6r\u00f0in af s\u00e9r spretta gr\u00e6n gr\u00f6s, s\u00e1\u00f0jurtir og aldintr\u00e9, sem hvert beri \u00e1v\u00f6xt eftir sinni tegund me\u00f0 s\u00e6\u00f0i \u00ed \u00e1 j\u00f6r\u00f0inni. Og \u00fea\u00f0 var\u00f0 svo.<a name=\"12\"><\/a><span class=\"versanumer\">12<\/span>J\u00f6r\u00f0in l\u00e9t af s\u00e9r spretta gr\u00e6n gr\u00f6s, jurtir me\u00f0 s\u00e6\u00f0i \u00ed, hverja eftir sinni tegund, og aldintr\u00e9 me\u00f0 s\u00e6\u00f0i \u00ed s\u00e9r, hvert eftir sinni tegund. Og Gu\u00f0 s\u00e1, a\u00f0 \u00fea\u00f0 var gott.<a name=\"13\"><\/a><span class=\"versanumer\">13<\/span>\u00dea\u00f0 var\u00f0 kveld og \u00fea\u00f0 var\u00f0 morgunn, hinn \u00feri\u00f0ji dagur.<a name=\"14\"><\/a><span class=\"versanumer\">14<\/span>Gu\u00f0 sag\u00f0i: Ver\u00f0i lj\u00f3s \u00e1 festingu himinsins, a\u00f0 \u00feau greini dag fr\u00e1 n\u00f3ttu og s\u00e9u til t\u00e1kns og til a\u00f0 marka t\u00ed\u00f0ir, daga og \u00e1r.<a name=\"15\"><\/a><span class=\"versanumer\">15<\/span>Og \u00feau s\u00e9u lj\u00f3s \u00e1 festingu himinsins til a\u00f0 l\u00fdsa j\u00f6r\u00f0ina. Og \u00fea\u00f0 var\u00f0 svo.<a name=\"16\"><\/a><span class=\"versanumer\">16<\/span>Gu\u00f0 gj\u00f6r\u00f0i tv\u00f6 st\u00f3ru lj\u00f3sin: hi\u00f0 st\u00e6rra lj\u00f3si\u00f0 til a\u00f0 r\u00e1\u00f0a degi og hi\u00f0 minna lj\u00f3si\u00f0 til a\u00f0 r\u00e1\u00f0a n\u00f3ttu, svo og stj\u00f6rnurnar.<a name=\"17\"><\/a><span class=\"versanumer\">17<\/span>Og Gu\u00f0 setti \u00feau \u00e1 festingu himinsins, a\u00f0 \u00feau skyldu l\u00fdsa j\u00f6r\u00f0inni<a name=\"18\"><\/a><span class=\"versanumer\">18<\/span>og r\u00e1\u00f0a degi og n\u00f3ttu og greina sundur lj\u00f3s og myrkur. Og Gu\u00f0 s\u00e1, a\u00f0 \u00fea\u00f0 var gott.<a name=\"19\"><\/a><span class=\"versanumer\">19<\/span>\u00dea\u00f0 var\u00f0 kveld og \u00fea\u00f0 var\u00f0 morgunn, hinn fj\u00f3r\u00f0i dagur.<a name=\"20\"><\/a><span class=\"versanumer\">20<\/span>Gu\u00f0 sag\u00f0i: V\u00f6tnin ver\u00f0i kvik af lifandi skepnum, og fuglar flj\u00fagi yfir j\u00f6r\u00f0ina undir festingu himinsins.<a name=\"21\"><\/a><span class=\"versanumer\">21<\/span>\u00de\u00e1 skapa\u00f0i Gu\u00f0 hin st\u00f3ru lagard\u00fdr og allar hinar lifandi skepnur, sem hr\u00e6rast og v\u00f6tnin eru kvik af, eftir \u00feeirra tegund, og alla fleyga fugla eftir \u00feeirra tegund. Og Gu\u00f0 s\u00e1, a\u00f0 \u00fea\u00f0 var gott.<a name=\"22\"><\/a><span class=\"versanumer\">22<\/span>Og Gu\u00f0 blessa\u00f0i \u00feau og sag\u00f0i: Frj\u00f3vgist og vaxi\u00f0 og fylli\u00f0 v\u00f6tn sj\u00e1varins, og fuglum fj\u00f6lgi \u00e1 j\u00f6r\u00f0inni.<a name=\"23\"><\/a><span class=\"versanumer\">23<\/span>\u00dea\u00f0 var\u00f0 kveld og \u00fea\u00f0 var\u00f0 morgunn, hinn fimmti dagur.<a name=\"24\"><\/a><span class=\"versanumer\">24<\/span>Gu\u00f0 sag\u00f0i: J\u00f6r\u00f0in lei\u00f0i fram lifandi skepnur, hverja eftir sinni tegund: f\u00e9na\u00f0, skri\u00f0kvikindi og villid\u00fdr, hvert eftir sinni tegund. Og \u00fea\u00f0 var\u00f0 svo.<a name=\"25\"><\/a><span class=\"versanumer\">25<\/span>Gu\u00f0 gj\u00f6r\u00f0i villid\u00fdrin, hvert eftir sinni tegund, f\u00e9na\u00f0inn eftir sinni tegund og alls konar skri\u00f0kvikindi jar\u00f0arinnar eftir sinni tegund. Og Gu\u00f0 s\u00e1, a\u00f0 \u00fea\u00f0 var gott.<a name=\"26\"><\/a><span class=\"versanumer\">26<\/span>Gu\u00f0 sag\u00f0i: V\u00e9r viljum gj\u00f6ra manninn eftir vorri mynd, l\u00edkan oss, og hann skal drottna yfir fiskum sj\u00e1varins og yfir fuglum loftsins og yfir f\u00e9na\u00f0inum og yfir villid\u00fdrunum og yfir \u00f6llum skri\u00f0kvikindum, sem skr\u00ed\u00f0a \u00e1 j\u00f6r\u00f0inni.<a name=\"27\"><\/a><span class=\"versanumer\">27<\/span>Og Gu\u00f0 skapa\u00f0i manninn eftir sinni mynd, hann skapa\u00f0i hann eftir Gu\u00f0s mynd, hann skapa\u00f0i \u00feau karl og konu.<a name=\"28\"><\/a><span class=\"versanumer\">28<\/span>Og Gu\u00f0 blessa\u00f0i \u00feau, og Gu\u00f0 sag\u00f0i vi\u00f0 \u00feau: Veri\u00f0 frj\u00f3s\u00f6m, margfaldist og uppfylli\u00f0 j\u00f6r\u00f0ina og gj\u00f6ri\u00f0 ykkur hana undirgefna og drottni\u00f0 yfir fiskum sj\u00e1varins og yfir fuglum loftsins og yfir \u00f6llum d\u00fdrum, sem hr\u00e6rast \u00e1 j\u00f6r\u00f0inni.<a name=\"29\"><\/a><span class=\"versanumer\">29<\/span>Og Gu\u00f0 sag\u00f0i: Sj\u00e1, \u00e9g gef ykkur alls konar s\u00e1\u00f0berandi jurtir \u00e1 allri j\u00f6r\u00f0inni og alls konar tr\u00e9, sem bera \u00e1v\u00f6xtu me\u00f0 s\u00e6\u00f0i \u00ed. \u00dea\u00f0 s\u00e9 ykkur til f\u00e6\u00f0u.<a name=\"30\"><\/a><span class=\"versanumer\">30<\/span>Og \u00f6llum villid\u00fdrum og \u00f6llum fuglum loftsins og \u00f6llum skri\u00f0kvikindum \u00e1 j\u00f6r\u00f0inni, \u00f6llu \u00fev\u00ed, sem hefir lifandi s\u00e1l, gef \u00e9g \u00f6ll gr\u00f6s og jurtir til f\u00e6\u00f0u. Og \u00fea\u00f0 var\u00f0 svo.<a name=\"31\"><\/a><span class=\"versanumer\">31<\/span>Og Gu\u00f0 leit allt, sem hann haf\u00f0i gj\u00f6rt, og sj\u00e1, \u00fea\u00f0 var harla gott. \u00dea\u00f0 var\u00f0 kveld og \u00fea\u00f0 var\u00f0 morgunn, hinn sj\u00f6tti dagur.<\/p>\n<div class=\"footnote1981\"><b>1.1<\/b> Sk\u00f6punin 1M\u00f3s 2.4-25; Jes 42.5; Slm 8; 89.10-13; 104.; Job 26.7-14; 38-39; S\u00edr 16.26-17.10 \u2013 er verk Gu\u00f0s 1M\u00f3s 1.21,27; 2.3-4; 5.1-2; .7; 5M\u00f3s 4.32; Mkr 13.19; Ef 3.9; Opb 4.11; 10.6, sbr 2Makk 7.28 \u2013 hann skapar me\u00f0 or\u00f0i s\u00ednu Slm 33.9; J\u00f3h 1.3; Heb 11.3; sbr Jer 10.10.12; Okv 8.22-31<br \/>\n<b>1.3<\/b> Lj\u00f3s Slm 27.1+ ; 104.2<br \/>\n<b>1.5<\/b> Lj\u00f3s og myrkur Jes 45.7; 60.19; 2Kor 4.6; Opb 22.5<br \/>\n<b>1.7<\/b> Festingin Esk 1.22-25; 2P\u00e9t 3.5<br \/>\n<b>1.9<\/b> V\u00f6tnin safnist saman Job 26.8-10; 38.8<br \/>\n<b>1.14<\/b> Lj\u00f3s \u00e1 hvelfingu himins Jes 40.26; Jer 31.35; Bar 3.33-35<br \/>\n<b>1.16<\/b> St\u00f3ru lj\u00f3sin tv\u00f6 Slm 104.19; 136.7-9; S\u00edr 43.1-10<br \/>\n<b>1.25<\/b> Villid\u00fdrin Slm 50.10-11<br \/>\n<b>1.27<\/b> Eftir Gu\u00f0s mynd 1M\u00f3s 9.6; SSal 2.23; S\u00edr 17.3; 1Kor 11.7; K\u00f3l 3.10; Jak 3.9 \u2013 karl og kona 1M\u00f3s 5.2; Matt 19.4; og hlst.; sbr Gal 3.28<br \/>\n<b>1.28<\/b> Gu\u00f0 blessa\u00f0i \u00feau 1M\u00f3s 9.1; sbr 1.22 \u2013 veri\u00f0 frj\u00f3s\u00f6m, fj\u00f6lgi\u00f0 ykkur 1M\u00f3s 8.17; 9.1,7; sbr 1.22 \u2013 r\u00edki\u00f0 1M\u00f3s 9.2; Slm 8.7-9; SSal 9.2; 10.2; Jak 3.7<br \/>\n<b>1.31<\/b> \u00dea\u00f0 var harla gott Slm 104.24; S\u00edr 39.3-35; 1T\u00edm 4.4<\/div>\n","protected":false},"excerpt":{"rendered":"<p>1\u00cd upphafi skapa\u00f0i Gu\u00f0 himin og j\u00f6r\u00f0.2J\u00f6r\u00f0in var \u00fe\u00e1 au\u00f0 og t\u00f3m, og myrkur gr\u00faf\u00f0i yfir dj\u00fapinu, og andi Gu\u00f0s sveif yfir v\u00f6tnunum.3Gu\u00f0 sag\u00f0i: Ver\u00f0i lj\u00f3s! Og \u00fea\u00f0 var\u00f0 lj\u00f3s.4Gu\u00f0 s\u00e1, a\u00f0 lj\u00f3si\u00f0 var gott, og Gu\u00f0 greindi lj\u00f3si\u00f0 fr\u00e1 myrkrinu.5Og Gu\u00f0 kalla\u00f0i lj\u00f3si\u00f0 dag, en myrkri\u00f0 kalla\u00f0i hann n\u00f3tt. \u00dea\u00f0 var\u00f0 kveld og \u00fea\u00f0 var\u00f0 morgunn, hinn fyrsti dagur.6Gu\u00f0 sag\u00f0i: Ver\u00f0i festing milli vatnanna, og h\u00fan greini v\u00f6tn fr\u00e1 v\u00f6tnum.7\u00de\u00e1 gj\u00f6r\u00f0i Gu\u00f0 festinguna og greindi v\u00f6tnin, sem voru undir festingunni, fr\u00e1 \u00feeim v\u00f6tnum, sem voru yfir henni. Og \u00fea\u00f0 var\u00f0 svo.8Og Gu\u00f0 kalla\u00f0i festinguna himin. \u00dea\u00f0 var\u00f0 kveld og <a href=\"https:\/\/biblian.is\/1981\/fyrsta-mosebok-1-kafli\/\"> [&#8230;]<\/a><\/p>\n","protected":false},"author":1,"featured_media":0,"parent":0,"menu_order":0,"comment_status":"open","ping_status":"open","template":"bibliukaflar.php","meta":{"footnotes":""},"class_list":["post-1347","page","type-page","status-publish","hentry"],"_links":{"self":[{"href":"https:\/\/biblian.is\/1981\/wp-json\/wp\/v2\/pages\/1347","targetHints":{"allow":["GET"]}}],"collection":[{"href":"https:\/\/biblian.is\/1981\/wp-json\/wp\/v2\/pages"}],"about":[{"href":"https:\/\/biblian.is\/1981\/wp-json\/wp\/v2\/types\/page"}],"author":[{"embeddable":true,"href":"https:\/\/biblian.is\/1981\/wp-json\/wp\/v2\/users\/1"}],"replies":[{"embeddable":true,"href":"https:\/\/biblian.is\/1981\/wp-json\/wp\/v2\/comments?post=1347"}],"version-history":[{"count":0,"href":"https:\/\/biblian.is\/1981\/wp-json\/wp\/v2\/pages\/1347\/revisions"}],"wp:attachment":[{"href":"https:\/\/biblian.is\/1981\/wp-json\/wp\/v2\/media?parent=1347"}],"curies":[{"name":"wp","href":"https:\/\/api.w.org\/{rel}","templated":true}]}}