{"id":1345,"date":"2017-11-18T20:04:11","date_gmt":"2017-11-18T20:04:11","guid":{"rendered":"http:\/\/biblian.is\/1981\/?page_id=1345"},"modified":"2021-06-06T10:50:27","modified_gmt":"2021-06-06T10:50:27","slug":"1981-thydingin","status":"publish","type":"page","link":"https:\/\/biblian.is\/1981\/","title":{"rendered":"1981 \u00fe\u00fd\u00f0ingin"},"content":{"rendered":"<div class=\"fusion-fullwidth fullwidth-box fusion-builder-row-1 nonhundred-percent-fullwidth non-hundred-percent-height-scrolling\" style=\"--awb-border-radius-top-left:0px;--awb-border-radius-top-right:0px;--awb-border-radius-bottom-right:0px;--awb-border-radius-bottom-left:0px;--awb-flex-wrap:wrap;\" ><div class=\"fusion-builder-row fusion-row\"><div class=\"fusion-layout-column fusion_builder_column fusion-builder-column-0 fusion_builder_column_1_2 1_2 fusion-one-half fusion-column-first\" style=\"--awb-bg-size:cover;width:50%;width:calc(50% - ( ( 4% ) * 0.5 ) );margin-right: 4%;\"><div class=\"fusion-column-wrapper fusion-flex-column-wrapper-legacy\"><div class=\"fusion-widget-area awb-widget-area-element fusion-widget-area-1 fusion-content-widget-area\" style=\"--awb-title-size:15px;--awb-title-color:#000000;--awb-padding:0px 0px 0px 0px;\"><div id=\"search-3\" class=\"widget widget_search\">\t\t<form role=\"search\" class=\"searchform fusion-search-form  fusion-search-form-classic\" method=\"get\" action=\"https:\/\/biblian.is\/1981\/\">\n\t\t\t<div class=\"fusion-search-form-content\">\n\n\t\t\t\t\n\t\t\t\t<div class=\"fusion-search-field search-field\">\n\t\t\t\t\t<label><span class=\"screen-reader-text\">Leita eftir:<\/span>\n\t\t\t\t\t\t\t\t\t\t\t\t\t<input type=\"search\" value=\"\" name=\"s\" class=\"s\" placeholder=\"Leit\u2026\" required aria-required=\"true\" aria-label=\"Leit\u2026\"\/>\n\t\t\t\t\t\t\t\t\t\t\t<\/label>\n\t\t\t\t<\/div>\n\t\t\t\t<div class=\"fusion-search-button search-button\">\n\t\t\t\t\t<input type=\"submit\" class=\"fusion-search-submit searchsubmit\" aria-label=\"Leit\" value=\"&#xf002;\" \/>\n\t\t\t\t\t\t\t\t\t<\/div>\n\n\t\t\t\t\n\t\t\t<\/div>\n\n\n\t\t\t\n\t\t<\/form>\n\t\t<\/div><div class=\"fusion-additional-widget-content\"><\/div><\/div><div class=\"accordian fusion-accordian\" style=\"--awb-border-size:1px;--awb-icon-size:18px;--awb-content-font-size:15px;--awb-icon-alignment:left;--awb-hover-color:#f8f8f8;--awb-border-color:#f8f8f8;--awb-background-color:#ffffff;--awb-divider-color:#e0dede;--awb-divider-hover-color:#e0dede;--awb-icon-color:#f8f8f8;--awb-title-color:#5f4b8b;--awb-content-color:#301800;--awb-icon-box-color:#301800;--awb-toggle-hover-accent-color:#301800;--awb-title-font-family:&quot;Lato&quot;;--awb-title-font-weight:900;--awb-title-font-style:normal;--awb-title-font-size:18px;--awb-content-font-family:Arial, Helvetica, sans-serif;--awb-content-font-style:normal;--awb-content-font-weight:400;\"><div class=\"panel-group fusion-toggle-icon-boxed\" id=\"accordion-1345-1\"><div class=\"fusion-panel panel-default panel-b87641954415372f7 fusion-toggle-no-divider fusion-toggle-boxed-mode\"><div class=\"panel-heading\"><h4 class=\"panel-title toggle\" id=\"toggle_b87641954415372f7\"><a aria-expanded=\"false\" aria-controls=\"b87641954415372f7\" role=\"button\" data-toggle=\"collapse\" data-parent=\"#accordion-1345-1\" data-target=\"#b87641954415372f7\" href=\"#b87641954415372f7\"><span class=\"fusion-toggle-icon-wrapper\" aria-hidden=\"true\"><i class=\"fa-fusion-box active-icon awb-icon-minus\" aria-hidden=\"true\"><\/i><i class=\"fa-fusion-box inactive-icon awb-icon-plus\" aria-hidden=\"true\"><\/i><\/span><span class=\"fusion-toggle-heading\">Gamla testamenti\u00f0<\/span><\/a><\/h4><\/div><div id=\"b87641954415372f7\" class=\"panel-collapse collapse \" aria-labelledby=\"toggle_b87641954415372f7\"><div class=\"panel-body toggle-content fusion-clearfix\">\n<div class=\"dalkar_rit\">\n<p><a href=\"http:\/\/biblian.is\/1981\/fyrsta-mosebok-1-kafli\/\">Fyrsta M\u00f3seb\u00f3k<\/a><\/p>\n<p><a href=\"http:\/\/biblian.is\/1981\/onnur-mosebok-1-kafli\/\">\u00d6nnur M\u00f3seb\u00f3k<\/a><\/p>\n<p><a href=\"http:\/\/biblian.is\/1981\/thridja-mosebok-1-kafli\/\">\u00deri\u00f0ja M\u00f3seb\u00f3k<\/a><\/p>\n<p><a href=\"http:\/\/biblian.is\/1981\/fjorda-mosebok-1-kafli\/\">Fj\u00f3r\u00f0a M\u00f3seb\u00f3k<\/a><\/p>\n<p><a href=\"http:\/\/biblian.is\/1981\/fimmta-mosebok-1-kafli\/\">Fimmta M\u00f3seb\u00f3k<\/a><\/p>\n<p><a href=\"http:\/\/biblian.is\/1981\/josuabok-1-kafli\/\">J\u00f3s\u00faab\u00f3k<\/a><\/p>\n<p><a href=\"http:\/\/biblian.is\/1981\/domarabokin-1-kafli\/\">D\u00f3marab\u00f3kin<\/a><\/p>\n<p><a href=\"http:\/\/biblian.is\/1981\/rutarbok-1-kafli\/\">Rutarb\u00f3k<\/a><\/p>\n<p><a href=\"http:\/\/biblian.is\/1981\/fyrri-samuelsbok-1-kafli\/\">Fyrri Sam\u00faelsb\u00f3k<\/a><\/p>\n<p><a href=\"http:\/\/biblian.is\/1981\/sidari-samuelsbok-1-kafli\/\">S\u00ed\u00f0ari Sam\u00faelsb\u00f3k<\/a><\/p>\n<p><a href=\"http:\/\/biblian.is\/1981\/fyrri-konungabok-1-kafli\/\">Fyrri konungab\u00f3k<\/a><\/p>\n<p><a href=\"http:\/\/biblian.is\/1981\/sidari-konungabok-1-kafli\/\">S\u00ed\u00f0ari konungab\u00f3k<\/a><\/p>\n<p><a href=\"http:\/\/biblian.is\/1981\/fyrri-kronikubok-1-kafli\/\">Fyrri kron\u00edkub\u00f3k<\/a><\/p>\n<p><a href=\"http:\/\/biblian.is\/1981\/sidari-kronikubok-1-kafli\/\">S\u00ed\u00f0ari kron\u00edkub\u00f3k<\/a><\/p>\n<p><a href=\"http:\/\/biblian.is\/1981\/esrabok-1-kafli\/\">Esrab\u00f3k<\/a><\/p>\n<p><a href=\"http:\/\/biblian.is\/1981\/nehemiabok-1-kafli\/\">Nehem\u00edab\u00f3k<\/a><\/p>\n<p><a href=\"http:\/\/biblian.is\/1981\/esterarbok-1-kafli\/\">Esterarb\u00f3k<\/a><\/p>\n<p><a href=\"http:\/\/biblian.is\/1981\/jobsbok-1-kafli\/\">Jobsb\u00f3k<\/a><\/p>\n<p><a href=\"http:\/\/biblian.is\/1981\/salmarnir-1-kafli\/\">S\u00e1lmarnir<\/a><\/p>\n<p><a href=\"http:\/\/biblian.is\/1981\/ordskvidirnir-1-kafli\/\">Or\u00f0skvi\u00f0irnir<\/a><\/p>\n<p><a href=\"http:\/\/biblian.is\/1981\/predikarinn-1-kafli\/\">Pr\u00e9dikarinn<\/a><\/p>\n<p><a href=\"http:\/\/biblian.is\/1981\/ljodaljodin-1-kafli\/\">Lj\u00f3\u00f0alj\u00f3\u00f0in<\/a><\/p>\n<p><a href=\"http:\/\/biblian.is\/1981\/jesaja-1-kafli\/\">Jesaja<\/a><\/p>\n<p><a href=\"http:\/\/biblian.is\/1981\/jeremia-1-kafli\/\">Jerem\u00eda<\/a><\/p>\n<p><a href=\"http:\/\/biblian.is\/1981\/harmljodin-1-kafli\/\">Harmlj\u00f3\u00f0in<\/a><\/p>\n<p><a href=\"http:\/\/biblian.is\/1981\/esekiel-1-kafli\/\">Esek\u00edel<\/a><\/p>\n<p><a href=\"http:\/\/biblian.is\/1981\/daniel-1-kafli\/\">Dan\u00edel<\/a><\/p>\n<p><a href=\"http:\/\/biblian.is\/1981\/hosea-1-kafli\/\">H\u00f3sea<\/a><\/p>\n<p><a href=\"http:\/\/biblian.is\/1981\/joel-1-kafli\/\">J\u00f3el<\/a><\/p>\n<p><a href=\"http:\/\/biblian.is\/1981\/amos-1-kafli\/\">Amos<\/a><\/p>\n<p><a href=\"http:\/\/biblian.is\/1981\/obadia-1-kafli\/\">\u00d3bad\u00eda<\/a><\/p>\n<p><a href=\"http:\/\/biblian.is\/1981\/jonas-1-kafli\/\">J\u00f3nas<\/a><\/p>\n<p><a href=\"http:\/\/biblian.is\/1981\/mika-1-kafli\/\">M\u00edka<\/a><\/p>\n<p><a href=\"http:\/\/biblian.is\/1981\/nahum-1-kafli\/\">Nah\u00fam<\/a><\/p>\n<p><a href=\"http:\/\/biblian.is\/1981\/habakkuk-1-kafli\/\">Habakkuk<\/a><\/p>\n<p><a href=\"http:\/\/biblian.is\/1981\/sefania-1-kafli\/\">Sefan\u00eda<\/a><\/p>\n<p><a href=\"http:\/\/biblian.is\/1981\/haggai-1-kafli\/\">Hagga\u00ed<\/a><\/p>\n<p><a href=\"http:\/\/biblian.is\/1981\/sakaria-1-kafli\/\">Sakar\u00eda<\/a><\/p>\n<p><a href=\"http:\/\/biblian.is\/1981\/malaki-1-kafli\/\">Malak\u00ed<\/a><\/p>\n<\/div>\n<\/div><\/div><\/div><div class=\"fusion-panel panel-default panel-efa1e31eb6e7cc896 fusion-toggle-no-divider fusion-toggle-boxed-mode\"><div class=\"panel-heading\"><h4 class=\"panel-title toggle\" id=\"toggle_efa1e31eb6e7cc896\"><a aria-expanded=\"false\" aria-controls=\"efa1e31eb6e7cc896\" role=\"button\" data-toggle=\"collapse\" data-parent=\"#accordion-1345-1\" data-target=\"#efa1e31eb6e7cc896\" href=\"#efa1e31eb6e7cc896\"><span class=\"fusion-toggle-icon-wrapper\" aria-hidden=\"true\"><i class=\"fa-fusion-box active-icon awb-icon-minus\" aria-hidden=\"true\"><\/i><i class=\"fa-fusion-box inactive-icon awb-icon-plus\" aria-hidden=\"true\"><\/i><\/span><span class=\"fusion-toggle-heading\">N\u00fdja testamenti\u00f0<\/span><\/a><\/h4><\/div><div id=\"efa1e31eb6e7cc896\" class=\"panel-collapse collapse \" aria-labelledby=\"toggle_efa1e31eb6e7cc896\"><div class=\"panel-body toggle-content fusion-clearfix\">\n<div class=\"dalkar_rit\">\n<p><a href=\"http:\/\/biblian.is\/1981\/matteusargudspjall-1-kafli\/\">Matteusargu\u00f0spjall<\/a><\/p>\n<p><a href=\"http:\/\/biblian.is\/1981\/markusargudspjall-1-kafli\/\">Mark\u00fasargu\u00f0spjall<\/a><\/p>\n<p><a href=\"http:\/\/biblian.is\/1981\/lukasargudspjall-1-kafli\/\">L\u00fakasargu\u00f0spjall<\/a><\/p>\n<p><a href=\"http:\/\/biblian.is\/1981\/johannesargudspjall-1-kafli\/\">J\u00f3hannesargu\u00f0spjall<\/a><\/p>\n<p><a href=\"http:\/\/biblian.is\/1981\/postulasagan-1-kafli\/\">Postulasagan<\/a><\/p>\n<p><a href=\"http:\/\/biblian.is\/1981\/romverjabrefid-1-kafli\/\">R\u00f3mverjabr\u00e9fi\u00f0<\/a><\/p>\n<p><a href=\"http:\/\/biblian.is\/1981\/fyrra-korintubref-1-kafli\/\">Fyrra Korintubr\u00e9f<\/a><\/p>\n<p><a href=\"http:\/\/biblian.is\/1981\/sidara-korintubref-1-kafli\/\">S\u00ed\u00f0ara Korintubr\u00e9f<\/a><\/p>\n<p><a href=\"http:\/\/biblian.is\/1981\/galatabrefid-1-kafli\/\">Galatabr\u00e9fi\u00f0<\/a><\/p>\n<p><a href=\"http:\/\/biblian.is\/1981\/efesusbrefid-1-kafli\/\">Efesusbr\u00e9fi\u00f0<\/a><\/p>\n<p><a href=\"http:\/\/biblian.is\/1981\/filippibrefid-1-kafli\/\">Filipp\u00edbr\u00e9fi\u00f0<\/a><\/p>\n<p><a href=\"http:\/\/biblian.is\/1981\/kolossubrefid-1-kafli\/\">K\u00f3lossubr\u00e9fi\u00f0<\/a><\/p>\n<p><a href=\"http:\/\/biblian.is\/1981\/fyrra-thessalonikubref-1-kafli\/\">Fyrra \u00deessalon\u00edkubr\u00e9f<\/a><\/p>\n<p><a href=\"http:\/\/biblian.is\/1981\/sidara-thessalonikubref-1-kafli\/\">S\u00ed\u00f0ara \u00deessalon\u00edkubr\u00e9f<\/a><\/p>\n<p><a href=\"http:\/\/biblian.is\/1981\/fyrra-timoteusarbref-1-kafli\/\">Fyrra T\u00edm\u00f3teusarbr\u00e9f<\/a><\/p>\n<p><a href=\"http:\/\/biblian.is\/1981\/sidara-timoteusarbref-1-kafli\/\">S\u00ed\u00f0ara T\u00edm\u00f3teusarbr\u00e9f<\/a><\/p>\n<p><a href=\"http:\/\/biblian.is\/1981\/titusarbrefid-1-kafli\/\">T\u00edtusarbr\u00e9fi\u00f0<\/a><\/p>\n<p><a href=\"http:\/\/biblian.is\/1981\/filemonsbrefid-1-kafli\/\">F\u00edlemonsbr\u00e9fi\u00f0<\/a><\/p>\n<p><a href=\"http:\/\/biblian.is\/1981\/hebreabrefid-1-kafli\/\">Hebreabr\u00e9fi\u00f0<\/a><\/p>\n<p><a href=\"http:\/\/biblian.is\/1981\/jakobsbrefid-1-kafli\/\">Jakobsbr\u00e9fi\u00f0<\/a><\/p>\n<p><a href=\"http:\/\/biblian.is\/1981\/fyrra-petursbref-1-kafli\/\">Fyrra P\u00e9tursbr\u00e9f<\/a><\/p>\n<p><a href=\"http:\/\/biblian.is\/1981\/sidara-petursbref-1-kafli\/\">S\u00ed\u00f0ara P\u00e9tursbr\u00e9f<\/a><\/p>\n<p><a href=\"http:\/\/biblian.is\/1981\/fyrsta-johannesarbref-1-kafli\/\">Fyrsta J\u00f3hannesarbr\u00e9f<\/a><\/p>\n<p><a href=\"http:\/\/biblian.is\/1981\/annad-johannesarbref-1-kafli\/\">Anna\u00f0 J\u00f3hannesarbr\u00e9f<\/a><\/p>\n<p><a href=\"http:\/\/biblian.is\/1981\/thridja-johannesarbref-1-kafli\/\">\u00deri\u00f0ja J\u00f3hannesarbr\u00e9f<\/a><\/p>\n<p><a href=\"http:\/\/biblian.is\/1981\/judasarbrefid-1-kafli\/\">J\u00fadasarbr\u00e9fi\u00f0<\/a><\/p>\n<p><a href=\"http:\/\/biblian.is\/1981\/opinberunarbok-johannesar-1-kafli\/\">Opinberunarb\u00f3k J\u00f3hannesar<\/a><\/p>\n<\/div>\n<\/div><\/div><\/div><\/div><\/div><div class=\"fusion-clearfix\"><\/div><\/div><\/div><div class=\"fusion-layout-column fusion_builder_column fusion-builder-column-1 fusion_builder_column_1_2 1_2 fusion-one-half fusion-column-last\" style=\"--awb-bg-size:cover;width:50%;width:calc(50% - ( ( 4% ) * 0.5 ) );\"><div class=\"fusion-column-wrapper fusion-flex-column-wrapper-legacy\"><div class=\"fusion-text fusion-text-1\"><div class=\"page\" title=\"Page 18\">\n<div class=\"layoutArea\">\n<div class=\"column\">\n<h1>Bibl\u00edan 1981<\/h1>\n<\/div>\n<\/div>\n<div class=\"layoutArea\">\n<div class=\"column\">\n<p><em>BIBL\u00cdAN. HEIL\u00d6G RITNING. GAMLA TESTAMENTI\u00d0 OG N\u00ddJA TESTAMENTI\u00d0. N\u00dd \u00daTG\u00c1FA 1981. REYKJAV\u00cdK. HI\u00d0 \u00cdSLENSKA BIBL\u00cdUF\u00c9LAG.<\/em><\/p>\n<p>\u00deetta var \u00ed grunninn Bibl\u00eda 20. aldar (fr\u00e1 1912) a\u00f0 \u00f6\u00f0ru leyti en \u00fev\u00ed, a\u00f0 h\u00e9r voru gu\u00f0spj\u00f6llin \u00fe\u00fddd a\u00f0 n\u00fdju \u00far gr\u00edsku. Bla\u00f0s\u00ed\u00f0ur eru 1.450.<\/p>\n<p>A\u00f0 verkinu komu m.a. \u00c1smundur Gu\u00f0mundsson (1888\u20131969), Bj\u00f6rn Magn\u00fasson (1904\u20131997), Gu\u00f0mundur Sveinsson (1921\u20131997), J\u00f3hann Hannesson (1910\u20131976), J\u00f3n Sveinbj\u00f6rnsson (1928), Magn\u00fas M\u00e1r L\u00e1russon (1917\u20132006), Sigurbj\u00f6rn Einarsson (1911\u2013 2008), \u00de\u00f3rir Kr. \u00de\u00f3r\u00f0arson (1924\u20131995).<\/p>\n<p>Ytri b\u00faningur var um margt fr\u00e1brug\u00f0inn \u00fev\u00ed sem \u00e1\u00f0ur t\u00ed\u00f0ka\u00f0ist. S\u00ed\u00f0ur voru tv\u00edd\u00e1lka (eins og a\u00f0 v\u00edsu \u00ed Steinsbibl\u00edu 1734 og Lund\u00fanabibl\u00edunni 1866) og millifyrirsagnir og t\u00ed\u00f0 greinaskil \u00e1ttu a\u00f0 gera textann l\u00e9ttari og a\u00f0gengilegri. \u00de\u00e1 var teki\u00f0 upp n\u00fdtt tilv\u00edsunarkerfi, me\u00f0 lykilor\u00f0um ne\u00f0anm\u00e1ls, franskt a\u00f0 uppruna, \u00fear sem\u00a0bent var til samb\u00e6rilegra ritningargreina um alla Bibl\u00eduna. \u00de\u00e1 var \u00e1kve\u00f0i\u00f0 a\u00f0 fella ni\u00f0ur \u201ez\u201c og einnig fallbeygingar \u00e1 nafninu \u201eJes\u00fas\u201c. \u00cd vi\u00f0b\u00e6ti aftast voru svo nokkrar or\u00f0sk\u00fdringar og landakort, auk \u00feess sem var a\u00f0 finna kynningu \u00e1 ritum Bibl\u00edunnar og skr\u00e1 yfir mikilv\u00e6ga ritningarsta\u00f0i. Og a\u00f0 s\u00ed\u00f0ustu m\u00e1 nefna a\u00f0 papp\u00edr var haf\u00f0ur kremlita\u00f0ur, til a\u00f0 lesendur \u00fereyttust s\u00ed\u00f0ur \u00ed augum.<\/p>\n<p>Bibl\u00edan 1981 var prentu\u00f0 margsinnis og \u00ed gr\u00ed\u00f0arlegu upplagi fr\u00e1 \u00fatg\u00e1fu\u00e1ri og \u00fear til s\u00fa n\u00fdjasta kom \u00fat, 2007.<\/p>\n<\/div>\n<\/div>\n<\/div>\n<\/div><div class=\"fusion-text fusion-text-2\"><hr \/>\n<p><em>L\u00fdsingin \u00e1 \u00fe\u00fd\u00f0ingunni fr\u00e1 1981\u00a0<\/em><em>h\u00e9r a\u00f0 ofan var skrifu\u00f0 fyrir s\u00fdningarskr\u00e1 s\u00fdningarinnar \u201e\u00deann arf v\u00e9r bestan fengum\u201c sem opnu\u00f0 var \u00ed \u00dej\u00f3\u00f0arb\u00f3khl\u00f6\u00f0unni 26. september 2015.<\/em><\/p>\n<\/div><div class=\"fusion-clearfix\"><\/div><\/div><\/div><\/div><\/div>\n","protected":false},"excerpt":{"rendered":"","protected":false},"author":1,"featured_media":0,"parent":0,"menu_order":0,"comment_status":"closed","ping_status":"closed","template":"100-width.php","meta":{"footnotes":""},"class_list":["post-1345","page","type-page","status-publish","hentry"],"_links":{"self":[{"href":"https:\/\/biblian.is\/1981\/wp-json\/wp\/v2\/pages\/1345","targetHints":{"allow":["GET"]}}],"collection":[{"href":"https:\/\/biblian.is\/1981\/wp-json\/wp\/v2\/pages"}],"about":[{"href":"https:\/\/biblian.is\/1981\/wp-json\/wp\/v2\/types\/page"}],"author":[{"embeddable":true,"href":"https:\/\/biblian.is\/1981\/wp-json\/wp\/v2\/users\/1"}],"replies":[{"embeddable":true,"href":"https:\/\/biblian.is\/1981\/wp-json\/wp\/v2\/comments?post=1345"}],"version-history":[{"count":0,"href":"https:\/\/biblian.is\/1981\/wp-json\/wp\/v2\/pages\/1345\/revisions"}],"wp:attachment":[{"href":"https:\/\/biblian.is\/1981\/wp-json\/wp\/v2\/media?parent=1345"}],"curies":[{"name":"wp","href":"https:\/\/api.w.org\/{rel}","templated":true}]}}